{"id":13565,"date":"2016-08-04T11:15:19","date_gmt":"2016-08-04T04:15:19","guid":{"rendered":"https:\/\/hedon.com.vn\/our-stores\/"},"modified":"2016-08-04T11:15:19","modified_gmt":"2016-08-04T04:15:19","slug":"our-stores","status":"publish","type":"page","link":"https:\/\/hedon.com.vn\/en\/our-stores\/","title":{"rendered":"Our Stores"},"content":{"rendered":"\n  <div class=\"banner has-hover\" id=\"banner-287817399\">\n          <div class=\"banner-inner fill\">\n        <div class=\"banner-bg fill\" >\n                                                \n                    <\/div>\n\t\t\n\t<div class=\"ux-shape-divider ux-shape-divider--bottom ux-shape-divider--style-curve-opacity\">\n\t\t<svg viewBox=\"0 0 1000 100\" xmlns=\"http:\/\/www.w3.org\/2000\/svg\" preserveAspectRatio=\"none\">\n\t\t<path class=\"ux-shape-fill\" opacity=\"0.15\" d=\"M0 14C0 14 88.64 17.48 300 50C560 90 814 77 1003 40L1015 68L1018 104H0V14Z\"\/>\n\t\t<path class=\"ux-shape-fill\" opacity=\"0.3\" d=\"M0 45C0 45 271 90.13 500 77C657 68 830 30 1015 14V100H0V45Z\"\/>\n\t\t<path class=\"ux-shape-fill\" d=\"M0 58C0 58 188.29 90 508 90C798 90 1002 55 1002 55V100H0V58Z\"\/>\n<\/svg>\n\t<\/div>\n        <div class=\"banner-layers container\">\n            <div class=\"fill banner-link\"><\/div>            \n   <div id=\"text-box-1907641443\" class=\"text-box banner-layer x50 md-x50 lg-x50 y20 md-y20 lg-y20 res-text\">\n                                <div class=\"text-box-content text dark\">\n              \n              <div class=\"text-inner text-center\">\n                  \n<h2><strong>H\u1ec7 th\u1ed1ng c\u1eeda h\u00e0ng Hedon<\/strong><\/h2>\n<div class=\"is-divider divider clearfix\" ><\/div>\n              <\/div>\n           <\/div>\n                            \n<style>\n#text-box-1907641443 {\n  width: 60%;\n}\n#text-box-1907641443 .text-box-content {\n  font-size: 100%;\n}\n@media (min-width:550px) {\n  #text-box-1907641443 {\n    width: 68%;\n  }\n}\n<\/style>\n    <\/div>\n \n        <\/div>\n      <\/div>\n\n            \n<style>\n#banner-287817399 {\n  padding-top: 200px;\n}\n#banner-287817399 .ux-shape-divider--bottom svg {\n  height: 100px;\n  --divider-width: 100%;\n}\n<\/style>\n  <\/div>\n\n\n<div class=\"row\"  id=\"row-296791308\">\n\n\t<div id=\"col-2075740032\" class=\"col small-12 large-12\"  >\n\t\t\t\t<div class=\"col-inner\"  >\n\t\t\t\n\t\t\t\n<h2>C\u00e1c c\u1eeda h\u00e0ng hi\u1ec7n c\u00f3 c\u1ee7a Hedon<\/h2>\n<p>Hi\u1ec7n t\u1ea1i Hedon \u0111ang c\u00f3 2 c\u1eeda h\u00e0ng \u1edf H\u00e0 N\u1ed9i v\u00e0 TP H\u1ed3 Ch\u00ed Minh \u0111\u1ec3 kh\u00e1ch h\u00e0ng c\u00f3 th\u1ec3 thu\u1eadn ti\u1ec7n gh\u00e9 qua.<\/p>\n<p>N\u1ebfu \u1edf g\u1ea7n c\u00e1c v\u1ecb tr\u00ed sau, b\u1ea1n c\u00f3 th\u1ec3 qua th\u1eb3ng c\u00e1c showroom \u0111\u1ec3 xem s\u1ea3n ph\u1ea9m v\u00e0 \u0111\u01b0\u1ee3c t\u01b0 v\u1ea5n tr\u1ef1c ti\u1ebfp. Vui l\u00f2ng li\u00ean h\u1ec7 hotline tr\u01b0\u1edbc khi qua \u0111\u1ec3 nh\u00e2n vi\u00ean c\u00f3 th\u1ec3 ki\u1ec3m tra h\u00e0ng v\u00e0 Hedon c\u00f3 th\u1ec3 ti\u1ebfp \u0111\u00f3n kh\u00e1ch h\u00e0ng ch\u1ee7 \u0111\u1ed9ng nh\u1ea5t.<\/p>\n<h4>Th\u00f4ng tin li\u00ean h\u1ec7 Hedon<\/h4>\n<p>Phone: <a href=\"tel:0372578899\">0372578899<\/a><\/p>\n<p>Email: hedonwinehub@gmail.com<\/p>\n<p>Zalo: <a href=\"https:\/\/zalo.me\/0933463535\" target=\"_blank\" rel=\"noopener\">0372578899<\/a><\/p>\n<p>Messenger: <a href=\"http:\/\/m.me\/\/hedonwines\" target=\"_blank\" rel=\"noopener\">m.me\/\/hedonwines<\/a><\/p>\n\n\t\t<div class=\"tabbed-content\">\n\t\t\t\n\t\t\t<ul class=\"nav nav-line nav-vertical nav-uppercase nav-size-normal nav-left\" role=\"tablist\"><li id=\"tab-xu\u00e2n-th\u1ee7y---tp.hcm\" class=\"tab active has-icon\" role=\"presentation\"><a href=\"#tab_xu\u00e2n-th\u1ee7y---tp.hcm\" role=\"tab\" aria-selected=\"true\" aria-controls=\"tab_xu\u00e2n-th\u1ee7y---tp.hcm\"><span>Xu\u00e2n Th\u1ee7y - TP.HCM<\/span><\/a><\/li>\n<li id=\"tab-ho\u00e0n-ki\u1ebfm---h\u00e0-n\u1ed9i\" class=\"tab has-icon\" role=\"presentation\"><a href=\"#tab_ho\u00e0n-ki\u1ebfm---h\u00e0-n\u1ed9i\" tabindex=\"-1\" role=\"tab\" aria-selected=\"false\" aria-controls=\"tab_ho\u00e0n-ki\u1ebfm---h\u00e0-n\u1ed9i\"><span>Ho\u00e0n Ki\u1ebfm - H\u00e0 N\u1ed9i<\/span><\/a><\/li><\/ul><div class=\"tab-panels\"><div id=\"tab_xu\u00e2n-th\u1ee7y---tp.hcm\" class=\"panel active entry-content\" role=\"tabpanel\" aria-labelledby=\"tab-xu\u00e2n-th\u1ee7y---tp.hcm\">\n\n<p><iframe src=\"https:\/\/www.google.com\/maps\/embed?pb=!1m18!1m12!1m3!1d3919.102903701059!2d106.72572722310822!3d10.803430161794992!2m3!1f0!2f0!3f0!3m2!1i1024!2i768!4f13.1!3m3!1m2!1s0x317527edd1a02a45%3A0xecd0f6fddcd2c311!2zQ-G7rWEgaMOgbmcgcsaw4bujdSB2YW5nIEhlZG9uIFdpbmVIdWI!5e0!3m2!1sen!2s!4v1712141222109!5m2!1sen!2s\" width=\"100%\" height=\"450\" style=\"border:0;\" allowfullscreen=\"\" loading=\"lazy\" referrerpolicy=\"no-referrer-when-downgrade\"><\/iframe><br \/>\n\n<\/div>\n<div id=\"tab_ho\u00e0n-ki\u1ebfm---h\u00e0-n\u1ed9i\" class=\"panel entry-content\" role=\"tabpanel\" aria-labelledby=\"tab-ho\u00e0n-ki\u1ebfm---h\u00e0-n\u1ed9i\">\n\n<p><iframe src=\"https:\/\/www.google.com\/maps\/embed?pb=!1m18!1m12!1m3!1d3724.3195700235865!2d105.8469887!3d21.0198955!2m3!1f0!2f0!3f0!3m2!1i1024!2i768!4f13.1!3m3!1m2!1s0x3135ab9203a3913d%3A0xf7b2b87b63f6b474!2sCRUs%20Wine%20Cellar%20and%20Merchant!5e0!3m2!1sen!2s!4v1712141039904!5m2!1sen!2s\" width=\"100%\" height=\"450\" style=\"border:0;\" allowfullscreen=\"\" loading=\"lazy\" referrerpolicy=\"no-referrer-when-downgrade\"><\/iframe><br \/>\n\n<\/div><\/div><\/div>\n\t<div id=\"gap-179055238\" class=\"gap-element clearfix\" style=\"display:block; height:auto;\">\n\t\t\n<style>\n#gap-179055238 {\n  padding-top: 30px;\n}\n<\/style>\n\t<\/div>\n\t\n<div class=\"social-icons follow-icons full-width text-center\" ><span>Contact Hedon<\/span><a href=\"https:\/\/www.facebook.com\/hedonwines\" target=\"_blank\" data-label=\"Facebook\" class=\"icon button circle is-outline tooltip facebook\" title=\"Follow on Facebook\" aria-label=\"Follow on Facebook\" rel=\"noopener nofollow\"><i class=\"icon-facebook\" aria-hidden=\"true\"><\/i><\/a><a href=\"https:\/\/www.instagram.com\/hedonwinehub\/\" target=\"_blank\" data-label=\"Instagram\" class=\"icon button circle is-outline tooltip instagram\" title=\"Follow on Instagram\" aria-label=\"Follow on Instagram\" rel=\"noopener nofollow\"><i class=\"icon-instagram\" aria-hidden=\"true\"><\/i><\/a><a href=\"https:\/\/www.tiktok.com\/@hedonwinehub\" target=\"_blank\" data-label=\"TikTok\" class=\"icon button circle is-outline tooltip tiktok\" title=\"Follow on TikTok\" aria-label=\"Follow on TikTok\" rel=\"noopener nofollow\"><i class=\"icon-tiktok\" aria-hidden=\"true\"><\/i><\/a><a href=\"mailto:hedonwinehub@gmail.com\" data-label=\"E-mail\" target=\"_blank\" class=\"icon button circle is-outline tooltip email\" title=\"Send us an email\" aria-label=\"Send us an email\" rel=\"nofollow noopener\"><i class=\"icon-envelop\" aria-hidden=\"true\"><\/i><\/a><a href=\"tel:0933463535\" data-label=\"Phone\" target=\"_blank\" class=\"icon button circle is-outline tooltip phone\" title=\"Call us\" aria-label=\"Call us\" rel=\"nofollow noopener\"><i class=\"icon-phone\" aria-hidden=\"true\"><\/i><\/a><a href=\"https:\/\/www.youtube.com\/@Hedonwinehub\" data-label=\"YouTube\" target=\"_blank\" class=\"icon button circle is-outline tooltip youtube\" title=\"Follow on YouTube\" aria-label=\"Follow on YouTube\" rel=\"noopener nofollow\"><i class=\"icon-youtube\" aria-hidden=\"true\"><\/i><\/a><\/div>\n\t\t<\/div>\n\t\t\t\t\t<\/div>\n\n\t\n<\/div>\n","protected":false},"excerpt":{"rendered":"","protected":false},"author":157,"featured_media":13535,"parent":0,"menu_order":0,"comment_status":"closed","ping_status":"closed","template":"page-blank.php","meta":{"footnotes":""},"class_list":["post-13565","page","type-page","status-publish","has-post-thumbnail","hentry"],"_links":{"self":[{"href":"https:\/\/hedon.com.vn\/en\/wp-json\/wp\/v2\/pages\/13565","targetHints":{"allow":["GET"]}}],"collection":[{"href":"https:\/\/hedon.com.vn\/en\/wp-json\/wp\/v2\/pages"}],"about":[{"href":"https:\/\/hedon.com.vn\/en\/wp-json\/wp\/v2\/types\/page"}],"author":[{"embeddable":true,"href":"https:\/\/hedon.com.vn\/en\/wp-json\/wp\/v2\/users\/157"}],"replies":[{"embeddable":true,"href":"https:\/\/hedon.com.vn\/en\/wp-json\/wp\/v2\/comments?post=13565"}],"version-history":[{"count":0,"href":"https:\/\/hedon.com.vn\/en\/wp-json\/wp\/v2\/pages\/13565\/revisions"}],"wp:featuredmedia":[{"embeddable":true,"href":"https:\/\/hedon.com.vn\/en\/wp-json\/wp\/v2\/media\/13535"}],"wp:attachment":[{"href":"https:\/\/hedon.com.vn\/en\/wp-json\/wp\/v2\/media?parent=13565"}],"curies":[{"name":"wp","href":"https:\/\/api.w.org\/{rel}","templated":true}]}}