{"id":13567,"date":"2013-08-11T20:13:42","date_gmt":"2013-08-11T20:13:42","guid":{"rendered":"https:\/\/hedon.com.vn\/faq\/"},"modified":"2013-08-11T20:13:42","modified_gmt":"2013-08-11T20:13:42","slug":"faq","status":"publish","type":"page","link":"https:\/\/hedon.com.vn\/en\/faq\/","title":{"rendered":"FAQ"},"content":{"rendered":"\n  <div class=\"banner has-hover\" id=\"banner-1318308223\">\n          <div class=\"banner-inner fill\">\n        <div class=\"banner-bg fill\" >\n                                                \n                    <\/div>\n\t\t\n\t<div class=\"ux-shape-divider ux-shape-divider--bottom ux-shape-divider--style-curve-opacity\">\n\t\t<svg viewBox=\"0 0 1000 100\" xmlns=\"http:\/\/www.w3.org\/2000\/svg\" preserveAspectRatio=\"none\">\n\t\t<path class=\"ux-shape-fill\" opacity=\"0.15\" d=\"M0 14C0 14 88.64 17.48 300 50C560 90 814 77 1003 40L1015 68L1018 104H0V14Z\"\/>\n\t\t<path class=\"ux-shape-fill\" opacity=\"0.3\" d=\"M0 45C0 45 271 90.13 500 77C657 68 830 30 1015 14V100H0V45Z\"\/>\n\t\t<path class=\"ux-shape-fill\" d=\"M0 58C0 58 188.29 90 508 90C798 90 1002 55 1002 55V100H0V58Z\"\/>\n<\/svg>\n\t<\/div>\n        <div class=\"banner-layers container\">\n            <div class=\"fill banner-link\"><\/div>            \n   <div id=\"text-box-1115373789\" class=\"text-box banner-layer x50 md-x50 lg-x50 y20 md-y20 lg-y20 res-text\">\n                                <div class=\"text-box-content text dark\">\n              \n              <div class=\"text-inner text-center\">\n                  \n<h2 class=\"uppercase\"><strong>FAQ<\/strong><\/h2>\n<div class=\"is-divider divider clearfix\" ><\/div>\n              <\/div>\n           <\/div>\n                            \n<style>\n#text-box-1115373789 {\n  width: 60%;\n}\n#text-box-1115373789 .text-box-content {\n  font-size: 100%;\n}\n<\/style>\n    <\/div>\n \n        <\/div>\n      <\/div>\n\n            \n<style>\n#banner-1318308223 {\n  padding-top: 200px;\n}\n#banner-1318308223 .ux-shape-divider--bottom svg {\n  height: 100px;\n  --divider-width: 100%;\n}\n<\/style>\n  <\/div>\n\n\n<div class=\"row\"  id=\"row-2015865920\">\n\n\t<div id=\"col-2106789743\" class=\"col small-12 large-12\"  >\n\t\t\t\t<div class=\"col-inner\"  >\n\t\t\t\n\t\t\t\n<h3 class=\"accordion_title\">C\u00e1c c\u00e2u h\u1ecfi th\u01b0\u1eddng g\u1eb7p (FAQ)<\/h3><div class=\"accordion\">\n\n\t<div id=\"accordion-3952108386\" class=\"accordion-item\">\n\t\t<a id=\"accordion-3952108386-label\" class=\"accordion-title plain\" href=\"#accordion-item-t\u00f4i-c\u00f3-th\u1ec3-mua-h\u00e0ng-qua-nh\u1eefng-k\u00eanh-n\u00e0o?\" aria-expanded=\"false\" aria-controls=\"accordion-3952108386-content\">\n\t\t\t<button class=\"toggle\" aria-label=\"Toggle\"><i class=\"icon-angle-down\" aria-hidden=\"true\"><\/i><\/button>\n\t\t\t<span>T\u00f4i c\u00f3 th\u1ec3 mua h\u00e0ng qua nh\u1eefng k\u00eanh n\u00e0o?<\/span>\n\t\t<\/a>\n\t\t<div id=\"accordion-3952108386-content\" class=\"accordion-inner\" aria-labelledby=\"accordion-3952108386-label\">\n\t\t\t\n\n<p>B\u1ea1n c\u00f3 th\u1ec3 mua h\u00e0ng th\u00f4ng qua c\u00e1ch k\u00eanh online ho\u1eb7c \u0111\u1ebfn tr\u1ef1c ti\u1ebfp showroom \u0111\u1ec3 \u0111\u01b0\u1ee3c h\u01b0\u1edbng d\u1eabn, t\u01b0 v\u1ea5n ch\u1ecdn vang tr\u1ef1c ti\u1ebfp.<\/p>\n\n\t\t<\/div>\n\t<\/div>\n\t\n\t<div id=\"accordion-749780828\" class=\"accordion-item\">\n\t\t<a id=\"accordion-749780828-label\" class=\"accordion-title plain\" href=\"#accordion-item-\u0110\u1ecba-ch\u1ec9-c\u1eeda-h\u00e0ng-c\u1ee7a-b\u1ea1n-\u1edf-\u0111\u00e2u?\" aria-expanded=\"false\" aria-controls=\"accordion-749780828-content\">\n\t\t\t<button class=\"toggle\" aria-label=\"Toggle\"><i class=\"icon-angle-down\" aria-hidden=\"true\"><\/i><\/button>\n\t\t\t<span>\u0110\u1ecba ch\u1ec9 c\u1eeda h\u00e0ng c\u1ee7a b\u1ea1n \u1edf \u0111\u00e2u?<\/span>\n\t\t<\/a>\n\t\t<div id=\"accordion-749780828-content\" class=\"accordion-inner\" aria-labelledby=\"accordion-749780828-label\">\n\t\t\t\n\n<p><strong>H\u1ec7 th\u1ed1ng Showroom:<\/strong><\/p>\n<p>94 Ph\u1ed1 Ng\u1ecdc H\u00e0, Ng\u1ecdc H\u1ed3, Ba \u0110\u00ecnh, H\u00e0 N\u1ed9i<br \/>4 Ph\u1ed1 Nguy\u1ec5n Gia Thi\u1ec1u, Tr\u1ea7n H\u01b0ng \u0110\u1ea1o, Ho\u00e0n Ki\u1ebfm, H\u00e0 N\u1ed9i<br \/>35 Xu\u00e2n Th\u1ee7y, Th\u1ea3o \u0110i\u1ec1n, Qu\u1eadn 2, Th\u00e0nh ph\u1ed1 H\u1ed3 Ch\u00ed Minh<\/p>\n\n\t\t<\/div>\n\t<\/div>\n\t\n\t<div id=\"accordion-1546515107\" class=\"accordion-item\">\n\t\t<a id=\"accordion-1546515107-label\" class=\"accordion-title plain\" href=\"#accordion-item-nh\u1eefng-h\u00ecnh-th\u1ee9c-thanh-to\u00e1n-n\u00e0o-\u0111\u01b0\u1ee3c-ch\u1ea5p-nh\u1eadn-t\u1ea1i-hedon?\" aria-expanded=\"false\" aria-controls=\"accordion-1546515107-content\">\n\t\t\t<button class=\"toggle\" aria-label=\"Toggle\"><i class=\"icon-angle-down\" aria-hidden=\"true\"><\/i><\/button>\n\t\t\t<span>Nh\u1eefng h\u00ecnh th\u1ee9c thanh to\u00e1n n\u00e0o \u0111\u01b0\u1ee3c ch\u1ea5p nh\u1eadn t\u1ea1i Hedon?<\/span>\n\t\t<\/a>\n\t\t<div id=\"accordion-1546515107-content\" class=\"accordion-inner\" aria-labelledby=\"accordion-1546515107-label\">\n\t\t\t\n\n<p>Hedon ch\u1ea5p nh\u1eadn thanh to\u00e1n chuy\u1ec3n kho\u1ea3n qua ng\u00e2n h\u00e0ng ho\u1eb7c thanh to\u00e1n ti\u1ec1n m\u1eb7t khi nh\u1eadn h\u00e0ng.<\/p>\n\n\n\t\t<\/div>\n\t<\/div>\n\t\n\t<div id=\"accordion-2009167033\" class=\"accordion-item\">\n\t\t<a id=\"accordion-2009167033-label\" class=\"accordion-title plain\" href=\"#accordion-item-mua-h\u00e0ng-online-th\u00ec-bao-l\u00e2u-s\u1ebd-\u0111\u01b0\u1ee3c-nh\u1eadn-h\u00e0ng?\" aria-expanded=\"false\" aria-controls=\"accordion-2009167033-content\">\n\t\t\t<button class=\"toggle\" aria-label=\"Toggle\"><i class=\"icon-angle-down\" aria-hidden=\"true\"><\/i><\/button>\n\t\t\t<span>Mua h\u00e0ng online th\u00ec bao l\u00e2u s\u1ebd \u0111\u01b0\u1ee3c nh\u1eadn h\u00e0ng?<\/span>\n\t\t<\/a>\n\t\t<div id=\"accordion-2009167033-content\" class=\"accordion-inner\" aria-labelledby=\"accordion-2009167033-label\">\n\t\t\t\n\n<p>V\u1edbi c\u00e1c \u0111\u01a1n \u1edf H\u00e0 N\u1ed9i v\u00e0 Th\u00e0nh ph\u1ed1 H\u1ed3 Ch\u00ed Minh, kh\u00e1ch h\u00e0ng c\u00f3 th\u1ec3 nh\u1eadn \u0111\u01b0\u1ee3c h\u00e0ng trong ng\u00e0y.<\/p>\n<p>C\u00e1c \u0111\u01a1n \u1edf t\u1ec9nh kh\u00e1c, kh\u00e1ch h\u00e0ng c\u00f3 th\u1ec3 nh\u1eadn h\u00e0ng trong ng\u00e0y ho\u1eb7c ch\u1eadm h\u01a1n. Vui l\u00f2ng li\u00ean h\u1ec7 v\u1edbi Hedon \u0111\u1ec3 bi\u1ebft ch\u00ednh x\u00e1c th\u1eddi gian nh\u1eadn sau khi \u0111\u1eb7t h\u00e0ng.<\/p>\n\n\n\t\t<\/div>\n\t<\/div>\n\t\n\t<div id=\"accordion-2818424136\" class=\"accordion-item\">\n\t\t<a id=\"accordion-2818424136-label\" class=\"accordion-title plain\" href=\"#accordion-item-ph\u00ed-ship-(ph\u00ed-v\u1eadn-chuy\u1ec3n)-khi-mua-online-t\u00ednh-th\u1ebf-n\u00e0o?\" aria-expanded=\"false\" aria-controls=\"accordion-2818424136-content\">\n\t\t\t<button class=\"toggle\" aria-label=\"Toggle\"><i class=\"icon-angle-down\" aria-hidden=\"true\"><\/i><\/button>\n\t\t\t<span>Ph\u00ed ship (ph\u00ed v\u1eadn chuy\u1ec3n) khi mua online t\u00ednh th\u1ebf n\u00e0o?<\/span>\n\t\t<\/a>\n\t\t<div id=\"accordion-2818424136-content\" class=\"accordion-inner\" aria-labelledby=\"accordion-2818424136-label\">\n\t\t\t\n\n<p>V\u1edbi c\u00e1c \u0111\u01a1n h\u00e0ng s\u1ed1 l\u01b0\u1ee3ng l\u1edbn, kh\u00e1ch h\u00e0ng s\u1ebd \u0111\u01b0\u1ee3c mi\u1ec5n ph\u00ed v\u1eadn chuy\u1ec3n.<\/p>\n<p>Cho c\u00e1c \u0111\u01a1n mua l\u1ebb, Hedon s\u1ebd h\u1ed7 tr\u1ee3 kh\u00e1ch h\u00e0ng m\u1ed9t ph\u1ea7n ph\u00ed v\u1eadn chuy\u1ec3n.<\/p>\n<p>\u0110\u1ec3 bi\u1ebft ch\u00ednh x\u00e1c ph\u00ed v\u1eadn chuy\u1ec3n cho t\u1eebng \u0111\u01a1n h\u00e0ng, kh\u00e1ch h\u00e0ng vui l\u00f2ng li\u00ean h\u1ec7 v\u1edbi Hedon.<\/p>\n\n\n\t\t<\/div>\n\t<\/div>\n\t\n\t<div id=\"accordion-1784790299\" class=\"accordion-item\">\n\t\t<a id=\"accordion-1784790299-label\" class=\"accordion-title plain\" href=\"#accordion-item-l\u00e0m-sao-\u0111\u1ec3-t\u00f4i-ch\u1ecdn-\u0111\u01b0\u1ee3c-chai-vang-ph\u00f9-h\u1ee3p-v\u1edbi-m\u00ecnh-nh\u1ea5t?\" aria-expanded=\"false\" aria-controls=\"accordion-1784790299-content\">\n\t\t\t<button class=\"toggle\" aria-label=\"Toggle\"><i class=\"icon-angle-down\" aria-hidden=\"true\"><\/i><\/button>\n\t\t\t<span>L\u00e0m sao \u0111\u1ec3 t\u00f4i ch\u1ecdn \u0111\u01b0\u1ee3c chai vang ph\u00f9 h\u1ee3p v\u1edbi m\u00ecnh nh\u1ea5t?<\/span>\n\t\t<\/a>\n\t\t<div id=\"accordion-1784790299-content\" class=\"accordion-inner\" aria-labelledby=\"accordion-1784790299-label\">\n\t\t\t\n\n<p>Kh\u00e1ch h\u00e0ng c\u00f3 th\u1ec3 li\u00ean h\u1ec7 v\u1edbi Hedon th\u00f4ng qua c\u00e1c k\u00eanh h\u1ed7 tr\u1ee3 c\u00f3 s\u1eb5n tr\u00ean website nh\u01b0 Fanpage, Zalo hay s\u1ed1 \u0111i\u1ec7n tho\u1ea1t \u0111\u1ec3 \u0111\u01b0\u1ee3c h\u01b0\u1edbng d\u1eabn ch\u1ecdn r\u01b0\u1ee3u vang. Ngo\u00e0i ra kh\u00e1ch h\u00e0ng \u1edf g\u1ea7n c\u00f3 th\u1ec3 qua tr\u1ef1c ti\u1ebfp showroom \u0111\u1ec3 \u0111\u01b0\u1ee3c t\u01b0 v\u1ea5n, quan s\u00e1t tr\u1ef1c quan v\u00e0 ch\u1ecdn r\u01b0\u1ee3u \u0111\u01b0\u1ee3c ch\u00ednh x\u00e1c h\u01a1n.<\/p>\n\n\n\t\t<\/div>\n\t<\/div>\n\t\n\t<div id=\"accordion-1241517291\" class=\"accordion-item\">\n\t\t<a id=\"accordion-1241517291-label\" class=\"accordion-title plain\" href=\"#accordion-item-l\u00e0m-sao-\u0111\u1ec3-t\u00f4i-ch\u1ecdn-\u0111\u01b0\u1ee3c-chai-vang-ph\u00f9-h\u1ee3p-v\u1edbi-m\u00ecnh-nh\u1ea5t?\" aria-expanded=\"false\" aria-controls=\"accordion-1241517291-content\">\n\t\t\t<button class=\"toggle\" aria-label=\"Toggle\"><i class=\"icon-angle-down\" aria-hidden=\"true\"><\/i><\/button>\n\t\t\t<span>L\u00e0m sao \u0111\u1ec3 t\u00f4i ch\u1ecdn \u0111\u01b0\u1ee3c chai vang ph\u00f9 h\u1ee3p v\u1edbi m\u00ecnh nh\u1ea5t?<\/span>\n\t\t<\/a>\n\t\t<div id=\"accordion-1241517291-content\" class=\"accordion-inner\" aria-labelledby=\"accordion-1241517291-label\">\n\t\t\t\n\n<p>Hedon th\u01b0\u1eddng xuy\u00ean t\u1ed5 ch\u1ee9c c\u00e1c bu\u1ed5i Wine Tasting \u2013 n\u01a1i kh\u00e1ch m\u1eddi c\u00f3 th\u1ec3 th\u1eed c\u00e1c lo\u1ea1i vang m\u1ed9t c\u00e1ch mi\u1ec5n ph\u00ed \u0111\u1ec3 t\u1ef1 c\u1ea3m nh\u1eadn. \u0110\u1ec3 bi\u1ebft th\u1eddi gian, \u0111\u1ecba \u0111i\u1ec3m c\u0169ng nh\u01b0 c\u00e1c th\u00f4ng tin kh\u00e1c c\u1ee7a c\u00e1c bu\u1ed5i Wine Tasting, vui l\u00f2ng li\u00ean h\u1ec7 Hedon \u0111\u1ec3 nh\u1eadn \u0111\u01b0\u1ee3c v\u00e9 m\u1eddi tham d\u1ef1.<\/p>\n\n\n\t\t<\/div>\n\t<\/div>\n\t\n\n<\/div>\n\t\t<\/div>\n\t\t\t\t\t<\/div>\n\n\t\n<\/div>\n","protected":false},"excerpt":{"rendered":"","protected":false},"author":157,"featured_media":0,"parent":0,"menu_order":0,"comment_status":"closed","ping_status":"closed","template":"page-blank.php","meta":{"footnotes":""},"class_list":["post-13567","page","type-page","status-publish","hentry"],"_links":{"self":[{"href":"https:\/\/hedon.com.vn\/en\/wp-json\/wp\/v2\/pages\/13567","targetHints":{"allow":["GET"]}}],"collection":[{"href":"https:\/\/hedon.com.vn\/en\/wp-json\/wp\/v2\/pages"}],"about":[{"href":"https:\/\/hedon.com.vn\/en\/wp-json\/wp\/v2\/types\/page"}],"author":[{"embeddable":true,"href":"https:\/\/hedon.com.vn\/en\/wp-json\/wp\/v2\/users\/157"}],"replies":[{"embeddable":true,"href":"https:\/\/hedon.com.vn\/en\/wp-json\/wp\/v2\/comments?post=13567"}],"version-history":[{"count":0,"href":"https:\/\/hedon.com.vn\/en\/wp-json\/wp\/v2\/pages\/13567\/revisions"}],"wp:attachment":[{"href":"https:\/\/hedon.com.vn\/en\/wp-json\/wp\/v2\/media?parent=13567"}],"curies":[{"name":"wp","href":"https:\/\/api.w.org\/{rel}","templated":true}]}}