{"id":13568,"date":"2013-08-11T19:22:53","date_gmt":"2013-08-11T19:22:53","guid":{"rendered":"https:\/\/hedon.com.vn\/contact\/"},"modified":"2013-08-11T19:22:53","modified_gmt":"2013-08-11T19:22:53","slug":"contact","status":"publish","type":"page","link":"https:\/\/hedon.com.vn\/en\/contact\/","title":{"rendered":"Contact"},"content":{"rendered":"\n  <div class=\"banner has-hover\" id=\"banner-967581255\">\n          <div class=\"banner-inner fill\">\n        <div class=\"banner-bg fill\" >\n                                                \n                    <\/div>\n\t\t\n\t<div class=\"ux-shape-divider ux-shape-divider--bottom ux-shape-divider--style-curve-opacity\">\n\t\t<svg viewBox=\"0 0 1000 100\" xmlns=\"http:\/\/www.w3.org\/2000\/svg\" preserveAspectRatio=\"none\">\n\t\t<path class=\"ux-shape-fill\" opacity=\"0.15\" d=\"M0 14C0 14 88.64 17.48 300 50C560 90 814 77 1003 40L1015 68L1018 104H0V14Z\"\/>\n\t\t<path class=\"ux-shape-fill\" opacity=\"0.3\" d=\"M0 45C0 45 271 90.13 500 77C657 68 830 30 1015 14V100H0V45Z\"\/>\n\t\t<path class=\"ux-shape-fill\" d=\"M0 58C0 58 188.29 90 508 90C798 90 1002 55 1002 55V100H0V58Z\"\/>\n<\/svg>\n\t<\/div>\n        <div class=\"banner-layers container\">\n            <div class=\"fill banner-link\"><\/div>            \n   <div id=\"text-box-442668943\" class=\"text-box banner-layer x50 md-x50 lg-x50 y20 md-y20 lg-y20 res-text\">\n                                <div class=\"text-box-content text dark\">\n              \n              <div class=\"text-inner text-center\">\n                  \n\t<div id=\"text-2082012665\" class=\"text\">\n\t\t\n<h1>Li\u00ean h\u1ec7 v\u1edbi Hedon<\/h1>\n\t\t\n<style>\n#text-2082012665 {\n  font-size: 0.75rem;\n}\n<\/style>\n\t<\/div>\n\t\n<div class=\"is-divider divider clearfix\" ><\/div>\n              <\/div>\n           <\/div>\n                            \n<style>\n#text-box-442668943 {\n  width: 60%;\n}\n#text-box-442668943 .text-box-content {\n  font-size: 100%;\n}\n<\/style>\n    <\/div>\n \n        <\/div>\n      <\/div>\n\n            \n<style>\n#banner-967581255 {\n  padding-top: 200px;\n}\n#banner-967581255 .ux-shape-divider--bottom svg {\n  height: 100px;\n  --divider-width: 100%;\n}\n<\/style>\n  <\/div>\n\n\n<div class=\"row\"  id=\"row-1272371450\">\n<\/div>\n\n\t<section class=\"section\" id=\"section_1195638894\">\n\t\t<div class=\"section-bg fill\" >\n\t\t\t\t\t\t\t\t\t\n\t\t\t\n\n\t\t<\/div>\n\n\t\t\n\n\t\t<div class=\"section-content relative\">\n\t\t\t\n<div class=\"row row-collapse\"  id=\"row-122754507\">\n\n\t<div id=\"col-54875949\" class=\"col medium-6 small-6 large-6\"  >\n\t\t\t\t<div class=\"col-inner\"  >\n\t\t\t\n\t\t\t\n\t<div id=\"gap-461564272\" class=\"gap-element clearfix\" style=\"display:block; height:auto;\">\n\t\t\n<style>\n#gap-461564272 {\n  padding-top: 60px;\n}\n<\/style>\n\t<\/div>\n\t\n\t\t<\/div>\n\t\t\t\t\t<\/div>\n\n\t\n\n\t<div id=\"col-381973518\" class=\"col medium-6 small-6 large-6\"  >\n\t\t\t\t<div class=\"col-inner\"  >\n\t\t\t\n\t<div class=\"is-border\"\n\t\tstyle=\"border-color:rgb(39, 54, 71);border-width:0px 0px 0px 3px;\">\n\t<\/div>\n\t\t\t\n\t<div id=\"gap-1065406054\" class=\"gap-element clearfix\" style=\"display:block; height:auto;\">\n\t\t\n<style>\n#gap-1065406054 {\n  padding-top: 100px;\n}\n<\/style>\n\t<\/div>\n\t\n\t\t<\/div>\n\t\t\t\t\n<style>\n#col-381973518 > .col-inner {\n  margin: -85px 0px 0px 0px;\n}\n<\/style>\n\t<\/div>\n\n\t\n<\/div>\n<div class=\"row align-middle align-center\" style=\"max-width:700px\" id=\"row-36174127\">\n\n\t<div id=\"col-1580452608\" class=\"col medium-11 small-12 large-11\"  >\n\t\t\t\t<div class=\"col-inner text-center\"  >\n\t\t\t\n\t\t\t\n\t<div id=\"text-1438921452\" class=\"text\">\n\t\t\n<h1>Contact<\/h1>\n\t\t\n<style>\n#text-1438921452 {\n  font-size: 1.75rem;\n}\n<\/style>\n\t<\/div>\n\t\n<p>B\u1eb1ng t\u1ea5t c\u1ea3 khao kh\u00e1t v\u00e0 ni\u1ec1m \u0111am m\u00ea v\u1edbi v\u0103n h\u00f3a th\u01b0\u1edfng th\u1ee9c r\u01b0\u1ee3u vang, sau 20 n\u0103m ph\u00e1t tri\u1ec3n, Hedon \u0111\u00e3 tr\u1edf th\u00e0nh m\u1ed9t trong nh\u1eefng \u0111\u01a1n v\u1ecb b\u00e1n l\u1ebb r\u01b0\u1ee3u vang h\u00e0ng \u0111\u1ea7u t\u1ea1i Vi\u1ec7t Nam v\u1edbi h\u01a1n 1000 d\u00f2ng vang \u0111\u01b0\u1ee3c nh\u1eadp kh\u1ea9u tr\u1ef1c ti\u1ebfp v\u00e0 ch\u00ednh h\u00e3ng t\u1eeb c\u00e1c th\u01b0\u01a1ng hi\u1ec7u l\u1edbn tr\u00ean to\u00e0n th\u1ebf gi\u1edbi.<\/p>\n\t\t<\/div>\n\t\t\t\t\t<\/div>\n\n\t\n<\/div>\n<div class=\"row row-collapse\" style=\"max-width:900px\" id=\"row-353810065\">\n\n\t<div id=\"col-67315626\" class=\"col medium-3 small-12 large-3\"  >\n\t\t\t\t<div class=\"col-inner\"  >\n\t\t\t\n\t\t\t\n\n\t<a class=\"plain\" href=\"mailto:info@hedon.com.vn\" target=\"_blank\" rel=\"noopener\" >\t<div class=\"icon-box featured-box icon-box-center text-center\"  >\n\t\t\t\t\t<div class=\"icon-box-img\" style=\"width: 40px\">\n\t\t\t\t<div class=\"icon\">\n\t\t\t\t\t<div class=\"icon-inner\" >\n\t\t\t\t\t\t\t\t\t\t\t<\/div>\n\t\t\t\t<\/div>\n\t\t\t<\/div>\n\t\t\t\t<div class=\"icon-box-text last-reset\">\n\t\t\t\t\t\t\t\t\t\n\t<div id=\"text-2950191446\" class=\"text\">\n\t\t\n<h4>Nh\u1eafn Hedon qua email<\/h4>\n\t\t\n<style>\n#text-2950191446 {\n  line-height: 1;\n}\n<\/style>\n\t<\/div>\n\t\n\t<div id=\"gap-1547397188\" class=\"gap-element clearfix\" style=\"display:block; height:auto;\">\n\t\t\n<style>\n#gap-1547397188 {\n  padding-top: 15px;\n}\n<\/style>\n\t<\/div>\n\t\n\t<div id=\"text-3461148020\" class=\"text\">\n\t\t\n<p><a href=\"mailto:hedonwinehub@gmail.com\">hedonwinehub@gmail.com<\/a><\/p>\n\t\t\n<style>\n#text-3461148020 {\n  line-height: 0.75;\n}\n<\/style>\n\t<\/div>\n\t\n\t\t<\/div>\n\t<\/div>\n\t<\/a>\n\t\n\t\t<\/div>\n\t\t\t\t\t<\/div>\n\n\t\n\n\t<div id=\"col-449421428\" class=\"col medium-3 small-12 large-3\"  >\n\t\t\t\t<div class=\"col-inner\"  >\n\t\t\t\n\t\t\t\n\n\t<a class=\"plain\" href=\"https:\/\/hedon.com.vn\/our-stores\/\" >\t<div class=\"icon-box featured-box icon-box-center text-center\"  >\n\t\t\t\t\t<div class=\"icon-box-img\" style=\"width: 40px\">\n\t\t\t\t<div class=\"icon\">\n\t\t\t\t\t<div class=\"icon-inner\" >\n\t\t\t\t\t\t\t\t\t\t\t<\/div>\n\t\t\t\t<\/div>\n\t\t\t<\/div>\n\t\t\t\t<div class=\"icon-box-text last-reset\">\n\t\t\t\t\t\t\t\t\t\n\t<div id=\"text-1520798002\" class=\"text\">\n\t\t\n<h4>Showroom Hedon<\/h4>\n\t\t\n<style>\n#text-1520798002 {\n  line-height: 1;\n}\n<\/style>\n\t<\/div>\n\t\n\t<div id=\"gap-1207287859\" class=\"gap-element clearfix\" style=\"display:block; height:auto;\">\n\t\t\n<style>\n#gap-1207287859 {\n  padding-top: 15px;\n}\n<\/style>\n\t<\/div>\n\t\n\t<div id=\"text-904565856\" class=\"text\">\n\t\t\n<p>35 \u0110\u01b0\u1eddng Xu\u00e2n Th\u1ee7y, Th\u1ea3o \u0110i\u1ec1n, Th\u1ee7 \u0110\u1ee9c, H\u1ed3 Ch\u00ed Minh<\/p>\n<p>04 Nguy\u1ec5n Gia Thi\u1ec1u, Tr\u1ea7n H\u01b0ng \u0110\u1ea1o, Ho\u00e0n Ki\u1ebfm, H\u00e0 N\u1ed9i<\/p>\n\t\t\n<style>\n#text-904565856 {\n  line-height: 1.5;\n}\n<\/style>\n\t<\/div>\n\t\n\t\t<\/div>\n\t<\/div>\n\t<\/a>\n\t\n\t\t<\/div>\n\t\t\t\t\t<\/div>\n\n\t\n\n\t<div id=\"col-978859178\" class=\"col medium-3 small-12 large-3\"  >\n\t\t\t\t<div class=\"col-inner\"  >\n\t\t\t\n\t\t\t\n\n\t<a class=\"plain\" href=\"https:\/\/zalo.me\/0976507575\" target=\"_blank\" rel=\"noopener\">\t<div class=\"icon-box featured-box icon-box-center text-center\"  >\n\t\t\t\t\t<div class=\"icon-box-img\" style=\"width: 40px\">\n\t\t\t\t<div class=\"icon\">\n\t\t\t\t\t<div class=\"icon-inner\" >\n\t\t\t\t\t\t\t\t\t\t\t<\/div>\n\t\t\t\t<\/div>\n\t\t\t<\/div>\n\t\t\t\t<div class=\"icon-box-text last-reset\">\n\t\t\t\t\t\t\t\t\t\n\t<div id=\"text-1745669166\" class=\"text\">\n\t\t\n<h4>G\u1ecdi ho\u1eb7c Zalo cho Hedon<\/h4>\n\t\t\n<style>\n#text-1745669166 {\n  line-height: 1;\n}\n<\/style>\n\t<\/div>\n\t\n\t<div id=\"gap-1225811372\" class=\"gap-element clearfix\" style=\"display:block; height:auto;\">\n\t\t\n<style>\n#gap-1225811372 {\n  padding-top: 15px;\n}\n<\/style>\n\t<\/div>\n\t\n\t<div id=\"text-874337373\" class=\"text\">\n\t\t\n<p><a href=\"tel:0933463535\">0933463535 (HCM)<\/a><\/p>\n<p><a href=\"tel:0976057575\">0976507575 (HN)<\/a><br \/>\n\t\t\n<style>\n#text-874337373 {\n  line-height: 1;\n}\n<\/style>\n\t<\/div>\n\t\n\t\t<\/div>\n\t<\/div>\n\t<\/a>\n\t\n\t\t<\/div>\n\t\t\t\t\t<\/div>\n\n\t\n\n\t<div id=\"col-96182684\" class=\"col medium-3 small-12 large-3\"  >\n\t\t\t\t<div class=\"col-inner\"  >\n\t\t\t\n\t\t\t\n\n\t<a class=\"plain\" href=\"https:\/\/m.me\/100164085135912\" target=\"_blank\" rel=\"noopener\">\t<div class=\"icon-box featured-box icon-box-center text-center\"  >\n\t\t\t\t\t<div class=\"icon-box-img\" style=\"width: 40px\">\n\t\t\t\t<div class=\"icon\">\n\t\t\t\t\t<div class=\"icon-inner\" >\n\t\t\t\t\t\t\t\t\t\t\t<\/div>\n\t\t\t\t<\/div>\n\t\t\t<\/div>\n\t\t\t\t<div class=\"icon-box-text last-reset\">\n\t\t\t\t\t\t\t\t\t\n\t<div id=\"text-3781351730\" class=\"text\">\n\t\t\n<h4>Nh\u1eafn tin cho Hedon<\/h4>\n\t\t\n<style>\n#text-3781351730 {\n  line-height: 1;\n}\n<\/style>\n\t<\/div>\n\t\n\t<div id=\"gap-535616590\" class=\"gap-element clearfix\" style=\"display:block; height:auto;\">\n\t\t\n<style>\n#gap-535616590 {\n  padding-top: 15px;\n}\n<\/style>\n\t<\/div>\n\t\n\t<div id=\"text-70211327\" class=\"text\">\n\t\t\n<p><a href=\"https:\/\/m.me\/114358000205940\" data-wplink-edit=\"true\">Hedon WineHub<\/a><\/p>\n\t\t\n<style>\n#text-70211327 {\n  line-height: 1;\n}\n<\/style>\n\t<\/div>\n\t\n\t\t<\/div>\n\t<\/div>\n\t<\/a>\n\t\n\t\t<\/div>\n\t\t\t\t\t<\/div>\n\n\t\n<\/div>\n\t<div id=\"gap-1611688002\" class=\"gap-element clearfix\" style=\"display:block; height:auto;\">\n\t\t\n<style>\n#gap-1611688002 {\n  padding-top: 100px;\n}\n<\/style>\n\t<\/div>\n\t\n\t\t<\/div>\n\n\t\t\n<style>\n#section_1195638894 {\n  padding-top: 30px;\n  padding-bottom: 30px;\n  background-color: rgb(254, 215, 184);\n}\n<\/style>\n\t<\/section>\n\t\n\n\t<section class=\"section\" id=\"section_1332093357\">\n\t\t<div class=\"section-bg fill\" >\n\t\t\t\t\t\t\t\t\t\n\t\t\t\n\n\t\t<\/div>\n\n\t\t\n\n\t\t<div class=\"section-content relative\">\n\t\t\t\n<div class=\"row row-collapse\"  id=\"row-83297274\">\n\n\t<div id=\"col-482252048\" class=\"col medium-6 small-6 large-6\"  >\n\t\t\t\t<div class=\"col-inner\"  >\n\t\t\t\n\t\t\t\n\t<div id=\"gap-2137325417\" class=\"gap-element clearfix\" style=\"display:block; height:auto;\">\n\t\t\n<style>\n#gap-2137325417 {\n  padding-top: 34px;\n}\n<\/style>\n\t<\/div>\n\t\n\t\t<\/div>\n\t\t\t\t\t<\/div>\n\n\t\n\n\t<div id=\"col-766881849\" class=\"col medium-6 small-6 large-6\"  >\n\t\t\t\t<div class=\"col-inner\"  >\n\t\t\t\n\t<div class=\"is-border\"\n\t\tstyle=\"border-color:rgb(39, 54, 71);border-width:0px 0px 0px 03px;\">\n\t<\/div>\n\t\t\t\n\t<div id=\"gap-1171214337\" class=\"gap-element clearfix\" style=\"display:block; height:auto;\">\n\t\t\n<style>\n#gap-1171214337 {\n  padding-top: 100px;\n}\n<\/style>\n\t<\/div>\n\t\n\t\t<\/div>\n\t\t\t\t\n<style>\n#col-766881849 > .col-inner {\n  margin: -100px 0px 0px 0px;\n}\n<\/style>\n\t<\/div>\n\n\t\n<\/div>\n\t\t<\/div>\n\n\t\t\n<style>\n#section_1332093357 {\n  padding-top: 30px;\n  padding-bottom: 30px;\n}\n<\/style>\n\t<\/section>\n\t\n<div class=\"row\"  id=\"row-2146587324\">\n\n\t<div id=\"col-1398596288\" class=\"col medium-6 large-6\"  >\n\t\t\t\t<div class=\"col-inner\"  >\n\t\t\t\n\t\t\t\n<div class=\"container section-title-container\" ><h3 class=\"section-title section-title-normal\"><b aria-hidden=\"true\"><\/b><span class=\"section-title-main\" >NH\u1eeeNG C\u00c2U H\u1eceI TH\u01af\u1edcNG G\u1eb6P<\/span><b aria-hidden=\"true\"><\/b><\/h3><\/div>\n<h3 class=\"accordion_title\">C\u00e1c c\u00e2u h\u1ecfi th\u01b0\u1eddng g\u1eb7p (FAQ)<\/h3><div class=\"accordion\">\n\n\t<div id=\"accordion-1320006846\" class=\"accordion-item\">\n\t\t<a id=\"accordion-1320006846-label\" class=\"accordion-title plain\" href=\"#accordion-item-t\u00f4i-c\u00f3-th\u1ec3-mua-h\u00e0ng-qua-nh\u1eefng-k\u00eanh-n\u00e0o?\" aria-expanded=\"false\" aria-controls=\"accordion-1320006846-content\">\n\t\t\t<button class=\"toggle\" aria-label=\"Toggle\"><i class=\"icon-angle-down\" aria-hidden=\"true\"><\/i><\/button>\n\t\t\t<span>T\u00f4i c\u00f3 th\u1ec3 mua h\u00e0ng qua nh\u1eefng k\u00eanh n\u00e0o?<\/span>\n\t\t<\/a>\n\t\t<div id=\"accordion-1320006846-content\" class=\"accordion-inner\" aria-labelledby=\"accordion-1320006846-label\">\n\t\t\t\n\n<p>B\u1ea1n c\u00f3 th\u1ec3 mua h\u00e0ng th\u00f4ng qua c\u00e1ch k\u00eanh online ho\u1eb7c \u0111\u1ebfn tr\u1ef1c ti\u1ebfp showroom \u0111\u1ec3 \u0111\u01b0\u1ee3c h\u01b0\u1edbng d\u1eabn, t\u01b0 v\u1ea5n ch\u1ecdn vang tr\u1ef1c ti\u1ebfp.<\/p>\n\n\t\t<\/div>\n\t<\/div>\n\t\n\t<div id=\"accordion-2653241937\" class=\"accordion-item\">\n\t\t<a id=\"accordion-2653241937-label\" class=\"accordion-title plain\" href=\"#accordion-item-\u0110\u1ecba-ch\u1ec9-c\u1eeda-h\u00e0ng-c\u1ee7a-b\u1ea1n-\u1edf-\u0111\u00e2u?\" aria-expanded=\"false\" aria-controls=\"accordion-2653241937-content\">\n\t\t\t<button class=\"toggle\" aria-label=\"Toggle\"><i class=\"icon-angle-down\" aria-hidden=\"true\"><\/i><\/button>\n\t\t\t<span>\u0110\u1ecba ch\u1ec9 c\u1eeda h\u00e0ng c\u1ee7a b\u1ea1n \u1edf \u0111\u00e2u?<\/span>\n\t\t<\/a>\n\t\t<div id=\"accordion-2653241937-content\" class=\"accordion-inner\" aria-labelledby=\"accordion-2653241937-label\">\n\t\t\t\n\n<p><strong>H\u1ec7 th\u1ed1ng Showroom:<\/strong><\/p>\n<p>94 Ph\u1ed1 Ng\u1ecdc H\u00e0, Ng\u1ecdc H\u1ed3, Ba \u0110\u00ecnh, H\u00e0 N\u1ed9i<br \/>4 Ph\u1ed1 Nguy\u1ec5n Gia Thi\u1ec1u, Tr\u1ea7n H\u01b0ng \u0110\u1ea1o, Ho\u00e0n Ki\u1ebfm, H\u00e0 N\u1ed9i<br \/>35 Xu\u00e2n Th\u1ee7y, Th\u1ea3o \u0110i\u1ec1n, Qu\u1eadn 2, Th\u00e0nh ph\u1ed1 H\u1ed3 Ch\u00ed Minh<\/p>\n\n\t\t<\/div>\n\t<\/div>\n\t\n\t<div id=\"accordion-3173432177\" class=\"accordion-item\">\n\t\t<a id=\"accordion-3173432177-label\" class=\"accordion-title plain\" href=\"#accordion-item-nh\u1eefng-h\u00ecnh-th\u1ee9c-thanh-to\u00e1n-n\u00e0o-\u0111\u01b0\u1ee3c-ch\u1ea5p-nh\u1eadn-t\u1ea1i-hedon?\" aria-expanded=\"false\" aria-controls=\"accordion-3173432177-content\">\n\t\t\t<button class=\"toggle\" aria-label=\"Toggle\"><i class=\"icon-angle-down\" aria-hidden=\"true\"><\/i><\/button>\n\t\t\t<span>Nh\u1eefng h\u00ecnh th\u1ee9c thanh to\u00e1n n\u00e0o \u0111\u01b0\u1ee3c ch\u1ea5p nh\u1eadn t\u1ea1i Hedon?<\/span>\n\t\t<\/a>\n\t\t<div id=\"accordion-3173432177-content\" class=\"accordion-inner\" aria-labelledby=\"accordion-3173432177-label\">\n\t\t\t\n\n<p>Hedon ch\u1ea5p nh\u1eadn thanh to\u00e1n chuy\u1ec3n kho\u1ea3n qua ng\u00e2n h\u00e0ng ho\u1eb7c thanh to\u00e1n ti\u1ec1n m\u1eb7t khi nh\u1eadn h\u00e0ng.<\/p>\n\n\n\t\t<\/div>\n\t<\/div>\n\t\n\t<div id=\"accordion-10978436\" class=\"accordion-item\">\n\t\t<a id=\"accordion-10978436-label\" class=\"accordion-title plain\" href=\"#accordion-item-mua-h\u00e0ng-online-th\u00ec-bao-l\u00e2u-s\u1ebd-\u0111\u01b0\u1ee3c-nh\u1eadn-h\u00e0ng?\" aria-expanded=\"false\" aria-controls=\"accordion-10978436-content\">\n\t\t\t<button class=\"toggle\" aria-label=\"Toggle\"><i class=\"icon-angle-down\" aria-hidden=\"true\"><\/i><\/button>\n\t\t\t<span>Mua h\u00e0ng online th\u00ec bao l\u00e2u s\u1ebd \u0111\u01b0\u1ee3c nh\u1eadn h\u00e0ng?<\/span>\n\t\t<\/a>\n\t\t<div id=\"accordion-10978436-content\" class=\"accordion-inner\" aria-labelledby=\"accordion-10978436-label\">\n\t\t\t\n\n<p>V\u1edbi c\u00e1c \u0111\u01a1n \u1edf H\u00e0 N\u1ed9i v\u00e0 Th\u00e0nh ph\u1ed1 H\u1ed3 Ch\u00ed Minh, kh\u00e1ch h\u00e0ng c\u00f3 th\u1ec3 nh\u1eadn \u0111\u01b0\u1ee3c h\u00e0ng trong ng\u00e0y.<\/p>\n<p>C\u00e1c \u0111\u01a1n \u1edf t\u1ec9nh kh\u00e1c, kh\u00e1ch h\u00e0ng c\u00f3 th\u1ec3 nh\u1eadn h\u00e0ng trong ng\u00e0y ho\u1eb7c ch\u1eadm h\u01a1n. Vui l\u00f2ng li\u00ean h\u1ec7 v\u1edbi Hedon \u0111\u1ec3 bi\u1ebft ch\u00ednh x\u00e1c th\u1eddi gian nh\u1eadn sau khi \u0111\u1eb7t h\u00e0ng.<\/p>\n\n\n\t\t<\/div>\n\t<\/div>\n\t\n\t<div id=\"accordion-3270268352\" class=\"accordion-item\">\n\t\t<a id=\"accordion-3270268352-label\" class=\"accordion-title plain\" href=\"#accordion-item-ph\u00ed-ship-(ph\u00ed-v\u1eadn-chuy\u1ec3n)-khi-mua-online-t\u00ednh-th\u1ebf-n\u00e0o?\" aria-expanded=\"false\" aria-controls=\"accordion-3270268352-content\">\n\t\t\t<button class=\"toggle\" aria-label=\"Toggle\"><i class=\"icon-angle-down\" aria-hidden=\"true\"><\/i><\/button>\n\t\t\t<span>Ph\u00ed ship (ph\u00ed v\u1eadn chuy\u1ec3n) khi mua online t\u00ednh th\u1ebf n\u00e0o?<\/span>\n\t\t<\/a>\n\t\t<div id=\"accordion-3270268352-content\" class=\"accordion-inner\" aria-labelledby=\"accordion-3270268352-label\">\n\t\t\t\n\n<p>V\u1edbi c\u00e1c \u0111\u01a1n h\u00e0ng s\u1ed1 l\u01b0\u1ee3ng l\u1edbn, kh\u00e1ch h\u00e0ng s\u1ebd \u0111\u01b0\u1ee3c mi\u1ec5n ph\u00ed v\u1eadn chuy\u1ec3n.<\/p>\n<p>Cho c\u00e1c \u0111\u01a1n mua l\u1ebb, Hedon s\u1ebd h\u1ed7 tr\u1ee3 kh\u00e1ch h\u00e0ng m\u1ed9t ph\u1ea7n ph\u00ed v\u1eadn chuy\u1ec3n.<\/p>\n<p>\u0110\u1ec3 bi\u1ebft ch\u00ednh x\u00e1c ph\u00ed v\u1eadn chuy\u1ec3n cho t\u1eebng \u0111\u01a1n h\u00e0ng, kh\u00e1ch h\u00e0ng vui l\u00f2ng li\u00ean h\u1ec7 v\u1edbi Hedon.<\/p>\n\n\n\t\t<\/div>\n\t<\/div>\n\t\n\t<div id=\"accordion-3267544938\" class=\"accordion-item\">\n\t\t<a id=\"accordion-3267544938-label\" class=\"accordion-title plain\" href=\"#accordion-item-l\u00e0m-sao-\u0111\u1ec3-t\u00f4i-ch\u1ecdn-\u0111\u01b0\u1ee3c-chai-vang-ph\u00f9-h\u1ee3p-v\u1edbi-m\u00ecnh-nh\u1ea5t?\" aria-expanded=\"false\" aria-controls=\"accordion-3267544938-content\">\n\t\t\t<button class=\"toggle\" aria-label=\"Toggle\"><i class=\"icon-angle-down\" aria-hidden=\"true\"><\/i><\/button>\n\t\t\t<span>L\u00e0m sao \u0111\u1ec3 t\u00f4i ch\u1ecdn \u0111\u01b0\u1ee3c chai vang ph\u00f9 h\u1ee3p v\u1edbi m\u00ecnh nh\u1ea5t?<\/span>\n\t\t<\/a>\n\t\t<div id=\"accordion-3267544938-content\" class=\"accordion-inner\" aria-labelledby=\"accordion-3267544938-label\">\n\t\t\t\n\n<p>Kh\u00e1ch h\u00e0ng c\u00f3 th\u1ec3 li\u00ean h\u1ec7 v\u1edbi Hedon th\u00f4ng qua c\u00e1c k\u00eanh h\u1ed7 tr\u1ee3 c\u00f3 s\u1eb5n tr\u00ean website nh\u01b0 Fanpage, Zalo hay s\u1ed1 \u0111i\u1ec7n tho\u1ea1t \u0111\u1ec3 \u0111\u01b0\u1ee3c h\u01b0\u1edbng d\u1eabn ch\u1ecdn r\u01b0\u1ee3u vang. Ngo\u00e0i ra kh\u00e1ch h\u00e0ng \u1edf g\u1ea7n c\u00f3 th\u1ec3 qua tr\u1ef1c ti\u1ebfp showroom \u0111\u1ec3 \u0111\u01b0\u1ee3c t\u01b0 v\u1ea5n, quan s\u00e1t tr\u1ef1c quan v\u00e0 ch\u1ecdn r\u01b0\u1ee3u \u0111\u01b0\u1ee3c ch\u00ednh x\u00e1c h\u01a1n.<\/p>\n\n\n\t\t<\/div>\n\t<\/div>\n\t\n\t<div id=\"accordion-3619511184\" class=\"accordion-item\">\n\t\t<a id=\"accordion-3619511184-label\" class=\"accordion-title plain\" href=\"#accordion-item-l\u00e0m-sao-\u0111\u1ec3-t\u00f4i-ch\u1ecdn-\u0111\u01b0\u1ee3c-chai-vang-ph\u00f9-h\u1ee3p-v\u1edbi-m\u00ecnh-nh\u1ea5t?\" aria-expanded=\"false\" aria-controls=\"accordion-3619511184-content\">\n\t\t\t<button class=\"toggle\" aria-label=\"Toggle\"><i class=\"icon-angle-down\" aria-hidden=\"true\"><\/i><\/button>\n\t\t\t<span>L\u00e0m sao \u0111\u1ec3 t\u00f4i ch\u1ecdn \u0111\u01b0\u1ee3c chai vang ph\u00f9 h\u1ee3p v\u1edbi m\u00ecnh nh\u1ea5t?<\/span>\n\t\t<\/a>\n\t\t<div id=\"accordion-3619511184-content\" class=\"accordion-inner\" aria-labelledby=\"accordion-3619511184-label\">\n\t\t\t\n\n<p>Hedon th\u01b0\u1eddng xuy\u00ean t\u1ed5 ch\u1ee9c c\u00e1c bu\u1ed5i Wine Tasting \u2013 n\u01a1i kh\u00e1ch m\u1eddi c\u00f3 th\u1ec3 th\u1eed c\u00e1c lo\u1ea1i vang m\u1ed9t c\u00e1ch mi\u1ec5n ph\u00ed \u0111\u1ec3 t\u1ef1 c\u1ea3m nh\u1eadn. \u0110\u1ec3 bi\u1ebft th\u1eddi gian, \u0111\u1ecba \u0111i\u1ec3m c\u0169ng nh\u01b0 c\u00e1c th\u00f4ng tin kh\u00e1c c\u1ee7a c\u00e1c bu\u1ed5i Wine Tasting, vui l\u00f2ng li\u00ean h\u1ec7 Hedon \u0111\u1ec3 nh\u1eadn \u0111\u01b0\u1ee3c v\u00e9 m\u1eddi tham d\u1ef1.<\/p>\n\n\n\t\t<\/div>\n\t<\/div>\n\t\n\n<\/div>\n\t\t<\/div>\n\t\t\t\t\t<\/div>\n\n\t\n\n\t<div id=\"col-1604215559\" class=\"col medium-6 large-6\"  >\n\t\t\t\t<div class=\"col-inner\"  >\n\t\t\t\n\t\t\t\n<div class=\"container section-title-container\" ><h3 class=\"section-title section-title-normal\"><b aria-hidden=\"true\"><\/b><span class=\"section-title-main\" >Th\u00f4ng tin li\u00ean h\u1ec7<\/span><b aria-hidden=\"true\"><\/b><\/h3><\/div>\n<div class=\"social-icons follow-icons full-width text-center\" ><span>Contact Hedon<\/span><a href=\"https:\/\/www.facebook.com\/hedonwines\" target=\"_blank\" data-label=\"Facebook\" class=\"icon button circle is-outline tooltip facebook\" title=\"Follow on Facebook\" aria-label=\"Follow on Facebook\" rel=\"noopener nofollow\"><i class=\"icon-facebook\" aria-hidden=\"true\"><\/i><\/a><a href=\"https:\/\/www.instagram.com\/hedonwinehub\/\" target=\"_blank\" data-label=\"Instagram\" class=\"icon button circle is-outline tooltip instagram\" title=\"Follow on Instagram\" aria-label=\"Follow on Instagram\" rel=\"noopener nofollow\"><i class=\"icon-instagram\" aria-hidden=\"true\"><\/i><\/a><a href=\"https:\/\/www.tiktok.com\/@hedonwinehub\" target=\"_blank\" data-label=\"TikTok\" class=\"icon button circle is-outline tooltip tiktok\" title=\"Follow on TikTok\" aria-label=\"Follow on TikTok\" rel=\"noopener nofollow\"><i class=\"icon-tiktok\" aria-hidden=\"true\"><\/i><\/a><a href=\"mailto:hedonwinehub@gmail.com\" data-label=\"E-mail\" target=\"_blank\" class=\"icon button circle is-outline tooltip email\" title=\"Send us an email\" aria-label=\"Send us an email\" rel=\"nofollow noopener\"><i class=\"icon-envelop\" aria-hidden=\"true\"><\/i><\/a><a href=\"tel:0933463535\" data-label=\"Phone\" target=\"_blank\" class=\"icon button circle is-outline tooltip phone\" title=\"Call us\" aria-label=\"Call us\" rel=\"nofollow noopener\"><i class=\"icon-phone\" aria-hidden=\"true\"><\/i><\/a><a href=\"https:\/\/www.youtube.com\/@Hedonwinehub\" data-label=\"YouTube\" target=\"_blank\" class=\"icon button circle is-outline tooltip youtube\" title=\"Follow on YouTube\" aria-label=\"Follow on YouTube\" rel=\"noopener nofollow\"><i class=\"icon-youtube\" aria-hidden=\"true\"><\/i><\/a><\/div>\n\t<div id=\"gap-1343565554\" class=\"gap-element clearfix\" style=\"display:block; height:auto;\">\n\t\t\n<style>\n#gap-1343565554 {\n  padding-top: 30px;\n}\n<\/style>\n\t<\/div>\n\t\n<div class=\"container section-title-container\" ><h3 class=\"section-title section-title-normal\"><b aria-hidden=\"true\"><\/b><span class=\"section-title-main\" >Nh\u1eafn g\u1eedi Hedon<\/span><b aria-hidden=\"true\"><\/b><\/h3><\/div>\n\n<div class=\"wpcf7 no-js\" id=\"wpcf7-f13-o1\" lang=\"vi\" dir=\"ltr\" data-wpcf7-id=\"13\">\n<div class=\"screen-reader-response\"><p role=\"status\" aria-live=\"polite\" aria-atomic=\"true\"><\/p> <ul><\/ul><\/div>\n<form action=\"\/en\/wp-json\/wp\/v2\/pages\/13568#wpcf7-f13-o1\" method=\"post\" class=\"wpcf7-form init\" aria-label=\"Form li\u00ean h\u1ec7\" novalidate=\"novalidate\" data-status=\"init\">\n<fieldset class=\"hidden-fields-container\"><input type=\"hidden\" name=\"_wpcf7\" value=\"13\" \/><input type=\"hidden\" name=\"_wpcf7_version\" value=\"6.1.3\" \/><input type=\"hidden\" name=\"_wpcf7_locale\" value=\"vi\" \/><input type=\"hidden\" name=\"_wpcf7_unit_tag\" value=\"wpcf7-f13-o1\" \/><input type=\"hidden\" name=\"_wpcf7_container_post\" value=\"0\" \/><input type=\"hidden\" name=\"_wpcf7_posted_data_hash\" value=\"\" \/>\n<\/fieldset>\n<div class=\"form-flat\">\n\t<p><span class=\"wpcf7-form-control-wrap\" data-name=\"your-name\"><input size=\"40\" maxlength=\"400\" class=\"wpcf7-form-control wpcf7-text wpcf7-validates-as-required\" aria-required=\"true\" aria-invalid=\"false\" placeholder=\"H\u1ecd t\u00ean (*)\" value=\"\" type=\"text\" name=\"your-name\" \/><\/span>\n\t<\/p>\n\t<p><span class=\"wpcf7-form-control-wrap\" data-name=\"your-email\"><input size=\"40\" maxlength=\"400\" class=\"wpcf7-form-control wpcf7-email wpcf7-validates-as-required wpcf7-text wpcf7-validates-as-email\" aria-required=\"true\" aria-invalid=\"false\" placeholder=\"Email (*)\" value=\"\" type=\"email\" name=\"your-email\" \/><\/span>\n\t<\/p>\n\t<p><span class=\"wpcf7-form-control-wrap\" data-name=\"your-message\"><textarea cols=\"40\" rows=\"10\" maxlength=\"2000\" class=\"wpcf7-form-control wpcf7-textarea\" aria-invalid=\"false\" placeholder=\"L\u1eddi nh\u1eafn t\u1edbi Hedon (*)\" name=\"your-message\"><\/textarea><\/span>\n\t<\/p>\n\t<p><input class=\"wpcf7-form-control wpcf7-submit has-spinner button\" type=\"submit\" value=\"G\u1eedi\" \/>\n\t<\/p>\n<\/div><div class=\"wpcf7-response-output\" aria-hidden=\"true\"><\/div>\n<\/form>\n<\/div>\n\n\t\t<\/div>\n\t\t\t\t\t<\/div>\n\n\t\n<\/div>\n","protected":false},"excerpt":{"rendered":"","protected":false},"author":157,"featured_media":13535,"parent":0,"menu_order":0,"comment_status":"closed","ping_status":"closed","template":"page-blank.php","meta":{"footnotes":""},"class_list":["post-13568","page","type-page","status-publish","has-post-thumbnail","hentry"],"_links":{"self":[{"href":"https:\/\/hedon.com.vn\/en\/wp-json\/wp\/v2\/pages\/13568","targetHints":{"allow":["GET"]}}],"collection":[{"href":"https:\/\/hedon.com.vn\/en\/wp-json\/wp\/v2\/pages"}],"about":[{"href":"https:\/\/hedon.com.vn\/en\/wp-json\/wp\/v2\/types\/page"}],"author":[{"embeddable":true,"href":"https:\/\/hedon.com.vn\/en\/wp-json\/wp\/v2\/users\/157"}],"replies":[{"embeddable":true,"href":"https:\/\/hedon.com.vn\/en\/wp-json\/wp\/v2\/comments?post=13568"}],"version-history":[{"count":0,"href":"https:\/\/hedon.com.vn\/en\/wp-json\/wp\/v2\/pages\/13568\/revisions"}],"wp:featuredmedia":[{"embeddable":true,"href":"https:\/\/hedon.com.vn\/en\/wp-json\/wp\/v2\/media\/13535"}],"wp:attachment":[{"href":"https:\/\/hedon.com.vn\/en\/wp-json\/wp\/v2\/media?parent=13568"}],"curies":[{"name":"wp","href":"https:\/\/api.w.org\/{rel}","templated":true}]}}