{"id":13570,"date":"2013-08-11T19:06:15","date_gmt":"2013-08-11T12:06:15","guid":{"rendered":"https:\/\/hedon.com.vn\/about\/"},"modified":"2013-08-11T19:06:15","modified_gmt":"2013-08-11T12:06:15","slug":"about","status":"publish","type":"page","link":"https:\/\/hedon.com.vn\/en\/about\/","title":{"rendered":"V\u1ec1 r\u01b0\u1ee3u vang Hedon"},"content":{"rendered":"\n  <div class=\"banner has-hover\" id=\"banner-341856165\">\n          <div class=\"banner-inner fill\">\n        <div class=\"banner-bg fill\" >\n                                                \n                    <\/div>\n\t\t\n\t<div class=\"ux-shape-divider ux-shape-divider--bottom ux-shape-divider--style-curve-opacity\">\n\t\t<svg viewBox=\"0 0 1000 100\" xmlns=\"http:\/\/www.w3.org\/2000\/svg\" preserveAspectRatio=\"none\">\n\t\t<path class=\"ux-shape-fill\" opacity=\"0.15\" d=\"M0 14C0 14 88.64 17.48 300 50C560 90 814 77 1003 40L1015 68L1018 104H0V14Z\"\/>\n\t\t<path class=\"ux-shape-fill\" opacity=\"0.3\" d=\"M0 45C0 45 271 90.13 500 77C657 68 830 30 1015 14V100H0V45Z\"\/>\n\t\t<path class=\"ux-shape-fill\" d=\"M0 58C0 58 188.29 90 508 90C798 90 1002 55 1002 55V100H0V58Z\"\/>\n<\/svg>\n\t<\/div>\n        <div class=\"banner-layers container\">\n            <div class=\"fill banner-link\"><\/div>            \n   <div id=\"text-box-197526839\" class=\"text-box banner-layer x50 md-x50 lg-x50 y20 md-y20 lg-y20 res-text\">\n                                <div class=\"text-box-content text dark\">\n              \n              <div class=\"text-inner text-center\">\n                  \n\t<div id=\"text-4028125500\" class=\"text\">\n\t\t\n<h1 class=\"lead\">About Hedon<\/h1>\n\t\t\n<style>\n#text-4028125500 {\n  font-size: 0.75rem;\n}\n<\/style>\n\t<\/div>\n\t\n<div class=\"is-divider divider clearfix\" ><\/div>\n              <\/div>\n           <\/div>\n                            \n<style>\n#text-box-197526839 {\n  width: 60%;\n}\n#text-box-197526839 .text-box-content {\n  font-size: 100%;\n}\n<\/style>\n    <\/div>\n \n        <\/div>\n      <\/div>\n\n            \n<style>\n#banner-341856165 {\n  padding-top: 200px;\n}\n#banner-341856165 .ux-shape-divider--bottom svg {\n  height: 100px;\n  --divider-width: 100%;\n}\n<\/style>\n  <\/div>\n\n\n\n\t<section class=\"section\" id=\"section_1475933319\">\n\t\t<div class=\"section-bg fill\" >\n\t\t\t\t\t\t\t\t\t\n\t\t\t\n\n\t\t<\/div>\n\n\t\t\n\n\t\t<div class=\"section-content relative\">\n\t\t\t\n\t<div id=\"gap-260785782\" class=\"gap-element clearfix\" style=\"display:block; height:auto;\">\n\t\t\n<style>\n#gap-260785782 {\n  padding-top: 30px;\n}\n<\/style>\n\t<\/div>\n\t\n<div class=\"row row-small align-middle\"  id=\"row-220452376\">\n\n\t<div id=\"col-1939879956\" class=\"col medium-6 small-12 large-3\"  >\n\t\t\t\t<div class=\"col-inner\"  >\n\t\t\t\n\t\t\t\n\n  <div class=\"banner has-hover\" id=\"banner-1022404936\">\n          <div class=\"banner-inner fill\">\n        <div class=\"banner-bg fill\" >\n            <img loading=\"lazy\" decoding=\"async\" width=\"600\" height=\"800\" src=\"https:\/\/hedon.com.vn\/wp-content\/uploads\/2023\/07\/what_hedon_means.jpg\" class=\"bg attachment-original size-original\" alt=\"C\u1eeda h\u00e0ng r\u01b0\u1ee3u vang Hedon Wine Hub t\u1ea1i Tp HCM\" \/>                                    \n                    <\/div>\n\t\t\n        <div class=\"banner-layers container\">\n            <div class=\"fill banner-link\"><\/div>            \n        <\/div>\n      <\/div>\n\n            \n<style>\n#banner-1022404936 {\n  padding-top: 99.99%;\n  background-color: rgb(255, 255, 255);\n}\n#banner-1022404936 .banner-bg img {\n  object-position: 50% 50%;\n}\n@media (min-width:550px) {\n  #banner-1022404936 {\n    padding-top: 400px;\n  }\n}\n@media (min-width:850px) {\n  #banner-1022404936 {\n    padding-top: 300px;\n  }\n}\n<\/style>\n  <\/div>\n\n\n\t\t<\/div>\n\t\t\t\t\t<\/div>\n\n\t\n\n\t<div id=\"col-993790625\" class=\"col medium-6 small-12 large-3\"  >\n\t\t\t\t<div class=\"col-inner\"  >\n\t\t\t\n\t\t\t\n\n  <div class=\"banner has-hover\" id=\"banner-974632372\">\n          <div class=\"banner-inner fill\">\n        <div class=\"banner-bg fill\" >\n            <img loading=\"lazy\" decoding=\"async\" width=\"640\" height=\"800\" src=\"https:\/\/hedon.com.vn\/wp-content\/uploads\/2023\/07\/what-hedon-means.jpg\" class=\"bg attachment-original size-original\" alt=\"\" \/>                                    \n                    <\/div>\n\t\t\n        <div class=\"banner-layers container\">\n            <div class=\"fill banner-link\"><\/div>            \n        <\/div>\n      <\/div>\n\n            \n<style>\n#banner-974632372 {\n  padding-top: 99.99%;\n  background-color: rgb(255, 255, 255);\n}\n#banner-974632372 .banner-bg img {\n  object-position: 50% 78%;\n}\n@media (min-width:550px) {\n  #banner-974632372 {\n    padding-top: 400px;\n  }\n}\n@media (min-width:850px) {\n  #banner-974632372 {\n    padding-top: 420px;\n  }\n}\n<\/style>\n  <\/div>\n\n\n\t\t<\/div>\n\t\t\t\t\t<\/div>\n\n\t\n\n\t<div id=\"col-1095741542\" class=\"col medium-12 small-12 large-6\"  >\n\t\t\t\t<div class=\"col-inner\"  >\n\t\t\t\n\t\t\t\n\t<div id=\"gap-669658989\" class=\"gap-element clearfix\" style=\"display:block; height:auto;\">\n\t\t\n<style>\n#gap-669658989 {\n  padding-top: 15px;\n}\n@media (min-width:850px) {\n  #gap-669658989 {\n    padding-top: 30px;\n  }\n}\n<\/style>\n\t<\/div>\n\t\n\t<div id=\"text-1337500025\" class=\"text\">\n\t\t\n<h2>WHAT HEDON MEANS<\/h2>\n\t\t\n<style>\n#text-1337500025 {\n  font-size: 1.5rem;\n}\n<\/style>\n\t<\/div>\n\t\n<p>Hedon l\u00e0 c\u00e1i t\u00ean \u0111\u01b0\u1ee3c ch\u00fang t\u00f4i l\u1ea5y c\u1ea3m h\u1ee9ng t\u1eeb ch\u1ee7 ngh\u0129a kho\u00e1i l\u1ea1c \u201cHedonism\u201d &#8211; m\u1ed9t tri\u1ebft l\u00fd v\u1ec1 cu\u1ed9c s\u1ed1ng \u0111\u1eb7c bi\u1ec7t ch\u00fa tr\u1ecdng t\u1edbi ni\u1ec1m vui v\u00e0 s\u1ef1 h\u01b0\u1edfng th\u1ee5. Hedon tin r\u1eb1ng r\u01b0\u1ee3u vang l\u00e0 \u201cm\u00f3n qu\u00e0 \u0111\u1eb7c bi\u1ec7t\u201d gi\u00fap b\u1ea1n t\u1eadn h\u01b0\u1edfng cu\u1ed9c s\u1ed1ng m\u1ed9t c\u00e1ch tuy\u1ec7t v\u1eddi h\u01a1n.<\/p>\n\t\t<\/div>\n\t\t\t\t\n<style>\n#col-1095741542 > .col-inner {\n  padding: 0px 0px 0px 0;\n}\n@media (min-width:850px) {\n  #col-1095741542 > .col-inner {\n    padding: 0px 0px 0px 10%;\n  }\n}\n<\/style>\n\t<\/div>\n\n\t\n<\/div>\n\t\t<\/div>\n\n\t\t\n<style>\n#section_1475933319 {\n  padding-top: 30px;\n  padding-bottom: 30px;\n}\n<\/style>\n\t<\/section>\n\t\n\n\t<section class=\"section\" id=\"section_354349985\">\n\t\t<div class=\"section-bg fill\" >\n\t\t\t\t\t\t\t\t\t\n\t\t\t\n\n\t\t<\/div>\n\n\t\t\n\n\t\t<div class=\"section-content relative\">\n\t\t\t\n\t<div id=\"gap-809880192\" class=\"gap-element clearfix\" style=\"display:block; height:auto;\">\n\t\t\n<style>\n#gap-809880192 {\n  padding-top: 30px;\n}\n<\/style>\n\t<\/div>\n\t\n<div class=\"row\"  id=\"row-728666260\">\n\n\t<div id=\"col-199436841\" class=\"col medium-12 small-12 large-8\"  >\n\t\t\t\t<div class=\"col-inner\"  >\n\t\t\t\n\t\t\t\n\n  <div class=\"banner has-hover\" id=\"banner-1619725078\">\n          <div class=\"banner-inner fill\">\n        <div class=\"banner-bg fill\" >\n            <img loading=\"lazy\" decoding=\"async\" width=\"1067\" height=\"800\" src=\"https:\/\/hedon.com.vn\/wp-content\/uploads\/2023\/07\/WHAT-HEDON-INSPIRES.jpg\" class=\"bg attachment-original size-original\" alt=\"C\u1eeda h\u00e0ng r\u01b0\u1ee3u vang Hedon Wine Hub t\u1ea1i Tp HCM\" \/>                                    \n                    <\/div>\n\t\t\n        <div class=\"banner-layers container\">\n            <div class=\"fill banner-link\"><\/div>            \n        <\/div>\n      <\/div>\n\n            \n<style>\n#banner-1619725078 {\n  padding-top: 300px;\n  background-color: rgba(255, 255, 255, 0);\n}\n@media (min-width:550px) {\n  #banner-1619725078 {\n    padding-top: 450px;\n  }\n}\n<\/style>\n  <\/div>\n\n\n\t\t<\/div>\n\t\t\t\t\t<\/div>\n\n\t\n<\/div>\n<div class=\"row align-right\"  id=\"row-1112048606\">\n\n\t<div id=\"col-1741694819\" class=\"col medium-12 small-12 large-6\"  >\n\t\t\t\t<div class=\"col-inner\" style=\"background-color:rgb(255, 255, 255);\" >\n\t\t\t\n\t\t\t\n\t<div id=\"text-2224254939\" class=\"text\">\n\t\t\n<h2>WHAT HEDON INSPIRES<\/h2>\n\t\t\n<style>\n#text-2224254939 {\n  font-size: 1.25rem;\n}\n<\/style>\n\t<\/div>\n\t\n<p>\u0110\u1ed1i v\u1edbi nh\u1eefng kh\u00e1ch h\u00e0ng lu\u00f4n t\u00ecm ki\u1ebfm ni\u1ec1m vui trong cu\u1ed9c s\u1ed1ng, Hedon l\u00e0 c\u1eeda h\u00e0ng b\u00e1n l\u1ebb mang \u0111\u1ebfn nh\u1eefng tr\u1ea3i nghi\u1ec7m th\u00fa v\u1ecb b\u1eadc nh\u1ea5t v\u1ec1 r\u01b0\u1ee3u. T\u1ea1i Hedon, ch\u00fang t\u00f4i t\u1ef1 h\u00e0o v\u1ec1 s\u1ef1 phong ph\u00fa trong danh m\u1ee5c s\u1ea3n ph\u1ea9m, ch\u1ea5t l\u01b0\u1ee3ng r\u01b0\u1ee3u cao c\u1ea5p \u0111\u01b0\u1ee3c tuy\u1ec3n ch\u1ecdn k\u0129 c\u00e0ng b\u1edfi \u0111\u1ed9i ng\u0169 Sommelier chuy\u00ean nghi\u1ec7p, mang t\u1edbi cho kh\u00e1ch h\u00e0ng ni\u1ec1m say m\u00ea v\u00e0 s\u1ef1 th\u1ecfa m\u00e3n khi th\u01b0\u1edfng th\u1ee9c.<\/p>\n\t\t<\/div>\n\t\t\t\t\n<style>\n#col-1741694819 > .col-inner {\n  padding: 7% 8% 5% 8%;\n  margin: -50px 0 0px 0px;\n}\n@media (min-width:550px) {\n  #col-1741694819 > .col-inner {\n    padding: 6% 8% 5% 8%;\n  }\n}\n@media (min-width:850px) {\n  #col-1741694819 > .col-inner {\n    padding: 8% 8% 5% 8%;\n    margin: -290px 0px 0px 0px;\n  }\n}\n<\/style>\n\t<\/div>\n\n\t\n<\/div>\n\t\t<\/div>\n\n\t\t\n<style>\n#section_354349985 {\n  padding-top: 30px;\n  padding-bottom: 30px;\n  background-color: rgb(111, 29, 70);\n}\n@media (min-width:550px) {\n  #section_354349985 {\n    padding-top: 68px;\n    padding-bottom: 68px;\n  }\n}\n<\/style>\n\t<\/section>\n\t\n\n\t<section class=\"section\" id=\"section_2063445318\">\n\t\t<div class=\"section-bg fill\" >\n\t\t\t\t\t\t\t\t\t\n\t\t\t\n\n\t\t<\/div>\n\n\t\t\n\n\t\t<div class=\"section-content relative\">\n\t\t\t\n\t<div id=\"gap-1313826802\" class=\"gap-element clearfix\" style=\"display:block; height:auto;\">\n\t\t\n<style>\n#gap-1313826802 {\n  padding-top: 30px;\n}\n<\/style>\n\t<\/div>\n\t\n<div class=\"row align-middle align-center\"  id=\"row-1982589501\">\n\n\t<div id=\"col-1391620532\" class=\"col medium-12 small-12 large-4\"  >\n\t\t\t\t<div class=\"col-inner\"  >\n\t\t\t\n\t\t\t\n\t<div id=\"text-2524167266\" class=\"text\">\n\t\t\n<h2>HEDON&#8217;S MISSION<\/h2>\n\t\t\n<style>\n#text-2524167266 {\n  font-size: 1.3rem;\n}\n<\/style>\n\t<\/div>\n\t\n<p>Ch\u00fang t\u00f4i mang t\u1edbi m\u1ed9t kh\u00f4ng gian l\u00fd t\u01b0\u1edfng cho nh\u1eefng ng\u01b0\u1eddi \u0111am m\u00ea r\u01b0\u1ee3u vang, n\u01a1i m\u1ecdi ng\u01b0\u1eddi c\u00f3 th\u1ec3 c\u00f9ng nhau chia s\u1ebb ki\u1ebfn th\u1ee9c, ni\u1ec1m vui v\u00e0 t\u00ecm th\u1ea5y chai r\u01b0\u1ee3u vang y\u00eau th\u00edch v\u1edbi m\u1ee9c gi\u00e1 ph\u00f9 h\u1ee3p nh\u1ea5t. <\/p>\n\t\t<\/div>\n\t\t\t\t\n<style>\n#col-1391620532 > .col-inner {\n  padding: 0px 0 0px 0px;\n}\n@media (min-width:550px) {\n  #col-1391620532 > .col-inner {\n    padding: 0px 10% 0px 0px;\n  }\n}\n@media (min-width:850px) {\n  #col-1391620532 > .col-inner {\n    padding: 0px 0px 0px 15%;\n  }\n}\n<\/style>\n\t<\/div>\n\n\t\n\n\t<div id=\"col-132933939\" class=\"col medium-12 small-12 large-8\"  >\n\t\t\t\t<div class=\"col-inner\"  >\n\t\t\t\n\t\t\t\n<div class=\"row\"  id=\"row-1393556415\">\n\n\t<div id=\"col-1961534064\" class=\"col medium-6 small-12 large-7\"  >\n\t\t\t\t<div class=\"col-inner\"  >\n\t\t\t\n\t\t\t\n\n  <div class=\"banner has-hover\" id=\"banner-1031791039\">\n          <div class=\"banner-inner fill\">\n        <div class=\"banner-bg fill\" >\n            <img loading=\"lazy\" decoding=\"async\" width=\"600\" height=\"800\" src=\"https:\/\/hedon.com.vn\/wp-content\/uploads\/2023\/07\/mission-1.jpg\" class=\"bg attachment-large size-large\" alt=\"C\u1eeda h\u00e0ng r\u01b0\u1ee3u vang Hedon Wine Hub t\u1ea1i Tp HCM\" \/>                                    \n                    <\/div>\n\t\t\n        <div class=\"banner-layers container\">\n            <div class=\"fill banner-link\"><\/div>            \n        <\/div>\n      <\/div>\n\n            \n<style>\n#banner-1031791039 {\n  padding-top: 99.99%;\n  background-color: rgba(0, 0, 0, 0);\n}\n#banner-1031791039 .banner-bg img {\n  object-position: 13% 86%;\n}\n@media (min-width:550px) {\n  #banner-1031791039 {\n    padding-top: 150%;\n  }\n}\n@media (min-width:850px) {\n  #banner-1031791039 {\n    padding-top: 117%;\n  }\n}\n<\/style>\n  <\/div>\n\n\n\t\t<\/div>\n\t\t\t\t\t<\/div>\n\n\t\n\n\t<div id=\"col-1265717601\" class=\"col medium-6 small-12 large-5\"  >\n\t\t\t\t<div class=\"col-inner\"  >\n\t\t\t\n\t\t\t\n\n  <div class=\"banner has-hover\" id=\"banner-427016922\">\n          <div class=\"banner-inner fill\">\n        <div class=\"banner-bg fill\" >\n            <img loading=\"lazy\" decoding=\"async\" width=\"800\" height=\"600\" src=\"https:\/\/hedon.com.vn\/wp-content\/uploads\/2023\/07\/mission-3.jpg\" class=\"bg attachment-large size-large\" alt=\"C\u1eeda h\u00e0ng r\u01b0\u1ee3u vang Hedon Wine Hub t\u1ea1i Tp HCM\" \/>                                    \n                    <\/div>\n\t\t\n        <div class=\"banner-layers container\">\n            <div class=\"fill banner-link\"><\/div>            \n        <\/div>\n      <\/div>\n\n            \n<style>\n#banner-427016922 {\n  padding-top: 60%;\n  background-color: rgba(0, 0, 0, 0);\n}\n#banner-427016922 .banner-bg img {\n  object-position: 0% 57%;\n}\n@media (min-width:550px) {\n  #banner-427016922 {\n    padding-top: 76%;\n  }\n}\n@media (min-width:850px) {\n  #banner-427016922 {\n    padding-top: 87%;\n  }\n}\n<\/style>\n  <\/div>\n\n\n\t\t<\/div>\n\t\t\t\t\t<\/div>\n\n\t\n<\/div>\n<div class=\"row align-right\"  id=\"row-1551536528\">\n\n\t<div id=\"col-1278252267\" class=\"col medium-7 small-12 large-7\"  >\n\t\t\t\t<div class=\"col-inner\"  >\n\t\t\t\n\t\t\t\n\n  <div class=\"banner has-hover\" id=\"banner-1128142105\">\n          <div class=\"banner-inner fill\">\n        <div class=\"banner-bg fill\" >\n            <img loading=\"lazy\" decoding=\"async\" width=\"800\" height=\"600\" src=\"https:\/\/hedon.com.vn\/wp-content\/uploads\/2023\/07\/mission-2.jpg\" class=\"bg attachment-large size-large\" alt=\"C\u1eeda h\u00e0ng r\u01b0\u1ee3u vang Hedon Wine Hub t\u1ea1i Tp HCM\" \/>                                    \n                    <\/div>\n\t\t\n        <div class=\"banner-layers container\">\n            <div class=\"fill banner-link\"><\/div>            \n        <\/div>\n      <\/div>\n\n            \n<style>\n#banner-1128142105 {\n  padding-top: 60%;\n  background-color: rgba(0, 0, 0, 0);\n}\n#banner-1128142105 .banner-bg img {\n  object-position: 12% 9%;\n}\n@media (min-width:550px) {\n  #banner-1128142105 {\n    padding-top: 75%;\n  }\n}\n<\/style>\n  <\/div>\n\n\n\t\t<\/div>\n\t\t\t\t\n<style>\n#col-1278252267 > .col-inner {\n  margin: 0 0px 0px 0px;\n}\n@media (min-width:550px) {\n  #col-1278252267 > .col-inner {\n    margin: -290px 0px 0px 0px;\n  }\n}\n@media (min-width:850px) {\n  #col-1278252267 > .col-inner {\n    margin: -165px 0px 0px 0px;\n  }\n}\n<\/style>\n\t<\/div>\n\n\t\n<\/div>\n\t\t<\/div>\n\t\t\t\t\t<\/div>\n\n\t\n<\/div>\n\t\t<\/div>\n\n\t\t\n<style>\n#section_2063445318 {\n  padding-top: 30px;\n  padding-bottom: 30px;\n}\n<\/style>\n\t<\/section>\n\t\n\n\t<section class=\"section dark\" id=\"section_1169308129\">\n\t\t<div class=\"section-bg fill\" >\n\t\t\t\t\t\t\t\t\t<div class=\"section-bg-overlay absolute fill\"><\/div>\n\t\t\t\n\n\t\t<\/div>\n\n\t\t\n\n\t\t<div class=\"section-content relative\">\n\t\t\t\n\t<div id=\"gap-785389056\" class=\"gap-element clearfix\" style=\"display:block; height:auto;\">\n\t\t\n<style>\n#gap-785389056 {\n  padding-top: 50px;\n}\n<\/style>\n\t<\/div>\n\t\n<div class=\"row align-center\"  id=\"row-1993295677\">\n\n\t<div id=\"col-227720380\" class=\"col medium-9 small-12 large-8\"  >\n\t\t\t\t<div class=\"col-inner text-center\"  >\n\t\t\t\n\t\t\t\n<h4>Ch\u00e0o m\u00f9ng \u0111\u1ebfn v\u1edbi Hedon<\/h4>\n\t<div id=\"text-2475323703\" class=\"text\">\n\t\t\n<h2>C\u00d9NG R\u01af\u1ee2U VANG T\u1eacN H\u01af\u1edeNG CU\u1ed8C S\u1ed0NG<\/h2>\n\t\t\n<style>\n#text-2475323703 {\n  font-size: 2rem;\n}\n<\/style>\n\t<\/div>\n\t\n<a href=\"https:\/\/hedon.com.vn\/promotion\/\" class=\"button white is-outline\" >\n\t\t<span>Kh\u00e1m ph\u00e1 ngay<\/span>\n\t<\/a>\n\n\t\t<\/div>\n\t\t\t\t\t<\/div>\n\n\t\n<\/div>\n\t\t<\/div>\n\n\t\t\n<style>\n#section_1169308129 {\n  padding-top: 30px;\n  padding-bottom: 30px;\n  min-height: 400px;\n}\n#section_1169308129 .section-bg-overlay {\n  background-color: rgba(111, 29, 70, 0.61);\n}\n#section_1169308129 .section-bg img {\n  object-position: 50% 50%;\n}\n@media (min-width:550px) {\n  #section_1169308129 {\n    min-height: 500px;\n  }\n}\n<\/style>\n\t<\/section>\n\t\n","protected":false},"excerpt":{"rendered":"","protected":false},"author":157,"featured_media":13535,"parent":0,"menu_order":0,"comment_status":"closed","ping_status":"closed","template":"page-blank.php","meta":{"footnotes":""},"class_list":["post-13570","page","type-page","status-publish","has-post-thumbnail","hentry"],"_links":{"self":[{"href":"https:\/\/hedon.com.vn\/en\/wp-json\/wp\/v2\/pages\/13570","targetHints":{"allow":["GET"]}}],"collection":[{"href":"https:\/\/hedon.com.vn\/en\/wp-json\/wp\/v2\/pages"}],"about":[{"href":"https:\/\/hedon.com.vn\/en\/wp-json\/wp\/v2\/types\/page"}],"author":[{"embeddable":true,"href":"https:\/\/hedon.com.vn\/en\/wp-json\/wp\/v2\/users\/157"}],"replies":[{"embeddable":true,"href":"https:\/\/hedon.com.vn\/en\/wp-json\/wp\/v2\/comments?post=13570"}],"version-history":[{"count":0,"href":"https:\/\/hedon.com.vn\/en\/wp-json\/wp\/v2\/pages\/13570\/revisions"}],"wp:featuredmedia":[{"embeddable":true,"href":"https:\/\/hedon.com.vn\/en\/wp-json\/wp\/v2\/media\/13535"}],"wp:attachment":[{"href":"https:\/\/hedon.com.vn\/en\/wp-json\/wp\/v2\/media?parent=13570"}],"curies":[{"name":"wp","href":"https:\/\/api.w.org\/{rel}","templated":true}]}}