{"id":12229,"date":"2026-02-26T15:37:49","date_gmt":"2026-02-26T08:37:49","guid":{"rendered":"https:\/\/hedon.com.vn\/san-pham\/ruou-vang-new-zealand-admirality-bay-sauvignon-blanc\/"},"modified":"2026-02-26T15:37:49","modified_gmt":"2026-02-26T08:37:49","slug":"ruou-vang-new-zealand-admirality-bay-sauvignon-blanc","status":"publish","type":"product","link":"https:\/\/hedon.com.vn\/en\/san-pham\/ruou-vang-new-zealand-admirality-bay-sauvignon-blanc\/","title":{"rendered":"R\u01b0\u1ee3u vang New Zealand Admirality Bay Sauvignon Blanc"},"content":{"rendered":"<p><strong>R\u01b0\u1ee3u vang Admiralty Bay Sauvignon Blanc<\/strong> l\u00e0 m\u1ed9t \u0111\u1ea1i di\u1ec7n xu\u1ea5t s\u1eafc mang \u0111\u1eadm h\u01a1i th\u1edf t\u01b0\u01a1i m\u00e1t c\u1ee7a v\u00f9ng Marlborough, New Zealand, v\u00f9ng \u0111\u1ea5t \u0111\u01b0\u1ee3c m\u1ec7nh danh l\u00e0 th\u1ee7 ph\u1ee7 c\u1ee7a gi\u1ed1ng nho Sauvignon Blanc tr\u00ean to\u00e0n th\u1ebf gi\u1edbi. R\u01b0\u1ee3u \u0111\u01b0\u1ee3c l\u00ean men trong h\u1ec7 th\u1ed1ng b\u1ed3n th\u00e9p kh\u00f4ng g\u1ec9 \u0111\u01b0\u1ee3c ki\u1ec3m so\u00e1t nhi\u1ec7t \u0111\u1ed9 nghi\u00eam ng\u1eb7t nh\u1eb1m gi\u1eef l\u1ea1i tr\u1ecdn v\u1eb9n s\u1ef1 tinh khi\u1ebft, gi\u00f2n gi\u00e3 c\u1ee7a tr\u00e1i c\u00e2y t\u1ef1 nhi\u00ean. \u0110i\u1ec3m n\u1ed5i b\u1eadt c\u1ee7a chai vang n\u00e0y l\u00e0 s\u1ef1 b\u00f9ng n\u1ed5 c\u1ee7a c\u00e1c n\u1ed1t h\u01b0\u01a1ng nhi\u1ec7t \u0111\u1edbi, c\u1ea5u tr\u00fac chua thanh s\u1ea3ng kho\u00e1i v\u00e0 m\u1ee9c gi\u00e1 v\u00f4 c\u00f9ng th\u00e2n thi\u1ec7n, l\u00e0 m\u1ed9t l\u1ef1a ch\u1ecdn c\u1ef1c k\u1ef3 &#8220;\u0103n kh\u00e1ch&#8221; cho c\u00e1c danh m\u1ee5c t\u01b0 v\u1ea5n ho\u1eb7c ph\u00e2n ph\u1ed1i vang tr\u1eafng hi\u1ec7n nay.<\/p>\n<h2>1. Gi\u1edbi thi\u1ec7u v\u1ec1 nh\u00e0 s\u1ea3n xu\u1ea5t<\/h2>\n<p>Admiralty Bay l\u00e0 m\u1ed9t th\u01b0\u01a1ng hi\u1ec7u r\u01b0\u1ee3u vang l\u1ea5y c\u1ea3m h\u1ee9ng t\u1eeb v\u1ebb \u0111\u1eb9p hoang s\u01a1 v\u00e0 h\u00f9ng v\u0129 c\u1ee7a v\u1ecbnh bi\u1ec3n c\u00f9ng t\u00ean thu\u1ed9c khu v\u1ef1c Marlborough Sounds, New Zealand. Nh\u00e0 l\u00e0m vang n\u00e0y t\u1eadn d\u1ee5ng t\u1ed1i \u0111a l\u1ee3i th\u1ebf kh\u00ed h\u1eadu \u0111\u1ea1i d\u01b0\u01a1ng m\u00e1t m\u1ebb v\u00e0 bi\u00ean \u0111\u1ed9 nhi\u1ec7t ng\u00e0y \u0111\u00eam l\u1edbn \u0111\u1ec3 t\u1ea1o ra nh\u1eefng d\u00f2ng vang tr\u1eafng c\u00f3 \u0111\u1ed9 axit s\u1ed1ng \u0111\u1ed9ng v\u00e0 h\u01b0\u01a1ng th\u01a1m b\u00f9ng n\u1ed5. V\u1edbi ch\u1ea5t l\u01b0\u1ee3ng \u1ed5n \u0111\u1ecbnh qua t\u1eebng ni\u00ean v\u1ee5, Admiralty Bay \u0111ang ng\u00e0y c\u00e0ng c\u1ee7ng c\u1ed1 v\u1ecb th\u1ebf v\u1eefng ch\u1eafc trong ph\u00e2n kh\u00fac vang T\u00e2n Th\u1ebf gi\u1edbi, mang \u0111\u1ebfn nh\u1eefng tr\u1ea3i nghi\u1ec7m th\u01b0\u1edfng th\u1ee9c t\u01b0\u01a1i tr\u1ebb v\u00e0 \u0111\u1ea7y s\u1ea3ng kho\u00e1i.<\/p>\n<h2>2. Th\u00f4ng tin v\u1ec1 r\u01b0\u1ee3u vang<\/h2>\n<ul>\n<li>Nh\u00e0 s\u1ea3n xu\u1ea5t: Admiralty Bay<\/li>\n<li>V\u00f9ng s\u1ea3n xu\u1ea5t: Marlborough, New Zealand<\/li>\n<li>Gi\u1ed1ng nho: 100% Sauvignon Blanc<\/li>\n<li>N\u1ed3ng \u0111\u1ed9 c\u1ed3n: 12.5% &#8211; 13% (t\u00f9y ni\u00ean v\u1ee5)<\/li>\n<li>Th\u1ec3 t\u00edch: 750ml<\/li>\n<\/ul>\n<h2>3. H\u01b0\u01a1ng v\u1ecb c\u1ee7a r\u01b0\u1ee3u vang<\/h2>\n<p>M\u00e0u s\u1eafc: R\u01b0\u1ee3u s\u1edf h\u1eefu m\u00e0u v\u00e0ng r\u01a1m nh\u1ea1t, trong v\u1eaft v\u1edbi nh\u1eefng tia s\u00e1ng \u00e1nh l\u1ee5c (greenish hues) l\u1ea5p l\u00e1nh v\u00e0 tr\u1ebb trung.<\/p>\n<p>H\u01b0\u01a1ng: B\u1ed9c l\u1ed9 h\u01b0\u01a1ng th\u01a1m m\u00e3nh li\u1ec7t, s\u1eafc n\u00e9t v\u00e0 b\u00f9ng n\u1ed5 ngay khi v\u1eeba r\u00f3t ra ly. B\u1ea1n s\u1ebd d\u1ec5 d\u00e0ng nh\u1eadn ra s\u1ef1 th\u1ed1ng tr\u1ecb c\u1ee7a c\u00e1c lo\u1ea1i tr\u00e1i c\u00e2y nhi\u1ec7t \u0111\u1edbi nh\u01b0 chanh d\u00e2y, b\u01b0\u1edfi t\u00e2y (grapefruit), \u1ed5i \u0111\u00e0o, xen l\u1eabn v\u1edbi l\u1edbp h\u01b0\u01a1ng th\u1ef1c v\u1eadt \u0111\u1eb7c tr\u01b0ng c\u1ee7a Marlborough nh\u01b0 c\u1ecf t\u01b0\u01a1i m\u1edbi c\u1eaft, \u1edbt chu\u00f4ng xanh v\u00e0 m\u1ed9t ch\u00fat kho\u00e1ng ch\u1ea5t thanh l\u1ecbch.<\/p>\n<p>V\u1ecb: Tr\u00ean v\u00f2m mi\u1ec7ng, r\u01b0\u1ee3u mang l\u1ea1i c\u1ea3m gi\u00e1c c\u1ef1c k\u1ef3 gi\u00f2n gi\u00e3 (crisp) v\u00e0 s\u1ea3ng kho\u00e1i nh\u1edd \u0111\u1ed9 chua (acidity) cao, s\u1eafc b\u00e9n. V\u1ecb tr\u00e1i c\u00e2y h\u1ecd cam chanh c\u0103ng m\u1ecdng tr\u00e0n ng\u1eadp khoang mi\u1ec7ng, t\u1ea1o n\u00ean m\u1ed9t c\u1ea5u tr\u00fac nh\u1eb9 nh\u00e0ng (light-bodied) nh\u01b0ng v\u00f4 c\u00f9ng s\u1ed1ng \u0111\u1ed9ng. H\u1eadu v\u1ecb l\u01b0u l\u1ea1i thanh s\u1ea1ch, \u00eam \u00e1i v\u00e0 k\u00e9o d\u00e0i v\u1edbi d\u01b0 v\u1ecb c\u1ee7a chanh d\u00e2y c\u00f9ng kho\u00e1ng ch\u1ea5t.<\/p>\n<h2>4. K\u1ebft h\u1ee3p m\u00f3n \u0103n<\/h2>\n<p>M\u00f3n \u0103n ph\u00f9 h\u1ee3p v\u1edbi chai r\u01b0\u1ee3u n\u00e0y: S\u1ef1 s\u1eafc b\u00e9n c\u1ee7a Sauvignon Blanc sinh ra \u0111\u1ec3 \u0111\u00e1nh th\u1ee9c v\u1ecb gi\u00e1c v\u00e0 c\u00e2n b\u1eb1ng \u0111\u1ed9 ng\u1eady c\u1ee7a h\u1ea3i s\u1ea3n. C\u1ef1c k\u1ef3 ho\u00e0n h\u1ea3o khi d\u00f9ng k\u00e8m h\u00e0u s\u1ed1ng v\u1eaft chanh, sashimi, m\u1ef1c h\u1ea5p h\u00e0nh g\u1eebng, t\u00f4m n\u01b0\u1edbng mu\u1ed1i \u1edbt, salad ph\u00f4 mai d\u00ea ho\u1eb7c c\u00e1c m\u00f3n khai v\u1ecb thanh \u0111\u1ea1m.<\/p>\n<p>Nhi\u1ec7t \u0111\u1ed9 ph\u1ee5c v\u1ee5: Ngon nh\u1ea5t khi \u0111\u01b0\u1ee3c \u01b0\u1edbp l\u1ea1nh s\u00e2u \u1edf m\u1ee9c nhi\u1ec7t \u0111\u1ed9 8 &#8211; 10\u00b0C.<\/p>\n<p>Ch\u00fa \u00fd khi ph\u1ee5c v\u1ee5: H\u00e3y ng\u00e2m chai vang trong x\u00f4 \u0111\u00e1 kho\u1ea3ng 30 &#8211; 45 ph\u00fat tr\u01b0\u1edbc khi u\u1ed1ng. R\u00f3t tr\u1ef1c ti\u1ebfp ra ly \u0111\u1ec3 th\u01b0\u1edfng th\u1ee9c ngay s\u1ef1 gi\u00f2n gi\u00e3 c\u1ee7a tr\u00e1i c\u00e2y v\u00e0 \u0111\u1ed9 s\u1ea3ng kho\u00e1i m\u00e0 kh\u00f4ng c\u1ea7n s\u1eed d\u1ee5ng b\u00ecnh th\u1edf (decanter).<\/p>\n","protected":false},"excerpt":{"rendered":"<p>R\u01b0\u1ee3u vang Admiralty Bay Sauvignon Blanc l\u00e0 m\u1ed9t \u0111\u1ea1i di\u1ec7n xu\u1ea5t s\u1eafc mang \u0111\u1eadm h\u01a1i th\u1edf t\u01b0\u01a1i m\u00e1t c\u1ee7a v\u00f9ng Marlborough, New Zealand, v\u00f9ng \u0111\u1ea5t \u0111\u01b0\u1ee3c m\u1ec7nh danh l\u00e0 th\u1ee7&#8230;<\/p>\n","protected":false},"featured_media":12230,"comment_status":"open","ping_status":"closed","template":"","meta":[],"product_brand":[],"product_cat":[1170],"product_tag":[1171,1172,1173,1174,1175],"class_list":{"0":"post-12229","1":"product","2":"type-product","3":"status-publish","4":"has-post-thumbnail","6":"product_cat-admiralty-bay","7":"product_tag-750ml","8":"product_tag-marlborough","9":"product_tag-ruou-vang-new-zealand","10":"product_tag-ruou-vang-trang","11":"product_tag-sauvignon-blanc","12":"pa_dung-tich-750ml","13":"pa_giong-nho-sauvignon-blanc","14":"pa_loai-vang-white-wine","15":"pa_nha-san-xuat-admiralty-bay","16":"pa_quoc-gia-new-zealand","17":"pa_vung-nho-marlborough","19":"first","20":"instock","21":"sale","22":"taxable","23":"shipping-taxable","24":"purchasable","25":"product-type-simple"},"_links":{"self":[{"href":"https:\/\/hedon.com.vn\/en\/wp-json\/wp\/v2\/product\/12229","targetHints":{"allow":["GET"]}}],"collection":[{"href":"https:\/\/hedon.com.vn\/en\/wp-json\/wp\/v2\/product"}],"about":[{"href":"https:\/\/hedon.com.vn\/en\/wp-json\/wp\/v2\/types\/product"}],"replies":[{"embeddable":true,"href":"https:\/\/hedon.com.vn\/en\/wp-json\/wp\/v2\/comments?post=12229"}],"wp:featuredmedia":[{"embeddable":true,"href":"https:\/\/hedon.com.vn\/en\/wp-json\/wp\/v2\/media\/12230"}],"wp:attachment":[{"href":"https:\/\/hedon.com.vn\/en\/wp-json\/wp\/v2\/media?parent=12229"}],"wp:term":[{"taxonomy":"product_brand","embeddable":true,"href":"https:\/\/hedon.com.vn\/en\/wp-json\/wp\/v2\/product_brand?post=12229"},{"taxonomy":"product_cat","embeddable":true,"href":"https:\/\/hedon.com.vn\/en\/wp-json\/wp\/v2\/product_cat?post=12229"},{"taxonomy":"product_tag","embeddable":true,"href":"https:\/\/hedon.com.vn\/en\/wp-json\/wp\/v2\/product_tag?post=12229"}],"curies":[{"name":"wp","href":"https:\/\/api.w.org\/{rel}","templated":true}]}}