{"id":12231,"date":"2026-02-26T15:37:48","date_gmt":"2026-02-26T08:37:48","guid":{"rendered":"https:\/\/hedon.com.vn\/san-pham\/ruou-vang-y-pirovano-collezione-costantino-pinot-grigio-delle-venezie-white\/"},"modified":"2026-02-26T15:37:48","modified_gmt":"2026-02-26T08:37:48","slug":"ruou-vang-y-pirovano-collezione-costantino-pinot-grigio-delle-venezie-white","status":"publish","type":"product","link":"https:\/\/hedon.com.vn\/en\/san-pham\/ruou-vang-y-pirovano-collezione-costantino-pinot-grigio-delle-venezie-white\/","title":{"rendered":"R\u01b0\u1ee3u vang \u00dd Pirovano Collezione Costantino Pinot Grigio Delle Venezie"},"content":{"rendered":"<p><strong>R\u01b0\u1ee3u vang \u00dd Pirovano Collezione Costantino Pinot Grigio Delle Venezie<\/strong> l\u00e0 m\u1ed9t \u0111\u1ea1i di\u1ec7n xu\u1ea5t s\u1eafc cho phong c\u00e1ch vang tr\u1eafng t\u01b0\u01a1i m\u00e1t, thanh l\u1ecbch \u0111\u1ebfn t\u1eeb mi\u1ec1n B\u1eafc n\u01b0\u1edbc \u00dd. R\u01b0\u1ee3u \u0111\u01b0\u1ee3c l\u00ean men ho\u00e0n to\u00e0n t\u1eeb gi\u1ed1ng nho Pinot Grigio danh ti\u1ebfng, tr\u1ea3i qua qu\u00e1 tr\u00ecnh s\u1ea3n xu\u1ea5t c\u1ea9n tr\u1ecdng trong b\u1ed3n th\u00e9p kh\u00f4ng g\u1ec9 \u0111\u01b0\u1ee3c ki\u1ec3m so\u00e1t nhi\u1ec7t \u0111\u1ed9 nghi\u00eam ng\u1eb7t \u0111\u1ec3 l\u01b0u gi\u1eef tr\u1ecdn v\u1eb9n s\u1ef1 tinh khi\u1ebft c\u1ee7a tr\u00e1i c\u00e2y. \u0110i\u1ec3m n\u1ed5i b\u1eadt c\u1ee7a chai vang n\u00e0y l\u00e0 s\u1ef1 gi\u00f2n gi\u00e3, c\u1ea5u tr\u00fac nh\u1eb9 nh\u00e0ng c\u00f9ng h\u01b0\u01a1ng th\u01a1m s\u1ea3ng kho\u00e1i c\u1ee7a cam chanh v\u00e0 hoa tr\u1eafng, mang \u0111\u1ebfn m\u1ed9t th\u1ee9c u\u1ed1ng gi\u1ea3i nhi\u1ec7t ho\u00e0n h\u1ea3o cho nh\u1eefng ng\u00e0y oi b\u1ee9c.<\/p>\n<h2>1. Gi\u1edbi thi\u1ec7u v\u1ec1 nh\u00e0 s\u1ea3n xu\u1ea5t<\/h2>\n<p><strong>Cantine Pirovano<\/strong> l\u00e0 m\u1ed9t trong nh\u1eefng nh\u00e0 s\u1ea3n xu\u1ea5t r\u01b0\u1ee3u vang gia \u0111\u00ecnh c\u00f3 l\u1ecbch s\u1eed l\u00e2u \u0111\u1eddi v\u00e0 quy m\u00f4 l\u1edbn t\u1ea1i \u00dd, \u0111\u01b0\u1ee3c th\u00e0nh l\u1eadp t\u1eeb n\u0103m 1910. Tr\u1ea3i qua h\u01a1n m\u1ed9t th\u1ebf k\u1ef7 ph\u00e1t tri\u1ec3n, nh\u00e0 l\u00e0m vang n\u00e0y n\u1ed5i b\u1eadt v\u1edbi tri\u1ebft l\u00fd k\u1ebft n\u1ed1i di s\u1ea3n truy\u1ec1n th\u1ed1ng v\u00f9ng mi\u1ec1n c\u00f9ng c\u00f4ng ngh\u1ec7 s\u1ea3n xu\u1ea5t hi\u1ec7n \u0111\u1ea1i, cung c\u1ea5p danh m\u1ee5c s\u1ea3n ph\u1ea9m v\u00f4 c\u00f9ng \u0111a d\u1ea1ng t\u1eeb B\u1eafc ch\u00ed Nam. V\u1ecb th\u1ebf c\u1ee7a Pirovano lu\u00f4n \u0111\u01b0\u1ee3c kh\u1eb3ng \u0111\u1ecbnh th\u00f4ng qua vi\u1ec7c li\u00ean t\u1ee5c mang \u0111\u1ebfn th\u1ecb tr\u01b0\u1eddng nh\u1eefng d\u00f2ng vang ph\u1ea3n \u00e1nh ch\u00e2n th\u1ef1c b\u1ea3n s\u1eafc th\u1ed5 nh\u01b0\u1ee1ng t\u1eebng v\u00f9ng v\u1edbi m\u1ee9c gi\u00e1 c\u1ef1c k\u1ef3 c\u1ea1nh tranh.<\/p>\n<h2>2. Th\u00f4ng tin v\u1ec1 r\u01b0\u1ee3u vang<\/h2>\n<ul>\n<li>Nh\u00e0 s\u1ea3n xu\u1ea5t: Cantine Pirovano<\/li>\n<li>V\u00f9ng s\u1ea3n xu\u1ea5t: Delle Venezie DOC, \u00dd<\/li>\n<li>Gi\u1ed1ng nho: 100% Pinot Grigio<\/li>\n<li>N\u1ed3ng \u0111\u1ed9 c\u1ed3n: 12% &#8211; 12.5% (t\u00f9y ni\u00ean v\u1ee5)<\/li>\n<li>Th\u1ec3 t\u00edch: 750ml<\/li>\n<\/ul>\n<h2>3. H\u01b0\u01a1ng v\u1ecb c\u1ee7a r\u01b0\u1ee3u vang<\/h2>\n<p>M\u00e0u s\u1eafc: R\u01b0\u1ee3u s\u1edf h\u1eefu m\u00e0u v\u00e0ng r\u01a1m nh\u1ea1t, trong v\u1eaft v\u1edbi nh\u1eefng tia s\u00e1ng \u00e1nh l\u1ee5c l\u1ea5p l\u00e1nh v\u00e0 v\u00f4 c\u00f9ng tr\u1ebb trung.<\/p>\n<p>H\u01b0\u01a1ng: B\u1ed9c l\u1ed9 h\u01b0\u01a1ng th\u01a1m tinh t\u1ebf, thanh tao v\u00e0 v\u00f4 c\u00f9ng s\u1ea3ng kho\u00e1i c\u1ee7a c\u00e1c lo\u1ea1i tr\u00e1i c\u00e2y ru\u1ed9t tr\u1eafng nh\u01b0 l\u00ea, t\u00e1o xanh, \u0111\u00e0o tr\u1eafng v\u00e0 b\u01b0\u1edfi t\u00e2y. \u0110i\u1ec3m xuy\u1ebft nh\u1eb9 nh\u00e0ng \u0111\u1eb1ng sau l\u1edbp tr\u00e1i c\u00e2y l\u00e0 n\u1ed1t h\u01b0\u01a1ng hoa tr\u1eafng (nh\u01b0 hoa c\u00fac, hoa nh\u00e0i) v\u00e0 m\u1ed9t ch\u00fat kho\u00e1ng ch\u1ea5t t\u01b0\u01a1i m\u1edbi.<\/p>\n<p>V\u1ecb: Tr\u00ean v\u00f2m mi\u1ec7ng, r\u01b0\u1ee3u mang l\u1ea1i c\u1ea3m gi\u00e1c c\u1ef1c k\u1ef3 t\u01b0\u01a1i m\u00e1t, gi\u00f2n gi\u00e3 (crisp) v\u1edbi c\u1ea5u tr\u00fac nh\u1eb9 nh\u00e0ng (light-bodied). \u0110\u1ed9 chua (acidity) s\u1eafc n\u00e9t, s\u1ed1ng \u0111\u1ed9ng l\u00e0m b\u1eebng s\u00e1ng h\u01b0\u01a1ng v\u1ecb hoa qu\u1ea3 t\u1ef1 nhi\u00ean, t\u1ea1o n\u00ean m\u1ed9t t\u1ed5ng th\u1ec3 v\u00f4 c\u00f9ng c\u00e2n b\u1eb1ng v\u00e0 d\u1ec5 u\u1ed1ng. H\u1eadu v\u1ecb \u00eam \u00e1i, thanh s\u1ea1ch, \u0111\u1ec3 l\u1ea1i c\u1ea3m gi\u00e1c gi\u1ea3i kh\u00e1t tuy\u1ec7t v\u1eddi v\u1edbi d\u01b0 v\u1ecb c\u1ee7a chanh v\u00e0ng thoang tho\u1ea3ng.<\/p>\n<h2>4. K\u1ebft h\u1ee3p m\u00f3n \u0103n<\/h2>\n<ul>\n<li>M\u00f3n \u0103n ph\u00f9 h\u1ee3p v\u1edbi chai r\u01b0\u1ee3u n\u00e0y: S\u1ef1 thanh nh\u1eb9 v\u00e0 gi\u00f2n gi\u00e3 c\u1ee7a vang Pinot Grigio c\u1ef1c k\u1ef3 l\u00fd t\u01b0\u1edfng \u0111\u1ec3 l\u00e0m \u0111\u1ed3 u\u1ed1ng khai v\u1ecb, ho\u1eb7c k\u1ebft n\u1ed1i tuy\u1ec7t v\u1eddi v\u1edbi c\u00e1c m\u00f3n h\u1ea3i s\u1ea3n (h\u00e0u s\u1ed1ng, ngh\u00eau h\u1ea5p, m\u1ef1c chi\u00ean x\u00f9), salad rau c\u1ee7 t\u01b0\u01a1i, c\u00e1 th\u1ecbt tr\u1eafng \u00e1p ch\u1ea3o, sushi, sashimi ho\u1eb7c c\u00e1c m\u00f3n ph\u00f4 mai t\u01b0\u01a1i nh\u01b0 Mozzarella.<\/li>\n<li>Nhi\u1ec7t \u0111\u1ed9 ph\u1ee5c v\u1ee5: Ngon nh\u1ea5t khi \u0111\u01b0\u1ee3c \u01b0\u1edbp l\u1ea1nh s\u00e2u \u1edf m\u1ee9c nhi\u1ec7t \u0111\u1ed9 8 &#8211; 10\u00b0C.<\/li>\n<li>Ch\u00fa \u00fd khi ph\u1ee5c v\u1ee5: B\u1ea1n n\u00ean ng\u00e2m chai vang trong x\u00f4 \u0111\u00e1 kho\u1ea3ng 45 &#8211; 60 ph\u00fat tr\u01b0\u1edbc khi u\u1ed1ng, r\u00f3t tr\u1ef1c ti\u1ebfp ra ly b\u1ea7u thu\u00f4n (ly vang tr\u1eafng ti\u00eau chu\u1ea9n) \u0111\u1ec3 th\u01b0\u1edfng th\u1ee9c ngay s\u1ef1 s\u1ed1ng \u0111\u1ed9ng v\u00e0 gi\u00f2n gi\u00e3 m\u00e0 kh\u00f4ng c\u1ea7n s\u1eed d\u1ee5ng b\u00ecnh th\u1edf (decanter).<\/li>\n<\/ul>\n","protected":false},"excerpt":{"rendered":"<p>R\u01b0\u1ee3u vang \u00dd Pirovano Collezione Costantino Pinot Grigio Delle Venezie l\u00e0 m\u1ed9t \u0111\u1ea1i di\u1ec7n xu\u1ea5t s\u1eafc cho phong c\u00e1ch vang tr\u1eafng t\u01b0\u01a1i m\u00e1t, thanh l\u1ecbch \u0111\u1ebfn t\u1eeb mi\u1ec1n B\u1eafc n\u01b0\u1edbc&#8230;<\/p>\n","protected":false},"featured_media":12232,"comment_status":"open","ping_status":"closed","template":"","meta":[],"product_brand":[],"product_cat":[1177],"product_tag":[],"class_list":{"0":"post-12231","1":"product","2":"type-product","3":"status-publish","4":"has-post-thumbnail","6":"product_cat-cantine-pirovano","7":"pa_dung-tich-750ml","8":"pa_giong-nho-pinot-grigio","9":"pa_loai-vang-white-wine","10":"pa_nha-san-xuat-cantine-pirovano","11":"pa_quoc-gia-italy","12":"pa_vung-nho-veneto","14":"first","15":"instock","16":"taxable","17":"shipping-taxable","18":"purchasable","19":"product-type-simple"},"_links":{"self":[{"href":"https:\/\/hedon.com.vn\/en\/wp-json\/wp\/v2\/product\/12231","targetHints":{"allow":["GET"]}}],"collection":[{"href":"https:\/\/hedon.com.vn\/en\/wp-json\/wp\/v2\/product"}],"about":[{"href":"https:\/\/hedon.com.vn\/en\/wp-json\/wp\/v2\/types\/product"}],"replies":[{"embeddable":true,"href":"https:\/\/hedon.com.vn\/en\/wp-json\/wp\/v2\/comments?post=12231"}],"wp:featuredmedia":[{"embeddable":true,"href":"https:\/\/hedon.com.vn\/en\/wp-json\/wp\/v2\/media\/12232"}],"wp:attachment":[{"href":"https:\/\/hedon.com.vn\/en\/wp-json\/wp\/v2\/media?parent=12231"}],"wp:term":[{"taxonomy":"product_brand","embeddable":true,"href":"https:\/\/hedon.com.vn\/en\/wp-json\/wp\/v2\/product_brand?post=12231"},{"taxonomy":"product_cat","embeddable":true,"href":"https:\/\/hedon.com.vn\/en\/wp-json\/wp\/v2\/product_cat?post=12231"},{"taxonomy":"product_tag","embeddable":true,"href":"https:\/\/hedon.com.vn\/en\/wp-json\/wp\/v2\/product_tag?post=12231"}],"curies":[{"name":"wp","href":"https:\/\/api.w.org\/{rel}","templated":true}]}}