{"id":12253,"date":"2026-02-26T15:37:33","date_gmt":"2026-02-26T08:37:33","guid":{"rendered":"https:\/\/hedon.com.vn\/san-pham\/ruou-vang-phap-aime-arnoux-viognier-chardonnay\/"},"modified":"2026-02-26T15:37:33","modified_gmt":"2026-02-26T08:37:33","slug":"ruou-vang-phap-aime-arnoux-viognier-chardonnay","status":"publish","type":"product","link":"https:\/\/hedon.com.vn\/en\/san-pham\/ruou-vang-phap-aime-arnoux-viognier-chardonnay\/","title":{"rendered":"R\u01b0\u1ee3u vang Ph\u00e1p Aime Arnoux Viognier Chardonnay"},"content":{"rendered":"<p><strong>R\u01b0\u1ee3u vang Ph\u00e1p Aim\u00e9 Arnoux Viognier Chardonnay<\/strong> l\u00e0 m\u1ed9t s\u1ef1 k\u1ebft h\u1ee3p \u0111\u1ea7y tinh t\u1ebf gi\u1eefa hai gi\u1ed1ng nho tr\u1eafng bi\u1ec3u t\u01b0\u1ee3ng l\u00e0 Viognier v\u00e0 Chardonnay, mang \u0111\u1eadm phong c\u00e1ch t\u01b0\u01a1i m\u00e1t c\u1ee7a mi\u1ec1n Nam n\u01b0\u1edbc Ph\u00e1p. R\u01b0\u1ee3u \u0111\u01b0\u1ee3c s\u1ea3n xu\u1ea5t d\u01b0\u1edbi ph\u00e2n h\u1ea1ng IGP Vaucluse (thu\u1ed9c Thung l\u0169ng Rh\u00f4ne), v\u1edbi quy tr\u00ecnh l\u00ean men \u0111\u01b0\u1ee3c ki\u1ec3m so\u00e1t ch\u1eb7t ch\u1ebd nh\u1eb1m gi\u1eef l\u1ea1i s\u1ef1 tinh khi\u1ebft nguy\u00ean b\u1ea3n c\u1ee7a tr\u00e1i c\u00e2y. \u0110i\u1ec3m n\u1ed5i b\u1eadt c\u1ee7a chai vang n\u00e0y l\u00e0 s\u1ef1 \u0111an xen ho\u00e0n h\u1ea3o gi\u1eefa ch\u1ea5t v\u1ecb tr\u00f2n tr\u1ecba, h\u01b0\u01a1ng hoa qu\u1ea3 nhi\u1ec7t \u0111\u1edbi quy\u1ebfn r\u0169 v\u00e0 m\u1ed9t m\u1ee9c gi\u00e1 c\u1ef1c k\u1ef3 th\u00e2n thi\u1ec7n \u0111\u1ec3 th\u01b0\u1edfng th\u1ee9c h\u00e0ng ng\u00e0y.<\/p>\n<h2>1. Gi\u1edbi thi\u1ec7u v\u1ec1 nh\u00e0 s\u1ea3n xu\u1ea5t<\/h2>\n<p>Gia t\u1ed9c Arnoux c\u00f3 ngu\u1ed3n g\u1ed1c l\u00e0m vang s\u00e2u s\u1eafc t\u1ea1i Thung l\u0169ng Rh\u00f4ne t\u1eeb n\u0103m 1717. V\u00e0o n\u0103m 1936, \u00f4ng Aim\u00e9 Arnoux \u0111\u00e3 ti\u1ebfp qu\u1ea3n v\u00e0 m\u1edf r\u1ed9ng m\u1ea1nh m\u1ebd quy m\u00f4 c\u1ee7a \u0111i\u1ec1n trang, mang t\u00ean tu\u1ed5i c\u1ee7a gia \u0111\u00ecnh v\u01b0\u01a1n xa v\u00e0 t\u1ea1o ra nh\u1eefng b\u1ed9 s\u01b0u t\u1eadp vang chu\u1ea9n m\u1ef1c. Hi\u1ec7n nay, d\u01b0\u1edbi s\u1ef1 d\u1eabn d\u1eaft c\u1ee7a th\u1ebf h\u1ec7 th\u1ee9 15 (Marc v\u00e0 Jean-Fran\u00e7ois), <strong>Domaines Aim\u00e9 Arnoux<\/strong> lu\u00f4n gi\u1eef v\u1eefng tri\u1ebft l\u00fd t\u00f4n tr\u1ecdng th\u1ed5 nh\u01b0\u1ee1ng, mang \u0111\u1ebfn nh\u1eefng d\u00f2ng vang k\u1ebft h\u1ee3p tuy\u1ec7t v\u1eddi gi\u1eefa gi\u00e1 tr\u1ecb truy\u1ec1n th\u1ed1ng v\u00e0 k\u1ef9 thu\u1eadt canh t\u00e1c hi\u1ec7n \u0111\u1ea1i.<\/p>\n<h2>2. Th\u00f4ng tin v\u1ec1 r\u01b0\u1ee3u vang<\/h2>\n<ul>\n<li>Nh\u00e0 s\u1ea3n xu\u1ea5t: Domaines Aim\u00e9 Arnoux<\/li>\n<li>V\u00f9ng s\u1ea3n xu\u1ea5t: IGP Vaucluse (Thung l\u0169ng Rh\u00f4ne), Ph\u00e1p<\/li>\n<li>Gi\u1ed1ng nho: Ph\u1ed1i tr\u1ed9n Viognier v\u00e0 Chardonnay<\/li>\n<li>N\u1ed3ng \u0111\u1ed9 c\u1ed3n: 12.5% &#8211; 13.5% (t\u00f9y ni\u00ean v\u1ee5)<\/li>\n<li>Th\u1ec3 t\u00edch: 750ml<\/li>\n<\/ul>\n<h2>3. H\u01b0\u01a1ng v\u1ecb c\u1ee7a r\u01b0\u1ee3u vang<\/h2>\n<p>M\u00e0u s\u1eafc: R\u01b0\u1ee3u s\u1edf h\u1eefu m\u00e0u v\u00e0ng r\u01a1m nh\u1ea1t trong tr\u1ebbo, \u0111i\u1ec3m xuy\u1ebft nh\u1eefng \u00e1nh v\u00e0ng \u00f3ng \u1ea3 t\u01b0\u01a1i t\u1eafn khi r\u00f3t ra ly.<\/p>\n<p>H\u01b0\u01a1ng: B\u1ed9c l\u1ed9 h\u01b0\u01a1ng th\u01a1m m\u00e3nh li\u1ec7t v\u00e0 ph\u1ee9c h\u1ee3p c\u1ee7a c\u00e1c lo\u1ea1i tr\u00e1i c\u00e2y c\u00f3 h\u1ea1ch ch\u00edn nh\u01b0 \u0111\u00e0o tr\u1eafng, m\u01a1 t\u00e2y v\u00e0 xo\u00e0i. \u1ea8n sau l\u1edbp tr\u00e1i c\u00e2y nhi\u1ec7t \u0111\u1edbi \u0111\u1eaby \u0111\u00e0 l\u00e0 s\u1ef1 \u0111i\u1ec3m xuy\u1ebft c\u1ee7a c\u00e1c n\u1ed1t h\u01b0\u01a1ng hoa tr\u1eafng tinh kh\u00f4i, thoang tho\u1ea3ng ch\u00fat h\u01b0\u01a1ng cam chanh thanh m\u00e1t v\u00e0 kho\u00e1ng ch\u1ea5t t\u1ef1 nhi\u00ean.<\/p>\n<p>V\u1ecb: Tr\u00ean v\u00f2m mi\u1ec7ng, r\u01b0\u1ee3u mang l\u1ea1i c\u1ea3m gi\u00e1c v\u00f4 c\u00f9ng tr\u00f2n tr\u1ecba, \u0111\u1eadm \u0111\u00e0 \u0111\u1eaby \u0111\u00e0 (medium to full-bodied) nh\u1edd s\u1ef1 g\u00f3p m\u1eb7t c\u1ee7a gi\u1ed1ng nho Chardonnay, trong khi Viognier mang l\u1ea1i s\u1ef1 m\u01b0\u1ee3t m\u00e0 quy\u1ebfn r\u0169. \u0110\u1ed9 chua (acidity) s\u1eafc n\u00e9t \u0111\u01b0\u1ee3c c\u00e2n b\u1eb1ng xu\u1ea5t s\u1eafc, t\u1ea1o n\u00ean m\u1ed9t k\u1ebft c\u1ea5u t\u01b0\u01a1i m\u1edbi. H\u1eadu v\u1ecb \u00eam \u00e1i, thanh s\u1ea1ch, \u0111\u1ec3 l\u1ea1i d\u01b0 v\u1ecb c\u1ee7a tr\u00e1i c\u00e2y, kho\u00e1ng ch\u1ea5t v\u00e0 m\u1ed9t ch\u00fat the m\u00e1t \u00eam d\u1ecbu.<\/p>\n<h2>4. K\u1ebft h\u1ee3p m\u00f3n \u0103n<\/h2>\n<p>M\u00f3n \u0103n ph\u00f9 h\u1ee3p v\u1edbi chai r\u01b0\u1ee3u n\u00e0y: S\u1ef1 tr\u00f2n tr\u1ecba v\u00e0 h\u01b0\u01a1ng v\u1ecb hoa qu\u1ea3 \u0111\u1eadm \u0111\u00e0 c\u1ee7a r\u01b0\u1ee3u c\u1ef1c k\u1ef3 l\u00fd t\u01b0\u1edfng \u0111\u1ec3 k\u1ebft h\u1ee3p v\u1edbi h\u1ea3i s\u1ea3n (c\u00e1 h\u1ed3i, c\u00e1 ng\u1eeb), th\u1ecbt gia c\u1ea7m (\u1ee9c g\u00e0 m\u1ec1m, b\u1ed3 c\u00e2u n\u01b0\u1edbng), c\u00e1c m\u00f3n h\u1ea3i s\u1ea3n c\u00f3 s\u1ed1t kem, \u0111\u1ed3 \u0103n c\u00f3 gia v\u1ecb h\u01a1i cay ki\u1ec3u \u00c1 ho\u1eb7c d\u00f9ng l\u00e0m \u0111\u1ed3 u\u1ed1ng khai v\u1ecb k\u1ebft h\u1ee3p c\u00f9ng ph\u00f4 mai m\u1ec1m.<\/p>\n<p>Nhi\u1ec7t \u0111\u1ed9 ph\u1ee5c v\u1ee5: Ngon nh\u1ea5t khi \u0111\u01b0\u1ee3c \u01b0\u1edbp l\u1ea1nh \u1edf m\u1ee9c nhi\u1ec7t \u0111\u1ed9 8 &#8211; 10\u00b0C.<\/p>\n<p>Ch\u00fa \u00fd khi ph\u1ee5c v\u1ee5: H\u00e3y ng\u00e2m chai vang trong x\u00f4 \u0111\u00e1 kho\u1ea3ng 30 &#8211; 45 ph\u00fat tr\u01b0\u1edbc khi u\u1ed1ng, r\u00f3t tr\u1ef1c ti\u1ebfp ra ly \u0111\u1ec3 th\u01b0\u1edfng th\u1ee9c ngay s\u1ef1 s\u1ed1ng \u0111\u1ed9ng c\u1ee7a tr\u00e1i c\u00e2y m\u00e0 kh\u00f4ng c\u1ea7n s\u1eed d\u1ee5ng b\u00ecnh th\u1edf (decanter).<\/p>\n","protected":false},"excerpt":{"rendered":"<p>R\u01b0\u1ee3u vang Ph\u00e1p Aim\u00e9 Arnoux Viognier Chardonnay l\u00e0 m\u1ed9t s\u1ef1 k\u1ebft h\u1ee3p \u0111\u1ea7y tinh t\u1ebf gi\u1eefa hai gi\u1ed1ng nho tr\u1eafng bi\u1ec3u t\u01b0\u1ee3ng l\u00e0 Viognier v\u00e0 Chardonnay, mang \u0111\u1eadm phong c\u00e1ch&#8230;<\/p>\n","protected":false},"featured_media":12254,"comment_status":"open","ping_status":"closed","template":"","meta":[],"product_brand":[],"product_cat":[1202],"product_tag":[],"class_list":{"0":"post-12253","1":"product","2":"type-product","3":"status-publish","4":"has-post-thumbnail","6":"product_cat-aime-arnoux","7":"pa_dung-tich-750ml","8":"pa_giong-nho-chardonnay","9":"pa_giong-nho-viognier","10":"pa_loai-vang-white-wine","11":"pa_nha-san-xuat-aime-arnoux","12":"pa_quoc-gia-france","13":"pa_vung-nho-rhone","15":"first","16":"instock","17":"taxable","18":"shipping-taxable","19":"purchasable","20":"product-type-simple"},"_links":{"self":[{"href":"https:\/\/hedon.com.vn\/en\/wp-json\/wp\/v2\/product\/12253","targetHints":{"allow":["GET"]}}],"collection":[{"href":"https:\/\/hedon.com.vn\/en\/wp-json\/wp\/v2\/product"}],"about":[{"href":"https:\/\/hedon.com.vn\/en\/wp-json\/wp\/v2\/types\/product"}],"replies":[{"embeddable":true,"href":"https:\/\/hedon.com.vn\/en\/wp-json\/wp\/v2\/comments?post=12253"}],"wp:featuredmedia":[{"embeddable":true,"href":"https:\/\/hedon.com.vn\/en\/wp-json\/wp\/v2\/media\/12254"}],"wp:attachment":[{"href":"https:\/\/hedon.com.vn\/en\/wp-json\/wp\/v2\/media?parent=12253"}],"wp:term":[{"taxonomy":"product_brand","embeddable":true,"href":"https:\/\/hedon.com.vn\/en\/wp-json\/wp\/v2\/product_brand?post=12253"},{"taxonomy":"product_cat","embeddable":true,"href":"https:\/\/hedon.com.vn\/en\/wp-json\/wp\/v2\/product_cat?post=12253"},{"taxonomy":"product_tag","embeddable":true,"href":"https:\/\/hedon.com.vn\/en\/wp-json\/wp\/v2\/product_tag?post=12253"}],"curies":[{"name":"wp","href":"https:\/\/api.w.org\/{rel}","templated":true}]}}