{"id":12285,"date":"2026-02-26T15:37:12","date_gmt":"2026-02-26T08:37:12","guid":{"rendered":"https:\/\/hedon.com.vn\/san-pham\/ruou-vang-phap-louis-eschenauer-24-carat-gold-esprit-dor-sparkling\/"},"modified":"2026-02-26T15:37:12","modified_gmt":"2026-02-26T08:37:12","slug":"ruou-vang-phap-louis-eschenauer-24-carat-gold-esprit-dor-sparkling","status":"publish","type":"product","link":"https:\/\/hedon.com.vn\/en\/san-pham\/ruou-vang-phap-louis-eschenauer-24-carat-gold-esprit-dor-sparkling\/","title":{"rendered":"R\u01b0\u1ee3u vang Ph\u00e1p Louis Eschenauer 24 carat Gold Esprit D&#8217;Or Sparkling"},"content":{"rendered":"<p><strong>R\u01b0\u1ee3u vang s\u1ee7i Ph\u00e1p Louis Eschenauer 24 Carat Gold Esprit D&#8217;Or Sparkling<\/strong> l\u00e0 m\u1ed9t tuy\u1ec7t t\u00e1c l\u1ea5p l\u00e1nh mang \u0111\u1eadm phong c\u00e1ch sang tr\u1ecdng, sinh ra \u0111\u1ec3 d\u00e0nh cho nh\u1eefng d\u1ecbp \u0103n m\u1eebng hay l\u1ec5 h\u1ed9i. \u0110\u01b0\u1ee3c ph\u1ed1i tr\u1ed9n kh\u00e9o l\u00e9o t\u1eeb ba gi\u1ed1ng nho \u0111\u1eb7c tr\u01b0ng c\u1ee7a mi\u1ec1n Nam n\u01b0\u1edbc Ph\u00e1p l\u00e0 Muscat, Cinsault v\u00e0 Grenache, r\u01b0\u1ee3u kh\u00f4ng ch\u1ec9 mang \u0111\u1ebfn h\u01b0\u01a1ng v\u1ecb tr\u00e1i c\u00e2y th\u01a1m ng\u00e1t m\u00e0 c\u00f2n g\u00e2y \u1ea5n t\u01b0\u1ee3ng m\u1ea1nh m\u1ebd v\u1ec1 m\u1eb7t th\u1ecb gi\u00e1c. \u0110i\u1ec3m nh\u1ea5n xa hoa nh\u1ea5t c\u1ee7a chai vang n\u00e0y ch\u00ednh l\u00e0 s\u1ef1 xu\u1ea5t hi\u1ec7n c\u1ee7a nh\u1eefng v\u1ea3y v\u00e0ng 24K th\u1eadt b\u1ed3ng b\u1ec1nh chuy\u1ec3n \u0111\u1ed9ng trong t\u1eebng d\u1ea3i b\u1ecdt s\u1ee7i, bi\u1ebfn n\u00f3 th\u00e0nh bi\u1ec3u t\u01b0\u1ee3ng ho\u00e0n h\u1ea3o cho s\u1ef1 th\u1ecbnh v\u01b0\u1ee3ng v\u00e0 l\u00e0 m\u00f3n qu\u00e0 t\u1eb7ng v\u00f4 c\u00f9ng \u0111\u1eb3ng c\u1ea5p.<\/p>\n<h2>1. Gi\u1edbi thi\u1ec7u v\u1ec1 nh\u00e0 s\u1ea3n xu\u1ea5t<\/h2>\n<p><strong>Louis Eschenauer<\/strong> l\u00e0 m\u1ed9t trong nh\u1eefng nh\u00e0 bu\u00f4n r\u01b0\u1ee3u vang (n\u00e9gociant) v\u00e0 s\u1ea3n xu\u1ea5t danh ti\u1ebfng, l\u00e2u \u0111\u1eddi b\u1eadc nh\u1ea5t t\u1ea1i Bordeaux, Ph\u00e1p, kh\u1edfi ngu\u1ed3n t\u1eeb n\u0103m 1821. Tr\u1ea3i qua h\u01a1n hai th\u1ebf k\u1ef7 ph\u00e1t tri\u1ec3n, th\u01b0\u01a1ng hi\u1ec7u n\u00e0y lu\u00f4n gi\u1eef v\u1eefng tri\u1ebft l\u00fd k\u1ebft h\u1ee3p gi\u1eefa di s\u1ea3n l\u00e0m vang truy\u1ec1n th\u1ed1ng v\u00e0 t\u01b0 duy \u0111\u1ed5i m\u1edbi \u0111\u1ec3 t\u1ea1o ra nh\u1eefng s\u1ea3n ph\u1ea9m b\u1eaft k\u1ecbp th\u1ecb hi\u1ebfu hi\u1ec7n \u0111\u1ea1i. Ng\u00e0y nay, Louis Eschenauer \u0111\u00e3 c\u1ee7ng c\u1ed1 v\u1eefng ch\u1eafc v\u1ecb th\u1ebf to\u00e0n c\u1ea7u c\u1ee7a m\u00ecnh b\u1eb1ng vi\u1ec7c cung c\u1ea5p c\u00e1c d\u00f2ng vang thanh l\u1ecbch, ch\u1ea5t l\u01b0\u1ee3ng, lan t\u1ecfa tr\u1ecdn v\u1eb9n ngh\u1ec7 thu\u1eadt t\u1eadn h\u01b0\u1edfng cu\u1ed9c s\u1ed1ng (art de vivre) c\u1ee7a ng\u01b0\u1eddi Ph\u00e1p v\u1edbi m\u1ed9t m\u1ee9c gi\u00e1 v\u00f4 c\u00f9ng h\u1ee3p l\u00fd.<\/p>\n<h2>2. Th\u00f4ng tin v\u1ec1 r\u01b0\u1ee3u vang<\/h2>\n<ul>\n<li>Nh\u00e0 s\u1ea3n xu\u1ea5t: Louis Eschenauer<\/li>\n<li>V\u00f9ng s\u1ea3n xu\u1ea5t: Vin de France (Ph\u00e1p)<\/li>\n<li>Gi\u1ed1ng nho: Muscat, Cinsault v\u00e0 Grenache<\/li>\n<li>N\u1ed3ng \u0111\u1ed9 c\u1ed3n: 12%<\/li>\n<li>Th\u1ec3 t\u00edch: 750ml<\/li>\n<\/ul>\n<h2>3. H\u01b0\u01a1ng v\u1ecb c\u1ee7a r\u01b0\u1ee3u vang<\/h2>\n<p>M\u00e0u s\u1eafc: R\u01b0\u1ee3u s\u1edf h\u1eefu m\u00e0u v\u00e0ng r\u01a1m \u00f3ng \u00e1nh, v\u00f4 c\u00f9ng l\u1ed9ng l\u1eaby v\u00e0 huy\u1ec1n \u1ea3o khi nh\u1eefng v\u1ea3y v\u00e0ng 24K tinh x\u1ea3o li\u00ean t\u1ee5c nh\u1ea3y m\u00faa theo t\u1eebng d\u1ea3i b\u1ecdt s\u1ee7i m\u1ecbn m\u00e0ng r\u00f3t ra ly.<\/p>\n<p>H\u01b0\u01a1ng: B\u1ed9c l\u1ed9 b\u00f3 h\u01b0\u01a1ng n\u1ed3ng n\u00e0n, t\u01b0\u01a1i m\u00e1t v\u1edbi s\u1ef1 d\u1eabn d\u1eaft c\u1ee7a hoa tr\u1eafng thanh khi\u1ebft, qu\u1ea3 \u0111\u00e0o ch\u00edn m\u1ecdng v\u00e0 h\u1ea1t m\u1ed9c qua (quince). Ph\u1ea3ng ph\u1ea5t ph\u00eda sau l\u1edbp tr\u00e1i c\u00e2y l\u00e0 nh\u1eefng n\u1ed1t h\u01b0\u01a1ng ng\u1ecdt ng\u00e0o, quy\u1ebfn r\u0169 c\u1ee7a m\u1eadt ong v\u00e0 ch\u00fat vani \u00eam \u00e1i.<\/p>\n<p>V\u1ecb: Tr\u00ean v\u00f2m mi\u1ec7ng, r\u01b0\u1ee3u mang l\u1ea1i c\u1ea3m gi\u00e1c v\u00f4 c\u00f9ng s\u1ea3ng kho\u00e1i, t\u01b0\u01a1i gi\u00f2n v\u1edbi c\u1ea5u tr\u00fac nh\u1eb9 nh\u00e0ng. V\u1ecb ng\u1ecdt d\u1ecbu d\u00e0ng (off-dry) \u0111\u01b0\u1ee3c c\u00e2n b\u1eb1ng xu\u1ea5t s\u1eafc b\u1edfi \u0111\u1ed9 chua thanh m\u00e1t t\u1ef1 nhi\u00ean, k\u1ebft h\u1ee3p c\u00f9ng nh\u1eefng b\u1ecdt kh\u00ed l\u0103n t\u0103n t\u1ea1o n\u00ean s\u1ef1 s\u1ed1ng \u0111\u1ed9ng tuy\u1ec7t v\u1eddi. H\u1eadu v\u1ecb thanh s\u1ea1ch, v\u01b0\u01a1ng v\u1ea5n ch\u00fat ng\u1ecdt ng\u00e0o c\u1ee7a tr\u00e1i c\u00e2y nhi\u1ec7t \u0111\u1edbi \u0111\u1ecdng l\u1ea1i n\u01a1i \u0111\u1ea7u l\u01b0\u1ee1i.<\/p>\n<h2>4. K\u1ebft h\u1ee3p m\u00f3n \u0103n<\/h2>\n<ul>\n<li>M\u00f3n \u0103n ph\u00f9 h\u1ee3p v\u1edbi chai r\u01b0\u1ee3u n\u00e0y: V\u1ebb \u0111\u1eb9p l\u1ea5p l\u00e1nh v\u00e0 v\u1ecb ng\u1ecdt thanh c\u1ee7a vang s\u1ee7i v\u1ea3y v\u00e0ng c\u1ef1c k\u1ef3 ho\u00e0n h\u1ea3o \u0111\u1ec3 l\u00e0m \u0111\u1ed3 u\u1ed1ng khai v\u1ecb. R\u01b0\u1ee3u c\u0169ng k\u1ebft h\u1ee3p tuy\u1ec7t v\u1eddi v\u1edbi c\u00e1c m\u00f3n h\u1ea3i s\u1ea3n nh\u1eb9 nh\u00e0ng (h\u00e0u Carpaccio, t\u00f4m s\u1ed1ng, sushi, sashimi), salad tr\u00e1i c\u00e2y, ho\u1eb7c c\u00e1c m\u00f3n tr\u00e1ng mi\u1ec7ng ng\u1ecdt ng\u00e0o nh\u01b0 b\u00e1nh kem, b\u00e1nh quy h\u1ea1nh nh\u00e2n, macaron.<\/li>\n<li>Nhi\u1ec7t \u0111\u1ed9 ph\u1ee5c v\u1ee5: Ngon nh\u1ea5t khi \u0111\u01b0\u1ee3c \u01b0\u1edbp l\u1ea1nh s\u00e2u \u1edf m\u1ee9c nhi\u1ec7t \u0111\u1ed9 8 &#8211; 10\u00b0C.<\/li>\n<li>Ch\u00fa \u00fd khi ph\u1ee5c v\u1ee5: B\u1ea1n c\u1ea7n \u01b0\u1edbp chai vang trong x\u00f4 \u0111\u00e1 ng\u1eadp c\u1ed5 chai kho\u1ea3ng 45 &#8211; 60 ph\u00fat tr\u01b0\u1edbc khi u\u1ed1ng. Khi r\u00f3t, h\u00e3y l\u1eadt \u00fap chai nh\u1eb9 nh\u00e0ng m\u1ed9t v\u00e0i l\u1ea7n (tr\u01b0\u1edbc khi m\u1edf n\u00fat) \u0111\u1ec3 c\u00e1c v\u1ea3y v\u00e0ng 24K ph\u00e2n b\u1ed1 \u0111\u1ec1u, t\u1ea1o hi\u1ec7u \u1ee9ng th\u1ecb gi\u00e1c l\u1ea5p l\u00e1nh v\u00e0 l\u1ed9ng l\u1eaby nh\u1ea5t trong ly r\u01b0\u1ee3u c\u1ee7a th\u1ef1c kh\u00e1ch.<\/li>\n<\/ul>\n","protected":false},"excerpt":{"rendered":"<p>R\u01b0\u1ee3u vang s\u1ee7i Ph\u00e1p Louis Eschenauer 24 Carat Gold Esprit D&#8217;Or Sparkling l\u00e0 m\u1ed9t tuy\u1ec7t t\u00e1c l\u1ea5p l\u00e1nh mang \u0111\u1eadm phong c\u00e1ch sang tr\u1ecdng, sinh ra \u0111\u1ec3 d\u00e0nh cho nh\u1eefng&#8230;<\/p>\n","protected":false},"featured_media":12286,"comment_status":"open","ping_status":"closed","template":"","meta":[],"product_brand":[],"product_cat":[1249],"product_tag":[],"class_list":{"0":"post-12285","1":"product","2":"type-product","3":"status-publish","4":"has-post-thumbnail","6":"product_cat-louis-eschenauer","7":"pa_dung-tich-750ml","8":"pa_giong-nho-cinsault","9":"pa_giong-nho-grenache","10":"pa_giong-nho-muscat","11":"pa_loai-vang-sparkling-wine","12":"pa_nha-san-xuat-louis-eschenauer","13":"pa_quoc-gia-france","14":"pa_vung-nho-bordeaux","16":"first","17":"instock","18":"taxable","19":"shipping-taxable","20":"purchasable","21":"product-type-simple"},"_links":{"self":[{"href":"https:\/\/hedon.com.vn\/en\/wp-json\/wp\/v2\/product\/12285","targetHints":{"allow":["GET"]}}],"collection":[{"href":"https:\/\/hedon.com.vn\/en\/wp-json\/wp\/v2\/product"}],"about":[{"href":"https:\/\/hedon.com.vn\/en\/wp-json\/wp\/v2\/types\/product"}],"replies":[{"embeddable":true,"href":"https:\/\/hedon.com.vn\/en\/wp-json\/wp\/v2\/comments?post=12285"}],"wp:featuredmedia":[{"embeddable":true,"href":"https:\/\/hedon.com.vn\/en\/wp-json\/wp\/v2\/media\/12286"}],"wp:attachment":[{"href":"https:\/\/hedon.com.vn\/en\/wp-json\/wp\/v2\/media?parent=12285"}],"wp:term":[{"taxonomy":"product_brand","embeddable":true,"href":"https:\/\/hedon.com.vn\/en\/wp-json\/wp\/v2\/product_brand?post=12285"},{"taxonomy":"product_cat","embeddable":true,"href":"https:\/\/hedon.com.vn\/en\/wp-json\/wp\/v2\/product_cat?post=12285"},{"taxonomy":"product_tag","embeddable":true,"href":"https:\/\/hedon.com.vn\/en\/wp-json\/wp\/v2\/product_tag?post=12285"}],"curies":[{"name":"wp","href":"https:\/\/api.w.org\/{rel}","templated":true}]}}