{"id":12291,"date":"2026-02-26T15:37:09","date_gmt":"2026-02-26T08:37:09","guid":{"rendered":"https:\/\/hedon.com.vn\/san-pham\/ruou-vang-y-il-barone-rosso-3l\/"},"modified":"2026-02-26T15:37:09","modified_gmt":"2026-02-26T08:37:09","slug":"ruou-vang-y-il-barone-rosso-3l","status":"publish","type":"product","link":"https:\/\/hedon.com.vn\/en\/san-pham\/ruou-vang-y-il-barone-rosso-3l\/","title":{"rendered":"R\u01b0\u1ee3u vang \u00dd IL Barone Rosso 3L"},"content":{"rendered":"<p><strong>R\u01b0\u1ee3u vang b\u1ecbch \u00dd IL Barone Rosso 3L<\/strong> l\u00e0 d\u00f2ng vang \u0111\u1ecf ng\u1ecdt ng\u00e0o, d\u1ec5 u\u1ed1ng \u0111\u1ebfn t\u1eeb v\u00f9ng \u0111\u1ea5t tr\u1ed3ng nho tr\u1ee9 danh Tuscany. \u0110\u01b0\u1ee3c ph\u1ed1i tr\u1ed9n kh\u00e9o l\u00e9o t\u1eeb hai gi\u1ed1ng nho n\u1ed5i ti\u1ebfng l\u00e0 Sangiovese v\u00e0 Merlot, r\u01b0\u1ee3u mang \u0111\u1ebfn h\u01b0\u01a1ng v\u1ecb tr\u00e1i c\u00e2y t\u01b0\u01a1i m\u1edbi v\u00e0 c\u1ea5u tr\u00fac v\u00f4 c\u00f9ng m\u1ec1m m\u1ea1i. \u0110i\u1ec3m n\u1ed5i b\u1eadt c\u1ee7a s\u1ea3n ph\u1ea9m n\u00e0y l\u00e0 s\u1ef1 ti\u1ec7n l\u1ee3i t\u1eeb thi\u1ebft k\u1ebf b\u1ecbch 3 l\u00edt t\u00edch h\u1ee3p v\u00f2i r\u00f3t ch\u00e2n kh\u00f4ng, k\u1ebft h\u1ee3p c\u00f9ng v\u1ecb vang ng\u1ecdt d\u1ecbu n\u1ecbnh mi\u1ec7ng, r\u1ea5t l\u00fd t\u01b0\u1edfng cho c\u00e1c b\u1eefa ti\u1ec7c \u0111\u00f4ng ng\u01b0\u1eddi ho\u1eb7c nhu c\u1ea7u nh\u00e2m nhi h\u00e0ng ng\u00e0y c\u1ee7a gia \u0111\u00ecnh.<\/p>\n<h2>1. Gi\u1edbi thi\u1ec7u v\u1ec1 nh\u00e0 s\u1ea3n xu\u1ea5t<\/h2>\n<p><strong>IL Barone<\/strong> l\u00e0 m\u1ed9t nh\u00e3n hi\u1ec7u vang \u0111\u1ea1i ch\u00fang mang \u0111\u1eadm phong c\u00e1ch truy\u1ec1n th\u1ed1ng c\u1ee7a n\u01b0\u1edbc \u00dd, chuy\u00ean cung c\u1ea5p c\u00e1c d\u00f2ng vang d\u1ec5 ti\u1ebfp c\u1eadn cho th\u1ecb tr\u01b0\u1eddng to\u00e0n c\u1ea7u. T\u1eadn d\u1ee5ng t\u1ed1i \u0111a ngu\u1ed3n nguy\u00ean li\u1ec7u ch\u1ea5t l\u01b0\u1ee3ng t\u1eeb \u0111\u1ed3i n\u00fai Tuscany &#8211; n\u01a1i c\u00f3 th\u1ed5 nh\u01b0\u1ee1ng \u0111\u1ea5t s\u00e9t l\u00fd t\u01b0\u1edfng cho nho Sangiovese, nh\u00e0 s\u1ea3n xu\u1ea5t t\u1eadp trung v\u00e0o vi\u1ec7c t\u1ea1o ra h\u01b0\u01a1ng v\u1ecb vang n\u1ecbnh mi\u1ec7ng v\u00e0 ch\u1ea5t l\u01b0\u1ee3ng \u1ed5n \u0111\u1ecbnh. V\u1edbi l\u1ee3i th\u1ebf v\u1ec1 gi\u00e1 th\u00e0nh v\u00e0 thi\u1ebft k\u1ebf ti\u1ec7n d\u1ee5ng, IL Barone \u0111\u00e3 kh\u1eb3ng \u0111\u1ecbnh \u0111\u01b0\u1ee3c v\u1ecb tr\u00ed v\u1eefng ch\u1eafc trong ph\u00e2n kh\u00fac vang b\u1ecbch (Bag-in-Box) v\u00e0 \u0111\u01b0\u1ee3c \u0111\u00f4ng \u0111\u1ea3o th\u1ef1c kh\u00e1ch y\u00eau th\u00edch.<\/p>\n<h2>2. Th\u00f4ng tin v\u1ec1 r\u01b0\u1ee3u vang<\/h2>\n<ul>\n<li>Nh\u00e0 s\u1ea3n xu\u1ea5t: <strong>IL Barone<\/strong><\/li>\n<li>V\u00f9ng s\u1ea3n xu\u1ea5t: Tuscany, \u00dd<\/li>\n<li>Gi\u1ed1ng nho: Blend (Sangiovese, Merlot)<\/li>\n<li>N\u1ed3ng \u0111\u1ed9 c\u1ed3n: 12% &#8211; 12.5% (t\u00f9y ni\u00ean v\u1ee5)<\/li>\n<li>Th\u1ec3 t\u00edch: 3000ml (3 L\u00edt &#8211; \u0110\u00f3ng b\u1ecbch)<\/li>\n<\/ul>\n<h2>3. H\u01b0\u01a1ng v\u1ecb c\u1ee7a r\u01b0\u1ee3u vang<\/h2>\n<p>M\u00e0u s\u1eafc: R\u01b0\u1ee3u s\u1edf h\u1eefu m\u00e0u \u0111\u1ecf ruby \u0111\u1eadm \u0111\u00e0, \u00f3ng \u1ea3 v\u1edbi nh\u1eefng \u00e1nh t\u00edm quy\u1ebfn r\u0169 khi r\u00f3t ra ly.<\/p>\n<p>H\u01b0\u01a1ng: B\u1ed9c l\u1ed9 b\u00f3 h\u01b0\u01a1ng ng\u1ecdt ng\u00e0o, ph\u1ee9c h\u1ee3p c\u1ee7a c\u00e1c lo\u1ea1i qu\u1ea3 m\u1ecdng \u0111\u1ecf v\u00e0 \u0111en nh\u01b0 m\u00e2m x\u00f4i, qu\u1ea3 l\u00fd chua \u0111en (cassis), anh \u0111\u00e0o v\u00e0 m\u1eadn s\u1ea5y. Xen l\u1eabn ph\u00eda sau l\u1edbp hoa qu\u1ea3 t\u01b0\u01a1i l\u00e0 nh\u1eefng n\u1ed1t h\u01b0\u01a1ng thoang tho\u1ea3ng c\u1ee7a b\u1ea1ch \u0111\u1eadu kh\u1ea5u, h\u01b0\u01a1ng kh\u00f3i nh\u1eb9 v\u00e0 m\u1ed9t ch\u00fat g\u1ed7 s\u1ed3i.<\/p>\n<p>V\u1ecb: Tr\u00ean v\u00f2m mi\u1ec7ng, r\u01b0\u1ee3u mang l\u1ea1i c\u1ea3m gi\u00e1c v\u00f4 c\u00f9ng m\u1ec1m m\u1ea1i v\u00e0 n\u1ecbnh mi\u1ec7ng nh\u1edd v\u1ecb ng\u1ecdt d\u1ecbu t\u1ef1 nhi\u00ean. L\u1edbp v\u1ecb ch\u00e1t (tannin) \u0111\u01b0\u1ee3c m\u00e0i gi\u0169a m\u01b0\u1ee3t m\u00e0, k\u1ebft h\u1ee3p c\u00f9ng \u0111\u1ed9 chua thanh m\u00e1t t\u1ea1o n\u00ean s\u1ef1 c\u00e2n b\u1eb1ng, d\u1ec5 u\u1ed1ng v\u00e0 kh\u00f4ng h\u1ec1 g\u1eaft g\u1ecfng. H\u1eadu v\u1ecb \u00eam \u00e1i, k\u00e9o d\u00e0i v\u1edbi d\u01b0 v\u1ecb c\u1ee7a m\u1ee9t tr\u00e1i c\u00e2y v\u00e0 m\u1ed9t ch\u00fat cay nh\u1eb9 c\u1ee7a ti\u00eau \u0111en \u0111\u1ecdng l\u1ea1i n\u01a1i cu\u1ed1ng h\u1ecdng.<\/p>\n<h2>4. K\u1ebft h\u1ee3p m\u00f3n \u0103n<\/h2>\n<ul>\n<li>M\u00f3n \u0103n ph\u00f9 h\u1ee3p v\u1edbi chai r\u01b0\u1ee3u n\u00e0y: Nh\u1edd v\u1ecb ng\u1ecdt d\u1ecbu v\u00e0 c\u1ea5u tr\u00fac th\u00e2n thi\u1ec7n, vang c\u1ef1c k\u1ef3 d\u1ec5 gh\u00e9p n\u1ed1i v\u1edbi nhi\u1ec1u m\u00f3n \u0103n nh\u01b0 b\u00edt t\u1ebft b\u00f2, s\u01b0\u1eddn heo n\u01b0\u1edbng, pizza, m\u1ef3 \u00dd s\u1ed1t \u0111\u1eadm \u0111\u00e0, ho\u1eb7c \u0111\u01a1n gi\u1ea3n l\u00e0 d\u00f9ng k\u00e8m tr\u00e1i c\u00e2y, ph\u00f4 mai v\u00e0 c\u00e1c lo\u1ea1i b\u00e1nh ng\u1ecdt tr\u00e1ng mi\u1ec7ng.<\/li>\n<li>Nhi\u1ec7t \u0111\u1ed9 ph\u1ee5c v\u1ee5: Ngon nh\u1ea5t khi \u0111\u01b0\u1ee3c th\u01b0\u1edfng th\u1ee9c \u1edf m\u1ee9c nhi\u1ec7t \u0111\u1ed9 14 &#8211; 16\u00b0C.<\/li>\n<li>Ch\u00fa \u00fd khi ph\u1ee5c v\u1ee5: S\u1ea3n ph\u1ea9m \u0111\u01b0\u1ee3c thi\u1ebft k\u1ebf v\u1edbi v\u00f2i r\u00f3t ch\u00e2n kh\u00f4ng th\u00f4ng minh. L\u1ea7n \u0111\u1ea7u s\u1eed d\u1ee5ng, b\u1ea1n ch\u1ec9 c\u1ea7n g\u1ee1 l\u1edbp ni\u00eam phong v\u00e0 r\u00f3t tr\u1ef1c ti\u1ebfp. Nh\u1edd l\u1edbp t\u00fai m\u00e0ng nh\u00f4m b\u00ean trong t\u1ef1 \u0111\u1ed9ng x\u1eb9p xu\u1ed1ng \u0111\u1ec3 ng\u0103n kh\u00f4ng kh\u00ed l\u1ecdt v\u00e0o, b\u1ea1n c\u00f3 th\u1ec3 b\u1ea3o qu\u1ea3n b\u1ecbch vang trong ng\u0103n m\u00e1t t\u1ee7 l\u1ea1nh v\u00e0 d\u00f9ng d\u1ea7n t\u1eeb 3 &#8211; 4 tu\u1ea7n sau khi m\u1edf n\u1eafp m\u00e0 h\u01b0\u01a1ng v\u1ecb v\u1eabn \u0111\u01b0\u1ee3c b\u1ea3o \u0111\u1ea3m tuy\u1ec7t v\u1eddi.<\/li>\n<\/ul>\n","protected":false},"excerpt":{"rendered":"<p>R\u01b0\u1ee3u vang b\u1ecbch \u00dd IL Barone Rosso 3L l\u00e0 d\u00f2ng vang \u0111\u1ecf ng\u1ecdt ng\u00e0o, d\u1ec5 u\u1ed1ng \u0111\u1ebfn t\u1eeb v\u00f9ng \u0111\u1ea5t tr\u1ed3ng nho tr\u1ee9 danh Tuscany. \u0110\u01b0\u1ee3c ph\u1ed1i tr\u1ed9n kh\u00e9o l\u00e9o&#8230;<\/p>\n","protected":false},"featured_media":12292,"comment_status":"open","ping_status":"closed","template":"","meta":[],"product_brand":[],"product_cat":[1258],"product_tag":[],"class_list":{"0":"post-12291","1":"product","2":"type-product","3":"status-publish","4":"has-post-thumbnail","6":"product_cat-il-barone","7":"pa_dung-tich-3000ml","8":"pa_giong-nho-merlot","9":"pa_giong-nho-sangiovese","10":"pa_loai-vang-red-wine","11":"pa_nha-san-xuat-il-barone","12":"pa_quoc-gia-italy","13":"pa_vung-nho-tuscany","15":"first","16":"instock","17":"taxable","18":"shipping-taxable","19":"purchasable","20":"product-type-simple"},"_links":{"self":[{"href":"https:\/\/hedon.com.vn\/en\/wp-json\/wp\/v2\/product\/12291","targetHints":{"allow":["GET"]}}],"collection":[{"href":"https:\/\/hedon.com.vn\/en\/wp-json\/wp\/v2\/product"}],"about":[{"href":"https:\/\/hedon.com.vn\/en\/wp-json\/wp\/v2\/types\/product"}],"replies":[{"embeddable":true,"href":"https:\/\/hedon.com.vn\/en\/wp-json\/wp\/v2\/comments?post=12291"}],"wp:featuredmedia":[{"embeddable":true,"href":"https:\/\/hedon.com.vn\/en\/wp-json\/wp\/v2\/media\/12292"}],"wp:attachment":[{"href":"https:\/\/hedon.com.vn\/en\/wp-json\/wp\/v2\/media?parent=12291"}],"wp:term":[{"taxonomy":"product_brand","embeddable":true,"href":"https:\/\/hedon.com.vn\/en\/wp-json\/wp\/v2\/product_brand?post=12291"},{"taxonomy":"product_cat","embeddable":true,"href":"https:\/\/hedon.com.vn\/en\/wp-json\/wp\/v2\/product_cat?post=12291"},{"taxonomy":"product_tag","embeddable":true,"href":"https:\/\/hedon.com.vn\/en\/wp-json\/wp\/v2\/product_tag?post=12291"}],"curies":[{"name":"wp","href":"https:\/\/api.w.org\/{rel}","templated":true}]}}