{"id":12295,"date":"2026-02-26T15:37:06","date_gmt":"2026-02-26T08:37:06","guid":{"rendered":"https:\/\/hedon.com.vn\/san-pham\/ruou-vang-y-citra-ortense-montepulciano-dabruzzo-2-25l\/"},"modified":"2026-02-26T15:37:06","modified_gmt":"2026-02-26T08:37:06","slug":"ruou-vang-y-citra-ortense-montepulciano-dabruzzo-2-25l","status":"publish","type":"product","link":"https:\/\/hedon.com.vn\/en\/san-pham\/ruou-vang-y-citra-ortense-montepulciano-dabruzzo-2-25l\/","title":{"rendered":"R\u01b0\u1ee3u vang \u00dd Citra-Ortense Montepulciano D&#8217;Abruzzo 2.25L"},"content":{"rendered":"<p><strong>R\u01b0\u1ee3u vang b\u1ecbch \u00dd Citra-Ortense Montepulciano D&#8217;Abruzzo 2.25L<\/strong> l\u00e0 m\u1ed9t \u0111\u1ea1i di\u1ec7n xu\u1ea5t s\u1eafc mang \u0111\u1eadm phong v\u1ecb truy\u1ec1n th\u1ed1ng c\u1ee7a v\u00f9ng \u0111\u1ea5t Abruzzo, t\u1ef1 h\u00e0o \u0111\u1ea1t ph\u00e2n h\u1ea1ng DOC danh gi\u00e1 c\u1ee7a \u00dd. \u0110\u01b0\u1ee3c l\u00ean men ho\u00e0n to\u00e0n t\u1eeb gi\u1ed1ng nho b\u1ea3n \u0111\u1ecba Montepulciano tr\u1ee9 danh, r\u01b0\u1ee3u l\u01b0u gi\u1eef tr\u1ecdn v\u1eb9n h\u01b0\u01a1ng v\u1ecb tr\u00e1i c\u00e2y s\u1eabm m\u00e0u \u0111\u1eadm \u0111\u00e0 nh\u1edd quy tr\u00ecnh s\u1ea3n xu\u1ea5t v\u00e0 ki\u1ec3m so\u00e1t nhi\u1ec7t \u0111\u1ed9 ch\u1eb7t ch\u1ebd. \u0110i\u1ec3m n\u1ed5i b\u1eadt nh\u1ea5t c\u1ee7a s\u1ea3n ph\u1ea9m l\u00e0 thi\u1ebft k\u1ebf b\u1ecbch 2.25 l\u00edt tinh t\u1ebf, mang t\u00ednh th\u1ea9m m\u1ef9 cao, t\u00edch h\u1ee3p v\u00f2i r\u00f3t th\u00f4ng minh gi\u00fap b\u1ea3o qu\u1ea3n r\u01b0\u1ee3u t\u01b0\u01a1i ngon l\u00e2u d\u00e0i, v\u00f4 c\u00f9ng l\u00fd t\u01b0\u1edfng cho c\u00e1c b\u1eefa ti\u1ec7c gia \u0111\u00ecnh hay nhu c\u1ea7u th\u01b0\u1edfng th\u1ee9c h\u00e0ng ng\u00e0y.<\/p>\n<h2>1. Gi\u1edbi thi\u1ec7u v\u1ec1 nh\u00e0 s\u1ea3n xu\u1ea5t<\/h2>\n<p><strong>Codice Citra<\/strong> (th\u01b0\u1eddng g\u1ecdi l\u00e0 Citra Vini) \u0111\u01b0\u1ee3c th\u00e0nh l\u1eadp v\u00e0o n\u0103m 1973, l\u00e0 m\u1ed9t trong nh\u1eefng t\u1ed5 h\u1ee3p nh\u00e0 l\u00e0m vang l\u1edbn nh\u1ea5t v\u00e0 quan tr\u1ecdng nh\u1ea5t t\u1ea1i v\u00f9ng Abruzzo, \u00dd. V\u1edbi s\u1ef1 am hi\u1ec3u s\u00e2u s\u1eafc v\u1ec1 th\u1ed5 nh\u01b0\u1ee1ng \u0111\u1ecba ph\u01b0\u01a1ng, nh\u00e0 s\u1ea3n xu\u1ea5t n\u00e0y t\u1eadp trung v\u00e0o vi\u1ec7c b\u1ea3o t\u1ed3n v\u00e0 ph\u00e1t huy t\u1ed1i \u0111a ti\u1ec1m n\u0103ng c\u1ee7a c\u00e1c gi\u1ed1ng nho b\u1ea3n \u0111\u1ecba. Ng\u00e0y nay, Citra Vini kh\u00f4ng ch\u1ec9 l\u00e0 tr\u1ee5 c\u1ed9t c\u1ee7a ng\u00e0nh c\u00f4ng nghi\u1ec7p vang Abruzzo m\u00e0 c\u00f2n n\u1ed5i ti\u1ebfng tr\u00ean to\u00e0n c\u1ea7u nh\u1edd vi\u1ec7c cung c\u1ea5p nh\u1eefng d\u00f2ng vang ch\u1ea5t l\u01b0\u1ee3ng cao, d\u1ec5 ti\u1ebfp c\u1eadn v\u00e0 mang \u0111\u1eadm n\u00e9t v\u0103n h\u00f3a \u0111\u1eb7c tr\u01b0ng c\u1ee7a n\u01b0\u1edbc \u00dd.<\/p>\n<h2>2. Th\u00f4ng tin v\u1ec1 r\u01b0\u1ee3u vang<\/h2>\n<ul>\n<li>Nh\u00e0 s\u1ea3n xu\u1ea5t: Citra Vini (Th\u01b0\u01a1ng hi\u1ec7u Ortense)<\/li>\n<li>V\u00f9ng s\u1ea3n xu\u1ea5t: Abruzzo, \u00dd<\/li>\n<li>Gi\u1ed1ng nho: 100% Montepulciano (Ph\u00e2n h\u1ea1ng DOC)<\/li>\n<li>N\u1ed3ng \u0111\u1ed9 c\u1ed3n: 13% (t\u00f9y ni\u00ean v\u1ee5)<\/li>\n<li>Th\u1ec3 t\u00edch: 2250ml (2.25 L\u00edt &#8211; \u0110\u00f3ng b\u1ecbch)<\/li>\n<\/ul>\n<h2>3. H\u01b0\u01a1ng v\u1ecb c\u1ee7a r\u01b0\u1ee3u vang<\/h2>\n<p>M\u00e0u s\u1eafc: R\u01b0\u1ee3u s\u1edf h\u1eefu m\u00e0u \u0111\u1ecf ruby s\u1eabm, r\u1ea1ng r\u1ee1 v\u00e0 ph\u1ea3n chi\u1ebfu nh\u1eefng tia s\u00e1ng \u00e1nh t\u00edm (violet) v\u00f4 c\u00f9ng quy\u1ebfn r\u0169 khi r\u00f3t ra ly.<\/p>\n<p>H\u01b0\u01a1ng: B\u1ed9c l\u1ed9 b\u00f3 h\u01b0\u01a1ng n\u1ed3ng n\u00e0n, c\u1edfi m\u1edf v\u1edbi s\u1ef1 d\u1eabn d\u1eaft c\u1ee7a c\u00e1c lo\u1ea1i qu\u1ea3 m\u1ecdng s\u1eabm m\u00e0u nh\u01b0 anh \u0111\u00e0o \u0111en, m\u1eadn ch\u00edn v\u00e0 qu\u1ea3 m\u00e2m x\u00f4i. Xen l\u1eabn ph\u00eda sau l\u1edbp hoa qu\u1ea3 t\u01b0\u01a1i m\u00e1t l\u00e0 n\u1ed1t h\u01b0\u01a1ng thanh l\u1ecbch c\u1ee7a hoa violet v\u00e0 m\u1ed9t ch\u00fat gia v\u1ecb m\u1ed9c m\u1ea1c nh\u1eb9 nh\u00e0ng.<\/p>\n<p>V\u1ecb: Tr\u00ean v\u00f2m mi\u1ec7ng, r\u01b0\u1ee3u mang l\u1ea1i c\u1ea3m gi\u00e1c \u0111\u1eaby \u0111\u00e0 v\u1eeba ph\u1ea3i (medium to full-bodied), c\u1ea5u tr\u00fac tr\u00f2n tr\u1ecba v\u00e0 v\u00f4 c\u00f9ng d\u1ec5 u\u1ed1ng. V\u1ecb ch\u00e1t (tannin) \u0111\u01b0\u1ee3c chi\u1ebft xu\u1ea5t m\u1ec1m m\u1ea1i, m\u01b0\u1ee3t m\u00e0 k\u1ebft h\u1ee3p h\u00e0i h\u00f2a c\u00f9ng \u0111\u1ed9 chua t\u1ef1 nhi\u00ean gi\u00fap c\u00e2n b\u1eb1ng s\u1ef1 \u0111\u1eadm \u0111\u00e0 c\u1ee7a tr\u00e1i c\u00e2y. H\u1eadu v\u1ecb \u00eam \u00e1i, k\u00e9o d\u00e0i v\u1eeba ph\u1ea3i v\u1edbi d\u01b0 v\u1ecb s\u1ea3ng kho\u00e1i \u0111\u1ecdng l\u1ea1i n\u01a1i cu\u1ed1ng h\u1ecdng.<\/p>\n<h2>4. K\u1ebft h\u1ee3p m\u00f3n \u0103n<\/h2>\n<ul>\n<li>M\u00f3n \u0103n ph\u00f9 h\u1ee3p v\u1edbi chai r\u01b0\u1ee3u n\u00e0y: C\u1ea5u tr\u00fac m\u1ec1m m\u1ea1i v\u00e0 h\u01b0\u01a1ng v\u1ecb tr\u00e1i c\u00e2y \u0111\u1eadm \u0111\u00e0 c\u1ee7a vang c\u1ef1c k\u1ef3 l\u00fd t\u01b0\u1edfng \u0111\u1ec3 k\u1ebft n\u1ed1i v\u1edbi \u1ea9m th\u1ef1c \u00dd nh\u01b0 m\u1ef3 \u00dd (pasta) s\u1ed1t th\u1ecbt b\u0103m, pizza, ho\u1eb7c c\u00e1c m\u00f3n th\u1ecbt \u0111\u1ecf n\u01b0\u1edbng, th\u1ecbt c\u1eebu, th\u1ecbt th\u00fa r\u1eebng, th\u1ecbt x\u00f4ng kh\u00f3i v\u00e0 ph\u00f4 mai b\u00e1n c\u1ee9ng.<\/li>\n<li>Nhi\u1ec7t \u0111\u1ed9 ph\u1ee5c v\u1ee5: Ngon nh\u1ea5t khi \u0111\u01b0\u1ee3c th\u01b0\u1edfng th\u1ee9c \u1edf m\u1ee9c nhi\u1ec7t \u0111\u1ed9 16 &#8211; 18\u00b0C.<\/li>\n<li>Ch\u00fa \u00fd khi ph\u1ee5c v\u1ee5: S\u1ea3n ph\u1ea9m c\u00f3 v\u00f2i r\u00f3t ch\u00e2n kh\u00f4ng ti\u1ec7n d\u1ee5ng t\u00edch h\u1ee3p \u1edf g\u00f3c \u0111\u00e1y b\u1ecbch. L\u1ea7n \u0111\u1ea7u s\u1eed d\u1ee5ng, b\u1ea1n ch\u1ec9 c\u1ea7n g\u1ee1 ni\u00eam phong v\u00e0 r\u00f3t tr\u1ef1c ti\u1ebfp. Nh\u1edd thi\u1ebft k\u1ebf t\u00fai m\u00e0ng nh\u00f4m b\u00ean trong t\u1ef1 \u0111\u1ed9ng x\u1eb9p xu\u1ed1ng \u0111\u1ec3 ng\u0103n kh\u00f4ng kh\u00ed l\u1ecdt v\u00e0o, b\u1ea1n c\u00f3 th\u1ec3 c\u1ea5t b\u1ecbch vang trong ng\u0103n m\u00e1t t\u1ee7 l\u1ea1nh v\u00e0 d\u00f9ng d\u1ea7n t\u1eeb 3 &#8211; 4 tu\u1ea7n sau khi m\u1edf n\u1eafp m\u00e0 ch\u1ea5t l\u01b0\u1ee3ng v\u1eabn \u0111\u01b0\u1ee3c b\u1ea3o \u0111\u1ea3m tuy\u1ec7t v\u1eddi.<\/li>\n<\/ul>\n","protected":false},"excerpt":{"rendered":"<p>R\u01b0\u1ee3u vang b\u1ecbch \u00dd Citra-Ortense Montepulciano D&#8217;Abruzzo 2.25L l\u00e0 m\u1ed9t \u0111\u1ea1i di\u1ec7n xu\u1ea5t s\u1eafc mang \u0111\u1eadm phong v\u1ecb truy\u1ec1n th\u1ed1ng c\u1ee7a v\u00f9ng \u0111\u1ea5t Abruzzo, t\u1ef1 h\u00e0o \u0111\u1ea1t ph\u00e2n h\u1ea1ng DOC&#8230;<\/p>\n","protected":false},"featured_media":12296,"comment_status":"open","ping_status":"closed","template":"","meta":[],"product_brand":[],"product_cat":[1267],"product_tag":[],"class_list":{"0":"post-12295","1":"product","2":"type-product","3":"status-publish","4":"has-post-thumbnail","6":"product_cat-citra-vini","7":"pa_dung-tich-2250ml","8":"pa_giong-nho-montepulciano","9":"pa_loai-vang-red-wine","10":"pa_nha-san-xuat-citra-vini","11":"pa_quoc-gia-italy","12":"pa_vung-nho-abruzzo","14":"first","15":"instock","16":"taxable","17":"shipping-taxable","18":"purchasable","19":"product-type-simple"},"_links":{"self":[{"href":"https:\/\/hedon.com.vn\/en\/wp-json\/wp\/v2\/product\/12295","targetHints":{"allow":["GET"]}}],"collection":[{"href":"https:\/\/hedon.com.vn\/en\/wp-json\/wp\/v2\/product"}],"about":[{"href":"https:\/\/hedon.com.vn\/en\/wp-json\/wp\/v2\/types\/product"}],"replies":[{"embeddable":true,"href":"https:\/\/hedon.com.vn\/en\/wp-json\/wp\/v2\/comments?post=12295"}],"wp:featuredmedia":[{"embeddable":true,"href":"https:\/\/hedon.com.vn\/en\/wp-json\/wp\/v2\/media\/12296"}],"wp:attachment":[{"href":"https:\/\/hedon.com.vn\/en\/wp-json\/wp\/v2\/media?parent=12295"}],"wp:term":[{"taxonomy":"product_brand","embeddable":true,"href":"https:\/\/hedon.com.vn\/en\/wp-json\/wp\/v2\/product_brand?post=12295"},{"taxonomy":"product_cat","embeddable":true,"href":"https:\/\/hedon.com.vn\/en\/wp-json\/wp\/v2\/product_cat?post=12295"},{"taxonomy":"product_tag","embeddable":true,"href":"https:\/\/hedon.com.vn\/en\/wp-json\/wp\/v2\/product_tag?post=12295"}],"curies":[{"name":"wp","href":"https:\/\/api.w.org\/{rel}","templated":true}]}}