{"id":12299,"date":"2026-02-26T15:37:04","date_gmt":"2026-02-26T08:37:04","guid":{"rendered":"https:\/\/hedon.com.vn\/san-pham\/ruou-vang-y-pirovano-collezione-costantino-montepulciano-dabruzzo\/"},"modified":"2026-02-26T15:37:04","modified_gmt":"2026-02-26T08:37:04","slug":"ruou-vang-y-pirovano-collezione-costantino-montepulciano-dabruzzo","status":"publish","type":"product","link":"https:\/\/hedon.com.vn\/en\/san-pham\/ruou-vang-y-pirovano-collezione-costantino-montepulciano-dabruzzo\/","title":{"rendered":"R\u01b0\u1ee3u vang \u00dd Pirovano Collezione Costantino Montepulciano D&#8217;Abruzzo"},"content":{"rendered":"<p><strong>R\u01b0\u1ee3u vang \u00dd Pirovano Collezione Costantino Montepulciano D&#8217;Abruzzo<\/strong> l\u00e0 m\u1ed9t chai vang \u0111\u1ecf chu\u1ea9n m\u1ef1c v\u00e0 d\u1ec5 m\u1ebfn \u0111\u1ebfn t\u1eeb v\u00f9ng Abruzzo thanh b\u00ecnh ven b\u1edd bi\u1ec3n Adriatic c\u1ee7a n\u01b0\u1edbc \u00dd. R\u01b0\u1ee3u \u0111\u01b0\u1ee3c l\u00ean men ho\u00e0n to\u00e0n t\u1eeb gi\u1ed1ng nho b\u1ea3n \u0111\u1ecba Montepulciano, \u01b0u ti\u00ean qu\u00e1 tr\u00ecnh \u1ee7 trong b\u1ed3n th\u00e9p kh\u00f4ng g\u1ec9 nh\u1eb1m l\u01b0u gi\u1eef tr\u1ecdn v\u1eb9n s\u1ef1 t\u01b0\u01a1i t\u1eafn v\u00e0 nguy\u00ean b\u1ea3n c\u1ee7a tr\u00e1i c\u00e2y. \u0110i\u1ec3m n\u1ed5i b\u1eadt c\u1ee7a chai vang n\u00e0y l\u00e0 s\u1ef1 c\u00e2n b\u1eb1ng tuy\u1ec7t v\u1eddi gi\u1eefa c\u1ea5u tr\u00fac m\u1ec1m m\u1ea1i, h\u01b0\u01a1ng v\u1ecb qu\u1ea3 m\u1ecdng \u0111\u1ecf ng\u1eadp tr\u00e0n c\u00f9ng m\u1ed9t m\u1ee9c gi\u00e1 v\u00f4 c\u00f9ng h\u1ee3p l\u00fd \u0111\u1ec3 th\u01b0\u1edfng th\u1ee9c m\u1ed7i ng\u00e0y.<\/p>\n<h2>1. Gi\u1edbi thi\u1ec7u v\u1ec1 nh\u00e0 s\u1ea3n xu\u1ea5t<\/h2>\n<p>Cantine Pirovano l\u00e0 m\u1ed9t trong nh\u1eefng nh\u00e0 s\u1ea3n xu\u1ea5t r\u01b0\u1ee3u vang gia \u0111\u00ecnh c\u00f3 l\u1ecbch s\u1eed l\u00e2u \u0111\u1eddi v\u00e0 quy m\u00f4 l\u1edbn t\u1ea1i \u00dd, \u0111\u01b0\u1ee3c th\u00e0nh l\u1eadp t\u1eeb n\u0103m 1910. Tr\u1ea3i qua h\u01a1n m\u1ed9t th\u1ebf k\u1ef7 ph\u00e1t tri\u1ec3n, nh\u00e0 l\u00e0m vang n\u00e0y n\u1ed5i b\u1eadt v\u1edbi tri\u1ebft l\u00fd k\u1ebft n\u1ed1i di s\u1ea3n truy\u1ec1n th\u1ed1ng v\u00f9ng mi\u1ec1n c\u00f9ng c\u00f4ng ngh\u1ec7 s\u1ea3n xu\u1ea5t hi\u1ec7n \u0111\u1ea1i, cung c\u1ea5p danh m\u1ee5c s\u1ea3n ph\u1ea9m v\u00f4 c\u00f9ng \u0111a d\u1ea1ng. V\u1ecb th\u1ebf c\u1ee7a Pirovano lu\u00f4n \u0111\u01b0\u1ee3c kh\u1eb3ng \u0111\u1ecbnh th\u00f4ng qua vi\u1ec7c li\u00ean t\u1ee5c mang \u0111\u1ebfn th\u1ecb tr\u01b0\u1eddng nh\u1eefng d\u00f2ng vang ph\u1ea3n \u00e1nh ch\u00e2n th\u1ef1c b\u1ea3n s\u1eafc th\u1ed5 nh\u01b0\u1ee1ng t\u1eebng v\u00f9ng v\u1edbi m\u1ee9c gi\u00e1 c\u1ef1c k\u1ef3 c\u1ea1nh tranh.<\/p>\n<h2>2. Th\u00f4ng tin v\u1ec1 r\u01b0\u1ee3u vang<\/h2>\n<ul>\n<li>Nh\u00e0 s\u1ea3n xu\u1ea5t: Cantine Pirovano<\/li>\n<li>V\u00f9ng s\u1ea3n xu\u1ea5t: Montepulciano d&#8217;Abruzzo DOC, Abruzzo, \u00dd<\/li>\n<li>Gi\u1ed1ng nho: 100% Montepulciano<\/li>\n<li>N\u1ed3ng \u0111\u1ed9 c\u1ed3n: 13% &#8211; 13.5% (t\u00f9y ni\u00ean v\u1ee5)<\/li>\n<li>Th\u1ec3 t\u00edch: 750ml<\/li>\n<\/ul>\n<h2>3. H\u01b0\u01a1ng v\u1ecb c\u1ee7a r\u01b0\u1ee3u vang<\/h2>\n<p>M\u00e0u s\u1eafc: R\u01b0\u1ee3u s\u1edf h\u1eefu m\u00e0u \u0111\u1ecf ruby r\u1ef1c r\u1ee1 v\u00e0 t\u01b0\u01a1i t\u1eafn, ph\u1edbt th\u00eam nh\u1eefng \u00e1nh t\u00edm l\u1ea5p l\u00e1nh mang \u0111\u1ea7y s\u1ee9c s\u1ed1ng c\u1ee7a tu\u1ed5i tr\u1ebb.<\/p>\n<p>H\u01b0\u01a1ng: B\u1ed9c l\u1ed9 h\u01b0\u01a1ng th\u01a1m c\u1edfi m\u1edf, n\u1ed3ng n\u00e0n c\u1ee7a c\u00e1c lo\u1ea1i qu\u1ea3 m\u1ecdng \u0111\u1ecf v\u00e0 \u0111en nh\u01b0 anh \u0111\u00e0o (cherry), m\u1eadn ch\u00edn v\u00e0 m\u00e2m x\u00f4i. \u0110i\u1ec3m xuy\u1ebft nh\u1eb9 nh\u00e0ng ph\u00eda sau l\u00e0 nh\u1eefng n\u1ed1t h\u01b0\u01a1ng m\u1ed9c m\u1ea1c c\u1ee7a th\u1ea3o m\u1ed9c kh\u00f4, \u0111\u1ea5t \u1ea9m v\u00e0 m\u1ed9t ch\u00fat gia v\u1ecb cay d\u1ecbu \u0111\u1eb7c tr\u01b0ng c\u1ee7a gi\u1ed1ng nho n\u00e0y.<\/p>\n<p>V\u1ecb: Tr\u00ean v\u00f2m mi\u1ec7ng, r\u01b0\u1ee3u th\u1ec3 hi\u1ec7n m\u1ed9t c\u1ea5u tr\u00fac \u0111\u1eadm \u0111\u00e0 v\u1eeba ph\u1ea3i (medium-bodied), v\u00f4 c\u00f9ng tr\u00f2n tr\u1ecba v\u00e0 th\u00e2n thi\u1ec7n. V\u1ecb ch\u00e1t (tannin) \u0111\u01b0\u1ee3c chi\u1ebft xu\u1ea5t m\u1ec1m m\u1ea1i, d\u1ebbo dai h\u00f2a quy\u1ec7n c\u00f9ng \u0111\u1ed9 chua t\u01b0\u01a1i m\u00e1t gi\u00fap t\u00f4n l\u00ean v\u1ecb ng\u1ecdt ng\u00e0o c\u1ee7a tr\u00e1i c\u00e2y t\u01b0\u01a1i. H\u1eadu v\u1ecb \u00eam \u00e1i, thanh s\u1ea1ch, \u0111\u1ec3 l\u1ea1i d\u01b0 v\u1ecb c\u1ee7a qu\u1ea3 m\u1ecdng \u0111\u1ecf v\u00e0 c\u1ea3m gi\u00e1c v\u00f4 c\u00f9ng s\u1ea3ng kho\u00e1i.<\/p>\n<h2>4. K\u1ebft h\u1ee3p m\u00f3n \u0103n<\/h2>\n<p>M\u00f3n \u0103n ph\u00f9 h\u1ee3p v\u1edbi chai r\u01b0\u1ee3u n\u00e0y: C\u1ea5u tr\u00fac m\u1ec1m m\u1ea1i v\u00e0 v\u1ecb hoa qu\u1ea3 t\u01b0\u01a1i s\u00e1ng c\u1ee7a r\u01b0\u1ee3u bi\u1ebfn n\u00f3 th\u00e0nh ng\u01b0\u1eddi b\u1ea1n \u0111\u1ed3ng h\u00e0nh ho\u00e0n h\u1ea3o cho c\u00e1c m\u00f3n \u0103n \u0111\u1eadm ch\u1ea5t \u00dd nh\u01b0 Pizza n\u01b0\u1edbng c\u1ee7i, m\u1ef3 \u00dd s\u1ed1t th\u1ecbt b\u0103m (Bolognese), Lasagna, c\u00e1c m\u00f3n th\u1ecbt heo n\u01b0\u1edbng, g\u00e0 quay ho\u1eb7c ph\u00f4 mai b\u00e1n c\u1ee9ng.<\/p>\n<p>Nhi\u1ec7t \u0111\u1ed9 ph\u1ee5c v\u1ee5: Ngon nh\u1ea5t khi \u0111\u01b0\u1ee3c th\u01b0\u1edfng th\u1ee9c \u1edf m\u1ee9c nhi\u1ec7t \u0111\u1ed9 16 &#8211; 18\u00b0C.<\/p>\n<p>Ch\u00fa \u00fd khi ph\u1ee5c v\u1ee5: \u0110\u00e2y l\u00e0 m\u1ed9t d\u00f2ng vang tr\u1ebb trung v\u00e0 d\u1ec5 ti\u1ebfp c\u1eadn, b\u1ea1n ch\u1ec9 c\u1ea7n m\u1edf n\u1eafp cho r\u01b0\u1ee3u th\u1edf t\u1ef1 nhi\u00ean trong chai kho\u1ea3ng 15 &#8211; 20 ph\u00fat tr\u01b0\u1edbc khi r\u00f3t ra ly l\u00e0 \u0111\u00e3 c\u00f3 th\u1ec3 th\u01b0\u1edfng th\u1ee9c tr\u1ecdn v\u1eb9n s\u1ef1 gi\u00f2n gi\u00e3 c\u1ee7a h\u01b0\u01a1ng v\u1ecb.<\/p>\n","protected":false},"excerpt":{"rendered":"<p>R\u01b0\u1ee3u vang \u00dd Pirovano Collezione Costantino Montepulciano D&#8217;Abruzzo l\u00e0 m\u1ed9t chai vang \u0111\u1ecf chu\u1ea9n m\u1ef1c v\u00e0 d\u1ec5 m\u1ebfn \u0111\u1ebfn t\u1eeb v\u00f9ng Abruzzo thanh b\u00ecnh ven b\u1edd bi\u1ec3n Adriatic c\u1ee7a n\u01b0\u1edbc&#8230;<\/p>\n","protected":false},"featured_media":12300,"comment_status":"open","ping_status":"closed","template":"","meta":[],"product_brand":[],"product_cat":[1177],"product_tag":[],"class_list":{"0":"post-12299","1":"product","2":"type-product","3":"status-publish","4":"has-post-thumbnail","6":"product_cat-cantine-pirovano","7":"pa_dung-tich-750ml","8":"pa_giong-nho-montepulciano","9":"pa_loai-vang-red-wine","10":"pa_nha-san-xuat-cantine-pirovano","11":"pa_quoc-gia-italy","12":"pa_vung-nho-abruzzo","14":"first","15":"instock","16":"taxable","17":"shipping-taxable","18":"purchasable","19":"product-type-simple"},"_links":{"self":[{"href":"https:\/\/hedon.com.vn\/en\/wp-json\/wp\/v2\/product\/12299","targetHints":{"allow":["GET"]}}],"collection":[{"href":"https:\/\/hedon.com.vn\/en\/wp-json\/wp\/v2\/product"}],"about":[{"href":"https:\/\/hedon.com.vn\/en\/wp-json\/wp\/v2\/types\/product"}],"replies":[{"embeddable":true,"href":"https:\/\/hedon.com.vn\/en\/wp-json\/wp\/v2\/comments?post=12299"}],"wp:featuredmedia":[{"embeddable":true,"href":"https:\/\/hedon.com.vn\/en\/wp-json\/wp\/v2\/media\/12300"}],"wp:attachment":[{"href":"https:\/\/hedon.com.vn\/en\/wp-json\/wp\/v2\/media?parent=12299"}],"wp:term":[{"taxonomy":"product_brand","embeddable":true,"href":"https:\/\/hedon.com.vn\/en\/wp-json\/wp\/v2\/product_brand?post=12299"},{"taxonomy":"product_cat","embeddable":true,"href":"https:\/\/hedon.com.vn\/en\/wp-json\/wp\/v2\/product_cat?post=12299"},{"taxonomy":"product_tag","embeddable":true,"href":"https:\/\/hedon.com.vn\/en\/wp-json\/wp\/v2\/product_tag?post=12299"}],"curies":[{"name":"wp","href":"https:\/\/api.w.org\/{rel}","templated":true}]}}