{"id":12301,"date":"2026-02-26T15:37:03","date_gmt":"2026-02-26T08:37:03","guid":{"rendered":"https:\/\/hedon.com.vn\/san-pham\/ruou-vang-y-pirovano-collezione-costantino-sicilia-nero-davola\/"},"modified":"2026-02-26T15:37:03","modified_gmt":"2026-02-26T08:37:03","slug":"ruou-vang-y-pirovano-collezione-costantino-sicilia-nero-davola","status":"publish","type":"product","link":"https:\/\/hedon.com.vn\/en\/san-pham\/ruou-vang-y-pirovano-collezione-costantino-sicilia-nero-davola\/","title":{"rendered":"R\u01b0\u1ee3u vang \u00dd Pirovano Collezione Costantino Sicilia Nero D&#8217;Avola"},"content":{"rendered":"<p><strong>R\u01b0\u1ee3u vang \u00dd Pirovano Collezione Costantino Sicilia Nero D&#8217;Avola<\/strong> l\u00e0 m\u1ed9t chai vang \u0111\u1ecf mang \u0111\u1eadm b\u1ea3n s\u1eafc hoang d\u00e3 v\u00e0 \u1ea5m \u00e1p c\u1ee7a h\u00f2n \u0111\u1ea3o Sicily xinh \u0111\u1eb9p, mi\u1ec1n Nam n\u01b0\u1edbc \u00dd. R\u01b0\u1ee3u \u0111\u01b0\u1ee3c l\u00ean men ho\u00e0n to\u00e0n t\u1eeb gi\u1ed1ng nho b\u1ea3n \u0111\u1ecba tr\u1ee9 danh Nero d&#8217;Avola, sinh tr\u01b0\u1edfng tr\u00ean n\u1ec1n th\u1ed5 nh\u01b0\u1ee1ng n\u00fai l\u1eeda gi\u00e0u kho\u00e1ng ch\u1ea5t, mang \u0111\u1ebfn m\u1ed9t ph\u1ee9c h\u1ee3p h\u01b0\u01a1ng v\u1ecb tr\u00e1i c\u00e2y s\u1eabm m\u00e0u \u0111an xen gia v\u1ecb cay n\u1ed3ng. \u0110i\u1ec3m n\u1ed5i b\u1eadt c\u1ee7a chai vang n\u00e0y l\u00e0 s\u1ef1 c\u00e2n b\u1eb1ng tuy\u1ec7t v\u1eddi gi\u1eefa c\u1ea5u tr\u00fac \u0111\u1eaby \u0111\u00e0, v\u1ecb ch\u00e1t m\u1ec1m m\u1ea1i v\u00e0 m\u1ed9t m\u1ee9c gi\u00e1 v\u00f4 c\u00f9ng th\u00e2n thi\u1ec7n \u0111\u1ec3 th\u01b0\u1edfng th\u1ee9c h\u00e0ng ng\u00e0y.<\/p>\n<h2>1. Gi\u1edbi thi\u1ec7u v\u1ec1 nh\u00e0 s\u1ea3n xu\u1ea5t<\/h2>\n<p><strong>Cantine Pirovano<\/strong> l\u00e0 m\u1ed9t trong nh\u1eefng nh\u00e0 s\u1ea3n xu\u1ea5t r\u01b0\u1ee3u vang gia \u0111\u00ecnh l\u00e2u \u0111\u1eddi v\u00e0 c\u00f3 quy m\u00f4 l\u1edbn t\u1ea1i \u00dd, \u0111\u01b0\u1ee3c th\u00e0nh l\u1eadp t\u1eeb n\u0103m 1910. Tr\u1ea3i qua h\u01a1n m\u1ed9t th\u1ebf k\u1ef7 ph\u00e1t tri\u1ec3n, nh\u00e0 l\u00e0m vang n\u00e0y n\u1ed5i b\u1eadt v\u1edbi tri\u1ebft l\u00fd k\u1ebft n\u1ed1i di s\u1ea3n truy\u1ec1n th\u1ed1ng v\u00f9ng mi\u1ec1n v\u1edbi c\u00f4ng ngh\u1ec7 s\u1ea3n xu\u1ea5t hi\u1ec7n \u0111\u1ea1i, cung c\u1ea5p danh m\u1ee5c s\u1ea3n ph\u1ea9m v\u00f4 c\u00f9ng \u0111a d\u1ea1ng t\u1eeb B\u1eafc ch\u00ed Nam. V\u1ecb th\u1ebf c\u1ee7a Pirovano lu\u00f4n \u0111\u01b0\u1ee3c gi\u1eef v\u1eefng nh\u1edd kh\u1ea3 n\u0103ng li\u00ean t\u1ee5c mang \u0111\u1ebfn th\u1ecb tr\u01b0\u1eddng nh\u1eefng d\u00f2ng vang ch\u1ea5t l\u01b0\u1ee3ng cao, ph\u1ea3n \u00e1nh ch\u00e2n th\u1ef1c b\u1ea3n s\u1eafc th\u1ed5 nh\u01b0\u1ee1ng t\u1eebng v\u00f9ng v\u00e0 c\u00f3 m\u1ee9c gi\u00e1 c\u1ef1c k\u1ef3 c\u1ea1nh tranh.<\/p>\n<h2>2. Th\u00f4ng tin v\u1ec1 r\u01b0\u1ee3u vang<\/h2>\n<ul>\n<li>Nh\u00e0 s\u1ea3n xu\u1ea5t: Cantine Pirovano<\/li>\n<li>V\u00f9ng s\u1ea3n xu\u1ea5t: Sicilia DOC, \u00dd<\/li>\n<li>Gi\u1ed1ng nho: 100% Nero d&#8217;Avola<\/li>\n<li>N\u1ed3ng \u0111\u1ed9 c\u1ed3n: 13% &#8211; 14% (t\u00f9y ni\u00ean v\u1ee5)<\/li>\n<li>Th\u1ec3 t\u00edch: 750ml<\/li>\n<\/ul>\n<h2>3. H\u01b0\u01a1ng v\u1ecb c\u1ee7a r\u01b0\u1ee3u vang<\/h2>\n<p>M\u00e0u s\u1eafc: R\u01b0\u1ee3u s\u1edf h\u1eefu m\u00e0u \u0111\u1ecf ruby \u0111\u1eadm s\u00e2u, t\u01b0\u01a1i t\u1eafn v\u00e0 l\u1ea5p l\u00e1nh nh\u1eefng \u00e1nh t\u00edm r\u1ef1c r\u1ee1 mang h\u01a1i th\u1edf tr\u1ebb trung.<\/p>\n<p>H\u01b0\u01a1ng: Lan t\u1ecfa b\u00f3 h\u01b0\u01a1ng n\u1ed3ng n\u00e0n, h\u00e0o ph\u00f3ng c\u1ee7a c\u00e1c lo\u1ea1i qu\u1ea3 m\u1ecdng s\u1eabm m\u00e0u nh\u01b0 qu\u1ea3 anh \u0111\u00e0o \u0111en, m\u1eadn ch\u00edn v\u00e0 qu\u1ea3 m\u00e2m x\u00f4i. \u0110i\u1ec3m xuy\u1ebft v\u00e0o \u0111\u00f3 l\u00e0 nh\u1eefng n\u1ed1t h\u01b0\u01a1ng gia v\u1ecb \u1ea5m \u00e1p v\u00f4 c\u00f9ng \u0111\u1eb7c tr\u01b0ng c\u1ee7a Nero d&#8217;Avola nh\u01b0 h\u1ea1t ti\u00eau \u0111en, cam th\u1ea3o, s\u00f4-c\u00f4-la \u0111en v\u00e0 thoang tho\u1ea3ng ch\u00fat h\u01b0\u01a1ng th\u1ea3o m\u1ed9c hoang d\u00e3 mi\u1ec1n \u0110\u1ecba Trung H\u1ea3i.<\/p>\n<p>V\u1ecb: Tr\u00ean v\u00f2m mi\u1ec7ng, r\u01b0\u1ee3u th\u1ec3 hi\u1ec7n m\u1ed9t c\u1ea5u tr\u00fac \u0111\u1eadm \u0111\u00e0 v\u1eeba ph\u1ea3i (medium to full-bodied), m\u1ec1m m\u1ea1i v\u00e0 v\u00f4 c\u00f9ng d\u1ec5 u\u1ed1ng. V\u1ecb ch\u00e1t (tannin) \u0111\u01b0\u1ee3c chi\u1ebft xu\u1ea5t tinh t\u1ebf n\u00ean r\u1ea5t \u00eam \u00e1i, k\u1ebft h\u1ee3p c\u00f9ng \u0111\u1ed9 chua t\u01b0\u01a1i m\u00e1t gi\u00fap t\u00f4n l\u00ean v\u1ecb ng\u1ecdt ng\u00e0o c\u1ee7a tr\u00e1i c\u00e2y ch\u00edn. H\u1eadu v\u1ecb k\u00e9o d\u00e0i \u1edf m\u1ee9c kh\u00e1, \u0111\u1ec3 l\u1ea1i d\u01b0 v\u1ecb c\u1ee7a qu\u1ea3 m\u1ecdng \u0111en v\u00e0 m\u1ed9t ch\u00fat cay nh\u1eb9 \u1ea5m \u00e1p \u1edf cu\u1ed1ng h\u1ecdng.<\/p>\n<h2>4. K\u1ebft h\u1ee3p m\u00f3n \u0103n<\/h2>\n<ul>\n<li>M\u00f3n \u0103n ph\u00f9 h\u1ee3p v\u1edbi chai r\u01b0\u1ee3u n\u00e0y: H\u01b0\u01a1ng v\u1ecb \u0111\u1eadm \u0111\u00e0 v\u00e0 ch\u00fat gia v\u1ecb cay c\u1ee7a r\u01b0\u1ee3u c\u1ef1c k\u1ef3 l\u00fd t\u01b0\u1edfng \u0111\u1ec3 k\u1ebft n\u1ed1i v\u1edbi c\u00e1c m\u00f3n th\u1ecbt n\u01b0\u1edbng BBQ, b\u00edt t\u1ebft b\u00f2 (beefsteak), m\u1ef3 \u00dd s\u1ed1t th\u1ecbt b\u0103m (Bolognese), pizza n\u01b0\u1edbng c\u1ee7i, c\u00e0 t\u00edm n\u01b0\u1edbng ph\u00f4 mai ho\u1eb7c c\u00e1c m\u00f3n th\u1ecbt c\u1eebu t\u1ea9m \u01b0\u1edbp \u0111\u1eadm v\u1ecb.<\/li>\n<li>Nhi\u1ec7t \u0111\u1ed9 ph\u1ee5c v\u1ee5: Ngon nh\u1ea5t khi \u0111\u01b0\u1ee3c th\u01b0\u1edfng th\u1ee9c \u1edf m\u1ee9c nhi\u1ec7t \u0111\u1ed9 16 &#8211; 18\u00b0C.<\/li>\n<li>Ch\u00fa \u00fd khi ph\u1ee5c v\u1ee5: B\u1ea1n n\u00ean m\u1edf n\u1eafp chai cho r\u01b0\u1ee3u th\u1edf t\u1ef1 nhi\u00ean kho\u1ea3ng 15 &#8211; 30 ph\u00fat tr\u01b0\u1edbc khi u\u1ed1ng, ho\u1eb7c c\u00f3 th\u1ec3 r\u00f3t ra b\u00ecnh th\u1edf (decanter) n\u1ebfu mu\u1ed1n c\u00e1c n\u1ed1t h\u01b0\u01a1ng gia v\u1ecb bung t\u1ecfa nhanh ch\u00f3ng v\u00e0 m\u1ea1nh m\u1ebd h\u01a1n.<\/li>\n<\/ul>\n","protected":false},"excerpt":{"rendered":"<p>R\u01b0\u1ee3u vang \u00dd Pirovano Collezione Costantino Sicilia Nero D&#8217;Avola l\u00e0 m\u1ed9t chai vang \u0111\u1ecf mang \u0111\u1eadm b\u1ea3n s\u1eafc hoang d\u00e3 v\u00e0 \u1ea5m \u00e1p c\u1ee7a h\u00f2n \u0111\u1ea3o Sicily xinh \u0111\u1eb9p, mi\u1ec1n&#8230;<\/p>\n","protected":false},"featured_media":12302,"comment_status":"open","ping_status":"closed","template":"","meta":[],"product_brand":[],"product_cat":[1177],"product_tag":[],"class_list":{"0":"post-12301","1":"product","2":"type-product","3":"status-publish","4":"has-post-thumbnail","6":"product_cat-cantine-pirovano","7":"pa_dung-tich-750ml","8":"pa_giong-nho-nero-davola","9":"pa_loai-vang-red-wine","10":"pa_nha-san-xuat-cantine-pirovano","11":"pa_quoc-gia-italy","12":"pa_vung-nho-sicilia","14":"first","15":"instock","16":"taxable","17":"shipping-taxable","18":"purchasable","19":"product-type-simple"},"_links":{"self":[{"href":"https:\/\/hedon.com.vn\/en\/wp-json\/wp\/v2\/product\/12301","targetHints":{"allow":["GET"]}}],"collection":[{"href":"https:\/\/hedon.com.vn\/en\/wp-json\/wp\/v2\/product"}],"about":[{"href":"https:\/\/hedon.com.vn\/en\/wp-json\/wp\/v2\/types\/product"}],"replies":[{"embeddable":true,"href":"https:\/\/hedon.com.vn\/en\/wp-json\/wp\/v2\/comments?post=12301"}],"wp:featuredmedia":[{"embeddable":true,"href":"https:\/\/hedon.com.vn\/en\/wp-json\/wp\/v2\/media\/12302"}],"wp:attachment":[{"href":"https:\/\/hedon.com.vn\/en\/wp-json\/wp\/v2\/media?parent=12301"}],"wp:term":[{"taxonomy":"product_brand","embeddable":true,"href":"https:\/\/hedon.com.vn\/en\/wp-json\/wp\/v2\/product_brand?post=12301"},{"taxonomy":"product_cat","embeddable":true,"href":"https:\/\/hedon.com.vn\/en\/wp-json\/wp\/v2\/product_cat?post=12301"},{"taxonomy":"product_tag","embeddable":true,"href":"https:\/\/hedon.com.vn\/en\/wp-json\/wp\/v2\/product_tag?post=12301"}],"curies":[{"name":"wp","href":"https:\/\/api.w.org\/{rel}","templated":true}]}}