{"id":12303,"date":"2026-02-26T15:37:01","date_gmt":"2026-02-26T08:37:01","guid":{"rendered":"https:\/\/hedon.com.vn\/san-pham\/ruou-vang-y-pirovano-collezione-costantino-puglia-primitivo\/"},"modified":"2026-02-26T15:37:01","modified_gmt":"2026-02-26T08:37:01","slug":"ruou-vang-y-pirovano-collezione-costantino-puglia-primitivo","status":"publish","type":"product","link":"https:\/\/hedon.com.vn\/en\/san-pham\/ruou-vang-y-pirovano-collezione-costantino-puglia-primitivo\/","title":{"rendered":"R\u01b0\u1ee3u vang \u00dd Pirovano Collezione Costantino Puglia Primitivo"},"content":{"rendered":"<p><strong>R\u01b0\u1ee3u vang \u00dd Pirovano Collezione Costantino Puglia Primitivo<\/strong> l\u00e0 m\u1ed9t chai vang \u0111\u1ecf quy\u1ebfn r\u0169 mang \u0111\u1eadm h\u01a1i th\u1edf \u1ea5m \u00e1p c\u1ee7a v\u00f9ng Puglia, mi\u1ec1n Nam n\u01b0\u1edbc \u00dd. \u0110\u01b0\u1ee3c l\u00ean men ho\u00e0n to\u00e0n t\u1eeb gi\u1ed1ng nho Primitivo \u0111\u1eb7c tr\u01b0ng, r\u01b0\u1ee3u tr\u1ea3i qua qu\u00e1 tr\u00ecnh ng\u00e2m \u1ee7 ti\u00eau chu\u1ea9n \u0111\u1ec3 gi\u1eef tr\u1ecdn v\u1eb9n h\u01b0\u01a1ng v\u1ecb hoa qu\u1ea3 s\u1eabm m\u00e0u ch\u00edn m\u1ecdng v\u00e0 t\u1ef1 nhi\u00ean nh\u1ea5t. \u0110i\u1ec3m n\u1ed5i b\u1eadt c\u1ee7a chai vang n\u00e0y l\u00e0 ch\u1ea5t v\u1ecb m\u1ec1m m\u01b0\u1ee3t, \u0111\u1eadm \u0111\u00e0, v\u00f4 c\u00f9ng n\u1ecbnh mi\u1ec7ng c\u00f9ng m\u1ed9t m\u1ee9c gi\u00e1 c\u1ef1c k\u1ef3 ph\u1ea3i ch\u0103ng, bi\u1ebfn n\u00f3 th\u00e0nh l\u1ef1a ch\u1ecdn ho\u00e0n h\u1ea3o cho c\u00e1c b\u1eefa ti\u1ec7c \u0111\u00f4ng ng\u01b0\u1eddi ho\u1eb7c th\u01b0\u1edfng th\u1ee9c h\u00e0ng ng\u00e0y.<\/p>\n<h2>1. Gi\u1edbi thi\u1ec7u v\u1ec1 nh\u00e0 s\u1ea3n xu\u1ea5t<\/h2>\n<p><strong>Cantine Pirovano<\/strong> l\u00e0 m\u1ed9t trong nh\u1eefng nh\u00e0 s\u1ea3n xu\u1ea5t r\u01b0\u1ee3u vang gia \u0111\u00ecnh c\u00f3 l\u1ecbch s\u1eed l\u00e2u \u0111\u1eddi v\u00e0 quy m\u00f4 l\u1edbn t\u1ea1i \u00dd, \u0111\u01b0\u1ee3c th\u00e0nh l\u1eadp t\u1eeb n\u0103m 1910. Tr\u1ea3i qua h\u01a1n m\u1ed9t th\u1ebf k\u1ef7 ph\u00e1t tri\u1ec3n, nh\u00e0 l\u00e0m vang n\u00e0y n\u1ed5i b\u1eadt v\u1edbi tri\u1ebft l\u00fd k\u1ebft n\u1ed1i di s\u1ea3n truy\u1ec1n th\u1ed1ng v\u00f9ng mi\u1ec1n c\u00f9ng c\u00f4ng ngh\u1ec7 s\u1ea3n xu\u1ea5t hi\u1ec7n \u0111\u1ea1i, cung c\u1ea5p danh m\u1ee5c s\u1ea3n ph\u1ea9m v\u00f4 c\u00f9ng \u0111a d\u1ea1ng. V\u1ecb th\u1ebf c\u1ee7a Pirovano lu\u00f4n \u0111\u01b0\u1ee3c kh\u1eb3ng \u0111\u1ecbnh th\u00f4ng qua vi\u1ec7c li\u00ean t\u1ee5c mang \u0111\u1ebfn th\u1ecb tr\u01b0\u1eddng nh\u1eefng d\u00f2ng vang ph\u1ea3n \u00e1nh ch\u00e2n th\u1ef1c b\u1ea3n s\u1eafc th\u1ed5 nh\u01b0\u1ee1ng t\u1eebng v\u00f9ng v\u1edbi m\u1ee9c gi\u00e1 c\u1ef1c k\u1ef3 c\u1ea1nh tranh.<\/p>\n<h2>2. Th\u00f4ng tin v\u1ec1 r\u01b0\u1ee3u vang<\/h2>\n<ul>\n<li>Nh\u00e0 s\u1ea3n xu\u1ea5t: Cantine Pirovano<\/li>\n<li>V\u00f9ng s\u1ea3n xu\u1ea5t: Puglia IGT, \u00dd<\/li>\n<li>Gi\u1ed1ng nho: 100% Primitivo<\/li>\n<li>N\u1ed3ng \u0111\u1ed9 c\u1ed3n: 14% &#8211; 14.5% (t\u00f9y ni\u00ean v\u1ee5)<\/li>\n<li>Th\u1ec3 t\u00edch: 750ml<\/li>\n<\/ul>\n<h2>3. H\u01b0\u01a1ng v\u1ecb c\u1ee7a r\u01b0\u1ee3u vang<\/h2>\n<p>M\u00e0u s\u1eafc: R\u01b0\u1ee3u s\u1edf h\u1eefu m\u00e0u \u0111\u1ecf ruby \u0111\u1eadm \u0111\u00e0, t\u01b0\u01a1i s\u00e1ng v\u00e0 l\u1ea5p l\u00e1nh \u00e1nh t\u00edm v\u00f4 c\u00f9ng b\u1eaft m\u1eaft khi r\u00f3t ra ly.<\/p>\n<p>H\u01b0\u01a1ng: B\u1ed9c l\u1ed9 h\u01b0\u01a1ng th\u01a1m n\u1ed3ng n\u00e0n, ng\u1ecdt ng\u00e0o c\u1ee7a c\u00e1c lo\u1ea1i qu\u1ea3 m\u1ecdng \u0111en ch\u00edn k\u1ef9 nh\u01b0 qu\u1ea3 m\u1eadn, anh \u0111\u00e0o \u0111en v\u00e0 d\u00e2u t\u1eb1m. Xen l\u1eabn v\u00e0o \u0111\u00f3 l\u00e0 nh\u1eefng n\u1ed1t h\u01b0\u01a1ng gia v\u1ecb \u00eam \u00e1i, thoang tho\u1ea3ng m\u00f9i qu\u1ebf, ch\u00fat cam th\u1ea3o v\u00e0 m\u1ed9t n\u1ed1t h\u01b0\u01a1ng cacao nh\u1eb9 nh\u00e0ng v\u00f4 c\u00f9ng l\u00f4i cu\u1ed1n.<\/p>\n<p>V\u1ecb: Tr\u00ean v\u00f2m mi\u1ec7ng, r\u01b0\u1ee3u th\u1ec3 hi\u1ec7n c\u1ea5u tr\u00fac \u0111\u1eadm \u0111\u00e0 (full-bodied) nh\u01b0ng l\u1ea1i c\u1ef1c k\u1ef3 \u00eam \u00e1i v\u00e0 n\u1ecbnh mi\u1ec7ng &#8211; m\u1ed9t \u0111\u1eb7c tr\u01b0ng r\u1ea5t \u0111\u01b0\u1ee3c y\u00eau th\u00edch c\u1ee7a nho Primitivo. V\u1ecb ch\u00e1t (tannin) d\u1ed3i d\u00e0o nh\u01b0ng v\u00f4 c\u00f9ng m\u01b0\u1ee3t m\u00e0, k\u1ebft h\u1ee3p c\u00f9ng \u0111\u1ed9 chua nh\u1eb9 nh\u00e0ng v\u00e0 ch\u00fat v\u1ecb ng\u1ecdt t\u1ef1 nhi\u00ean \u0111\u1ecdng l\u1ea1i n\u01a1i \u0111\u1ea7u l\u01b0\u1ee1i. H\u1eadu v\u1ecb k\u00e9o d\u00e0i \u00eam d\u1ecbu, mang theo d\u01b0 v\u1ecb c\u1ee7a m\u1ee9t tr\u00e1i c\u00e2y v\u00e0 gia v\u1ecb \u1ea5m \u00e1p.<\/p>\n<h2>4. K\u1ebft h\u1ee3p m\u00f3n \u0103n<\/h2>\n<ul>\n<li>M\u00f3n \u0103n ph\u00f9 h\u1ee3p v\u1edbi chai r\u01b0\u1ee3u n\u00e0y: C\u1ea5u tr\u00fac \u0111\u1eadm \u0111\u00e0 v\u00e0 v\u1ecb ng\u00f2n ng\u1ecdt n\u1ecbnh mi\u1ec7ng c\u1ee7a r\u01b0\u1ee3u c\u1ef1c k\u1ef3 l\u00fd t\u01b0\u1edfng \u0111\u1ec3 k\u1ebft n\u1ed1i v\u1edbi c\u00e1c m\u00f3n th\u1ecbt \u0111\u1ecf t\u1ea9m \u01b0\u1edbp \u0111\u1eadm v\u1ecb (BBQ, s\u01b0\u1eddn n\u01b0\u1edbng m\u1eadt ong), b\u00edt t\u1ebft b\u00f2 s\u1ed1t ti\u00eau, m\u1ef3 \u00dd s\u1ed1t c\u00e0 chua \u0111\u1eadm \u0111\u00e0, l\u1ea1p x\u01b0\u1edfng n\u01b0\u1edbng ho\u1eb7c c\u00e1c lo\u1ea1i ph\u00f4 mai b\u00e1n c\u1ee9ng.<\/li>\n<li>Nhi\u1ec7t \u0111\u1ed9 ph\u1ee5c v\u1ee5: Ngon nh\u1ea5t khi \u0111\u01b0\u1ee3c th\u01b0\u1edfng th\u1ee9c \u1edf m\u1ee9c nhi\u1ec7t \u0111\u1ed9 16 &#8211; 18\u00b0C.<\/li>\n<li>Ch\u00fa \u00fd khi ph\u1ee5c v\u1ee5: B\u1ea1n n\u00ean m\u1edf n\u1eafp chai cho r\u01b0\u1ee3u th\u1edf t\u1ef1 nhi\u00ean trong chai ho\u1eb7c r\u00f3t ra b\u00ecnh th\u1edf (decanter) kho\u1ea3ng 20 &#8211; 30 ph\u00fat tr\u01b0\u1edbc khi th\u01b0\u1edfng th\u1ee9c \u0111\u1ec3 r\u01b0\u1ee3u bung t\u1ecfa tr\u1ecdn v\u1eb9n s\u1ef1 ph\u1ee9c h\u1ee3p trong h\u01b0\u01a1ng th\u01a1m v\u00e0 l\u00e0m m\u1ec1m c\u1ea5u tr\u00fac vang.<\/li>\n<\/ul>\n","protected":false},"excerpt":{"rendered":"<p>R\u01b0\u1ee3u vang \u00dd Pirovano Collezione Costantino Puglia Primitivo l\u00e0 m\u1ed9t chai vang \u0111\u1ecf quy\u1ebfn r\u0169 mang \u0111\u1eadm h\u01a1i th\u1edf \u1ea5m \u00e1p c\u1ee7a v\u00f9ng Puglia, mi\u1ec1n Nam n\u01b0\u1edbc \u00dd. \u0110\u01b0\u1ee3c l\u00ean&#8230;<\/p>\n","protected":false},"featured_media":12304,"comment_status":"open","ping_status":"closed","template":"","meta":[],"product_brand":[],"product_cat":[1177],"product_tag":[],"class_list":{"0":"post-12303","1":"product","2":"type-product","3":"status-publish","4":"has-post-thumbnail","6":"product_cat-cantine-pirovano","7":"pa_dung-tich-750ml","8":"pa_giong-nho-primitivo","9":"pa_loai-vang-red-wine","10":"pa_nha-san-xuat-cantine-pirovano","11":"pa_quoc-gia-italy","12":"pa_vung-nho-puglia","14":"first","15":"instock","16":"taxable","17":"shipping-taxable","18":"purchasable","19":"product-type-simple"},"_links":{"self":[{"href":"https:\/\/hedon.com.vn\/en\/wp-json\/wp\/v2\/product\/12303","targetHints":{"allow":["GET"]}}],"collection":[{"href":"https:\/\/hedon.com.vn\/en\/wp-json\/wp\/v2\/product"}],"about":[{"href":"https:\/\/hedon.com.vn\/en\/wp-json\/wp\/v2\/types\/product"}],"replies":[{"embeddable":true,"href":"https:\/\/hedon.com.vn\/en\/wp-json\/wp\/v2\/comments?post=12303"}],"wp:featuredmedia":[{"embeddable":true,"href":"https:\/\/hedon.com.vn\/en\/wp-json\/wp\/v2\/media\/12304"}],"wp:attachment":[{"href":"https:\/\/hedon.com.vn\/en\/wp-json\/wp\/v2\/media?parent=12303"}],"wp:term":[{"taxonomy":"product_brand","embeddable":true,"href":"https:\/\/hedon.com.vn\/en\/wp-json\/wp\/v2\/product_brand?post=12303"},{"taxonomy":"product_cat","embeddable":true,"href":"https:\/\/hedon.com.vn\/en\/wp-json\/wp\/v2\/product_cat?post=12303"},{"taxonomy":"product_tag","embeddable":true,"href":"https:\/\/hedon.com.vn\/en\/wp-json\/wp\/v2\/product_tag?post=12303"}],"curies":[{"name":"wp","href":"https:\/\/api.w.org\/{rel}","templated":true}]}}