{"id":12305,"date":"2026-02-26T15:36:55","date_gmt":"2026-02-26T08:36:55","guid":{"rendered":"https:\/\/hedon.com.vn\/san-pham\/ruou-vang-y-pirovano-collezione-costantino-salento-rosso-passito\/"},"modified":"2026-02-26T15:36:55","modified_gmt":"2026-02-26T08:36:55","slug":"ruou-vang-y-pirovano-collezione-costantino-salento-rosso-passito","status":"publish","type":"product","link":"https:\/\/hedon.com.vn\/en\/san-pham\/ruou-vang-y-pirovano-collezione-costantino-salento-rosso-passito\/","title":{"rendered":"R\u01b0\u1ee3u vang \u00dd Pirovano Collezione Costantino Salento Rosso Passito"},"content":{"rendered":"<p><strong>R\u01b0\u1ee3u vang \u00dd Pirovano Collezione Costantino Salento Rosso Passito<\/strong> l\u00e0 m\u1ed9t tuy\u1ec7t t\u00e1c vang \u0111\u1ecf ng\u1ecdt ng\u00e0o v\u00e0 \u0111\u1eadm \u0111\u00e0 \u0111\u1ebfn t\u1eeb v\u00f9ng Salento IGT ng\u1eadp tr\u00e0n n\u1eafng \u1ea5m c\u1ee7a mi\u1ec1n Nam n\u01b0\u1edbc \u00dd. \u0110i\u1ec3m l\u00e0m n\u00ean s\u1ef1 kh\u00e1c bi\u1ec7t c\u1ee7a chai vang n\u00e0y l\u00e0 ph\u01b0\u01a1ng ph\u00e1p s\u1ea3n xu\u1ea5t &#8220;Passito&#8221; c\u1ed5 \u0111i\u1ec3n, trong \u0111\u00f3 nh\u1eefng tr\u00e1i nho b\u1ea3n \u0111\u1ecba \u0111\u01b0\u1ee3c \u0111\u1ec3 h\u00e9o t\u1ef1 nhi\u00ean tr\u00ean c\u00e0nh ho\u1eb7c tr\u00ean khay tre nh\u1eb1m c\u00f4 \u0111\u1eb7c l\u01b0\u1ee3ng \u0111\u01b0\u1eddng v\u00e0 h\u01b0\u01a1ng v\u1ecb tr\u01b0\u1edbc khi \u00e9p. Tr\u1ea3i qua qu\u00e1 tr\u00ecnh ng\u00e2m \u1ee7 tinh t\u1ebf, r\u01b0\u1ee3u mang \u0111\u1ebfn m\u1ed9t c\u1ea5u tr\u00fac nhung l\u1ee5a v\u0129 \u0111\u1ea1i, h\u01b0\u01a1ng th\u01a1m b\u00f9ng n\u1ed5 c\u1ee7a tr\u00e1i c\u00e2y s\u1ea5y kh\u00f4 v\u00e0 d\u01b0 v\u1ecb ng\u1ecdt ng\u00e0o v\u00f4 c\u00f9ng quy\u1ebfn r\u0169.<\/p>\n<h2>1. Gi\u1edbi thi\u1ec7u v\u1ec1 nh\u00e0 s\u1ea3n xu\u1ea5t<\/h2>\n<p><strong>Cantine Pirovano<\/strong> l\u00e0 m\u1ed9t trong nh\u1eefng nh\u00e0 s\u1ea3n xu\u1ea5t r\u01b0\u1ee3u vang gia \u0111\u00ecnh l\u00e2u \u0111\u1eddi v\u00e0 c\u00f3 quy m\u00f4 l\u1edbn t\u1ea1i \u00dd, \u0111\u01b0\u1ee3c th\u00e0nh l\u1eadp t\u1eeb n\u0103m 1910. Tr\u1ea3i qua h\u01a1n m\u1ed9t th\u1ebf k\u1ef7 ph\u00e1t tri\u1ec3n, nh\u00e0 l\u00e0m vang n\u00e0y n\u1ed5i b\u1eadt v\u1edbi tri\u1ebft l\u00fd k\u1ebft n\u1ed1i di s\u1ea3n truy\u1ec1n th\u1ed1ng v\u00f9ng mi\u1ec1n v\u1edbi c\u00f4ng ngh\u1ec7 s\u1ea3n xu\u1ea5t hi\u1ec7n \u0111\u1ea1i, cung c\u1ea5p danh m\u1ee5c s\u1ea3n ph\u1ea9m v\u00f4 c\u00f9ng \u0111a d\u1ea1ng t\u1eeb B\u1eafc ch\u00ed Nam. V\u1ecb th\u1ebf c\u1ee7a Pirovano lu\u00f4n \u0111\u01b0\u1ee3c gi\u1eef v\u1eefng nh\u1edd kh\u1ea3 n\u0103ng li\u00ean t\u1ee5c mang \u0111\u1ebfn th\u1ecb tr\u01b0\u1eddng nh\u1eefng d\u00f2ng vang ch\u1ea5t l\u01b0\u1ee3ng cao, mang \u0111\u1eadm b\u1ea3n s\u1eafc th\u1ed5 nh\u01b0\u1ee1ng t\u1eebng v\u00f9ng v\u00e0 c\u00f3 m\u1ee9c gi\u00e1 c\u1ef1c k\u1ef3 c\u1ea1nh tranh.<\/p>\n<h2>2. Th\u00f4ng tin v\u1ec1 r\u01b0\u1ee3u vang<\/h2>\n<ul>\n<li>Nh\u00e0 s\u1ea3n xu\u1ea5t: Cantine Pirovano<\/li>\n<li>V\u00f9ng s\u1ea3n xu\u1ea5t: Salento IGT, Puglia, \u00dd<\/li>\n<li>Gi\u1ed1ng nho: Ph\u1ed1i tr\u1ed9n c\u00e1c gi\u1ed1ng nho b\u1ea3n \u0111\u1ecba (Th\u01b0\u1eddng l\u00e0 Negroamaro, Primitivo, Malvasia Nera)<\/li>\n<li>N\u1ed3ng \u0111\u1ed9 c\u1ed3n: 14.5% &#8211; 15% (t\u00f9y ni\u00ean v\u1ee5)<\/li>\n<li>Th\u1ec3 t\u00edch: 750ml<\/li>\n<\/ul>\n<h2>3. H\u01b0\u01a1ng v\u1ecb c\u1ee7a r\u01b0\u1ee3u vang<\/h2>\n<p>M\u00e0u s\u1eafc: R\u01b0\u1ee3u s\u1edf h\u1eefu m\u00e0u \u0111\u1ecf ruby \u0111\u1eadm s\u00e2u, v\u00f4 c\u00f9ng s\u00f3ng s\u00e1nh v\u00e0 l\u1ea5p l\u00e1nh \u00e1nh ng\u1ecdc h\u1ed3ng l\u1ef1u (garnet) sang tr\u1ecdng.<\/p>\n<p>H\u01b0\u01a1ng: Lan t\u1ecfa b\u00f3 h\u01b0\u01a1ng v\u00f4 c\u00f9ng n\u1ed3ng n\u00e0n, ph\u1ee9c h\u1ee3p c\u1ee7a c\u00e1c lo\u1ea1i tr\u00e1i c\u00e2y s\u1ea5y kh\u00f4 v\u00e0 m\u1ee9t qu\u1ea3 nh\u01b0 nho kh\u00f4, ch\u00e0 l\u00e0, m\u1eadn s\u1ea5y v\u00e0 anh \u0111\u00e0o \u0111en ng\u00e2m s\u00f4-c\u00f4-la. Nh\u1edd ph\u01b0\u01a1ng ph\u00e1p Passito v\u00e0 qu\u00e1 tr\u00ecnh \u1ee7, r\u01b0\u1ee3u bung t\u1ecfa th\u00eam nh\u1eefng n\u1ed1t h\u01b0\u01a1ng th\u1ee9 c\u1ea5p \u0111\u1ea7y l\u00f4i cu\u1ed1n c\u1ee7a vani ng\u1ecdt ng\u00e0o, qu\u1ebf, \u0111inh h\u01b0\u01a1ng v\u00e0 n\u1ed1t h\u01b0\u01a1ng x\u00ec g\u00e0 thanh l\u1ecbch.<\/p>\n<p>V\u1ecb: Tr\u00ean v\u00f2m mi\u1ec7ng, r\u01b0\u1ee3u th\u1ec3 hi\u1ec7n m\u1ed9t c\u1ea5u tr\u00fac v\u00f4 c\u00f9ng \u0111\u1ed3 s\u1ed9, \u0111\u1eaby \u0111\u00e0 (full-bodied) nh\u01b0ng l\u1ea1i m\u1ec1m m\u1ea1i nh\u01b0 l\u1ee5a. V\u1ecb ch\u00e1t (tannin) d\u1ed3i d\u00e0o, tr\u01b0\u1edfng th\u00e0nh \u0111\u01b0\u1ee3c c\u00e2n b\u1eb1ng ho\u00e0n h\u1ea3o b\u1edfi s\u1ef1 \u0111\u1eadm \u0111\u1eb7c c\u1ee7a tr\u00e1i c\u00e2y v\u00e0 m\u1ed9t l\u01b0\u1ee3ng \u0111\u01b0\u1eddng d\u01b0 t\u1ef1 nhi\u00ean, mang l\u1ea1i c\u1ea3m gi\u00e1c ng\u00f2n ng\u1ecdt \u0111\u1ea7y \u0111\u1eb7n \u1edf \u0111\u1ea7u l\u01b0\u1ee1i. H\u1eadu v\u1ecb k\u00e9o d\u00e0i mi\u00ean man, \u1ea5m \u00e1p v\u1edbi d\u01b0 v\u1ecb c\u1ee7a m\u1ee9t tr\u00e1i c\u00e2y v\u00e0 gia v\u1ecb cay \u00eam \u00e1i.<\/p>\n<h2>4. K\u1ebft h\u1ee3p m\u00f3n \u0103n<\/h2>\n<ul>\n<li>M\u00f3n \u0103n ph\u00f9 h\u1ee3p v\u1edbi chai r\u01b0\u1ee3u n\u00e0y: C\u1ea5u tr\u00fac \u0111\u1eaby \u0111\u00e0 v\u00e0 v\u1ecb ng\u00f2n ng\u1ecdt n\u1ecbnh mi\u1ec7ng c\u1ee7a r\u01b0\u1ee3u c\u1ef1c k\u1ef3 l\u00fd t\u01b0\u1edfng \u0111\u1ec3 k\u1ebft n\u1ed1i v\u1edbi c\u00e1c m\u00f3n th\u1ecbt \u0111\u1ecf t\u1ea9m \u01b0\u1edbp \u0111\u1eadm v\u1ecb (BBQ, s\u01b0\u1eddn n\u01b0\u1edbng m\u1eadt ong), th\u1ecbt th\u00fa r\u1eebng, c\u00e1c lo\u1ea1i ph\u00f4 mai \u0111\u1eadm m\u00f9i (nh\u01b0 Gorgonzola) ho\u1eb7c th\u1eadm ch\u00ed d\u00f9ng k\u00e8m v\u1edbi c\u00e1c m\u00f3n tr\u00e1ng mi\u1ec7ng t\u1eeb s\u00f4-c\u00f4-la \u0111en.<\/li>\n<li>Nhi\u1ec7t \u0111\u1ed9 ph\u1ee5c v\u1ee5: Ngon nh\u1ea5t khi \u0111\u01b0\u1ee3c th\u01b0\u1edfng th\u1ee9c \u1edf m\u1ee9c nhi\u1ec7t \u0111\u1ed9 16 &#8211; 18\u00b0C.<\/li>\n<li>Ch\u00fa \u00fd khi ph\u1ee5c v\u1ee5: B\u1ea1n n\u00ean r\u00f3t r\u01b0\u1ee3u ra b\u00ecnh th\u1edf (decanter) kho\u1ea3ng 45 &#8211; 60 ph\u00fat tr\u01b0\u1edbc khi th\u01b0\u1edfng th\u1ee9c \u0111\u1ec3 r\u01b0\u1ee3u bung t\u1ecfa tr\u1ecdn v\u1eb9n s\u1ef1 ph\u1ee9c h\u1ee3p trong h\u01b0\u01a1ng th\u01a1m v\u00e0 l\u00e0m d\u1ecbu \u0111i n\u1ed3ng \u0111\u1ed9 c\u1ed3n m\u1ea1nh m\u1ebd.<\/li>\n<\/ul>\n","protected":false},"excerpt":{"rendered":"<p>R\u01b0\u1ee3u vang \u00dd Pirovano Collezione Costantino Salento Rosso Passito l\u00e0 m\u1ed9t tuy\u1ec7t t\u00e1c vang \u0111\u1ecf ng\u1ecdt ng\u00e0o v\u00e0 \u0111\u1eadm \u0111\u00e0 \u0111\u1ebfn t\u1eeb v\u00f9ng Salento IGT ng\u1eadp tr\u00e0n n\u1eafng \u1ea5m c\u1ee7a&#8230;<\/p>\n","protected":false},"featured_media":12306,"comment_status":"open","ping_status":"closed","template":"","meta":[],"product_brand":[],"product_cat":[1177],"product_tag":[],"class_list":{"0":"post-12305","1":"product","2":"type-product","3":"status-publish","4":"has-post-thumbnail","6":"product_cat-cantine-pirovano","7":"pa_dung-tich-750ml","8":"pa_giong-nho-malvasia-nera","9":"pa_giong-nho-montepulciano","10":"pa_giong-nho-negroamaro","11":"pa_loai-vang-red-wine","12":"pa_nha-san-xuat-cantine-pirovano","13":"pa_quoc-gia-italy","14":"pa_vung-nho-puglia","16":"first","17":"instock","18":"taxable","19":"shipping-taxable","20":"purchasable","21":"product-type-simple"},"_links":{"self":[{"href":"https:\/\/hedon.com.vn\/en\/wp-json\/wp\/v2\/product\/12305","targetHints":{"allow":["GET"]}}],"collection":[{"href":"https:\/\/hedon.com.vn\/en\/wp-json\/wp\/v2\/product"}],"about":[{"href":"https:\/\/hedon.com.vn\/en\/wp-json\/wp\/v2\/types\/product"}],"replies":[{"embeddable":true,"href":"https:\/\/hedon.com.vn\/en\/wp-json\/wp\/v2\/comments?post=12305"}],"wp:featuredmedia":[{"embeddable":true,"href":"https:\/\/hedon.com.vn\/en\/wp-json\/wp\/v2\/media\/12306"}],"wp:attachment":[{"href":"https:\/\/hedon.com.vn\/en\/wp-json\/wp\/v2\/media?parent=12305"}],"wp:term":[{"taxonomy":"product_brand","embeddable":true,"href":"https:\/\/hedon.com.vn\/en\/wp-json\/wp\/v2\/product_brand?post=12305"},{"taxonomy":"product_cat","embeddable":true,"href":"https:\/\/hedon.com.vn\/en\/wp-json\/wp\/v2\/product_cat?post=12305"},{"taxonomy":"product_tag","embeddable":true,"href":"https:\/\/hedon.com.vn\/en\/wp-json\/wp\/v2\/product_tag?post=12305"}],"curies":[{"name":"wp","href":"https:\/\/api.w.org\/{rel}","templated":true}]}}