{"id":12307,"date":"2026-02-26T15:36:54","date_gmt":"2026-02-26T08:36:54","guid":{"rendered":"https:\/\/hedon.com.vn\/san-pham\/ruou-vang-y-pirovano-collezione-costantino-primitivo-di-manduria\/"},"modified":"2026-02-26T15:36:54","modified_gmt":"2026-02-26T08:36:54","slug":"ruou-vang-y-pirovano-collezione-costantino-primitivo-di-manduria","status":"publish","type":"product","link":"https:\/\/hedon.com.vn\/en\/san-pham\/ruou-vang-y-pirovano-collezione-costantino-primitivo-di-manduria\/","title":{"rendered":"R\u01b0\u1ee3u vang \u00dd Pirovano Collezione Costantino Primitivo Di Manduria"},"content":{"rendered":"<p><strong>R\u01b0\u1ee3u vang \u00dd Pirovano Collezione Costantino Primitivo Di Manduria<\/strong> l\u00e0 m\u1ed9t chai vang \u0111\u1ecf cao c\u1ea5p \u0111\u1ebfn t\u1eeb v\u00f9ng Primitivo di Manduria DOC tr\u1ee9 danh c\u1ee7a mi\u1ec1n Nam n\u01b0\u1edbc \u00dd. \u0110\u01b0\u1ee3c l\u00ean men ho\u00e0n to\u00e0n t\u1eeb 100% gi\u1ed1ng nho Primitivo thu ho\u1ea1ch th\u1ee7 c\u00f4ng t\u1eeb nh\u1eefng g\u1ed1c nho c\u00f3 tu\u1ed5i \u0111\u1eddi cao, r\u01b0\u1ee3u tr\u1ea3i qua qu\u00e1 tr\u00ecnh ng\u00e2m \u1ee7 k\u1ef9 l\u01b0\u1ee1ng trong th\u00f9ng g\u1ed7 s\u1ed3i \u0111\u1ec3 ph\u00e1t tri\u1ec3n t\u1ed1i \u0111a \u0111\u1ed9 ph\u1ee9c h\u1ee3p. \u0110i\u1ec3m n\u1ed5i b\u1eadt c\u1ee7a chai vang n\u00e0y l\u00e0 ch\u1ea5t v\u1ecb \u0111\u1eaby \u0111\u00e0, c\u1ea5u tr\u00fac nhung l\u1ee5a m\u01b0\u1ee3t m\u00e0 c\u00f9ng h\u01b0\u01a1ng th\u01a1m b\u00f9ng n\u1ed5 c\u1ee7a m\u1ee9t tr\u00e1i c\u00e2y v\u00e0 gia v\u1ecb ng\u1ecdt, mang \u0111\u1ebfn m\u1ed9t tr\u1ea3i nghi\u1ec7m th\u01b0\u1edfng th\u1ee9c v\u00f4 c\u00f9ng quy\u1ebfn r\u0169.<\/p>\n<h2>1. Gi\u1edbi thi\u1ec7u v\u1ec1 nh\u00e0 s\u1ea3n xu\u1ea5t<\/h2>\n<p><strong>Cantine Pirovano<\/strong> l\u00e0 m\u1ed9t trong nh\u1eefng nh\u00e0 s\u1ea3n xu\u1ea5t r\u01b0\u1ee3u vang gia \u0111\u00ecnh l\u00e2u \u0111\u1eddi v\u00e0 c\u00f3 quy m\u00f4 l\u1edbn t\u1ea1i \u00dd, \u0111\u01b0\u1ee3c th\u00e0nh l\u1eadp t\u1eeb n\u0103m 1910. Tr\u1ea3i qua h\u01a1n m\u1ed9t th\u1ebf k\u1ef7 ph\u00e1t tri\u1ec3n, nh\u00e0 l\u00e0m vang n\u00e0y n\u1ed5i b\u1eadt v\u1edbi tri\u1ebft l\u00fd k\u1ebft n\u1ed1i di s\u1ea3n truy\u1ec1n th\u1ed1ng v\u00f9ng mi\u1ec1n v\u1edbi c\u00f4ng ngh\u1ec7 s\u1ea3n xu\u1ea5t hi\u1ec7n \u0111\u1ea1i, cung c\u1ea5p danh m\u1ee5c s\u1ea3n ph\u1ea9m v\u00f4 c\u00f9ng \u0111a d\u1ea1ng t\u1eeb nhi\u1ec1u v\u00f9ng tr\u1ed3ng nho \u0111\u1eaft gi\u00e1. V\u1ecb th\u1ebf c\u1ee7a Pirovano ng\u00e0y c\u00e0ng \u0111\u01b0\u1ee3c c\u1ee7ng c\u1ed1 khi li\u00ean t\u1ee5c mang \u0111\u1ebfn th\u1ecb tr\u01b0\u1eddng nh\u1eefng d\u00f2ng vang ch\u1ea5t l\u01b0\u1ee3ng cao, \u1ed5n \u0111\u1ecbnh qua t\u1eebng ni\u00ean v\u1ee5 v\u00e0 lu\u00f4n gi\u1eef \u0111\u01b0\u1ee3c m\u1ee9c gi\u00e1 c\u1ef1c k\u1ef3 c\u1ea1nh tranh.<\/p>\n<h2>2. Th\u00f4ng tin v\u1ec1 r\u01b0\u1ee3u vang<\/h2>\n<ul>\n<li>Nh\u00e0 s\u1ea3n xu\u1ea5t: Cantine Pirovano<\/li>\n<li>V\u00f9ng s\u1ea3n xu\u1ea5t: Primitivo di Manduria DOC, Puglia, \u00dd<\/li>\n<li>Gi\u1ed1ng nho: 100% Primitivo<\/li>\n<li>N\u1ed3ng \u0111\u1ed9 c\u1ed3n: 14% &#8211; 14.5% (t\u00f9y ni\u00ean v\u1ee5)<\/li>\n<li>Th\u1ec3 t\u00edch: 750ml<\/li>\n<\/ul>\n<h2>3. H\u01b0\u01a1ng v\u1ecb c\u1ee7a r\u01b0\u1ee3u vang<\/h2>\n<p>M\u00e0u s\u1eafc: R\u01b0\u1ee3u s\u1edf h\u1eefu m\u00e0u \u0111\u1ecf ruby r\u1ef1c r\u1ee1 v\u00e0 \u0111\u1eadm s\u00e2u, l\u1ea5p l\u00e1nh nh\u1eefng \u00e1nh ng\u1ecdc h\u1ed3ng l\u1ef1u (garnet) sang tr\u1ecdng khi \u0111\u01b0\u1ee3c nu\u00f4i d\u01b0\u1ee1ng qua th\u1eddi gian.<\/p>\n<p>H\u01b0\u01a1ng: B\u1ed9c l\u1ed9 h\u01b0\u01a1ng th\u01a1m m\u00e3nh li\u1ec7t, n\u1ed3ng n\u00e0n c\u1ee7a c\u00e1c lo\u1ea1i qu\u1ea3 m\u1ecdng \u0111en ch\u00edn k\u1ef9 v\u00e0 m\u1ee9t tr\u00e1i c\u00e2y nh\u01b0 m\u1eadn s\u1ea5y, d\u00e2u \u0111en, anh \u0111\u00e0o ng\u00e2m r\u01b0\u1ee3u. Qu\u00e1 tr\u00ecnh \u1ee7 g\u1ed7 s\u1ed3i \u0111an xen th\u00eam nh\u1eefng n\u1ed1t h\u01b0\u01a1ng th\u1ee9 c\u1ea5p \u0111\u1ea7y l\u00f4i cu\u1ed1n c\u1ee7a vani ng\u1ecdt ng\u00e0o, ca cao, s\u00f4-c\u00f4-la \u0111en, h\u1ea1t ti\u00eau n\u01b0\u1edbng v\u00e0 ch\u00fat l\u00e1 thu\u1ed1c l\u00e1.<\/p>\n<p>V\u1ecb: Tr\u00ean v\u00f2m mi\u1ec7ng, r\u01b0\u1ee3u th\u1ec3 hi\u1ec7n c\u1ea5u tr\u00fac v\u00f4 c\u00f9ng \u0111\u1eaby \u0111\u00e0 (full-bodied), m\u1ea1nh m\u1ebd nh\u01b0ng l\u1ea1i c\u1ef1c k\u1ef3 \u00eam \u00e1i v\u00e0 n\u1ecbnh mi\u1ec7ng. V\u1ecb ch\u00e1t (tannin) d\u1ed3i d\u00e0o, tr\u01b0\u1edfng th\u00e0nh v\u00e0 \u0111\u01b0\u1ee3c m\u00e0i gi\u0169a tr\u00f2n tr\u1ecba nh\u01b0 nhung l\u1ee5a, h\u00f2a quy\u1ec7n xu\u1ea5t s\u1eafc c\u00f9ng \u0111\u1ed9 chua v\u1eeba ph\u1ea3i v\u00e0 v\u1ecb ng\u1ecdt nh\u1eb9 nh\u00e0ng t\u1ef1 nhi\u00ean \u1edf \u0111\u1ea7u l\u01b0\u1ee1i v\u00f4 c\u00f9ng \u0111\u1eb7c tr\u01b0ng c\u1ee7a nho Primitivo. H\u1eadu v\u1ecb k\u00e9o d\u00e0i mi\u00ean man, \u0111\u1ec3 l\u1ea1i d\u01b0 v\u1ecb \u1ea5m \u00e1p c\u1ee7a tr\u00e1i c\u00e2y ch\u00edn s\u1eabm m\u00e0u v\u00e0 gia v\u1ecb cay \u00eam d\u1ecbu.<\/p>\n<h2>4. K\u1ebft h\u1ee3p m\u00f3n \u0103n<\/h2>\n<ul>\n<li>M\u00f3n \u0103n ph\u00f9 h\u1ee3p v\u1edbi chai r\u01b0\u1ee3u n\u00e0y: C\u1ea5u tr\u00fac \u0111\u1eadm \u0111\u00e0 c\u1ee7a r\u01b0\u1ee3u c\u1ef1c k\u1ef3 l\u00fd t\u01b0\u1edfng \u0111\u1ec3 k\u1ebft n\u1ed1i v\u1edbi c\u00e1c m\u00f3n th\u1ecbt \u0111\u1ecf c\u00f3 t\u1ea9m \u01b0\u1edbp gia v\u1ecb \u0111\u1eadm \u0111\u00e0 nh\u01b0 b\u00edt t\u1ebft b\u00f2 n\u01b0\u1edbng than hoa, s\u01b0\u1eddn heo BBQ, \u0111\u00f9i c\u1eebu n\u01b0\u1edbng t\u1ecfi, l\u1ee3n r\u1eebng h\u1ea7m ho\u1eb7c c\u00e1c lo\u1ea1i ph\u00f4 mai c\u1ee9ng \u1ee7 l\u00e2u n\u0103m (nh\u01b0 Parmigiano-Reggiano, Pecorino).<\/li>\n<li>Nhi\u1ec7t \u0111\u1ed9 ph\u1ee5c v\u1ee5: Ngon nh\u1ea5t khi \u0111\u01b0\u1ee3c th\u01b0\u1edfng th\u1ee9c \u1edf m\u1ee9c nhi\u1ec7t \u0111\u1ed9 16 &#8211; 18\u00b0C.<\/li>\n<li>Ch\u00fa \u00fd khi ph\u1ee5c v\u1ee5: B\u1ea1n n\u00ean r\u00f3t r\u01b0\u1ee3u ra b\u00ecnh th\u1edf (decanter) kho\u1ea3ng 45 &#8211; 60 ph\u00fat tr\u01b0\u1edbc khi th\u01b0\u1edfng th\u1ee9c \u0111\u1ec3 r\u01b0\u1ee3u c\u00f3 th\u1eddi gian bung t\u1ecfa tr\u1ecdn v\u1eb9n s\u1ef1 ph\u1ee9c h\u1ee3p trong h\u01b0\u01a1ng th\u01a1m v\u00e0 l\u00e0m m\u1ec1m m\u1ea1i c\u1ea5u tr\u00fac v\u1ecb ch\u00e1t.<\/li>\n<\/ul>\n","protected":false},"excerpt":{"rendered":"<p>R\u01b0\u1ee3u vang \u00dd Pirovano Collezione Costantino Primitivo Di Manduria l\u00e0 m\u1ed9t chai vang \u0111\u1ecf cao c\u1ea5p \u0111\u1ebfn t\u1eeb v\u00f9ng Primitivo di Manduria DOC tr\u1ee9 danh c\u1ee7a mi\u1ec1n Nam n\u01b0\u1edbc \u00dd&#8230;.<\/p>\n","protected":false},"featured_media":12308,"comment_status":"open","ping_status":"closed","template":"","meta":[],"product_brand":[],"product_cat":[1177],"product_tag":[],"class_list":{"0":"post-12307","1":"product","2":"type-product","3":"status-publish","4":"has-post-thumbnail","6":"product_cat-cantine-pirovano","7":"pa_dung-tich-750ml","8":"pa_giong-nho-primitivo","9":"pa_loai-vang-red-wine","10":"pa_nha-san-xuat-cantine-pirovano","11":"pa_quoc-gia-italy","12":"pa_vung-nho-puglia","14":"first","15":"instock","16":"taxable","17":"shipping-taxable","18":"purchasable","19":"product-type-simple"},"_links":{"self":[{"href":"https:\/\/hedon.com.vn\/en\/wp-json\/wp\/v2\/product\/12307","targetHints":{"allow":["GET"]}}],"collection":[{"href":"https:\/\/hedon.com.vn\/en\/wp-json\/wp\/v2\/product"}],"about":[{"href":"https:\/\/hedon.com.vn\/en\/wp-json\/wp\/v2\/types\/product"}],"replies":[{"embeddable":true,"href":"https:\/\/hedon.com.vn\/en\/wp-json\/wp\/v2\/comments?post=12307"}],"wp:featuredmedia":[{"embeddable":true,"href":"https:\/\/hedon.com.vn\/en\/wp-json\/wp\/v2\/media\/12308"}],"wp:attachment":[{"href":"https:\/\/hedon.com.vn\/en\/wp-json\/wp\/v2\/media?parent=12307"}],"wp:term":[{"taxonomy":"product_brand","embeddable":true,"href":"https:\/\/hedon.com.vn\/en\/wp-json\/wp\/v2\/product_brand?post=12307"},{"taxonomy":"product_cat","embeddable":true,"href":"https:\/\/hedon.com.vn\/en\/wp-json\/wp\/v2\/product_cat?post=12307"},{"taxonomy":"product_tag","embeddable":true,"href":"https:\/\/hedon.com.vn\/en\/wp-json\/wp\/v2\/product_tag?post=12307"}],"curies":[{"name":"wp","href":"https:\/\/api.w.org\/{rel}","templated":true}]}}