{"id":12349,"date":"2026-02-26T15:36:27","date_gmt":"2026-02-26T08:36:27","guid":{"rendered":"https:\/\/hedon.com.vn\/san-pham\/ruou-vang-phap-hospices-de-beaune-beaune-1er-cru-cuvee-deslandes\/"},"modified":"2026-02-26T15:36:27","modified_gmt":"2026-02-26T08:36:27","slug":"ruou-vang-phap-hospices-de-beaune-beaune-1er-cru-cuvee-deslandes","status":"publish","type":"product","link":"https:\/\/hedon.com.vn\/en\/san-pham\/ruou-vang-phap-hospices-de-beaune-beaune-1er-cru-cuvee-deslandes\/","title":{"rendered":"R\u01b0\u1ee3u vang Ph\u00e1p Hospices de Beaune Beaune 1er Cru Cuv\u00e9e Deslandes"},"content":{"rendered":"<p><strong>R\u01b0\u1ee3u vang Ph\u00e1p Hospices de Beaune Beaune 1er Cru Cuv\u00e9e Deslandes<\/strong> l\u00e0 m\u1ed9t ki\u1ec7t t\u00e1c mang \u0111\u1eadm gi\u00e1 tr\u1ecb l\u1ecbch s\u1eed v\u00e0 nh\u00e2n v\u0103n s\u00e2u s\u1eafc t\u1eeb v\u00f9ng Burgundy danh gi\u00e1. \u0110\u01b0\u1ee3c l\u00ean men ho\u00e0n to\u00e0n t\u1eeb gi\u1ed1ng nho Pinot Noir cao c\u1ea5p v\u00e0 \u1ee7 trong th\u00f9ng g\u1ed7 s\u1ed3i Ph\u00e1p, qu\u00e1 tr\u00ecnh s\u1ea3n xu\u1ea5t chai vang n\u00e0y g\u1eafn li\u1ec1n v\u1edbi cu\u1ed9c \u0111\u1ea5u gi\u00e1 r\u01b0\u1ee3u vang t\u1eeb thi\u1ec7n l\u00e2u \u0111\u1eddi nh\u1ea5t th\u1ebf gi\u1edbi. \u0110i\u1ec3m n\u1ed5i b\u1eadt c\u1ee7a Cuv\u00e9e Deslandes l\u00e0 s\u1ef1 tinh t\u1ebf, thanh l\u1ecbch nh\u01b0ng kh\u00f4ng k\u00e9m ph\u1ea7n ph\u1ee9c h\u1ee3p, ph\u1ea3n \u00e1nh xu\u1ea5t s\u1eafc th\u1ed5 nh\u01b0\u1ee1ng \u0111\u1eaft gi\u00e1 c\u1ee7a ph\u00e2n h\u1ea1ng Premier Cru.<\/p>\n<h2>1. Gi\u1edbi thi\u1ec7u v\u1ec1 nh\u00e0 s\u1ea3n xu\u1ea5t<\/h2>\n<p><strong>Hospices de Beaune<\/strong> \u0111\u01b0\u1ee3c th\u00e0nh l\u1eadp v\u00e0o n\u0103m 1443, ban \u0111\u1ea7u l\u00e0 m\u1ed9t b\u1ec7nh vi\u1ec7n t\u1eeb thi\u1ec7n d\u00e0nh cho ng\u01b0\u1eddi ngh\u00e8o v\u00e0 nay \u0111\u00e3 tr\u1edf th\u00e0nh m\u1ed9t bi\u1ec3u t\u01b0\u1ee3ng di s\u1ea3n v\u0129 \u0111\u1ea1i c\u1ee7a v\u00f9ng Burgundy. Xuy\u00ean su\u1ed1t h\u00e0ng th\u1ebf k\u1ef7, t\u1ed5 ch\u1ee9c n\u00e0y li\u00ean t\u1ee5c nh\u1eadn \u0111\u01b0\u1ee3c s\u1ef1 hi\u1ebfn t\u1eb7ng c\u00e1c v\u01b0\u1eddn nho ch\u1ea5t l\u01b0\u1ee3ng cao t\u1eeb gi\u1edbi qu\u00fd t\u1ed9c v\u00e0 nh\u1eefng nh\u00e0 h\u1ea3o t\u00e2m. Ng\u00e0y nay, Hospices de Beaune gi\u1eef v\u1ecb th\u1ebf \u0111\u1ed9c t\u00f4n trong ng\u00e0nh r\u01b0\u1ee3u vang to\u00e0n c\u1ea7u th\u00f4ng qua cu\u1ed9c \u0111\u1ea5u gi\u00e1 th\u01b0\u1eddng ni\u00ean danh gi\u00e1, n\u01a1i nh\u1eefng th\u00f9ng vang th\u00f4 (pi\u00e8ce) \u0111\u01b0\u1ee3c b\u00e1n \u0111\u1ec3 g\u00e2y qu\u1ef9 t\u1eeb thi\u1ec7n tr\u01b0\u1edbc khi \u0111\u01b0\u1ee3c c\u00e1c nh\u00e0 \u0111\u00e0m ph\u00e1n (n\u00e9gociant) mua v\u1ec1 ti\u1ebfp t\u1ee5c ng\u00e2m \u1ee7 v\u00e0 \u0111\u00f3ng chai.<\/p>\n<h2>2. Th\u00f4ng tin v\u1ec1 r\u01b0\u1ee3u vang<\/h2>\n<ul>\n<li>Nh\u00e0 s\u1ea3n xu\u1ea5t: Hospices de Beaune (th\u01b0\u1eddng \u0111\u01b0\u1ee3c ng\u00e2m \u1ee7 v\u00e0 \u0111\u00f3ng chai b\u1edfi m\u1ed9t N\u00e9gociant c\u1ee5 th\u1ec3)<\/li>\n<li>V\u00f9ng s\u1ea3n xu\u1ea5t: Beaune 1er Cru (C\u00f4te de Beaune, Burgundy), Ph\u00e1p<\/li>\n<li>Gi\u1ed1ng nho: 100% Pinot Noir<\/li>\n<li>N\u1ed3ng \u0111\u1ed9 c\u1ed3n: 13% &#8211; 13.5% (t\u00f9y ni\u00ean v\u1ee5)<\/li>\n<li>Th\u1ec3 t\u00edch: 750ml<\/li>\n<\/ul>\n<h2>3. H\u01b0\u01a1ng v\u1ecb c\u1ee7a r\u01b0\u1ee3u vang<\/h2>\n<p>M\u00e0u s\u1eafc: R\u01b0\u1ee3u s\u1edf h\u1eefu m\u00e0u \u0111\u1ecf ruby t\u01b0\u01a1i t\u1eafn, l\u1ea5p l\u00e1nh v\u00e0 s\u1ebd d\u1ea7n chuy\u1ec3n sang \u00e1nh ng\u1ecdc h\u1ed3ng l\u1ef1u (garnet) thanh nh\u00e3 khi tr\u01b0\u1edfng th\u00e0nh theo th\u1eddi gian.<\/p>\n<p>H\u01b0\u01a1ng: B\u1ed9c l\u1ed9 b\u00f3 h\u01b0\u01a1ng ph\u1ee9c h\u1ee3p, quy\u1ebfn r\u0169 v\u1edbi s\u1ef1 d\u1eabn d\u1eaft c\u1ee7a c\u00e1c lo\u1ea1i qu\u1ea3 m\u1ecdng \u0111\u1ecf nh\u01b0 anh \u0111\u00e0o, d\u00e2u t\u00e2y v\u00e0 m\u00e2m x\u00f4i. Khi c\u00f3 th\u1eddi gian th\u1edf, r\u01b0\u1ee3u bung t\u1ecfa nh\u1eefng n\u1ed1t h\u01b0\u01a1ng th\u1ee9 c\u1ea5p \u0111\u1ea7y l\u00f4i cu\u1ed1n c\u1ee7a n\u1ea5m, th\u1ea3m r\u1eebng (\u0111\u1ea5t \u1ea9m), thoang tho\u1ea3ng ch\u00fat gia v\u1ecb v\u00e0 h\u01b0\u01a1ng kh\u00f3i g\u1ed7 s\u1ed3i tinh t\u1ebf.<\/p>\n<p>V\u1ecb: Tr\u00ean v\u00f2m mi\u1ec7ng, r\u01b0\u1ee3u mang l\u1ea1i c\u1ea3m gi\u00e1c v\u00f4 c\u00f9ng thanh l\u1ecbch, m\u01b0\u1ee3t m\u00e0 v\u1edbi c\u1ea5u tr\u00fac v\u1eeba v\u1eb7n (medium-bodied). V\u1ecb ch\u00e1t (tannin) \u0111\u01b0\u1ee3c m\u00e0i gi\u0169a tr\u00f2n tr\u1ecba, d\u1ebbo dai k\u1ebft h\u1ee3p xu\u1ea5t s\u1eafc c\u00f9ng \u0111\u1ed9 chua t\u01b0\u01a1i m\u00e1t \u0111\u1eb7c tr\u01b0ng c\u1ee7a Pinot Noir. H\u1eadu v\u1ecb k\u00e9o d\u00e0i \u00eam \u00e1i, v\u01b0\u01a1ng v\u1ea5n d\u01b0 \u00e2m c\u1ee7a qu\u1ea3 m\u1ecdng v\u00e0 kho\u00e1ng ch\u1ea5t \u0111\u1ecdng l\u1ea1i n\u01a1i cu\u1ed1ng h\u1ecdng.<\/p>\n<h2>4. K\u1ebft h\u1ee3p m\u00f3n \u0103n<\/h2>\n<ul>\n<li>M\u00f3n \u0103n ph\u00f9 h\u1ee3p v\u1edbi chai r\u01b0\u1ee3u n\u00e0y: S\u1ef1 tinh t\u1ebf c\u1ee7a r\u01b0\u1ee3u c\u1ef1c k\u1ef3 l\u00fd t\u01b0\u1edfng \u0111\u1ec3 k\u1ebft n\u1ed1i v\u1edbi c\u00e1c m\u00f3n \u1ea9m th\u1ef1c cao c\u1ea5p nh\u01b0 \u1ee9c v\u1ecbt \u00e1p ch\u1ea3o, b\u00f2 h\u1ea7m Boeuf Bourguignon, th\u1ecf r\u1eebng, c\u00e1c m\u00f3n gia c\u1ea7m n\u01b0\u1edbng n\u1ea5m truffle ho\u1eb7c c\u00e1c lo\u1ea1i ph\u00f4 mai l\u00e2u n\u0103m nh\u01b0 Comt\u00e9.<\/li>\n<li>Nhi\u1ec7t \u0111\u1ed9 ph\u1ee5c v\u1ee5: Ngon nh\u1ea5t khi \u0111\u01b0\u1ee3c th\u01b0\u1edfng th\u1ee9c \u1edf m\u1ee9c nhi\u1ec7t \u0111\u1ed9 15 &#8211; 17\u00b0C.<\/li>\n<li>Ch\u00fa \u00fd khi ph\u1ee5c v\u1ee5: N\u00ean m\u1edf n\u00fat cho vang th\u1edf t\u1ef1 nhi\u00ean ho\u1eb7c r\u00f3t ra b\u00ecnh th\u1edf (decanter) kho\u1ea3ng 30 &#8211; 45 ph\u00fat tr\u01b0\u1edbc khi th\u01b0\u1edfng th\u1ee9c \u0111\u1ec3 h\u01b0\u01a1ng th\u01a1m bung t\u1ecfa tr\u1ecdn v\u1eb9n. Khuy\u1ebfn kh\u00edch s\u1eed d\u1ee5ng ly Burgundy b\u1ea7u to \u0111\u1ec3 gom tr\u1ecdn v\u1eb9n b\u00f3 h\u01b0\u01a1ng tinh t\u1ebf c\u1ee7a r\u01b0\u1ee3u.<\/li>\n<\/ul>\n<p>&nbsp;<\/p>\n","protected":false},"excerpt":{"rendered":"<p>R\u01b0\u1ee3u vang Ph\u00e1p Hospices de Beaune Beaune 1er Cru Cuv\u00e9e Deslandes l\u00e0 m\u1ed9t ki\u1ec7t t\u00e1c mang \u0111\u1eadm gi\u00e1 tr\u1ecb l\u1ecbch s\u1eed v\u00e0 nh\u00e2n v\u0103n s\u00e2u s\u1eafc t\u1eeb v\u00f9ng Burgundy danh&#8230;<\/p>\n","protected":false},"featured_media":12350,"comment_status":"open","ping_status":"closed","template":"","meta":[],"product_brand":[],"product_cat":[1189],"product_tag":[],"class_list":{"0":"post-12349","1":"product","2":"type-product","3":"status-publish","4":"has-post-thumbnail","6":"product_cat-hospices-civiles-de-beaune","7":"pa_dung-tich-750ml","8":"pa_giong-nho-pinot-noir","9":"pa_loai-vang-red-wine","10":"pa_nha-san-xuat-hospices-civiles-de-beaune","11":"pa_quoc-gia-france","12":"pa_vung-nho-bourgogne","14":"first","15":"instock","16":"taxable","17":"shipping-taxable","18":"purchasable","19":"product-type-simple"},"_links":{"self":[{"href":"https:\/\/hedon.com.vn\/en\/wp-json\/wp\/v2\/product\/12349","targetHints":{"allow":["GET"]}}],"collection":[{"href":"https:\/\/hedon.com.vn\/en\/wp-json\/wp\/v2\/product"}],"about":[{"href":"https:\/\/hedon.com.vn\/en\/wp-json\/wp\/v2\/types\/product"}],"replies":[{"embeddable":true,"href":"https:\/\/hedon.com.vn\/en\/wp-json\/wp\/v2\/comments?post=12349"}],"wp:featuredmedia":[{"embeddable":true,"href":"https:\/\/hedon.com.vn\/en\/wp-json\/wp\/v2\/media\/12350"}],"wp:attachment":[{"href":"https:\/\/hedon.com.vn\/en\/wp-json\/wp\/v2\/media?parent=12349"}],"wp:term":[{"taxonomy":"product_brand","embeddable":true,"href":"https:\/\/hedon.com.vn\/en\/wp-json\/wp\/v2\/product_brand?post=12349"},{"taxonomy":"product_cat","embeddable":true,"href":"https:\/\/hedon.com.vn\/en\/wp-json\/wp\/v2\/product_cat?post=12349"},{"taxonomy":"product_tag","embeddable":true,"href":"https:\/\/hedon.com.vn\/en\/wp-json\/wp\/v2\/product_tag?post=12349"}],"curies":[{"name":"wp","href":"https:\/\/api.w.org\/{rel}","templated":true}]}}