{"id":12371,"date":"2026-02-26T15:36:11","date_gmt":"2026-02-26T08:36:11","guid":{"rendered":"https:\/\/hedon.com.vn\/san-pham\/ruou-vang-phap-louis-eschenauer-cabernet-sau-5l\/"},"modified":"2026-02-26T15:36:11","modified_gmt":"2026-02-26T08:36:11","slug":"ruou-vang-phap-louis-eschenauer-cabernet-sau-5l","status":"publish","type":"product","link":"https:\/\/hedon.com.vn\/en\/san-pham\/ruou-vang-phap-louis-eschenauer-cabernet-sau-5l\/","title":{"rendered":"R\u01b0\u1ee3u vang Ph\u00e1p Louis Eschenauer Cabernet Sauvignon 5L"},"content":{"rendered":"<p><strong>R\u01b0\u1ee3u vang b\u1ecbch Ph\u00e1p Louis Eschenauer Cabernet Sauvignon 5L<\/strong> l\u00e0 s\u1ef1 k\u1ebft h\u1ee3p ho\u00e0n h\u1ea3o gi\u1eefa truy\u1ec1n th\u1ed1ng l\u00e0m vang l\u00e2u \u0111\u1eddi c\u1ee7a n\u01b0\u1edbc Ph\u00e1p v\u00e0 t\u00ednh ti\u1ec7n d\u1ee5ng c\u1ee7a thi\u1ebft k\u1ebf hi\u1ec7n \u0111\u1ea1i. L\u00ean men t\u1eeb gi\u1ed1ng nho qu\u1ed1c t\u1ebf Cabernet Sauvignon t\u1ea1i v\u00f9ng tr\u1ed3ng nho ph\u00eda Nam n\u01b0\u1edbc Ph\u00e1p, r\u01b0\u1ee3u mang \u0111\u1ebfn h\u01b0\u01a1ng v\u1ecb tr\u00e1i c\u00e2y \u0111\u1eadm \u0111\u00e0, t\u01b0\u01a1i m\u1edbi v\u00e0 th\u00e2n thi\u1ec7n v\u1edbi \u0111a s\u1ed1 th\u1ef1c kh\u00e1ch. \u0110i\u1ec3m n\u1ed5i b\u1eadt c\u1ee7a s\u1ea3n ph\u1ea9m l\u00e0 quy c\u00e1ch \u0111\u00f3ng b\u1ecbch 5 l\u00edt c\u00f3 v\u00f2i r\u00f3t ch\u00e2n kh\u00f4ng, gi\u00fap b\u1ea3o qu\u1ea3n r\u01b0\u1ee3u l\u00e2u d\u00e0i sau khi m\u1edf, tr\u1edf th\u00e0nh gi\u1ea3i ph\u00e1p c\u1ef1c k\u1ef3 t\u1ed1i \u01b0u chi ph\u00ed cho c\u00e1c b\u1eefa ti\u1ec7c \u0111\u00f4ng ng\u01b0\u1eddi ho\u1eb7c nhu c\u1ea7u nh\u00e2m nhi h\u00e0ng ng\u00e0y.<\/p>\n<h2>1. Gi\u1edbi thi\u1ec7u v\u1ec1 nh\u00e0 s\u1ea3n xu\u1ea5t<\/h2>\n<p><strong>Louis Eschenauer<\/strong> l\u00e0 m\u1ed9t trong nh\u1eefng nh\u00e0 \u0111\u00e0m ph\u00e1n (n\u00e9gociant) v\u00e0 s\u1ea3n xu\u1ea5t r\u01b0\u1ee3u vang danh ti\u1ebfng b\u1eadc nh\u1ea5t t\u1ea1i v\u00f9ng Bordeaux, Ph\u00e1p, \u0111\u01b0\u1ee3c th\u00e0nh l\u1eadp t\u1eeb n\u0103m 1821. Tr\u1ea3i qua h\u01a1n hai th\u1ebf k\u1ef7, th\u01b0\u01a1ng hi\u1ec7u n\u00e0y lu\u00f4n theo \u0111u\u1ed5i tri\u1ebft l\u00fd mang \u0111\u1ebfn nh\u1eefng d\u00f2ng vang ch\u1ea5t l\u01b0\u1ee3ng cao, d\u1ec5 ti\u1ebfp c\u1eadn, ph\u1ea3n \u00e1nh ch\u00e2n th\u1ef1c ngh\u1ec7 thu\u1eadt t\u1eadn h\u01b0\u1edfng cu\u1ed9c s\u1ed1ng (art de vivre) c\u1ee7a ng\u01b0\u1eddi Ph\u00e1p. Ng\u00e0y nay, Louis Eschenauer ti\u1ebfp t\u1ee5c kh\u1eb3ng \u0111\u1ecbnh v\u1ecb th\u1ebf to\u00e0n c\u1ea7u b\u1eb1ng c\u00e1c s\u1ea3n ph\u1ea9m vang chai v\u00e0 vang b\u1ecbch c\u00f3 m\u1ee9c gi\u00e1 v\u00f4 c\u00f9ng h\u1ee3p l\u00fd nh\u01b0ng v\u1eabn gi\u1eef v\u1eefng nh\u1eefng ti\u00eau chu\u1ea9n s\u1ea3n xu\u1ea5t kh\u1eaft khe.<\/p>\n<h2>2. Th\u00f4ng tin v\u1ec1 r\u01b0\u1ee3u vang<\/h2>\n<ul>\n<li>Nh\u00e0 s\u1ea3n xu\u1ea5t: Louis Eschenauer<\/li>\n<li>V\u00f9ng s\u1ea3n xu\u1ea5t: Pays d&#8217;Oc (ho\u1eb7c Vin de France), Ph\u00e1p<\/li>\n<li>Gi\u1ed1ng nho: 100% Cabernet Sauvignon<\/li>\n<li>N\u1ed3ng \u0111\u1ed9 c\u1ed3n: 13% &#8211; 13.5% (t\u00f9y ni\u00ean v\u1ee5)<\/li>\n<li>Th\u1ec3 t\u00edch: 5000ml (5 L\u00edt &#8211; \u0110\u00f3ng b\u1ecbch)<\/li>\n<\/ul>\n<h2>3. H\u01b0\u01a1ng v\u1ecb c\u1ee7a r\u01b0\u1ee3u vang<\/h2>\n<p>M\u00e0u s\u1eafc: R\u01b0\u1ee3u s\u1edf h\u1eefu m\u00e0u \u0111\u1ecf ruby r\u1ef1c r\u1ee1, t\u01b0\u01a1i t\u1eafn v\u00e0 \u00e1nh l\u00ean nh\u1eefng tia s\u00e1ng b\u1eaft m\u1eaft khi r\u00f3t ra ly.<\/p>\n<p>H\u01b0\u01a1ng: B\u1ed9c l\u1ed9 b\u00f3 h\u01b0\u01a1ng c\u1edfi m\u1edf, lan t\u1ecfa c\u1ee7a c\u00e1c lo\u1ea1i qu\u1ea3 m\u1ecdng s\u1eabm m\u00e0u nh\u01b0 qu\u1ea3 l\u00fd chua \u0111en (cassis), m\u1eadn \u0111en v\u00e0 anh \u0111\u00e0o. \u0110an xen ph\u00eda sau l\u1edbp hoa qu\u1ea3 t\u01b0\u01a1i l\u00e0 nh\u1eefng n\u1ed1t h\u01b0\u01a1ng m\u1ed9c m\u1ea1c c\u1ee7a \u1edbt chu\u00f4ng xanh, cam th\u1ea3o v\u00e0 m\u1ed9t ch\u00fat gia v\u1ecb h\u1ea1t ti\u00eau thoang tho\u1ea3ng.<\/p>\n<p>V\u1ecb: Tr\u00ean v\u00f2m mi\u1ec7ng, r\u01b0\u1ee3u mang l\u1ea1i c\u1ea3m gi\u00e1c \u0111\u1eaby \u0111\u00e0 v\u1eeba ph\u1ea3i (medium-bodied), v\u00f4 c\u00f9ng tr\u1ebb trung v\u00e0 n\u1ecbnh mi\u1ec7ng. V\u1ecb ch\u00e1t (tannin) \u0111\u01b0\u1ee3c chi\u1ebft xu\u1ea5t m\u1ec1m m\u1ea1i, t\u01a1i x\u1ed1p, k\u1ebft h\u1ee3p h\u00e0i h\u00f2a c\u00f9ng \u0111\u1ed9 chua thanh m\u00e1t gi\u00fap t\u00f4n l\u00ean s\u1ef1 ng\u1ecdt ng\u00e0o t\u1ef1 nhi\u00ean c\u1ee7a tr\u00e1i c\u00e2y. H\u1eadu v\u1ecb \u00eam \u00e1i, thanh s\u1ea1ch, v\u01b0\u01a1ng v\u1ea5n v\u1ecb s\u1ea3ng kho\u00e1i \u0111\u1ecdng l\u1ea1i n\u01a1i cu\u1ed1ng h\u1ecdng.<\/p>\n<h2>4. K\u1ebft h\u1ee3p m\u00f3n \u0103n<\/h2>\n<p>M\u00f3n \u0103n ph\u00f9 h\u1ee3p v\u1edbi chai r\u01b0\u1ee3u n\u00e0y: C\u1ea5u tr\u00fac th\u00e2n thi\u1ec7n v\u00e0 v\u1ecb tr\u00e1i c\u00e2y t\u01b0\u01a1i t\u1eafn c\u1ee7a vang c\u1ef1c k\u1ef3 l\u00fd t\u01b0\u1edfng \u0111\u1ec3 k\u1ebft n\u1ed1i v\u1edbi c\u00e1c m\u00f3n th\u1ecbt \u0111\u1ecf n\u01b0\u1edbng, b\u00edt t\u1ebft b\u00f2, s\u01b0\u1eddn heo BBQ, m\u1ef3 \u00dd s\u1ed1t b\u00f2 b\u0103m, th\u1ecbt ngu\u1ed9i, x\u00fac x\u00edch n\u01b0\u1edbng ho\u1eb7c c\u00e1c lo\u1ea1i ph\u00f4 mai b\u00e1n c\u1ee9ng.<\/p>\n<p>Nhi\u1ec7t \u0111\u1ed9 ph\u1ee5c v\u1ee5: Ngon nh\u1ea5t khi \u0111\u01b0\u1ee3c th\u01b0\u1edfng th\u1ee9c \u1edf m\u1ee9c nhi\u1ec7t \u0111\u1ed9 16 &#8211; 18\u00b0C.<\/p>\n<p>Ch\u00fa \u00fd khi ph\u1ee5c v\u1ee5: S\u1ea3n ph\u1ea9m \u0111\u01b0\u1ee3c thi\u1ebft k\u1ebf v\u1edbi v\u00f2i r\u00f3t th\u00f4ng minh t\u00edch h\u1ee3p s\u1eb5n \u1edf g\u00f3c \u0111\u00e1y b\u1ecbch. L\u1ea7n \u0111\u1ea7u s\u1eed d\u1ee5ng, b\u1ea1n ch\u1ec9 c\u1ea7n g\u1ee1 l\u1edbp ni\u00eam phong v\u00e0 r\u00f3t tr\u1ef1c ti\u1ebfp. Nh\u1edd l\u1edbp t\u00fai m\u00e0ng nh\u00f4m h\u00fat ch\u00e2n kh\u00f4ng b\u00ean trong t\u1ef1 \u0111\u1ed9ng x\u1eb9p xu\u1ed1ng khi r\u00f3t \u0111\u1ec3 ng\u0103n kh\u00f4ng kh\u00ed l\u1ecdt v\u00e0o, b\u1ea1n c\u00f3 th\u1ec3 b\u1ea3o qu\u1ea3n b\u1ecbch vang trong ng\u0103n m\u00e1t t\u1ee7 l\u1ea1nh v\u00e0 d\u00f9ng d\u1ea7n t\u1eeb 3 &#8211; 4 tu\u1ea7n sau khi m\u1edf n\u1eafp m\u00e0 ch\u1ea5t l\u01b0\u1ee3ng v\u1eabn \u0111\u01b0\u1ee3c \u0111\u1ea3m b\u1ea3o r\u1ea5t t\u1ed1t.<\/p>\n","protected":false},"excerpt":{"rendered":"<p>R\u01b0\u1ee3u vang b\u1ecbch Ph\u00e1p Louis Eschenauer Cabernet Sauvignon 5L l\u00e0 s\u1ef1 k\u1ebft h\u1ee3p ho\u00e0n h\u1ea3o gi\u1eefa truy\u1ec1n th\u1ed1ng l\u00e0m vang l\u00e2u \u0111\u1eddi c\u1ee7a n\u01b0\u1edbc Ph\u00e1p v\u00e0 t\u00ednh ti\u1ec7n d\u1ee5ng c\u1ee7a&#8230;<\/p>\n","protected":false},"featured_media":12372,"comment_status":"open","ping_status":"closed","template":"","meta":[],"product_brand":[],"product_cat":[1249],"product_tag":[],"class_list":{"0":"post-12371","1":"product","2":"type-product","3":"status-publish","4":"has-post-thumbnail","6":"product_cat-louis-eschenauer","7":"pa_dung-tich-5000ml","8":"pa_giong-nho-cabernet-sauvignon","9":"pa_loai-vang-red-wine","10":"pa_nha-san-xuat-louis-eschenauer","11":"pa_quoc-gia-france","12":"pa_vung-nho-languedoc-roussillon-3","14":"first","15":"instock","16":"taxable","17":"shipping-taxable","18":"purchasable","19":"product-type-simple"},"_links":{"self":[{"href":"https:\/\/hedon.com.vn\/en\/wp-json\/wp\/v2\/product\/12371","targetHints":{"allow":["GET"]}}],"collection":[{"href":"https:\/\/hedon.com.vn\/en\/wp-json\/wp\/v2\/product"}],"about":[{"href":"https:\/\/hedon.com.vn\/en\/wp-json\/wp\/v2\/types\/product"}],"replies":[{"embeddable":true,"href":"https:\/\/hedon.com.vn\/en\/wp-json\/wp\/v2\/comments?post=12371"}],"wp:featuredmedia":[{"embeddable":true,"href":"https:\/\/hedon.com.vn\/en\/wp-json\/wp\/v2\/media\/12372"}],"wp:attachment":[{"href":"https:\/\/hedon.com.vn\/en\/wp-json\/wp\/v2\/media?parent=12371"}],"wp:term":[{"taxonomy":"product_brand","embeddable":true,"href":"https:\/\/hedon.com.vn\/en\/wp-json\/wp\/v2\/product_brand?post=12371"},{"taxonomy":"product_cat","embeddable":true,"href":"https:\/\/hedon.com.vn\/en\/wp-json\/wp\/v2\/product_cat?post=12371"},{"taxonomy":"product_tag","embeddable":true,"href":"https:\/\/hedon.com.vn\/en\/wp-json\/wp\/v2\/product_tag?post=12371"}],"curies":[{"name":"wp","href":"https:\/\/api.w.org\/{rel}","templated":true}]}}