{"id":12437,"date":"2026-02-26T15:35:26","date_gmt":"2026-02-26T08:35:26","guid":{"rendered":"https:\/\/hedon.com.vn\/san-pham\/ruou-vang-phap-chateau-tour-la-verite\/"},"modified":"2026-02-26T15:35:26","modified_gmt":"2026-02-26T08:35:26","slug":"ruou-vang-phap-chateau-tour-la-verite","status":"publish","type":"product","link":"https:\/\/hedon.com.vn\/en\/san-pham\/ruou-vang-phap-chateau-tour-la-verite\/","title":{"rendered":"R\u01b0\u1ee3u vang Ph\u00e1p Chateau Tour La Verite"},"content":{"rendered":"<p><strong>R\u01b0\u1ee3u vang Ph\u00e1p Chateau Tour La Verite<\/strong> l\u00e0 m\u1ed9t chai vang \u0111\u1ecf thanh l\u1ecbch mang \u0111\u1eadm phong c\u00e1ch truy\u1ec1n th\u1ed1ng c\u1ee7a v\u00f9ng Bordeaux, Ph\u00e1p, n\u1ed5i b\u1eadt v\u1edbi m\u1ee9c gi\u00e1 v\u00f4 c\u00f9ng th\u00e2n thi\u1ec7n. R\u01b0\u1ee3u \u0111\u01b0\u1ee3c ph\u1ed1i tr\u1ed9n kh\u00e9o l\u00e9o t\u1eeb ba gi\u1ed1ng nho b\u1ea3n \u0111\u1ecba g\u1ed3m Merlot, Cabernet Sauvignon v\u00e0 Cabernet Franc, sau \u0111\u00f3 \u0111\u01b0\u1ee3c l\u00ean men trong th\u00f9ng th\u00e9p kh\u00f4ng g\u1ec9 v\u00e0 \u1ee7 m\u1ed9t ph\u1ea7n v\u1edbi g\u1ed7 s\u1ed3i \u0111\u1ec3 t\u1ea1o th\u00eam c\u1ea5u tr\u00fac. \u0110i\u1ec3m n\u1ed5i b\u1eadt c\u1ee7a chai vang n\u00e0y l\u00e0 h\u01b0\u01a1ng v\u1ecb tr\u00e1i c\u00e2y ch\u00edn m\u1ecdng, d\u1ec5 ti\u1ebfp c\u1eadn c\u00f9ng v\u1ecb ch\u00e1t m\u1ec1m m\u1ea1i, r\u1ea5t l\u00fd t\u01b0\u1edfng cho nh\u1eefng b\u1eefa \u0103n h\u00e0ng ng\u00e0y.<\/p>\n<h2>1. Gi\u1edbi thi\u1ec7u v\u1ec1 nh\u00e0 s\u1ea3n xu\u1ea5t<\/h2>\n<p>Th\u01b0\u01a1ng hi\u1ec7u <strong>Tour La V\u00e9rit\u00e9<\/strong> b\u1eaft ngu\u1ed3n t\u1eeb n\u0103m 1880 khi ng\u00e0i V\u00e9rit\u00e9, m\u1ed9t th\u01b0\u01a1ng gia t\u1eeb Angers, \u0111\u1ebfn v\u00f9ng Bordeaux v\u00e0 quy\u1ebft \u0111\u1ecbnh g\u1eafn b\u00f3 s\u1ef1 nghi\u1ec7p l\u00e0m vang t\u1ea1i v\u00f9ng \u0111\u1ea5t m\u00e0u m\u1ee1 n\u00e0y. \u0110\u1ebfn n\u0103m 2012, vi\u1ec7c qu\u1ea3n l\u00fd v\u00e0 ph\u00e1t tri\u1ec3n v\u01b0\u1eddn nho \u0111\u00e3 \u0111\u01b0\u1ee3c chuy\u1ec3n giao cho gia \u0111\u00ecnh Cardarelli ti\u1ebfp qu\u1ea3n. Hi\u1ec7n nay, nh\u00e0 s\u1ea3n xu\u1ea5t n\u00e0y t\u1eadp trung v\u00e0o vi\u1ec7c t\u1ea1o ra nh\u1eefng d\u00f2ng vang thu\u1ed9c ph\u00e2n h\u1ea1ng AOC Bordeaux c\u00f3 ch\u1ea5t l\u01b0\u1ee3ng \u1ed5n \u0111\u1ecbnh, gi\u1eef v\u1eefng gi\u00e1 tr\u1ecb truy\u1ec1n th\u1ed1ng v\u00e0 mang t\u00ednh \u0111\u1ea1i ch\u00fang cao trong ng\u00e0nh c\u00f4ng nghi\u1ec7p r\u01b0\u1ee3u vang.<\/p>\n<h2>2. Th\u00f4ng tin v\u1ec1 r\u01b0\u1ee3u vang<\/h2>\n<ul>\n<li>Nh\u00e0 s\u1ea3n xu\u1ea5t: Gia \u0111\u00ecnh Cardarelli (Th\u01b0\u01a1ng hi\u1ec7u Tour La V\u00e9rit\u00e9)<\/li>\n<li>V\u00f9ng s\u1ea3n xu\u1ea5t: AOC Bordeaux, Ph\u00e1p<\/li>\n<li>Gi\u1ed1ng nho: Ph\u1ed1i tr\u1ed9n Bordeaux Blend (Merlot, Cabernet Sauvignon, Cabernet Franc)<\/li>\n<li>N\u1ed3ng \u0111\u1ed9 c\u1ed3n: 13% &#8211; 13.5% (t\u00f9y ni\u00ean v\u1ee5)<\/li>\n<li>Th\u1ec3 t\u00edch: 750ml<\/li>\n<\/ul>\n<h2>3. H\u01b0\u01a1ng v\u1ecb c\u1ee7a r\u01b0\u1ee3u vang<\/h2>\n<ul>\n<li>M\u00e0u s\u1eafc: R\u01b0\u1ee3u s\u1edf h\u1eefu m\u00e0u \u0111\u1ecf ruby \u0111\u1eadm \u0111\u00e0, t\u01b0\u01a1i s\u00e1ng xen l\u1eabn nh\u1eefng \u00e1nh t\u00edm s\u1eadm quy\u1ebfn r\u0169 \u0111\u1eb7c tr\u01b0ng c\u1ee7a vang tr\u1ebb tu\u1ed5i.<\/li>\n<li>H\u01b0\u01a1ng: B\u1ed9c l\u1ed9 h\u01b0\u01a1ng th\u01a1m ph\u1ee9c h\u1ee3p v\u00e0 c\u1edfi m\u1edf c\u1ee7a c\u00e1c lo\u1ea1i qu\u1ea3 m\u1ecdng nh\u01b0 m\u1eadn kh\u00f4, m\u00e2m x\u00f4i v\u00e0 anh \u0111\u00e0o ch\u00edn. \u1ea8n sau l\u1edbp h\u01b0\u01a1ng tr\u00e1i c\u00e2y l\u00e0 nh\u1eefng n\u1ed1t h\u01b0\u01a1ng th\u1ee9 c\u1ea5p v\u00f4 c\u00f9ng d\u1ec5 ch\u1ecbu c\u1ee7a vani, qu\u1ebf, cam th\u1ea3o v\u00e0 m\u1ed9t ch\u00fat s\u00f4-c\u00f4-la \u0111\u1eafng ph\u1ea3ng ph\u1ea5t t\u1eeb qu\u00e1 tr\u00ecnh \u1ee7.<\/li>\n<li>V\u1ecb: Tr\u00ean v\u00f2m mi\u1ec7ng, r\u01b0\u1ee3u mang l\u1ea1i c\u1ea3m gi\u00e1c s\u1ed1ng \u0111\u1ed9ng v\u1edbi c\u1ea5u tr\u00fac \u0111\u1eadm \u0111\u00e0 v\u1eeba ph\u1ea3i (medium-bodied). V\u1ecb ch\u00e1t (tannin) \u0111\u01b0\u1ee3c m\u00e0i gi\u0169a m\u1ec1m m\u1ea1i v\u00e0 d\u1ebbo dai, kh\u00f4ng h\u1ec1 g\u00e2y g\u1eaft c\u1ed5, k\u1ebft h\u1ee3p c\u00f9ng \u0111\u1ed9 chua c\u00e2n b\u1eb1ng gi\u00fap t\u00f4n l\u00ean v\u1ecb tr\u00e1i c\u00e2y \u0111\u1ecf t\u01b0\u01a1i m\u00e1t. H\u1eadu v\u1ecb ng\u1eafn \u0111\u1ebfn trung b\u00ecnh nh\u01b0ng thanh s\u1ea1ch, \u0111\u1ec3 l\u1ea1i c\u1ea3m gi\u00e1c nh\u1eb9 nh\u00e0ng v\u00e0 d\u1ec5 ch\u1ecbu.<\/li>\n<\/ul>\n<h2>4. K\u1ebft h\u1ee3p m\u00f3n \u0103n<\/h2>\n<ul>\n<li>M\u00f3n \u0103n ph\u00f9 h\u1ee3p v\u1edbi chai r\u01b0\u1ee3u n\u00e0y: Ho\u00e0n h\u1ea3o khi k\u1ebft h\u1ee3p v\u1edbi c\u00e1c m\u00f3n th\u1ecbt \u0111\u1ecf c\u00f3 gia v\u1ecb \u0111\u1eadm \u0111\u00e0 nh\u01b0 b\u00edt t\u1ebft b\u00f2 (beefsteak), b\u00f2 s\u1ed1t vang, s\u01b0\u1eddn heo n\u01b0\u1edbng, g\u00e0 quay ho\u1eb7c c\u00e1c lo\u1ea1i ph\u00f4 mai b\u00e1n c\u1ee9ng.<\/li>\n<li>Nhi\u1ec7t \u0111\u1ed9 ph\u1ee5c v\u1ee5: Ngon nh\u1ea5t khi \u0111\u01b0\u1ee3c th\u01b0\u1edfng th\u1ee9c \u1edf nhi\u1ec7t \u0111\u1ed9 m\u00e1t m\u1ebb t\u1eeb 16 &#8211; 18\u00b0C.<\/li>\n<li>Ch\u00fa \u00fd khi ph\u1ee5c v\u1ee5: \u0110\u00e2y l\u00e0 d\u00f2ng vang tr\u1ebb, thi\u00ean v\u1ec1 h\u01b0\u01a1ng tr\u00e1i c\u00e2y nguy\u00ean b\u1ea3n, do \u0111\u00f3 b\u1ea1n ch\u1ec9 c\u1ea7n m\u1edf n\u1eafp cho r\u01b0\u1ee3u th\u1edf t\u1ef1 nhi\u00ean trong ly ho\u1eb7c r\u00f3t ra b\u00ecnh th\u1edf kho\u1ea3ng 15 &#8211; 20 ph\u00fat tr\u01b0\u1edbc khi u\u1ed1ng l\u00e0 \u0111\u00e3 c\u00f3 th\u1ec3 c\u1ea3m nh\u1eadn tr\u1ecdn v\u1eb9n h\u01b0\u01a1ng v\u1ecb.<\/li>\n<\/ul>\n","protected":false},"excerpt":{"rendered":"<p>R\u01b0\u1ee3u vang Ph\u00e1p Chateau Tour La Verite l\u00e0 m\u1ed9t chai vang \u0111\u1ecf thanh l\u1ecbch mang \u0111\u1eadm phong c\u00e1ch truy\u1ec1n th\u1ed1ng c\u1ee7a v\u00f9ng Bordeaux, Ph\u00e1p, n\u1ed5i b\u1eadt v\u1edbi m\u1ee9c gi\u00e1 v\u00f4&#8230;<\/p>\n","protected":false},"featured_media":12438,"comment_status":"open","ping_status":"closed","template":"","meta":[],"product_brand":[],"product_cat":[1355],"product_tag":[],"class_list":{"0":"post-12437","1":"product","2":"type-product","3":"status-publish","4":"has-post-thumbnail","6":"product_cat-tour-la-verite","7":"pa_dung-tich-750ml","8":"pa_giong-nho-merlot-cabernet-sauvignon","9":"pa_loai-vang-red-wine","10":"pa_nha-san-xuat-tour-la-verite","11":"pa_quoc-gia-france","12":"pa_vung-nho-bordeaux","14":"first","15":"instock","16":"taxable","17":"shipping-taxable","18":"purchasable","19":"product-type-simple"},"_links":{"self":[{"href":"https:\/\/hedon.com.vn\/en\/wp-json\/wp\/v2\/product\/12437","targetHints":{"allow":["GET"]}}],"collection":[{"href":"https:\/\/hedon.com.vn\/en\/wp-json\/wp\/v2\/product"}],"about":[{"href":"https:\/\/hedon.com.vn\/en\/wp-json\/wp\/v2\/types\/product"}],"replies":[{"embeddable":true,"href":"https:\/\/hedon.com.vn\/en\/wp-json\/wp\/v2\/comments?post=12437"}],"wp:featuredmedia":[{"embeddable":true,"href":"https:\/\/hedon.com.vn\/en\/wp-json\/wp\/v2\/media\/12438"}],"wp:attachment":[{"href":"https:\/\/hedon.com.vn\/en\/wp-json\/wp\/v2\/media?parent=12437"}],"wp:term":[{"taxonomy":"product_brand","embeddable":true,"href":"https:\/\/hedon.com.vn\/en\/wp-json\/wp\/v2\/product_brand?post=12437"},{"taxonomy":"product_cat","embeddable":true,"href":"https:\/\/hedon.com.vn\/en\/wp-json\/wp\/v2\/product_cat?post=12437"},{"taxonomy":"product_tag","embeddable":true,"href":"https:\/\/hedon.com.vn\/en\/wp-json\/wp\/v2\/product_tag?post=12437"}],"curies":[{"name":"wp","href":"https:\/\/api.w.org\/{rel}","templated":true}]}}