{"id":12461,"date":"2026-02-26T15:35:09","date_gmt":"2026-02-26T08:35:09","guid":{"rendered":"https:\/\/hedon.com.vn\/san-pham\/ruou-vang-chile-muelle-tortel-cabernet-sauvignon\/"},"modified":"2026-02-26T15:35:09","modified_gmt":"2026-02-26T08:35:09","slug":"ruou-vang-chile-muelle-tortel-cabernet-sauvignon","status":"publish","type":"product","link":"https:\/\/hedon.com.vn\/en\/san-pham\/ruou-vang-chile-muelle-tortel-cabernet-sauvignon\/","title":{"rendered":"R\u01b0\u1ee3u vang Chile Muelle Tortel Cabernet Sauvignon"},"content":{"rendered":"<p><strong>R\u01b0\u1ee3u vang Chile Muelle Tortel Cabernet Sauvignon<\/strong> l\u00e0 m\u1ed9t d\u00f2ng vang \u0111\u1ecf ph\u1ed5 th\u00f4ng \u0111\u1ea7y h\u1ea5p d\u1eabn, \u0111\u1ea1i di\u1ec7n cho phong c\u00e1ch tr\u1ebb trung v\u00e0 ng\u1eadp tr\u00e0n h\u01b0\u01a1ng v\u1ecb tr\u00e1i c\u00e2y c\u1ee7a v\u00f9ng thung l\u0169ng Central Valley. \u0110\u01b0\u1ee3c l\u00ean men t\u1eeb 100% gi\u1ed1ng nho Cabernet Sauvignon, r\u01b0\u1ee3u tr\u1ea3i qua qu\u00e1 tr\u00ecnh ki\u1ec3m so\u00e1t nhi\u1ec7t \u0111\u1ed9 nghi\u00eam ng\u1eb7t \u0111\u1ec3 gi\u1eef tr\u1ecdn v\u1eb9n s\u1ef1 t\u01b0\u01a1i t\u1eafn nguy\u00ean b\u1ea3n. \u0110i\u1ec3m n\u1ed5i b\u1eadt c\u1ee7a chai vang n\u00e0y l\u00e0 c\u1ea5u tr\u00fac m\u1ec1m m\u1ea1i, h\u01b0\u01a1ng th\u01a1m qu\u1ea3 m\u1ecdng s\u1eabm m\u00e0u \u0111an xen ch\u00fat gia v\u1ecb nh\u1eb9 nh\u00e0ng c\u00f9ng m\u1ed9t m\u1ee9c gi\u00e1 c\u1ef1c k\u1ef3 ph\u1ea3i ch\u0103ng, bi\u1ebfn n\u00f3 th\u00e0nh th\u1ee9c u\u1ed1ng ho\u00e0n h\u1ea3o cho c\u00e1c b\u1eefa \u0103n h\u00e0ng ng\u00e0y.<\/p>\n<h2>1. Gi\u1edbi thi\u1ec7u v\u1ec1 nh\u00e0 s\u1ea3n xu\u1ea5t<\/h2>\n<p>Muelle Tortel \u0111\u01b0\u1ee3c s\u1ea3n xu\u1ea5t d\u01b0\u1edbi s\u1ef1 b\u1ea3o ch\u1ee9ng c\u1ee7a <strong>Casas Patronales<\/strong>, m\u1ed9t trong nh\u1eefng nh\u00e0 m\u00e1y l\u00e0m vang l\u1edbn v\u00e0 uy t\u00edn b\u1eadc nh\u1ea5t t\u1ea1i thung l\u0169ng Maule, Chile. \u0110\u1eb7c tr\u01b0ng c\u1ee7a nh\u00e0 s\u1ea3n xu\u1ea5t n\u00e0y l\u00e0 vi\u1ec7c k\u1ebft h\u1ee3p ho\u00e0n h\u1ea3o gi\u1eefa ph\u01b0\u01a1ng ph\u00e1p canh t\u00e1c truy\u1ec1n th\u1ed1ng v\u1edbi c\u00f4ng ngh\u1ec7 l\u00ean men hi\u1ec7n \u0111\u1ea1i, nh\u1eb1m t\u1ed1i \u01b0u h\u00f3a gi\u00e1 tr\u1ecb tr\u00ean t\u1eebng gi\u1ecdt r\u01b0\u1ee3u. V\u1ecb th\u1ebf c\u1ee7a h\u1ecd \u0111\u01b0\u1ee3c kh\u1eb3ng \u0111\u1ecbnh v\u1eefng ch\u1eafc th\u00f4ng qua vi\u1ec7c cung c\u1ea5p c\u00e1c d\u00f2ng vang d\u1ec5 u\u1ed1ng, mang \u0111\u1eadm b\u1ea3n s\u1eafc th\u1ed5 nh\u01b0\u1ee1ng Nam M\u1ef9 v\u00e0 \u0111\u00e1p \u1ee9ng xu\u1ea5t s\u1eafc nhu c\u1ea7u th\u01b0\u1edfng th\u1ee9c vang \u0111\u1ea1i ch\u00fang tr\u00ean to\u00e0n th\u1ebf gi\u1edbi.<\/p>\n<h2>2. Th\u00f4ng tin v\u1ec1 r\u01b0\u1ee3u vang<\/h2>\n<ul>\n<li>Nh\u00e0 s\u1ea3n xu\u1ea5t: <strong>Casas Patronales<\/strong> (Th\u01b0\u01a1ng hi\u1ec7u Muelle Tortel)<\/li>\n<li>V\u00f9ng s\u1ea3n xu\u1ea5t: Central Valley, Chile<\/li>\n<li>Gi\u1ed1ng nho: 100% Cabernet Sauvignon<\/li>\n<li>N\u1ed3ng \u0111\u1ed9 c\u1ed3n: 13% &#8211; 13.5% (t\u00f9y ni\u00ean v\u1ee5)<\/li>\n<li>Th\u1ec3 t\u00edch: 750ml<\/li>\n<\/ul>\n<h2>3. H\u01b0\u01a1ng v\u1ecb c\u1ee7a r\u01b0\u1ee3u vang<\/h2>\n<p>M\u00e0u s\u1eafc: R\u01b0\u1ee3u s\u1edf h\u1eefu m\u00e0u \u0111\u1ecf ruby \u0111\u1eadm s\u00e2u, l\u1ea5p l\u00e1nh v\u00e0 r\u1ea1ng r\u1ee1 \u0111\u1ea7y s\u1ee9c s\u1ed1ng khi r\u00f3t ra ly.<\/p>\n<p>H\u01b0\u01a1ng: B\u1ed9c l\u1ed9 h\u01b0\u01a1ng th\u01a1m c\u1edfi m\u1edf, lan t\u1ecfa c\u1ee7a c\u00e1c lo\u1ea1i qu\u1ea3 m\u1ecdng \u0111en ch\u00edn k\u1ef9 nh\u01b0 m\u1eadn s\u1eabm m\u00e0u, m\u00e2m x\u00f4i v\u00e0 anh \u0111\u00e0o \u0111en. \u0110i\u1ec3m xuy\u1ebft ph\u00eda sau l\u1edbp tr\u00e1i c\u00e2y l\u00e0 nh\u1eefng n\u1ed1t h\u01b0\u01a1ng m\u1ed9c m\u1ea1c c\u1ee7a ti\u00eau \u0111en, thoang tho\u1ea3ng ch\u00fat s\u00f4-c\u00f4-la, h\u1ea1nh nh\u00e2n v\u00e0 l\u00e1 b\u1ea1c h\u00e0 the m\u00e1t v\u00f4 c\u00f9ng \u0111\u1eb7c tr\u01b0ng.<\/p>\n<p>V\u1ecb: Tr\u00ean v\u00f2m mi\u1ec7ng, r\u01b0\u1ee3u mang l\u1ea1i c\u1ea3m gi\u00e1c c\u00e2n b\u1eb1ng, \u0111\u1eaby \u0111\u00e0 v\u1eeba ph\u1ea3i (medium-bodied) v\u00e0 v\u00f4 c\u00f9ng d\u1ec5 u\u1ed1ng. V\u1ecb ch\u00e1t (tannin) \u0111\u01b0\u1ee3c chi\u1ebft xu\u1ea5t m\u1ec1m m\u1ea1i, t\u01a1i x\u1ed1p, k\u1ebft h\u1ee3p c\u00f9ng \u0111\u1ed9 chua thanh nh\u1eb9 gi\u00fap t\u00f4n l\u00ean s\u1ef1 ng\u1ecdt ng\u00e0o c\u1ee7a hoa qu\u1ea3. H\u1eadu v\u1ecb \u00eam \u00e1i, thanh s\u1ea1ch, \u0111\u1ec3 l\u1ea1i d\u01b0 v\u1ecb c\u1ee7a tr\u00e1i c\u00e2y ch\u00edn \u0111\u1ecdng l\u1ea1i kh\u00e1 d\u1ec5 ch\u1ecbu.<\/p>\n<h2>4. K\u1ebft h\u1ee3p m\u00f3n \u0103n<\/h2>\n<ul>\n<li>M\u00f3n \u0103n ph\u00f9 h\u1ee3p v\u1edbi chai r\u01b0\u1ee3u n\u00e0y: C\u1ea5u tr\u00fac m\u1ec1m m\u1ea1i v\u00e0 v\u1ecb tr\u00e1i c\u00e2y n\u1ecbnh mi\u1ec7ng c\u1ee7a r\u01b0\u1ee3u r\u1ea5t l\u00fd t\u01b0\u1edfng \u0111\u1ec3 \u0111i k\u00e8m c\u00e1c m\u00f3n th\u1ecbt \u0111\u1ecf \u0111\u1eadm gia v\u1ecb nh\u01b0 b\u00f2 b\u00edt t\u1ebft s\u1ed1t ti\u00eau, s\u01b0\u1eddn heo n\u01b0\u1edbng BBQ, th\u1ecbt \u0111\u00e0 \u0111i\u1ec3u \u00e1p ch\u1ea3o, m\u1ef3 \u00dd s\u1ed1t b\u00f2 b\u0103m (Bolognese) ho\u1eb7c c\u00e1c lo\u1ea1i ph\u00f4 mai b\u00e1n c\u1ee9ng.<\/li>\n<li>Nhi\u1ec7t \u0111\u1ed9 ph\u1ee5c v\u1ee5: Ngon nh\u1ea5t khi \u0111\u01b0\u1ee3c th\u01b0\u1edfng th\u1ee9c \u1edf m\u1ee9c nhi\u1ec7t \u0111\u1ed9 16 &#8211; 18\u00b0C.<\/li>\n<li>Ch\u00fa \u00fd khi ph\u1ee5c v\u1ee5: \u0110\u00e2y l\u00e0 m\u1ed9t d\u00f2ng vang tr\u1ebb, thi\u00ean v\u1ec1 s\u1ef1 t\u01b0\u01a1i m\u00e1t c\u1ee7a tr\u00e1i c\u00e2y. B\u1ea1n ch\u1ec9 c\u1ea7n m\u1edf n\u1eafp cho vang th\u1edf t\u1ef1 nhi\u00ean trong chai kho\u1ea3ng 15 &#8211; 20 ph\u00fat tr\u01b0\u1edbc khi d\u00f9ng \u0111\u1ec3 r\u01b0\u1ee3u bung t\u1ecfa h\u01b0\u01a1ng th\u01a1m m\u00e0 kh\u00f4ng b\u1eaft bu\u1ed9c ph\u1ea3i r\u00f3t ra b\u00ecnh th\u1edf (decanter)<\/li>\n<\/ul>\n","protected":false},"excerpt":{"rendered":"<p>R\u01b0\u1ee3u vang Chile Muelle Tortel Cabernet Sauvignon l\u00e0 m\u1ed9t d\u00f2ng vang \u0111\u1ecf ph\u1ed5 th\u00f4ng \u0111\u1ea7y h\u1ea5p d\u1eabn, \u0111\u1ea1i di\u1ec7n cho phong c\u00e1ch tr\u1ebb trung v\u00e0 ng\u1eadp tr\u00e0n h\u01b0\u01a1ng v\u1ecb tr\u00e1i&#8230;<\/p>\n","protected":false},"featured_media":12462,"comment_status":"open","ping_status":"closed","template":"","meta":[],"product_brand":[],"product_cat":[1220],"product_tag":[],"class_list":{"0":"post-12461","1":"product","2":"type-product","3":"status-publish","4":"has-post-thumbnail","6":"product_cat-casas-patronales","7":"pa_dung-tich-750ml","8":"pa_giong-nho-cabernet-sauvignon","9":"pa_loai-vang-red-wine","10":"pa_nha-san-xuat-casas-patronales","11":"pa_quoc-gia-chile","12":"pa_vung-nho-maule-valley","14":"first","15":"instock","16":"taxable","17":"shipping-taxable","18":"purchasable","19":"product-type-simple"},"_links":{"self":[{"href":"https:\/\/hedon.com.vn\/en\/wp-json\/wp\/v2\/product\/12461","targetHints":{"allow":["GET"]}}],"collection":[{"href":"https:\/\/hedon.com.vn\/en\/wp-json\/wp\/v2\/product"}],"about":[{"href":"https:\/\/hedon.com.vn\/en\/wp-json\/wp\/v2\/types\/product"}],"replies":[{"embeddable":true,"href":"https:\/\/hedon.com.vn\/en\/wp-json\/wp\/v2\/comments?post=12461"}],"wp:featuredmedia":[{"embeddable":true,"href":"https:\/\/hedon.com.vn\/en\/wp-json\/wp\/v2\/media\/12462"}],"wp:attachment":[{"href":"https:\/\/hedon.com.vn\/en\/wp-json\/wp\/v2\/media?parent=12461"}],"wp:term":[{"taxonomy":"product_brand","embeddable":true,"href":"https:\/\/hedon.com.vn\/en\/wp-json\/wp\/v2\/product_brand?post=12461"},{"taxonomy":"product_cat","embeddable":true,"href":"https:\/\/hedon.com.vn\/en\/wp-json\/wp\/v2\/product_cat?post=12461"},{"taxonomy":"product_tag","embeddable":true,"href":"https:\/\/hedon.com.vn\/en\/wp-json\/wp\/v2\/product_tag?post=12461"}],"curies":[{"name":"wp","href":"https:\/\/api.w.org\/{rel}","templated":true}]}}