{"id":12536,"date":"2026-01-28T10:49:42","date_gmt":"2026-01-28T03:49:42","guid":{"rendered":"https:\/\/hedon.com.vn\/san-pham\/ruou-vang-y-astrale-vino-spumante-cuvee\/"},"modified":"2026-01-28T10:49:42","modified_gmt":"2026-01-28T03:49:42","slug":"ruou-vang-y-astrale-vino-spumante-cuvee","status":"publish","type":"product","link":"https:\/\/hedon.com.vn\/en\/san-pham\/ruou-vang-y-astrale-vino-spumante-cuvee\/","title":{"rendered":"R\u01b0\u1ee3u vang \u00dd Astrale Vino Spumante Cuvee"},"content":{"rendered":"<p><strong>R\u01b0\u1ee3u vang Astrale Vino Spumante Cuvee<\/strong> l\u00e0 \u0111\u1ea1i di\u1ec7n ti\u00eau bi\u1ec3u cho d\u00f2ng vang &#8220;c\u00e1ch t\u00e2n&#8221; c\u1ee7a \u00dd. Thay v\u00ec ch\u1ec9 d\u00f9ng m\u1ed9t gi\u1ed1ng nho t\u1eeb m\u1ed9t v\u00f9ng (nh\u01b0 Prosecco ch\u1ec9 \u1edf Veneto), chai vang n\u00e0y pha tr\u1ed9n (blend) kh\u00e9o l\u00e9o gi\u1eefa s\u1ef1 t\u01b0\u01a1i m\u00e1t c\u1ee7a mi\u1ec1n B\u1eafc v\u00e0 h\u01b0\u01a1ng v\u1ecb \u0111\u1eadm \u0111\u00e0 c\u1ee7a mi\u1ec1n Nam n\u01b0\u1edbc \u00dd. R\u01b0\u1ee3u \u0111\u01b0\u1ee3c s\u1ea3n xu\u1ea5t theo ph\u01b0\u01a1ng ph\u00e1p Charmat (l\u00ean men l\u1ea7n 2 trong b\u1ec3 th\u00e9p l\u1edbn) \u0111\u1ec3 gi\u1eef tr\u1ecdn v\u1eb9n h\u01b0\u01a1ng v\u1ecb tr\u00e1i c\u00e2y t\u01b0\u01a1i v\u00e0 t\u1ea1o ra l\u1edbp b\u1ecdt s\u1ee7i t\u0103m s\u1ed1ng \u0111\u1ed9ng. \u0110\u00e2y l\u00e0 d\u00f2ng Extra Dry, ngh\u0129a l\u00e0 r\u01b0\u1ee3u s\u1ebd c\u00f3 m\u1ed9t ch\u00fat v\u1ecb ng\u1ecdt nh\u1eb9 r\u1ea5t d\u1ec5 ch\u1ecbu, ph\u00f9 h\u1ee3p v\u1edbi h\u1ea7u h\u1ebft kh\u1ea9u v\u1ecb ng\u01b0\u1eddi Vi\u1ec7t.<\/p>\n<h2>Gi\u1edbi thi\u1ec7u v\u1ec1 nh\u00e0 s\u1ea3n xu\u1ea5t<\/h2>\n<p>Chai r\u01b0\u1ee3u n\u00e0y thu\u1ed9c d\u1ef1 \u00e1n Astrale, \u0111\u01b0\u1ee3c ph\u00e1t tri\u1ec3n b\u1edfi Tenute Piccini \u2013 m\u1ed9t gia \u0111\u00ecnh l\u00e0m r\u01b0\u1ee3u danh ti\u1ebfng t\u1eeb n\u0103m 1882 t\u1ea1i Tuscany (n\u1ed5i ti\u1ebfng v\u1edbi chai Chianti nh\u00e3n cam). Piccini l\u00e0 m\u1ed9t trong nh\u1eefng nh\u00e0 l\u00e0m r\u01b0\u1ee3u n\u0103ng \u0111\u1ed9ng nh\u1ea5t n\u01b0\u1edbc \u00dd, v\u00e0 d\u1ef1 \u00e1n Astrale ra \u0111\u1eddi v\u1edbi tri\u1ebft l\u00fd &#8220;kh\u00f4ng bi\u00ean gi\u1edbi&#8221; (senza confini), nh\u1eb1m m\u1ee5c \u0111\u00edch ph\u00e1 v\u1ee1 c\u00e1c quy t\u1eafc truy\u1ec1n th\u1ed1ng c\u0169 k\u1ef9 \u0111\u1ec3 t\u1ea1o ra nh\u1eefng chai vang ngon nh\u1ea5t b\u1eb1ng c\u00e1ch ph\u1ed1i tr\u1ed9n nh\u1eefng gi\u1ed1ng nho t\u1ed1t nh\u1ea5t t\u1eeb kh\u1eafp n\u01b0\u1edbc \u00dd (nh\u01b0 Veneto, Sicily, Puglia&#8230;).<\/p>\n<h2>Th\u00f4ng tin v\u1ec1 r\u01b0\u1ee3u vang Astrale Vino Spumante Cuvee<\/h2>\n<ul>\n<li>Nh\u00e0 s\u1ea3n xu\u1ea5t: Piccini (Th\u01b0\u01a1ng hi\u1ec7u Astrale)<\/li>\n<li>V\u00f9ng s\u1ea3n xu\u1ea5t: Vino d&#8217;Italia (\u0110a v\u00f9ng \u2013 Ph\u1ed1i tr\u1ed9n nho t\u1eeb Veneto v\u00e0 Sicily)<\/li>\n<li>Gi\u1ed1ng nho: Ph\u1ed1i tr\u1ed9n gi\u1eefa Glera (nho l\u00e0m Prosecco), Chardonnay (t\u1ea1o \u0111\u1ed9 b\u00e9o) v\u00e0 Vermentino (t\u1ea1o h\u01b0\u01a1ng th\u01a1m nhi\u1ec7t \u0111\u1edbi).<\/li>\n<li>N\u1ed3ng \u0111\u1ed9 c\u1ed3n: 11%<\/li>\n<li>Th\u1ec3 t\u00edch: 750ml<\/li>\n<\/ul>\n<h2>H\u01b0\u01a1ng v\u1ecb c\u1ee7a r\u01b0\u1ee3u vang Astrale Vino Spumante Cuvee<\/h2>\n<ul>\n<li><strong>M\u00e0u s\u1eafc<\/strong>: R\u01b0\u1ee3u c\u00f3 m\u00e0u v\u00e0ng r\u01a1m t\u01b0\u01a1i s\u00e1ng, \u0111i\u1ec3m xuy\u1ebft \u00e1nh xanh l\u1ee5c tr\u1ebb trung. L\u1edbp b\u1ecdt kh\u00ed (perlage) s\u1ee7i l\u00ean r\u1ea5t m\u1ecbn m\u00e0ng v\u00e0 b\u1ec1n b\u1ec9.<\/li>\n<li><strong>H\u01b0\u01a1ng<\/strong>: M\u00f9i h\u01b0\u01a1ng n\u1ed3ng n\u00e0n v\u00e0 ph\u1ee9c h\u1ee3p. B\u1ea1n s\u1ebd c\u1ea3m nh\u1eadn r\u00f5 h\u01b0\u01a1ng c\u1ee7a c\u00e1c lo\u1ea1i qu\u1ea3 ru\u1ed9t tr\u1eafng nh\u01b0 t\u00e1o xanh, l\u00ea, h\u00f2a quy\u1ec7n v\u1edbi h\u01b0\u01a1ng hoa keo (\u0111\u1eb7c tr\u01b0ng c\u1ee7a Glera) v\u00e0 m\u1ed9t ch\u00fat h\u01b0\u01a1ng tr\u00e1i c\u00e2y nhi\u1ec7t \u0111\u1edbi nh\u01b0 d\u1ee9a, xo\u00e0i (\u0111\u1eb7c tr\u01b0ng c\u1ee7a Vermentino t\u1eeb v\u00f9ng n\u00f3ng).<\/li>\n<li><strong>V\u1ecb<\/strong>: Khi u\u1ed1ng, r\u01b0\u1ee3u mang l\u1ea1i c\u1ea3m gi\u00e1c c\u1ef1c k\u1ef3 s\u1ea3ng kho\u00e1i (crisp). V\u1ecb chua thanh m\u00e1t l\u00e0m ch\u1ee7 \u0111\u1ea1o, nh\u01b0ng \u0111\u01b0\u1ee3c c\u00e2n b\u1eb1ng b\u1edfi \u0111\u1ed9 ng\u1ecdt nh\u1eb9 (Extra Dry) v\u00e0 c\u1ea3m gi\u00e1c kem m\u01b0\u1ee3t (creamy) nh\u1edd nho Chardonnay. H\u1eadu v\u1ecb s\u1ea1ch s\u1ebd, l\u01b0u l\u1ea1i ch\u00fat h\u01b0\u01a1ng kho\u00e1ng ch\u1ea5t v\u00e0 v\u1ecf chanh.<\/li>\n<\/ul>\n<h2>K\u1ebft h\u1ee3p r\u01b0\u1ee3u vang Astrale Vino Spumante Cuvee v\u1edbi m\u00f3n \u0103n:<\/h2>\n<ul>\n<li><strong>M\u00f3n \u0103n ph\u00f9 h\u1ee3p<\/strong>: \u0110\u00e2y l\u00e0 chai vang &#8220;Khai v\u1ecb&#8221; (Aperitif) ho\u00e0n h\u1ea3o. R\u1ea5t h\u1ee3p v\u1edbi c\u00e1c m\u00f3n h\u1ea3i s\u1ea3n t\u01b0\u01a1i s\u1ed1ng (h\u00e0u, g\u1ecfi c\u00e1), m\u00f3n chi\u00ean (m\u1ef1c chi\u00ean gi\u00f2n, ch\u1ea3 gi\u00f2) ho\u1eb7c c\u00e1c m\u00f3n \u00c1 c\u00f3 v\u1ecb cay nh\u1eb9 (nh\u01b0 g\u1ecfi \u0111u \u0111\u1ee7 Th\u00e1i, s\u00fap chua cay) v\u00ec v\u1ecb ng\u1ecdt nh\u1eb9 c\u1ee7a r\u01b0\u1ee3u s\u1ebd l\u00e0m d\u1ecbu v\u1ecb cay.<\/li>\n<li><strong>Nhi\u1ec7t \u0111\u1ed9 ph\u1ee5c v\u1ee5<\/strong>: C\u1ea7n \u01b0\u1edbp th\u1eadt l\u1ea1nh, ngon nh\u1ea5t \u1edf 6 &#8211; 8\u00b0C.<\/li>\n<li><strong>Ch\u00fa \u00fd khi ph\u1ee5c v\u1ee5<\/strong>: N\u00ean d\u00f9ng ly d\u00e1ng thon d\u00e0i (ly Flute) \u0111\u1ec3 ng\u1eafm nh\u00ecn b\u1ecdt s\u1ee7i t\u0103m \u0111\u1eb9p m\u1eaft v\u00e0 gi\u1eef l\u1ea1nh l\u00e2u h\u01a1n.<\/li>\n<\/ul>\n","protected":false},"excerpt":{"rendered":"<p>R\u01b0\u1ee3u vang Astrale Vino Spumante Cuvee l\u00e0 \u0111\u1ea1i di\u1ec7n ti\u00eau bi\u1ec3u cho d\u00f2ng vang &#8220;c\u00e1ch t\u00e2n&#8221; c\u1ee7a \u00dd. Thay v\u00ec ch\u1ec9 d\u00f9ng m\u1ed9t gi\u1ed1ng nho t\u1eeb m\u1ed9t v\u00f9ng (nh\u01b0 Prosecco&#8230;<\/p>\n","protected":false},"featured_media":12537,"comment_status":"open","ping_status":"closed","template":"","meta":[],"product_brand":[],"product_cat":[1395],"product_tag":[1171,1396,1397,1398],"class_list":{"0":"post-12536","1":"product","2":"type-product","3":"status-publish","4":"has-post-thumbnail","6":"product_cat-tenute-piccini","7":"product_tag-750ml","8":"product_tag-glera","9":"product_tag-ruou-vang-no","10":"product_tag-ruou-vang-y","11":"pa_dung-tich-750ml","12":"pa_giong-nho-chardonnay","13":"pa_giong-nho-glera","14":"pa_giong-nho-vermentino","15":"pa_loai-vang-sparkling-wine","16":"pa_nha-san-xuat-tenute-piccini","17":"pa_quoc-gia-italy","18":"pa_vung-nho-tuscany","20":"first","21":"instock","22":"taxable","23":"shipping-taxable","24":"purchasable","25":"product-type-simple"},"_links":{"self":[{"href":"https:\/\/hedon.com.vn\/en\/wp-json\/wp\/v2\/product\/12536","targetHints":{"allow":["GET"]}}],"collection":[{"href":"https:\/\/hedon.com.vn\/en\/wp-json\/wp\/v2\/product"}],"about":[{"href":"https:\/\/hedon.com.vn\/en\/wp-json\/wp\/v2\/types\/product"}],"replies":[{"embeddable":true,"href":"https:\/\/hedon.com.vn\/en\/wp-json\/wp\/v2\/comments?post=12536"}],"wp:featuredmedia":[{"embeddable":true,"href":"https:\/\/hedon.com.vn\/en\/wp-json\/wp\/v2\/media\/12537"}],"wp:attachment":[{"href":"https:\/\/hedon.com.vn\/en\/wp-json\/wp\/v2\/media?parent=12536"}],"wp:term":[{"taxonomy":"product_brand","embeddable":true,"href":"https:\/\/hedon.com.vn\/en\/wp-json\/wp\/v2\/product_brand?post=12536"},{"taxonomy":"product_cat","embeddable":true,"href":"https:\/\/hedon.com.vn\/en\/wp-json\/wp\/v2\/product_cat?post=12536"},{"taxonomy":"product_tag","embeddable":true,"href":"https:\/\/hedon.com.vn\/en\/wp-json\/wp\/v2\/product_tag?post=12536"}],"curies":[{"name":"wp","href":"https:\/\/api.w.org\/{rel}","templated":true}]}}