{"id":12570,"date":"2025-11-06T17:25:43","date_gmt":"2025-11-06T10:25:43","guid":{"rendered":"https:\/\/hedon.com.vn\/san-pham\/ruou-vang-y-terre-passeri-merlot\/"},"modified":"2025-11-06T17:25:43","modified_gmt":"2025-11-06T10:25:43","slug":"ruou-vang-y-terre-passeri-merlot","status":"publish","type":"product","link":"https:\/\/hedon.com.vn\/en\/san-pham\/ruou-vang-y-terre-passeri-merlot\/","title":{"rendered":"R\u01b0\u1ee3u vang \u00dd Terre Passeri Merlot"},"content":{"rendered":"<p><strong>R\u01b0\u1ee3u vang Terre Passeri Merlot<\/strong> l\u00e0 vang \u0111\u1ecf d\u1ec5 u\u1ed1ng \u2013 tr\u00e1i c\u00e2y r\u00f5 \u0111\u1ebfn t\u1eeb \u00dd. L\u00e0m t\u1eeb Merlot 100% (d\u00f2ng varietale), r\u01b0\u1ee3u \u0111\u01b0\u1ee3c l\u00ean men \u1edf nhi\u1ec7t \u0111\u1ed9 ki\u1ec3m so\u00e1t trong th\u00e9p kh\u00f4ng g\u1ec9 \u0111\u1ec3 gi\u1eef h\u01b0\u01a1ng qu\u1ea3 t\u01b0\u01a1i v\u00e0 cho tannin m\u1ec1m. Phong c\u00e1ch t\u1ed5ng th\u1ec3: m\u1eadn \u2013 anh \u0111\u00e0o \u2013 m\u00e2m x\u00f4i, ch\u1ea5t r\u01b0\u1ee3u m\u01b0\u1ee3t, c\u1ea5u tr\u00fac c\u00e2n b\u1eb1ng, r\u1ea5t ph\u00f9 h\u1ee3p cho b\u1eefa \u0103n h\u1eb1ng ng\u00e0y.<\/p>\n<h2>Gi\u1edbi thi\u1ec7u v\u1ec1 nh\u00e0 s\u1ea3n xu\u1ea5t<\/h2>\n<p><strong>Cantine Pirovano<\/strong> l\u00e0 nh\u00e0 r\u01b0\u1ee3u \u00dd \u0111\u1ee9ng sau nh\u00e3n <strong>Terre Passeri<\/strong>, \u0111\u1ecbnh v\u1ecb \u1edf nh\u00f3m vang \u1ed5n \u0111\u1ecbnh \u2013 d\u1ec5 ti\u1ebfp c\u1eadn v\u1edbi t\u00ednh \u201c\u1ea9m th\u1ef1c\u201d cao. Terre Passeri thu\u1ed9c m\u1ed9t nh\u00e0 l\u00e0m r\u01b0\u1ee3u \u00dd ch\u00fa tr\u1ecdng \u0111\u1ed9 \u1ed5n \u0111\u1ecbnh \u2013 t\u00ednh t\u01b0\u01a1i \u2013 d\u1ec5 gh\u00e9p m\u00f3n. Tri\u1ebft l\u00fd l\u00e0 vinification g\u1ecdn s\u1ea1ch, can thi\u1ec7p v\u1eeba \u0111\u1ee7 v\u00e0 kh\u00f4ng l\u1ea1m d\u1ee5ng g\u1ed7 s\u1ed3i, \u0111\u1ec3 tr\u1ecdng t\u00e2m \u1edf tr\u00e1i c\u00e2y ch\u00edn t\u1ef1 nhi\u00ean v\u00e0 s\u1ef1 d\u1ec5 ti\u1ebfp c\u1eadn cho ng\u01b0\u1eddi m\u1edbi.<\/p>\n<h2>Th\u00f4ng tin v\u1ec1 r\u01b0\u1ee3u vang Terre Passeri Merlot<\/h2>\n<ul>\n<li style=\"list-style-type: none;\">\n<ul>\n<li>Nh\u00e0 s\u1ea3n xu\u1ea5t: Cantine Pirovano<\/li>\n<li>V\u00f9ng s\u1ea3n xu\u1ea5t: Italia (Vino Varietale d\u2019Italia)<\/li>\n<li>Gi\u1ed1ng nho: Merlot 100%<\/li>\n<li>N\u1ed3ng \u0111\u1ed9 c\u1ed3n: 11.5% vol<\/li>\n<li>Th\u1ec3 t\u00edch: 750 mL<\/li>\n<\/ul>\n<\/li>\n<\/ul>\n<h2>H\u01b0\u01a1ng v\u1ecb c\u1ee7a r\u01b0\u1ee3u vang Terre Passeri Merlot<\/h2>\n<ul>\n<li style=\"list-style-type: none;\">\n<ul>\n<li>M\u00e0u s\u1eafc: \u0110\u1ecf ruby t\u01b0\u01a1i \u0111\u1ebfn ruby trung b\u00ecnh, vi\u1ec1n \u00e1nh t\u00edm tr\u1ebb.<\/li>\n<li>H\u01b0\u01a1ng: M\u1eadn ch\u00edn \u2013 anh \u0111\u00e0o \u2013 m\u00e2m x\u00f4i, tho\u1ea3ng vanilla\/k\u1eb9o tr\u00e1i c\u00e2y nh\u1eb9, ch\u00fat th\u1ea3o m\u1ed9c \u2013 ti\u00eau \u0111en r\u1ea5t d\u1ecbu.<\/li>\n<li>V\u1ecb: Nh\u1eb9 \u0111\u1ebfn trung b\u00ecnh, tr\u00e1i \u0111\u1ecf\/\u0111en ch\u00edn d\u1eabn d\u1eaft; acid v\u1eeba gi\u00fap r\u01b0\u1ee3u g\u1ecdn; tannin m\u1ec1m \u2013 m\u01b0\u1ee3t, kh\u00f4ng g\u1eaft; h\u1eadu v\u1ecb s\u1ea1ch v\u1edbi g\u1ee3i \u00fd m\u1eadn \u2013 anh \u0111\u00e0o v\u00e0 ch\u00fat gia v\u1ecb \u1ea5m. T\u1ed5ng th\u1ec3 c\u00e2n b\u1eb1ng \u2013 th\u00e2n thi\u1ec7n \u2013 \u201cm\u1edf l\u00e0 u\u1ed1ng ngon\u201d.<\/li>\n<\/ul>\n<\/li>\n<\/ul>\n<h2>K\u1ebft h\u1ee3p m\u00f3n \u0103n:<\/h2>\n<ul>\n<li style=\"list-style-type: none;\">\n<ul>\n<li>M\u00f3n ph\u00f9 h\u1ee3p: Pizza \u2013 pasta s\u1ed1t c\u00e0 chua, lasagna, burger\/BBQ nh\u1eb9, charcuterie (salami, prosciutto), th\u1ecbt heo n\u01b0\u1edbng v\u00e0 ph\u00f4 mai m\u1ec1m.<\/li>\n<li>Nhi\u1ec7t \u0111\u1ed9 ph\u1ee5c v\u1ee5: 14\u201316 \u00b0C (m\u00e1t nh\u1eb9 gi\u00fap r\u01b0\u1ee3u s\u1ea3ng kho\u00e1i).<\/li>\n<li>Ch\u00fa \u00fd khi ph\u1ee5c v\u1ee5: Kh\u00f4ng c\u1ea7n decant; ch\u1ec9 m\u1edf tr\u01b0\u1edbc 10\u201315 ph\u00fat l\u00e0 \u0111\u1ee7. N\u1ebfu th\u1eddi ti\u1ebft n\u00f3ng, c\u00f3 th\u1ec3 \u01b0\u1edbp nhanh 10 ph\u00fat trong x\u00f4 \u0111\u00e1 \u0111\u1ec3 gi\u1eef \u0111\u1ed9 t\u01b0\u01a1i. U\u1ed1ng ngon trong 1\u20132 n\u0103m t\u1eeb ng\u00e0y mua \u0111\u1ec3 gi\u1eef h\u01b0\u01a1ng tr\u00e1i c\u00e2y t\u01b0\u01a1i.<\/li>\n<\/ul>\n<\/li>\n<\/ul>\n","protected":false},"excerpt":{"rendered":"<p>R\u01b0\u1ee3u vang Terre Passeri Merlot l\u00e0 vang \u0111\u1ecf d\u1ec5 u\u1ed1ng \u2013 tr\u00e1i c\u00e2y r\u00f5 \u0111\u1ebfn t\u1eeb \u00dd. L\u00e0m t\u1eeb Merlot 100% (d\u00f2ng varietale), r\u01b0\u1ee3u \u0111\u01b0\u1ee3c l\u00ean men \u1edf nhi\u1ec7t \u0111\u1ed9&#8230;<\/p>\n","protected":false},"featured_media":12571,"comment_status":"open","ping_status":"closed","template":"","meta":[],"product_brand":[],"product_cat":[1177],"product_tag":[1256,1398],"class_list":{"0":"post-12570","1":"product","2":"type-product","3":"status-publish","4":"has-post-thumbnail","6":"product_cat-cantine-pirovano","7":"product_tag-ruou-vang-do","8":"product_tag-ruou-vang-y","9":"pa_dung-tich-750ml","10":"pa_giong-nho-merlot","11":"pa_loai-vang-red-wine","12":"pa_nha-san-xuat-cantine-pirovano","13":"pa_quoc-gia-italy","14":"pa_vung-nho-sicily","16":"first","17":"instock","18":"taxable","19":"shipping-taxable","20":"purchasable","21":"product-type-simple"},"_links":{"self":[{"href":"https:\/\/hedon.com.vn\/en\/wp-json\/wp\/v2\/product\/12570","targetHints":{"allow":["GET"]}}],"collection":[{"href":"https:\/\/hedon.com.vn\/en\/wp-json\/wp\/v2\/product"}],"about":[{"href":"https:\/\/hedon.com.vn\/en\/wp-json\/wp\/v2\/types\/product"}],"replies":[{"embeddable":true,"href":"https:\/\/hedon.com.vn\/en\/wp-json\/wp\/v2\/comments?post=12570"}],"wp:featuredmedia":[{"embeddable":true,"href":"https:\/\/hedon.com.vn\/en\/wp-json\/wp\/v2\/media\/12571"}],"wp:attachment":[{"href":"https:\/\/hedon.com.vn\/en\/wp-json\/wp\/v2\/media?parent=12570"}],"wp:term":[{"taxonomy":"product_brand","embeddable":true,"href":"https:\/\/hedon.com.vn\/en\/wp-json\/wp\/v2\/product_brand?post=12570"},{"taxonomy":"product_cat","embeddable":true,"href":"https:\/\/hedon.com.vn\/en\/wp-json\/wp\/v2\/product_cat?post=12570"},{"taxonomy":"product_tag","embeddable":true,"href":"https:\/\/hedon.com.vn\/en\/wp-json\/wp\/v2\/product_tag?post=12570"}],"curies":[{"name":"wp","href":"https:\/\/api.w.org\/{rel}","templated":true}]}}