{"id":12572,"date":"2025-11-06T17:15:17","date_gmt":"2025-11-06T10:15:17","guid":{"rendered":"https:\/\/hedon.com.vn\/san-pham\/ruou-vang-y-terre-passeri-sicilia-nero-davola\/"},"modified":"2025-11-06T17:15:17","modified_gmt":"2025-11-06T10:15:17","slug":"ruou-vang-y-terre-passeri-sicilia-nero-davola","status":"publish","type":"product","link":"https:\/\/hedon.com.vn\/en\/san-pham\/ruou-vang-y-terre-passeri-sicilia-nero-davola\/","title":{"rendered":"R\u01b0\u1ee3u vang \u00dd Terre Passeri Sicilia Nero d\u2019Avola"},"content":{"rendered":"<p><strong>R\u01b0\u1ee3u vang Terre Passeri Sicilia Nero d\u2019Avola<\/strong> l\u00e0 vang \u0111\u1ecf ti\u00eau bi\u1ec3u c\u1ee7a Sicilia (\u00dd). L\u00e0m t\u1eeb gi\u1ed1ng nho \u0111\u1ecba ph\u01b0\u01a1ng Nero d\u2019Avola 100%, r\u01b0\u1ee3u h\u01b0\u1edbng phong c\u00e1ch \u0111\u1eadm v\u1eeba \u2013 tr\u00e1i c\u00e2y ch\u00edn \u2013 gia v\u1ecb \u1ea5m. Nho \u0111\u01b0\u1ee3c \u00e9p nh\u1eb9, l\u00ean men \u1edf nhi\u1ec7t \u0111\u1ed9 ki\u1ec3m so\u00e1t \u0111\u1ec3 gi\u1eef h\u01b0\u01a1ng, sau \u0111\u00f3 ngh\u1ec9\/ti\u1ebfp x\u00fac g\u1ed7 s\u1ed3i \u1edf m\u1ee9c v\u1eeba ph\u1ea3i gi\u00fap tannin m\u1ecbn v\u00e0 v\u1ecb r\u01b0\u1ee3u tr\u00f2n tr\u1ecba h\u01a1n. T\u1ed5ng th\u1ec3: m\u1eadn\/anh \u0111\u00e0o \u0111en r\u00f5 n\u00e9t, c\u1ea5u tr\u00fac c\u00e2n b\u1eb1ng, h\u1eadu v\u1ecb s\u1ea1ch.<\/p>\n<h2>Gi\u1edbi thi\u1ec7u v\u1ec1 nh\u00e0 s\u1ea3n xu\u1ea5t<\/h2>\n<p><strong>Cantine Pirovano<\/strong> l\u00e0 nh\u00e0 r\u01b0\u1ee3u \u00dd \u0111\u1ee9ng sau nh\u00e3n <strong>Terre Passeri<\/strong>, \u0111\u1ecbnh v\u1ecb \u1edf nh\u00f3m vang \u1ed5n \u0111\u1ecbnh \u2013 d\u1ec5 ti\u1ebfp c\u1eadn v\u1edbi t\u00ednh \u201c\u1ea9m th\u1ef1c\u201d cao. <strong>Terre Passeri<\/strong> l\u00e0 d\u00f2ng vang c\u1ee7a m\u1ed9t nh\u00e0 l\u00e0m r\u01b0\u1ee3u \u00dd ch\u00fa tr\u1ecdng \u0111\u1ed9 t\u01b0\u01a1i \u2013 t\u00ednh \u1ed5n \u0111\u1ecbnh \u2013 d\u1ec5 gh\u00e9p m\u00f3n. Tri\u1ebft l\u00fd l\u00e0 vinification g\u1ecdn s\u1ea1ch, ch\u1ecdn nho ch\u00edn l\u00e0nh m\u1ea1nh v\u00e0 s\u1ed3i d\u00f9ng ti\u1ebft ch\u1ebf \u0111\u1ec3 t\u00f4n vinh h\u01b0\u01a1ng v\u1ecb t\u1ef1 nhi\u00ean c\u1ee7a t\u1eebng gi\u1ed1ng nho. Nh\u1edd v\u1eady, Nero d\u2019Avola c\u1ee7a d\u00f2ng n\u00e0y v\u1eeba d\u1ec5 u\u1ed1ng, v\u1eeba th\u1ec3 hi\u1ec7n b\u1ea3n s\u1eafc Sicilia.<\/p>\n<h2>Th\u00f4ng tin v\u1ec1 r\u01b0\u1ee3u vang Terre Passeri Sicilia Nero d\u2019Avola<\/h2>\n<ul>\n<li style=\"list-style-type: none;\">\n<ul>\n<li>Nh\u00e0 s\u1ea3n xu\u1ea5t: Terre Passeri (Cantine Pirovano)<\/li>\n<li>V\u00f9ng s\u1ea3n xu\u1ea5t: Sicilia DOC, \u00dd<\/li>\n<li>Gi\u1ed1ng nho: Nero d\u2019Avola 100%<\/li>\n<li>N\u1ed3ng \u0111\u1ed9 c\u1ed3n: ~13\u201313,5% ABV<\/li>\n<li>Th\u1ec3 t\u00edch: 750 mL<\/li>\n<\/ul>\n<\/li>\n<\/ul>\n<h2>H\u01b0\u01a1ng v\u1ecb c\u1ee7a r\u01b0\u1ee3u vang Terre Passeri Sicilia Nero d\u2019Avola<\/h2>\n<ul>\n<li style=\"list-style-type: none;\">\n<ul>\n<li>M\u00e0u s\u1eafc: \u0110\u1ecf ruby \u0111\u1eadm \u00e1nh t\u00edm khi r\u01b0\u1ee3u c\u00f2n tr\u1ebb.<\/li>\n<li>H\u01b0\u01a1ng: Anh \u0111\u00e0o \u0111en \u2013 m\u1eadn ch\u00edn \u2013 m\u00e2m x\u00f4i \u0111en, tho\u1ea3ng cam th\u1ea3o \u2013 ti\u00eau \u0111en \u2013 th\u1ea3o m\u1ed9c \u0110\u1ecba Trung H\u1ea3i, n\u1ec1n vanilla \u2013 cacao nh\u1eb9 t\u1eeb ti\u1ebfp x\u00fac s\u1ed3i.<\/li>\n<li>V\u1ecb: \u0110\u1eadm v\u1eeba, tr\u00e1i \u0111en ch\u00edn d\u1eabn d\u1eaft; acid v\u1eeba gi\u1eef r\u01b0\u1ee3u g\u1ecdn; tannin ch\u00edn m\u1ecbn b\u00e1m nh\u1eb9 hai m\u00e1; gi\u1eefa v\u1ecb c\u00f3 gia v\u1ecb \u1ea5m \u2013 cam th\u1ea3o \u2013 g\u1ed7 tuy\u1ebft t\u00f9ng; h\u1eadu v\u1ecb kh\u00e1 d\u00e0i, kh\u00f4, s\u1ea1ch, d\u1ec5 ch\u1ecbu. Phong c\u00e1ch c\u00e2n b\u1eb1ng \u2013 th\u00e2n thi\u1ec7n, h\u1ee3p nhi\u1ec1u m\u00f3n \u0103n \u0111\u1eadm \u0111\u00e0.<\/li>\n<\/ul>\n<\/li>\n<\/ul>\n<h2>K\u1ebft h\u1ee3p m\u00f3n \u0103n:<\/h2>\n<ul>\n<li style=\"list-style-type: none;\">\n<ul>\n<li>M\u00f3n ph\u00f9 h\u1ee3p: B\u00f2 n\u01b0\u1edbng\/BBQ, c\u1eebu n\u01b0\u1edbng th\u1ea3o m\u1ed9c, m\u1ef3 \u00dd s\u1ed1t c\u00e0 chua \u2013 th\u1ecbt, pizza ki\u1ec3u Sicilia, th\u1ecbt heo quay, ph\u00f4 mai pecorino\/asiago.<\/li>\n<li>Nhi\u1ec7t \u0111\u1ed9 ph\u1ee5c v\u1ee5: 16\u201318 \u00b0C.<\/li>\n<li>Ch\u00fa \u00fd khi ph\u1ee5c v\u1ee5: M\u1edf tr\u01b0\u1edbc 15\u201330 ph\u00fat ho\u1eb7c decant ng\u1eafn \u0111\u1ec3 h\u01b0\u01a1ng v\u1ecb bung t\u1ecfa; d\u00f9ng ly Bordeaux b\u1ee5ng l\u1edbn; tr\u00e1nh \u01b0\u1edbp qu\u00e1 l\u1ea1nh v\u00ec s\u1ebd \u201ckh\u00f3a\u201d h\u01b0\u01a1ng. U\u1ed1ng ngon ngay, ho\u1eb7c gi\u1eef 3\u20135 n\u0103m \u0111\u1ec3 r\u01b0\u1ee3u h\u00f2a quy\u1ec7n h\u01a1n.<\/li>\n<\/ul>\n<\/li>\n<\/ul>\n","protected":false},"excerpt":{"rendered":"<p>R\u01b0\u1ee3u vang Terre Passeri Sicilia Nero d\u2019Avola l\u00e0 vang \u0111\u1ecf ti\u00eau bi\u1ec3u c\u1ee7a Sicilia (\u00dd). L\u00e0m t\u1eeb gi\u1ed1ng nho \u0111\u1ecba ph\u01b0\u01a1ng Nero d\u2019Avola 100%, r\u01b0\u1ee3u h\u01b0\u1edbng phong c\u00e1ch \u0111\u1eadm v\u1eeba&#8230;<\/p>\n","protected":false},"featured_media":12573,"comment_status":"open","ping_status":"closed","template":"","meta":[],"product_brand":[],"product_cat":[1177],"product_tag":[],"class_list":{"0":"post-12572","1":"product","2":"type-product","3":"status-publish","4":"has-post-thumbnail","6":"product_cat-cantine-pirovano","7":"pa_dung-tich-750ml","8":"pa_giong-nho-nero-davola","9":"pa_loai-vang-red-wine","10":"pa_nha-san-xuat-cantine-pirovano","11":"pa_quoc-gia-italy","12":"pa_vung-nho-sicily","14":"first","15":"instock","16":"taxable","17":"shipping-taxable","18":"purchasable","19":"product-type-simple"},"_links":{"self":[{"href":"https:\/\/hedon.com.vn\/en\/wp-json\/wp\/v2\/product\/12572","targetHints":{"allow":["GET"]}}],"collection":[{"href":"https:\/\/hedon.com.vn\/en\/wp-json\/wp\/v2\/product"}],"about":[{"href":"https:\/\/hedon.com.vn\/en\/wp-json\/wp\/v2\/types\/product"}],"replies":[{"embeddable":true,"href":"https:\/\/hedon.com.vn\/en\/wp-json\/wp\/v2\/comments?post=12572"}],"wp:featuredmedia":[{"embeddable":true,"href":"https:\/\/hedon.com.vn\/en\/wp-json\/wp\/v2\/media\/12573"}],"wp:attachment":[{"href":"https:\/\/hedon.com.vn\/en\/wp-json\/wp\/v2\/media?parent=12572"}],"wp:term":[{"taxonomy":"product_brand","embeddable":true,"href":"https:\/\/hedon.com.vn\/en\/wp-json\/wp\/v2\/product_brand?post=12572"},{"taxonomy":"product_cat","embeddable":true,"href":"https:\/\/hedon.com.vn\/en\/wp-json\/wp\/v2\/product_cat?post=12572"},{"taxonomy":"product_tag","embeddable":true,"href":"https:\/\/hedon.com.vn\/en\/wp-json\/wp\/v2\/product_tag?post=12572"}],"curies":[{"name":"wp","href":"https:\/\/api.w.org\/{rel}","templated":true}]}}