{"id":12586,"date":"2025-08-23T10:43:44","date_gmt":"2025-08-23T03:43:44","guid":{"rendered":"https:\/\/hedon.com.vn\/san-pham\/ruou-vang-phap-bouchard-aine-fils-mersault-1er-cru-le-porusot\/"},"modified":"2025-08-23T10:43:44","modified_gmt":"2025-08-23T03:43:44","slug":"ruou-vang-phap-bouchard-aine-fils-mersault-1er-cru-le-porusot","status":"publish","type":"product","link":"https:\/\/hedon.com.vn\/en\/san-pham\/ruou-vang-phap-bouchard-aine-fils-mersault-1er-cru-le-porusot\/","title":{"rendered":"R\u01b0\u1ee3u vang Ph\u00e1p Bouchard Ain\u00e9 &#038; Fils Mersault 1er Cru Le Porusot"},"content":{"rendered":"<p><strong>R\u01b0\u1ee3u vang Ph\u00e1p Bouchard Ain\u00e9 &amp; Fils Mersault 1er Cru Le Porusot<\/strong> \u0111\u01b0\u1ee3c l\u00e0m t\u1eeb 100% nho Chardonnay \u0111\u01b0\u1ee3c tr\u1ed3ng tr\u00ean th\u1eeda ru\u1ed9ng \u0111\u01b0\u1ee3c x\u1ebfp h\u1ea1ng Premier Cru &#8220;Le Porusot&#8221;. Nho h\u00e1i th\u1ee7 c\u00f4ng, \u00e9p nh\u1eb9, l\u00ean men v\u00e0 th\u00e0nh tr\u01b0\u1edfng 18 th\u00e1ng tr\u00ean c\u1eb7n m\u1ecbn trong th\u00f9ng g\u1ed7 s\u1ed3i (30% l\u00e0 th\u00f9ng m\u1edbi). Chai vang n\u00e0y l\u00e0 m\u1ed9t trong nh\u1eefng bi\u1ec3u t\u01b0\u1ee3ng v\u1ec1 r\u01b0\u1ee3u vang tr\u1eafng c\u1ee7a ti\u1ec3u v\u00f9ng C\u00f4te de Beaune, th\u1ec3 hi\u1ec7n tr\u1ecdn v\u1eb9n s\u1ef1 tinh t\u1ebf v\u00e0 tay ngh\u1ec1 l\u00e0m r\u01b0\u1ee3u th\u1ee7 c\u00f4ng ho\u00e0n h\u1ea3o c\u1ee7a nh\u00e0 Bouchard Aine &amp; Fils.<\/p>\n<p>Michel Bouchard \u0111\u1ecbnh c\u01b0 t\u1ea1i Burgundy n\u0103m 1731, kh\u1edfi \u0111\u1ea7u v\u1edbi ng\u00e0nh d\u1ec7t may tr\u01b0\u1edbc khi chuy\u1ec3n sang m\u00f4i gi\u1edbi r\u01b0\u1ee3u vang, lu\u00f4n h\u1ee3p t\u00e1c ch\u1eb7t ch\u1ebd v\u1edbi c\u00e1c nh\u00e0 l\u00e0m r\u01b0\u1ee3u \u0111\u1ecba ph\u01b0\u01a1ng \u0111\u1ec3 \u0111\u1ea1t ch\u1ea5t l\u01b0\u1ee3ng v\u00e0 phong c\u00e1ch xu\u1ea5t s\u1eafc. Tr\u1ea3i qua h\u01a1n hai th\u1ebf k\u1ef7, Bouchard A\u00een\u00e9 &amp; Fils \u0111\u00e3 tr\u1edf th\u00e0nh th\u01b0\u01a1ng hi\u1ec7u vang uy t\u00edn to\u00e0n c\u1ea7u, n\u1ed5i ti\u1ebfng v\u1edbi truy\u1ec1n th\u1ed1ng v\u00e0 tay ngh\u1ec1 l\u00e0m r\u01b0\u1ee3u vang c\u1ee7a m\u00ecnh. T\u1eeb Meursault l\u1ea5y t\u00ean t\u1eeb ch\u00ednh ng\u00f4i l\u00e0ng Meursault t\u1ea1i C\u00f4te de Beaune. \u0110\u00e2y l\u00e0 m\u1ed9t trong nh\u1eefng ng\u1ed3i l\u00e0ng l\u00e0m ra r\u01b0\u1ee3u vang tr\u1eafng t\u1eeb Chardonnay ngon nh\u1ea5t tr\u00ean th\u1ebf gi\u1edbi.<\/p>\n<p>&#8211; Ni\u00ean v\u1ee5: 2023<br \/>\n&#8211; Gi\u1ed1ng nho: Chardonnay<br \/>\n&#8211; N\u1ed3ng \u0111\u1ed9 c\u1ed3n: 13.5%<br \/>\n&#8211; Th\u1ec3 t\u00edch: 750ml<\/p>\n<p>M\u00e0u s\u1eafc: V\u00e0ng kim s\u00e1ng<br \/>\nH\u01b0\u01a1ng: H\u01b0\u01a1ng l\u00ea, \u0111\u00e0o tr\u1eafng, hoa tr\u1eafng, cam qu\u00fdt, ti\u00eau tr\u1eafng, h\u1ea1nh nh\u00e2n n\u01b0\u1edbng, vani tinh t\u1ebf<br \/>\nV\u1ecb: \u0110\u1eadm \u0111\u00e0, tr\u00f2n tr\u1ecba, c\u1ea5u tr\u00fac m\u1ecbn m\u1ea1ng, \u0111\u1ed9 chua s\u1ed1ng \u0111\u1ed9ng h\u1eadu v\u1ecb thanh l\u1ecbch, k\u00e9o d\u00e0i<br \/>\nK\u1ebft h\u1ee3p m\u00f3n \u0103n: Tuy\u1ec7t v\u1eddi v\u1edbi gan ng\u1ed7ng, h\u1ea3i s\u1ea3n, gia c\u1ea7m s\u1ed1t kem, ph\u00f4 mai m\u1ec1m \u1edf nhi\u1ec7t \u0111\u1ed9 12\u201313\u00b0C<\/p>\n","protected":false},"excerpt":{"rendered":"<p>R\u01b0\u1ee3u vang Ph\u00e1p Bouchard Ain\u00e9 &amp; Fils Mersault 1er Cru Le Porusot \u0111\u01b0\u1ee3c l\u00e0m t\u1eeb 100% nho Chardonnay \u0111\u01b0\u1ee3c tr\u1ed3ng tr\u00ean th\u1eeda ru\u1ed9ng \u0111\u01b0\u1ee3c x\u1ebfp h\u1ea1ng Premier Cru &#8220;Le Porusot&#8221;&#8230;.<\/p>\n","protected":false},"featured_media":12587,"comment_status":"open","ping_status":"closed","template":"","meta":[],"product_brand":[],"product_cat":[1305],"product_tag":[1171,1405,1402,1404,1174],"class_list":{"0":"post-12586","1":"product","2":"type-product","3":"status-publish","4":"has-post-thumbnail","6":"product_cat-bouchard-aine-et-fils","7":"product_tag-750ml","8":"product_tag-burgundy","9":"product_tag-chardonnay","10":"product_tag-ruou-vang-phap","11":"product_tag-ruou-vang-trang","12":"pa_dung-tich-750ml","13":"pa_giong-nho-chardonnay","14":"pa_loai-vang-white-wine","15":"pa_nha-san-xuat-bouchard-aine-et-fils","16":"pa_quoc-gia-france","17":"pa_vung-nho-burgundy","19":"first","20":"instock","21":"taxable","22":"shipping-taxable","23":"purchasable","24":"product-type-simple"},"_links":{"self":[{"href":"https:\/\/hedon.com.vn\/en\/wp-json\/wp\/v2\/product\/12586","targetHints":{"allow":["GET"]}}],"collection":[{"href":"https:\/\/hedon.com.vn\/en\/wp-json\/wp\/v2\/product"}],"about":[{"href":"https:\/\/hedon.com.vn\/en\/wp-json\/wp\/v2\/types\/product"}],"replies":[{"embeddable":true,"href":"https:\/\/hedon.com.vn\/en\/wp-json\/wp\/v2\/comments?post=12586"}],"wp:featuredmedia":[{"embeddable":true,"href":"https:\/\/hedon.com.vn\/en\/wp-json\/wp\/v2\/media\/12587"}],"wp:attachment":[{"href":"https:\/\/hedon.com.vn\/en\/wp-json\/wp\/v2\/media?parent=12586"}],"wp:term":[{"taxonomy":"product_brand","embeddable":true,"href":"https:\/\/hedon.com.vn\/en\/wp-json\/wp\/v2\/product_brand?post=12586"},{"taxonomy":"product_cat","embeddable":true,"href":"https:\/\/hedon.com.vn\/en\/wp-json\/wp\/v2\/product_cat?post=12586"},{"taxonomy":"product_tag","embeddable":true,"href":"https:\/\/hedon.com.vn\/en\/wp-json\/wp\/v2\/product_tag?post=12586"}],"curies":[{"name":"wp","href":"https:\/\/api.w.org\/{rel}","templated":true}]}}