{"id":12648,"date":"2025-06-20T17:42:18","date_gmt":"2025-06-20T10:42:18","guid":{"rendered":"https:\/\/hedon.com.vn\/san-pham\/ruou-vang-y-la-gioiosa-prosecco-treviso\/"},"modified":"2025-06-20T17:42:18","modified_gmt":"2025-06-20T10:42:18","slug":"ruou-vang-y-la-gioiosa-prosecco-treviso","status":"publish","type":"product","link":"https:\/\/hedon.com.vn\/en\/san-pham\/ruou-vang-y-la-gioiosa-prosecco-treviso\/","title":{"rendered":"R\u01b0\u1ee3u vang \u00dd La Gioiosa Prosecco Treviso"},"content":{"rendered":"<p>La Gioiosa l\u00e0 bi\u1ec3u t\u01b0\u1ee3ng cho truy\u1ec1n th\u1ed1ng l\u00e0m r\u01b0\u1ee3u vang l\u00e2u \u0111\u1eddi c\u1ee7a gia \u0111\u00ecnh Moretti Polegato, \u0111\u01b0\u1ee3c duy tr\u00ec qua nhi\u1ec1u th\u1ebf h\u1ec7 v\u00e0 g\u1eafn b\u00f3 ch\u1eb7t ch\u1ebd v\u1edbi t\u00ean g\u1ecdi Prosecco, c\u0169ng nh\u01b0 v\u00f9ng \u0111\u1ea5t Veneto, \u00dd. T\u00ean g\u1ecdi \u201cLa Gioiosa&#8221; l\u1ea5y c\u1ea3m h\u1ee9ng t\u1eeb t\u00ean c\u1ed5 c\u1ee7a t\u1ec9nh Treviso \u2013 \u201cMarca gioiosa et amorosa&#8221; (V\u00f9ng \u0111\u1ea5t vui v\u1ebb v\u00e0 th\u00e2n th\u01b0\u01a1ng), ph\u1ea3n \u00e1nh phong c\u00e1ch s\u1ed1ng th\u00e2n thi\u1ec7n, c\u1edfi m\u1edf c\u1ee7a ng\u01b0\u1eddi d\u00e2n n\u01a1i \u0111\u00e2y.<\/p>\n<p>La Gioiosa Prosecco Treviso \u0111\u01b0\u1ee3c l\u00e0m t\u1eeb gi\u1ed1ng nho Glera b\u1ea3n \u0111\u1ecba, nho \u0111\u01b0\u1ee3c \u00e9p nh\u1eb9 v\u00e0 l\u00ean men trong b\u00ea th\u00e9p kh\u00f4ng g\u1ec9. Sau \u0111\u00f3 l\u00e0 qu\u00e1 tr\u00ecnh th\u00e0nh tr\u01b0\u1edfng tr\u00ean c\u1eb7n m\u1ecbn 2 th\u00e1ng tr\u01b0\u1edbc khi \u0111\u01b0\u1ee3c \u0111\u00f3ng chai. \u0110\u00e2y l\u00e0 chai vang s\u1ee7i mang tr\u1ecdn v\u1eb9n h\u01b0\u01a1ng v\u1ecb s\u1ea3ng kho\u00e1i, t\u01b0\u01a1i m\u00e1t v\u00e0 v\u00f4 c\u00f9ng thanh l\u1ecbch.<\/p>\n<p>M\u00e0u s\u1eafc: V\u00e0ng r\u01a1m nh\u1ea1t<br \/>\nH\u01b0\u01a1ng: Hoa tr\u1eafng, t\u00e1o v\u00e0ng, cam qu\u00fdt, chanh v\u00e0ng<br \/>\nV\u1ecb: \u0110\u1ed9 chua s\u1ed1ng \u0111\u1ed9ng, t\u01b0\u01a1i m\u00e1t, s\u1ea3ng kho\u00e1i<\/p>\n<p>-Ni\u00ean v\u1ee5: N\/A<br \/>\n-Gi\u1ed1ng nho: Glera<br \/>\n-N\u1ed3ng \u0111\u1ed9 c\u1ed3n: 11%<br \/>\n-Th\u1ec3 t\u00edch: 750ml<\/p>\n","protected":false},"excerpt":{"rendered":"<p>La Gioiosa l\u00e0 bi\u1ec3u t\u01b0\u1ee3ng cho truy\u1ec1n th\u1ed1ng l\u00e0m r\u01b0\u1ee3u vang l\u00e2u \u0111\u1eddi c\u1ee7a gia \u0111\u00ecnh Moretti Polegato, \u0111\u01b0\u1ee3c duy tr\u00ec qua nhi\u1ec1u th\u1ebf h\u1ec7 v\u00e0 g\u1eafn b\u00f3 ch\u1eb7t ch\u1ebd&#8230;<\/p>\n","protected":false},"featured_media":12649,"comment_status":"open","ping_status":"closed","template":"","meta":[],"product_brand":[],"product_cat":[1483],"product_tag":[1171,1396,1397,1398,1484],"class_list":{"0":"post-12648","1":"product","2":"type-product","3":"status-publish","4":"has-post-thumbnail","6":"product_cat-moretti-polegato","7":"product_tag-750ml","8":"product_tag-glera","9":"product_tag-ruou-vang-no","10":"product_tag-ruou-vang-y","11":"product_tag-veneto","12":"pa_dung-tich-750ml","13":"pa_giong-nho-glera","14":"pa_loai-vang-sparkling-wine","15":"pa_nha-san-xuat-moretti-polegato","16":"pa_quoc-gia-italy","17":"pa_vung-nho-veneto","19":"first","20":"instock","21":"taxable","22":"shipping-taxable","23":"purchasable","24":"product-type-simple"},"_links":{"self":[{"href":"https:\/\/hedon.com.vn\/en\/wp-json\/wp\/v2\/product\/12648","targetHints":{"allow":["GET"]}}],"collection":[{"href":"https:\/\/hedon.com.vn\/en\/wp-json\/wp\/v2\/product"}],"about":[{"href":"https:\/\/hedon.com.vn\/en\/wp-json\/wp\/v2\/types\/product"}],"replies":[{"embeddable":true,"href":"https:\/\/hedon.com.vn\/en\/wp-json\/wp\/v2\/comments?post=12648"}],"wp:featuredmedia":[{"embeddable":true,"href":"https:\/\/hedon.com.vn\/en\/wp-json\/wp\/v2\/media\/12649"}],"wp:attachment":[{"href":"https:\/\/hedon.com.vn\/en\/wp-json\/wp\/v2\/media?parent=12648"}],"wp:term":[{"taxonomy":"product_brand","embeddable":true,"href":"https:\/\/hedon.com.vn\/en\/wp-json\/wp\/v2\/product_brand?post=12648"},{"taxonomy":"product_cat","embeddable":true,"href":"https:\/\/hedon.com.vn\/en\/wp-json\/wp\/v2\/product_cat?post=12648"},{"taxonomy":"product_tag","embeddable":true,"href":"https:\/\/hedon.com.vn\/en\/wp-json\/wp\/v2\/product_tag?post=12648"}],"curies":[{"name":"wp","href":"https:\/\/api.w.org\/{rel}","templated":true}]}}