{"id":12678,"date":"2025-04-15T17:24:20","date_gmt":"2025-04-15T10:24:20","guid":{"rendered":"https:\/\/hedon.com.vn\/san-pham\/ruou-vang-argentina-mendel-semillon\/"},"modified":"2026-04-28T16:30:12","modified_gmt":"2026-04-28T09:30:12","slug":"ruou-vang-argentina-mendel-semillon","status":"publish","type":"product","link":"https:\/\/hedon.com.vn\/en\/san-pham\/ruou-vang-argentina-mendel-semillon\/","title":{"rendered":"R\u01b0\u1ee3u vang Argentina Mendel Semillon"},"content":{"rendered":"<p>Mendel Winery l\u00e0 nh\u00e0 s\u1ea3n xu\u1ea5t r\u01b0\u1ee3u vang \u0111\u1ea1i di\u1ec7n cho s\u1ef1 h\u1ee3p t\u00e1c gi\u1eefa Roberto de Ia Mota \u2013 m\u1ed9t trong nh\u1eefng chuy\u00ean gia l\u00e0m r\u01b0\u1ee3u vang gi\u00e0u kinh nghi\u1ec7m v\u00e0 \u0111\u01b0\u1ee3c k\u00ednh tr\u1ecdng nh\u1ea5t Argentina \u2013 v\u1edbi gia \u0111\u00ecnh Sielecki. C\u00f9ng nhau, Mendel n\u1ed7 l\u1ef1c t\u1ea1o ra nh\u1eefng chai r\u01b0\u1ee3u vang v\u1edbi ch\u1ea5t l\u01b0\u1ee3ng h\u1ea3o h\u1ea1ng, c\u00f3 ti\u1ec1m n\u0103ng l\u01b0u tr\u1eef l\u00e2u d\u00e0i v\u00e0 th\u1ec3 hi\u1ec7n ch\u1ea5t l\u01b0\u1ee3ng v\u00e0 h\u01b0\u01a1ng v\u1ecb \u0111\u1eb7c tr\u01b0ng c\u1ee7a nho Malbec v\u00e0 Cabernet \u1edf Lujan de Cuyo Mendoza, Argentina.<\/p>\n<p>Th\u1ed5 nh\u01b0\u1ee1ng tr\u1ed3ng nho c\u1ee7a Mendel g\u1ed3m \u0111\u1ea5t tr\u1ea7m t\u00edch \u00edt ch\u1ea5t h\u1eefu c\u01a1, \u0111\u01b0\u1ee3c ph\u1ee7 m\u1ed9t l\u1edbp c\u00e1t c\u00f9ng \u0111\u00e1 v\u00e0 s\u1ecfi tr\u00ean b\u1ec1 m\u1eb7t. \u1ede \u0111\u1ed9 cao 1.000 m\u00e9t so v\u1edbi m\u1ef1c n\u01b0\u1edbc bi\u1ec3n, kh\u00ed h\u1eadu n\u01a1i \u0111\u00e2y mang h\u01a1i h\u01b0\u1edbng sa m\u1ea1c v\u00e0 l\u1ee5c \u0111\u1ecba. L\u01b0\u1ee3ng m\u01b0a khan hi\u1ebfm \u0111\u00f2i h\u1ecfi h\u1ec7 th\u1ed1ng t\u01b0\u1edbi ti\u00eau k\u1ef9 l\u01b0\u1ee1ng. Tr\u00e1i nho ch\u00edn ch\u1eadm, tr\u1edf n\u00ean c\u00f4 \u0111\u1ecdng v\u00e0 gi\u00e0u h\u01b0\u01a1ng v\u1ecb, \u0111\u1ed3ng th\u1eddi duy tr\u00ec axit chua t\u1ed1t ngay c\u1ea3 khi ph\u00e1t tri\u1ec3n h\u01b0\u01a1ng v\u1ecb tr\u00e1i c\u00e2y ch\u00edn \u0111\u1eadm n\u00e9t.<\/p>\n<p>Gi\u1ed1ng nho : S\u00e9millon<\/p>\n<p>Ni\u00ean v\u1ee5 : 2023<\/p>\n<p>N\u1ed3ng \u0111\u1ed9 c\u1ed3n : 13.5%<\/p>\n<p>V\u00f9ng : Uco Valley, Argentina<\/p>\n<p>Th\u1ec3 t\u00edch : 750ml<\/p>\n<p>Mendel l\u00e0 s\u1ef1 h\u1ee3p t\u00e1c gi\u1eefa chuy\u00ean gia r\u01b0\u1ee3u vang danh ti\u1ebfng Roberto de la Mota v\u00e0 gia \u0111\u00ecnh Sielicki. Th\u01b0\u01a1ng hi\u1ec7u \u0111\u01b0\u1ee3c th\u00e0nh l\u1eadp n\u0103m 2002, khi Anabelle Sielicki \u0111\u1eb7t t\u00ean &#8220;Mendel&#8221; \u0111\u1ec3 vinh danh ng\u01b0\u1eddi cha \u2013 ng\u01b0\u1eddi \u0111\u00e3 g\u00e2y d\u1ef1ng v\u01b0\u1eddn nho 35 hecta v\u1edbi nh\u1eefng g\u1ed1c Malbec g\u1ea7n 100 n\u0103m tu\u1ed5i. Mendel S\u00e9millon \u0111\u01b0\u1ee3c l\u00e0m t\u1eeb 100% gi\u1ed1ng nho S\u00e9millon, nho \u0111\u01b0\u1ee3c tr\u1ed3ng \u1edf \u0111\u1ed9 cao 1100m so v\u1edbi m\u1ef1c n\u01b0\u1edbc bi\u1ec3n t\u1ea1i Uco Valley. Sau khi \u0111\u01b0\u1ee3c \u00e9p nh\u1eb9 v\u00e0 l\u00ean men, r\u01b0\u1ee3u vang \u0111\u01b0\u1ee3c \u1ee7 trong b\u1ec3 th\u00e9p kh\u00f4ng g\u1ec9 (85%) k\u1ebft h\u1ee3p v\u1edbi th\u00f9ng g\u1ed7 s\u1ed3i Ph\u00e1p (15%), \u0111i\u1ec1u n\u00e0y mang l\u1ea1i c\u00e1c n\u1ed1t h\u01b0\u01a1ng v\u1ecb ng\u1ecdt ng\u1eady, \u0111\u1eadm \u0111\u00e0 nh\u01b0ng v\u1eabn gi\u1eef tr\u1ecdn \u0111\u01b0\u1ee3c s\u1ef1 t\u01b0\u01a1i m\u1edbi.<\/p>\n<p>M\u00e0u : V\u00e0ng kim<\/p>\n<p>H\u01b0\u01a1ng : \u0110\u00e0o, t\u00e1o v\u00e0ng, hoa tr\u1eafng, m\u1eadt ong<\/p>\n<p>V\u1ecb : D\u00e0y d\u1eb7n, m\u01b0\u1ee3t m\u00e0, thanh l\u1ecbch c\u00f9ng h\u1eadu v\u1ecb d\u00e0i tinh t\u1ebf<\/p>\n<p>K\u1ebft h\u1ee3p : C\u00f9ng c\u00e1c m\u00f3n salad, c\u00e1c m\u00f3n h\u1ea3i s\u1ea3n \u00edt s\u1ed1t v\u00e0 c\u00e1c lo\u1ea1i phomai \u1edf nhi\u1ec7t \u0111\u1ed9 9-12\u00b0C<\/p>\n","protected":false},"excerpt":{"rendered":"<p>Mendel Winery l\u00e0 nh\u00e0 s\u1ea3n xu\u1ea5t r\u01b0\u1ee3u vang \u0111\u1ea1i di\u1ec7n cho s\u1ef1 h\u1ee3p t\u00e1c gi\u1eefa Roberto de Ia Mota \u2013 m\u1ed9t trong nh\u1eefng chuy\u00ean gia l\u00e0m r\u01b0\u1ee3u vang gi\u00e0u kinh&#8230;<\/p>\n","protected":false},"featured_media":12679,"comment_status":"open","ping_status":"closed","template":"","meta":[],"product_brand":[],"product_cat":[1234],"product_tag":[1171,1513,1514,1174,1515,1516],"class_list":{"0":"post-12678","1":"product","2":"type-product","3":"status-publish","4":"has-post-thumbnail","6":"product_cat-ruou-vang-mendel","7":"product_tag-750ml","8":"product_tag-mendoza","9":"product_tag-ruou-vang-argentina","10":"product_tag-ruou-vang-trang","11":"product_tag-semillon","12":"product_tag-vang-gia-tot","13":"pa_dung-tich-750ml","14":"pa_giong-nho-semillon","15":"pa_loai-vang-white-wine","16":"pa_nha-san-xuat-mendel","17":"pa_quoc-gia-argentina","18":"pa_vung-nho-mendoza","20":"first","21":"instock","22":"taxable","23":"shipping-taxable","24":"purchasable","25":"product-type-simple"},"_links":{"self":[{"href":"https:\/\/hedon.com.vn\/en\/wp-json\/wp\/v2\/product\/12678","targetHints":{"allow":["GET"]}}],"collection":[{"href":"https:\/\/hedon.com.vn\/en\/wp-json\/wp\/v2\/product"}],"about":[{"href":"https:\/\/hedon.com.vn\/en\/wp-json\/wp\/v2\/types\/product"}],"replies":[{"embeddable":true,"href":"https:\/\/hedon.com.vn\/en\/wp-json\/wp\/v2\/comments?post=12678"}],"wp:featuredmedia":[{"embeddable":true,"href":"https:\/\/hedon.com.vn\/en\/wp-json\/wp\/v2\/media\/12679"}],"wp:attachment":[{"href":"https:\/\/hedon.com.vn\/en\/wp-json\/wp\/v2\/media?parent=12678"}],"wp:term":[{"taxonomy":"product_brand","embeddable":true,"href":"https:\/\/hedon.com.vn\/en\/wp-json\/wp\/v2\/product_brand?post=12678"},{"taxonomy":"product_cat","embeddable":true,"href":"https:\/\/hedon.com.vn\/en\/wp-json\/wp\/v2\/product_cat?post=12678"},{"taxonomy":"product_tag","embeddable":true,"href":"https:\/\/hedon.com.vn\/en\/wp-json\/wp\/v2\/product_tag?post=12678"}],"curies":[{"name":"wp","href":"https:\/\/api.w.org\/{rel}","templated":true}]}}