{"id":12714,"date":"2025-02-24T14:46:23","date_gmt":"2025-02-24T07:46:23","guid":{"rendered":"https:\/\/hedon.com.vn\/san-pham\/ruou-vang-y-tenuta-garetto-derthona-colli-tortonesi-timorasso\/"},"modified":"2025-02-24T14:46:23","modified_gmt":"2025-02-24T07:46:23","slug":"ruou-vang-y-tenuta-garetto-derthona-colli-tortonesi-timorasso","status":"publish","type":"product","link":"https:\/\/hedon.com.vn\/en\/san-pham\/ruou-vang-y-tenuta-garetto-derthona-colli-tortonesi-timorasso\/","title":{"rendered":"R\u01b0\u1ee3u vang \u00dd Tenuta Garetto Derthona Colli Tortonesi Timorasso"},"content":{"rendered":"<p>Nh\u00e0 r\u01b0\u1ee3u Tenuta Garetto \u0111\u00e3 \u0111\u01b0\u1ee3c gia \u0111\u00ecnh Gagliardo mua l\u1ea1i v\u00e0o n\u0103m 2017. \u0110\u00e2y l\u00e0 m\u1ed9t \u0111\u1ecba \u0111i\u1ec3m n\u1ed5i ti\u1ebfng v\u00e0 \u0111\u01b0\u1ee3c c\u00f4ng nh\u1eadn v\u1edbi r\u01b0\u1ee3u Barbera, t\u1ecda l\u1ea1c t\u1ea1i Agliano Terme xinh \u0111\u1eb9p, \u1edf trung t\u00e2m c\u1ee7a v\u00f9ng ch\u1ec9 d\u1eabn \u0111\u1ecba l\u00fd m\u1edbi Nizza Docg. M\u1ed9t ph\u1ea7n v\u01b0\u1eddn nho c\u1ee7a nh\u00e0 r\u01b0\u1ee3u l\u00e0 nh\u1eefng c\u00e2y nho c\u1ed5 \u0111\u01b0\u1ee3c tr\u1ed3ng t\u1eeb nh\u1eefng n\u0103m 1935 \u0111\u1ebfn 1950. Gi\u1ed1ng nho Timorasso \u0111\u01b0\u1ee3c tr\u1ed3ng t\u1ea1i l\u00e0ng Zebedassi (\u1edf Montemarzino) t\u1ea1o n\u00ean nh\u1eefng lo\u1ea1i r\u01b0\u1ee3u vang tr\u1eafng c\u00f3 c\u1ea5u tr\u00fac tuy\u1ec7t v\u1eddi, tinh t\u1ebf nh\u01b0ng c\u1ef1c k\u1ef3 t\u01b0\u01a1i m\u00e1t v\u00e0 d\u1ec5 ch\u1ecbu.<\/p>\n<p>M\u00e0u s\u1eafc: V\u00e0ng r\u01a1m s\u00e1ng<br \/>\nH\u01b0\u01a1ng: T\u00e1o gai, \u0111\u00e0o tr\u1eafng v\u00e0 l\u00fd chua.<br \/>\nM\u00f9i v\u1ecb: T\u01b0\u01a1i m\u1edbi, d\u1ec5 ch\u1ecbu, c\u00f3 chi\u1ec1u s\u00e2u v\u00e0 h\u1eadu v\u1ecb kho\u00e1ng.<\/p>\n<p>K\u1ebft h\u1ee3p v\u1edbi h\u1ea3i s\u1ea3n, c\u00e1c m\u00f3n m\u00ec, salad v\u00e0 ph\u00f4 mai \u1edf nhi\u1ec7t \u0111\u1ed9 10\u00b0 &#8211; 12\u00b0C.<\/p>\n","protected":false},"excerpt":{"rendered":"<p>Nh\u00e0 r\u01b0\u1ee3u Tenuta Garetto \u0111\u00e3 \u0111\u01b0\u1ee3c gia \u0111\u00ecnh Gagliardo mua l\u1ea1i v\u00e0o n\u0103m 2017. \u0110\u00e2y l\u00e0 m\u1ed9t \u0111\u1ecba \u0111i\u1ec3m n\u1ed5i ti\u1ebfng v\u00e0 \u0111\u01b0\u1ee3c c\u00f4ng nh\u1eadn v\u1edbi r\u01b0\u1ee3u Barbera, t\u1ecda l\u1ea1c&#8230;<\/p>\n","protected":false},"featured_media":12715,"comment_status":"open","ping_status":"closed","template":"","meta":[],"product_brand":[],"product_cat":[1296],"product_tag":[1171,1526,1174,1398,1530],"class_list":{"0":"post-12714","1":"product","2":"type-product","3":"status-publish","4":"has-post-thumbnail","6":"product_cat-gianni-gagliardo","7":"product_tag-750ml","8":"product_tag-piedmont","9":"product_tag-ruou-vang-trang","10":"product_tag-ruou-vang-y","11":"product_tag-timorasso","12":"pa_dung-tich-750ml","13":"pa_giong-nho-timorasso","14":"pa_loai-vang-white-wine","15":"pa_nha-san-xuat-gianni-gagliardo","16":"pa_quoc-gia-italy","17":"pa_vung-nho-piedmont","19":"first","20":"instock","21":"taxable","22":"shipping-taxable","23":"purchasable","24":"product-type-simple"},"_links":{"self":[{"href":"https:\/\/hedon.com.vn\/en\/wp-json\/wp\/v2\/product\/12714","targetHints":{"allow":["GET"]}}],"collection":[{"href":"https:\/\/hedon.com.vn\/en\/wp-json\/wp\/v2\/product"}],"about":[{"href":"https:\/\/hedon.com.vn\/en\/wp-json\/wp\/v2\/types\/product"}],"replies":[{"embeddable":true,"href":"https:\/\/hedon.com.vn\/en\/wp-json\/wp\/v2\/comments?post=12714"}],"wp:featuredmedia":[{"embeddable":true,"href":"https:\/\/hedon.com.vn\/en\/wp-json\/wp\/v2\/media\/12715"}],"wp:attachment":[{"href":"https:\/\/hedon.com.vn\/en\/wp-json\/wp\/v2\/media?parent=12714"}],"wp:term":[{"taxonomy":"product_brand","embeddable":true,"href":"https:\/\/hedon.com.vn\/en\/wp-json\/wp\/v2\/product_brand?post=12714"},{"taxonomy":"product_cat","embeddable":true,"href":"https:\/\/hedon.com.vn\/en\/wp-json\/wp\/v2\/product_cat?post=12714"},{"taxonomy":"product_tag","embeddable":true,"href":"https:\/\/hedon.com.vn\/en\/wp-json\/wp\/v2\/product_tag?post=12714"}],"curies":[{"name":"wp","href":"https:\/\/api.w.org\/{rel}","templated":true}]}}