{"id":12775,"date":"2024-11-21T14:01:02","date_gmt":"2024-11-21T07:01:02","guid":{"rendered":"https:\/\/hedon.com.vn\/san-pham\/ruou-vang-y-don-anto-primitivo-175-premium\/"},"modified":"2024-11-21T14:01:02","modified_gmt":"2024-11-21T07:01:02","slug":"ruou-vang-y-don-anto-primitivo-175-premium","status":"publish","type":"product","link":"https:\/\/hedon.com.vn\/en\/san-pham\/ruou-vang-y-don-anto-primitivo-175-premium\/","title":{"rendered":"R\u01b0\u1ee3u vang \u00dd Don Anto Primitivo 17,5\u00b0 Premium"},"content":{"rendered":"<p>R\u01b0\u1ee3u vang Don Anto Primitivo 17,5\u00b0 Premium c\u00f3 m\u00e0u \u0111\u1ecf ruby \u0111\u1eadm cu\u1ed1n h\u00fat, th\u1ec3 hi\u1ec7n m\u00f9i h\u01b0\u01a1ng quy\u1ebfn r\u0169 n\u1ed3ng n\u00e0n c\u1ee7a nh\u1eefng lo\u1ea1i tr\u00e1i c\u00e2y \u0111\u1ecf v\u00e0 \u0111en ch\u00edn d\u00e2u r\u1eebng, m\u1eadn, anh \u0111\u00e0o, vi\u1ec7t qu\u1ea5t c\u00f9ng nh\u1eefng n\u1ed1t h\u01b0\u01a1ng hoa v\u00e0 vani nh\u1eb9 nh\u00e0ng. Khi th\u01b0\u1edfng th\u1ee9c, ch\u00fang ta s\u1ebd c\u1ea3m nh\u1eadn s\u1ef1 \u0111\u1eadm \u0111\u00e0, \u0111\u1ed9 ch\u00e1t v\u1eeba ph\u1ea3i m\u1ec1m m\u1ea1i, v\u1ecb chua nh\u1eb9 v\u00e0 h\u1eadu v\u1ecb k\u00e9o d\u00e0i s\u00e2u l\u1eafng.<\/p>\n<h2>Ngu\u1ed3n g\u1ed1c r\u01b0\u1ee3u vang \u00dd Don Anto Primitivo 17,5\u00b0<\/h2>\n<p>Campi Deantera l\u00e0 nh\u00e0 s\u1ea3n xu\u1ea5t r\u01b0\u1ee3u vang l\u00e2u \u0111\u1eddi t\u1ea1i Salento, v\u00f9ng Puglia mi\u1ec1n nam n\u01b0\u1edbc \u00dd. T\u1ea1i \u0111\u00e2y, th\u1ed5 nh\u01b0\u1ee1ng tr\u1ed3ng nho v\u00e0 l\u00e0m r\u01b0\u1ee3u vang, k\u00e9o d\u00e0i t\u1eeb bi\u1ec3n Ionian \u0111\u1ebfn bi\u1ec3n Adriatic, \u0111\u01b0\u1ee3c thi\u00ean nhi\u00ean \u01b0u \u00e1i nh\u1edd gi\u00f3 m\u00e1t t\u1eeb ph\u01b0\u01a1ng b\u1eafc th\u1ed5i h\u01b0\u1edbng v\u1ec1 nh\u1eefng c\u00e2y nho, c\u00f9ng v\u1edbi \u0111\u1ecba h\u00ecnh g\u1ed3m c\u00e1t, \u0111\u1ea5t s\u00e9t v\u00e0 \u0111\u00e1 v\u00f4i \u0111\u00e3 t\u1ea1o \u0111i\u1ec1u ki\u1ec7n cho c\u00e2y nho b\u00e9n r\u1ec5 v\u00e0 sinh tr\u01b0\u1edfng t\u1ed1t.<\/p>\n<p>Ng\u01b0\u1eddi k\u1ebf th\u1eeba v\u00e0 \u0111i\u1ec1u h\u00e0nh nh\u00e0 m\u00e1y Campi Dantera, b\u00e0 Dantera ch\u0103m s\u00f3c v\u00e0 canh t\u00e1c v\u01b0\u1eddn nho c\u1ee7a m\u00ecnh b\u1eb1ng nh\u1eefng ph\u01b0\u01a1ng ph\u00e1p ti\u00ean ti\u1ebfn v\u00e0 hi\u1ec7n \u0111\u1ea1i nh\u1ea5t, \u0111\u1ed3ng th\u1eddi lu\u00f4n t\u00f4n tr\u1ecdng v\u00e0 g\u00ecn gi\u1eef th\u1ed5 nh\u01b0\u1ee1ng \u0111\u1eb7c bi\u1ec7t c\u1ee7a v\u00f9ng Salento. R\u01b0\u1ee3u vang Don Anto Primitivo 17,5\u00b0 Premium \u0111\u01b0\u1ee3c s\u1ea3n xu\u1ea5t t\u1eeb 100% gi\u1ed1ng nho Primitivo, gi\u1ed1ng nho \u0111\u00e3 t\u1ea1o nh\u1eefng chai vang cao c\u1ea5p \u0111\u01b0\u1ee3c \u01b0a chu\u1ed9ng tr\u00ean th\u1ebf gi\u1edbi. R\u01b0\u1ee3u \u0111\u01b0\u1ee3c l\u00e0m t\u1eeb nh\u1eefng nh\u1eefng tr\u00e1i nho ch\u00edn \u0111\u1ec1u \u0111\u01b0\u1ee3c thu ho\u1ea1ch b\u1eb1ng tay, t\u1eeb nh\u1eefng c\u00e2y nho c\u00f3 \u0111\u1ed9 tu\u1ed5i tr\u00ean 60 n\u0103m. Nho \u0111\u01b0\u1ee3c nghi\u1ec1n, sau \u0111\u00f3 ng\u00e2m \u1ee7 t\u1eeb 15 \u2013 20 ng\u00e0y v\u00e0 \u0111em \u0111i \u00e9p, l\u1ecdc c\u1eb7n v\u00e0 b\u1eaft \u0111\u1ea7u qu\u00e1 tr\u00ecnh l\u00ean men. R\u01b0\u1ee3u vang s\u1ebd tr\u1ea3i qua 12 th\u00e1ng trong th\u00f9ng g\u1ed7 s\u1ed3i Ph\u00e1p m\u1edbi v\u00e0 trong chai th\u00eam 01 th\u00e1ng \u0111\u1ec3 r\u01b0\u1ee3u \u0111\u1ea1t ch\u1ea5t l\u01b0\u1ee3ng \u1ed5n \u0111\u1ecbnh nh\u1ea5t.<\/p>\n<h2>\u0110\u1eb7c \u0111i\u1ec3m h\u01b0\u01a1ng v\u1ecb c\u1ee7a r\u01b0\u1ee3u vang \u00dd Don Anto Primitivo 17,5\u00b0<\/h2>\n<p>R\u01b0\u1ee3u vang Don Anto Primitivo 17,5\u00b0 Premium c\u00f3 m\u00e0u \u0111\u1ecf ruby \u0111\u1eadm cu\u1ed1n h\u00fat, th\u1ec3 hi\u1ec7n m\u00f9i h\u01b0\u01a1ng quy\u1ebfn r\u0169 n\u1ed3ng n\u00e0n c\u1ee7a nh\u1eefng lo\u1ea1i tr\u00e1i c\u00e2y \u0111\u1ecf v\u00e0 \u0111en ch\u00edn d\u00e2u r\u1eebng, m\u1eadn, anh \u0111\u00e0o, vi\u1ec7t qu\u1ea5t c\u00f9ng nh\u1eefng n\u1ed1t h\u01b0\u01a1ng hoa v\u00e0 vani nh\u1eb9 nh\u00e0ng. Khi th\u01b0\u1edfng th\u1ee9c, ch\u00fang ta s\u1ebd c\u1ea3m nh\u1eadn s\u1ef1 \u0111\u1eadm \u0111\u00e0, \u0111\u1ed9 ch\u00e1t v\u1eeba ph\u1ea3i m\u1ec1m m\u1ea1i, v\u1ecb chua nh\u1eb9 v\u00e0 h\u1eadu v\u1ecb k\u00e9o d\u00e0i s\u00e2u l\u1eafng.<\/p>\n<h2>H\u01b0\u1edbng d\u1eabn th\u01b0\u1edfng th\u1ee9c r\u01b0\u1ee3u vang \u00dd Don Anto Primitivo 17,5\u00b0<\/h2>\n<p>R\u01b0\u1ee3u vang th\u01b0\u1edfng th\u1ee9c t\u1ed1t nh\u1ea5t \u1edf nhi\u1ec7t \u0111\u1ed9 m\u00e1t kho\u1ea3ng 16-18 \u0111\u1ed9 C, \u0111\u1eb7c bi\u1ec7t ngon khi k\u1ebft h\u1ee3p v\u1edbi nh\u1eefng m\u00f3n th\u1ecbt \u0111\u1ecf: th\u1ecbt c\u1eebu, th\u1ecbt b\u00f2, m\u00f3n th\u1ecbt h\u1ea7m nh\u1eeb ho\u1eb7c c\u00e1c m\u00f3n chi\u00ean v\u00e0 pho m\u00e1t tr\u01b0\u1edfng th\u00e0nh.<\/p>\n","protected":false},"excerpt":{"rendered":"<p>R\u01b0\u1ee3u vang Don Anto Primitivo 17,5\u00b0 Premium c\u00f3 m\u00e0u \u0111\u1ecf ruby \u0111\u1eadm cu\u1ed1n h\u00fat, th\u1ec3 hi\u1ec7n m\u00f9i h\u01b0\u01a1ng quy\u1ebfn r\u0169 n\u1ed3ng n\u00e0n c\u1ee7a nh\u1eefng lo\u1ea1i tr\u00e1i c\u00e2y \u0111\u1ecf v\u00e0 \u0111en&#8230;<\/p>\n","protected":false},"featured_media":12777,"comment_status":"open","ping_status":"closed","template":"","meta":[],"product_brand":[],"product_cat":[1561],"product_tag":[1171,1562,1563,1256,1398],"class_list":{"0":"post-12775","1":"product","2":"type-product","3":"status-publish","4":"has-post-thumbnail","6":"product_cat-campi-deantera","7":"product_tag-750ml","8":"product_tag-primitivo","9":"product_tag-puglia","10":"product_tag-ruou-vang-do","11":"product_tag-ruou-vang-y","12":"pa_dung-tich-750ml","13":"pa_giong-nho-primitivo","14":"pa_loai-vang-red-wine","15":"pa_nha-san-xuat-campi-deantera","16":"pa_quoc-gia-italy","17":"pa_vung-nho-puglia","19":"first","20":"instock","21":"taxable","22":"shipping-taxable","23":"purchasable","24":"product-type-simple"},"_links":{"self":[{"href":"https:\/\/hedon.com.vn\/en\/wp-json\/wp\/v2\/product\/12775","targetHints":{"allow":["GET"]}}],"collection":[{"href":"https:\/\/hedon.com.vn\/en\/wp-json\/wp\/v2\/product"}],"about":[{"href":"https:\/\/hedon.com.vn\/en\/wp-json\/wp\/v2\/types\/product"}],"replies":[{"embeddable":true,"href":"https:\/\/hedon.com.vn\/en\/wp-json\/wp\/v2\/comments?post=12775"}],"wp:featuredmedia":[{"embeddable":true,"href":"https:\/\/hedon.com.vn\/en\/wp-json\/wp\/v2\/media\/12777"}],"wp:attachment":[{"href":"https:\/\/hedon.com.vn\/en\/wp-json\/wp\/v2\/media?parent=12775"}],"wp:term":[{"taxonomy":"product_brand","embeddable":true,"href":"https:\/\/hedon.com.vn\/en\/wp-json\/wp\/v2\/product_brand?post=12775"},{"taxonomy":"product_cat","embeddable":true,"href":"https:\/\/hedon.com.vn\/en\/wp-json\/wp\/v2\/product_cat?post=12775"},{"taxonomy":"product_tag","embeddable":true,"href":"https:\/\/hedon.com.vn\/en\/wp-json\/wp\/v2\/product_tag?post=12775"}],"curies":[{"name":"wp","href":"https:\/\/api.w.org\/{rel}","templated":true}]}}