{"id":12798,"date":"2024-11-04T14:31:45","date_gmt":"2024-11-04T07:31:45","guid":{"rendered":"https:\/\/hedon.com.vn\/san-pham\/ruou-vang-y-nero-davola-sicilia-doc-collezione-beatrice\/"},"modified":"2024-11-04T14:31:45","modified_gmt":"2024-11-04T07:31:45","slug":"ruou-vang-y-nero-davola-sicilia-doc-collezione-beatrice","status":"publish","type":"product","link":"https:\/\/hedon.com.vn\/en\/san-pham\/ruou-vang-y-nero-davola-sicilia-doc-collezione-beatrice\/","title":{"rendered":"R\u01b0\u1ee3u vang \u00dd Nero d&#8217;Avola Sicilia DOC Collezione Beatrice"},"content":{"rendered":"<p>Cantine Pirovano b\u1eaft \u0111\u1ea7u v\u00e0o n\u0103m 1885 khi Amadio Pirovano m\u1edf m\u1ed9t qu\u00e1n r\u01b0\u1ee3u. C\u00e1c con trai c\u1ee7a \u00f4ng \u0111\u00e3 m\u1edf r\u1ed9ng kinh doanh b\u1eb1ng c\u00e1ch b\u00e1n l\u1ea1i r\u01b0\u1ee3u t\u1eeb Abruzzo v\u00e0 Piedmont. \u0110\u1ebfn n\u0103m 1910, c\u00f4ng ty chuy\u1ec3n th\u00e0nh m\u1ed9t doanh nghi\u1ec7p \u0111\u00f3ng chai r\u01b0\u1ee3u nh\u1ecf. Qua nhi\u1ec1u th\u1eadp k\u1ef7, d\u01b0\u1edbi s\u1ef1 l\u00e3nh \u0111\u1ea1o c\u1ee7a gia \u0111\u00ecnh, c\u00f4ng ty \u0111\u00e3 ph\u00e1t tri\u1ec3n, m\u1edf r\u1ed9ng s\u1ea3n xu\u1ea5t v\u00e0 c\u01a1 s\u1edf v\u1eadt ch\u1ea5t. Hi\u1ec7n nay, Cantine Pirovano l\u00e0 m\u1ed9t th\u01b0\u01a1ng hi\u1ec7u uy t\u00edn, k\u1ebft h\u1ee3p gi\u1eefa truy\u1ec1n th\u1ed1ng v\u00e0 \u0111\u1ed5i m\u1edbi, t\u1eadp trung v\u00e0o b\u1ec1n v\u1eefng v\u00e0 ch\u1ea5t l\u01b0\u1ee3ng tr\u00ean th\u1ecb tr\u01b0\u1eddng r\u01b0\u1ee3u vang to\u00e0n c\u1ea7u.<\/p>\n<p>R\u01b0\u1ee3u \u0111\u01b0\u1ee3c l\u00e0m t\u1eeb Nero d&#8217;Avola. \u0110\u01b0\u1ee3c l\u00ean men trong th\u00f9ng th\u00e9p kh\u00f4ng g\u1ec9 \u0111\u1ec3 r\u01b0\u1ee3u gi\u1eef \u0111\u01b0\u1ee3c s\u1ef1 t\u01b0\u01a1i m\u1edbi c\u00f9ng h\u01b0\u01a1ng v\u1ecb tr\u00e1i c\u00e2y<\/p>\n<p>R\u01b0\u1ee3u c\u00f3 m\u00e0u \u0111\u1ecf t\u00edm \u0111\u1eadm, t\u1ecfa h\u01b0\u01a1ng th\u01a1m m\u1ea1nh m\u1ebd v\u1edbi c\u00e1c n\u1ed1t h\u01b0\u01a1ng c\u1ee7a th\u1ea3m th\u1ef1c v\u1eadt v\u00e0 anh \u0111\u00e0o, k\u00e8m theo nh\u1eefng s\u1eafc th\u00e1i gia v\u1ecb. Trong v\u00f2m mi\u1ec7ng, r\u01b0\u1ee3u mang \u0111\u1ebfn v\u1ecb tannin m\u01b0\u1ee3t m\u00e0, s\u1ef1 h\u1ed7 tr\u1ee3 kho\u00e1ng ch\u1ea5t t\u1ed1t, c\u1ea5u tr\u00fac v\u1eefng ch\u1eafc v\u00e0 \u0111\u1ed9 t\u01b0\u01a1i m\u00e1t b\u1ea5t ng\u1edd. N\u00ean th\u01b0\u1edfng th\u1ee9c c\u00f9ng m\u00ec pasta s\u1ed1t rag\u00f9, th\u1ecbt c\u1eebu, ph\u00f4 mai v\u1eeba tu\u1ed5i v\u00e0 th\u1ecbt n\u01b0\u1edbng \u1edf nhi\u1ec7t \u0111\u1ed9 16-18 \u2103.<\/p>\n","protected":false},"excerpt":{"rendered":"<p>Cantine Pirovano b\u1eaft \u0111\u1ea7u v\u00e0o n\u0103m 1885 khi Amadio Pirovano m\u1edf m\u1ed9t qu\u00e1n r\u01b0\u1ee3u. C\u00e1c con trai c\u1ee7a \u00f4ng \u0111\u00e3 m\u1edf r\u1ed9ng kinh doanh b\u1eb1ng c\u00e1ch b\u00e1n l\u1ea1i r\u01b0\u1ee3u t\u1eeb&#8230;<\/p>\n","protected":false},"featured_media":12799,"comment_status":"open","ping_status":"closed","template":"","meta":[],"product_brand":[],"product_cat":[1177],"product_tag":[1171,1574,1256,1398,1484],"class_list":{"0":"post-12798","1":"product","2":"type-product","3":"status-publish","4":"has-post-thumbnail","6":"product_cat-cantine-pirovano","7":"product_tag-750ml","8":"product_tag-nero-davola","9":"product_tag-ruou-vang-do","10":"product_tag-ruou-vang-y","11":"product_tag-veneto","12":"pa_dung-tich-750ml","13":"pa_giong-nho-nero-davola","14":"pa_loai-vang-red-wine","15":"pa_nha-san-xuat-cantine-pirovano","16":"pa_quoc-gia-italy","17":"pa_vung-nho-veneto","19":"first","20":"instock","21":"taxable","22":"shipping-taxable","23":"purchasable","24":"product-type-simple"},"_links":{"self":[{"href":"https:\/\/hedon.com.vn\/en\/wp-json\/wp\/v2\/product\/12798","targetHints":{"allow":["GET"]}}],"collection":[{"href":"https:\/\/hedon.com.vn\/en\/wp-json\/wp\/v2\/product"}],"about":[{"href":"https:\/\/hedon.com.vn\/en\/wp-json\/wp\/v2\/types\/product"}],"replies":[{"embeddable":true,"href":"https:\/\/hedon.com.vn\/en\/wp-json\/wp\/v2\/comments?post=12798"}],"wp:featuredmedia":[{"embeddable":true,"href":"https:\/\/hedon.com.vn\/en\/wp-json\/wp\/v2\/media\/12799"}],"wp:attachment":[{"href":"https:\/\/hedon.com.vn\/en\/wp-json\/wp\/v2\/media?parent=12798"}],"wp:term":[{"taxonomy":"product_brand","embeddable":true,"href":"https:\/\/hedon.com.vn\/en\/wp-json\/wp\/v2\/product_brand?post=12798"},{"taxonomy":"product_cat","embeddable":true,"href":"https:\/\/hedon.com.vn\/en\/wp-json\/wp\/v2\/product_cat?post=12798"},{"taxonomy":"product_tag","embeddable":true,"href":"https:\/\/hedon.com.vn\/en\/wp-json\/wp\/v2\/product_tag?post=12798"}],"curies":[{"name":"wp","href":"https:\/\/api.w.org\/{rel}","templated":true}]}}