{"id":12800,"date":"2024-11-04T14:17:51","date_gmt":"2024-11-04T07:17:51","guid":{"rendered":"https:\/\/hedon.com.vn\/san-pham\/ruou-vang-y-primitivo-puglia-igt-collezione-beatrice\/"},"modified":"2024-11-04T14:17:51","modified_gmt":"2024-11-04T07:17:51","slug":"ruou-vang-y-primitivo-puglia-igt-collezione-beatrice","status":"publish","type":"product","link":"https:\/\/hedon.com.vn\/en\/san-pham\/ruou-vang-y-primitivo-puglia-igt-collezione-beatrice\/","title":{"rendered":"R\u01b0\u1ee3u vang \u00dd Beatrice Primitivo Puglia IGT Collezione"},"content":{"rendered":"<p><strong>R\u01b0\u1ee3u vang Beatrice Primitivo Puglia IGT Collezione<\/strong> c\u00f3 m\u00e0u \u0111\u1ecf t\u00edm \u0111\u1eadm, t\u1ecfa h\u01b0\u01a1ng th\u01a1m thanh l\u1ecbch v\u1edbi c\u00e1c n\u1ed1t anh \u0111\u00e0o, \u0111\u1ea5t r\u1eebng v\u00e0 gia v\u1ecb. Trong v\u00f2m mi\u1ec7ng, r\u01b0\u1ee3u c\u00f3 v\u1ecb \u0111\u1eadm \u0111\u00e0, m\u01b0\u1ee3t m\u00e0 nh\u01b0ng kh\u00f4, v\u1edbi \u0111\u1ed9 d\u00e0i r\u1ea5t t\u1ed1t. N\u00ean th\u01b0\u1edfng th\u1ee9c c\u00f9ng ph\u00f4 mai tr\u01b0\u1edfng th\u00e0nh, th\u1ecbt ngu\u1ed9i, th\u1ecbt h\u1ea7m, xi\u00ean th\u1ecbt c\u1eebu v\u00e0 v\u1ecbt \u1edf nhi\u1ec7t \u0111\u1ed9 16-18 \u2103.<\/p>\n<h2>R\u01b0\u1ee3u vang Beatrice Primitivo Puglia IGT Collezione \u0111\u01b0\u1ee3c s\u1ea3n xu\u1ea5t nh\u01b0 th\u1ebf n\u00e0o?<\/h2>\n<p>Nh\u00e0 s\u1ea3n xu\u1ea5t <strong>r\u01b0\u1ee3u vang \u00dd Cantine Pirovano<\/strong> c\u00f3 l\u1ecbch s\u1eed b\u1eaft \u0111\u1ea7u v\u00e0o n\u0103m 1885 khi Amadio Pirovano m\u1edf m\u1ed9t qu\u00e1n r\u01b0\u1ee3u. C\u00e1c con trai c\u1ee7a \u00f4ng \u0111\u00e3 m\u1edf r\u1ed9ng kinh doanh b\u1eb1ng c\u00e1ch b\u00e1n l\u1ea1i r\u01b0\u1ee3u t\u1eeb Abruzzo v\u00e0 Piedmont. \u0110\u1ebfn n\u0103m 1910, c\u00f4ng ty chuy\u1ec3n th\u00e0nh m\u1ed9t doanh nghi\u1ec7p \u0111\u00f3ng chai r\u01b0\u1ee3u nh\u1ecf. Qua nhi\u1ec1u th\u1eadp k\u1ef7, d\u01b0\u1edbi s\u1ef1 l\u00e3nh \u0111\u1ea1o c\u1ee7a gia \u0111\u00ecnh, c\u00f4ng ty \u0111\u00e3 ph\u00e1t tri\u1ec3n, m\u1edf r\u1ed9ng s\u1ea3n xu\u1ea5t v\u00e0 c\u01a1 s\u1edf v\u1eadt ch\u1ea5t. Hi\u1ec7n nay, Cantine Pirovano \u0111\u00e3 tr\u1edf th\u00e0nh m\u1ed9t th\u01b0\u01a1ng hi\u1ec7u uy t\u00edn t\u1ea1i \u00dd, k\u1ebft h\u1ee3p gi\u1eefa truy\u1ec1n th\u1ed1ng v\u00e0 \u0111\u1ed5i m\u1edbi, t\u1eadp trung v\u00e0o b\u1ec1n v\u1eefng v\u00e0 ch\u1ea5t l\u01b0\u1ee3ng tr\u00ean th\u1ecb tr\u01b0\u1eddng r\u01b0\u1ee3u vang to\u00e0n c\u1ea7u.<\/p>\n<p><strong>R\u01b0\u1ee3u vang Beatrice Primitivo Puglia IGT Collezione<\/strong> \u0111\u01b0\u1ee3c l\u00e0m t\u1eeb Montepulciano. \u0110\u01b0\u1ee3c l\u00ean men trong th\u00f9ng th\u00e9p kh\u00f4ng g\u1ec9 \u0111\u1ec3 r\u01b0\u1ee3u gi\u1eef \u0111\u01b0\u1ee3c s\u1ef1 t\u01b0\u01a1i m\u1edbi c\u00f9ng h\u01b0\u01a1ng v\u1ecb tr\u00e1i c\u00e2y<\/p>\n","protected":false},"excerpt":{"rendered":"<p>R\u01b0\u1ee3u vang Beatrice Primitivo Puglia IGT Collezione c\u00f3 m\u00e0u \u0111\u1ecf t\u00edm \u0111\u1eadm, t\u1ecfa h\u01b0\u01a1ng th\u01a1m thanh l\u1ecbch v\u1edbi c\u00e1c n\u1ed1t anh \u0111\u00e0o, \u0111\u1ea5t r\u1eebng v\u00e0 gia v\u1ecb. Trong v\u00f2m mi\u1ec7ng,&#8230;<\/p>\n","protected":false},"featured_media":12801,"comment_status":"open","ping_status":"closed","template":"","meta":[],"product_brand":[],"product_cat":[1177],"product_tag":[1171,1562,1256,1398,1484],"class_list":{"0":"post-12800","1":"product","2":"type-product","3":"status-publish","4":"has-post-thumbnail","6":"product_cat-cantine-pirovano","7":"product_tag-750ml","8":"product_tag-primitivo","9":"product_tag-ruou-vang-do","10":"product_tag-ruou-vang-y","11":"product_tag-veneto","12":"pa_dung-tich-750ml","13":"pa_giong-nho-primitivo","14":"pa_loai-vang-red-wine","15":"pa_nha-san-xuat-cantine-pirovano","16":"pa_quoc-gia-italy","17":"pa_vung-nho-veneto","19":"first","20":"instock","21":"taxable","22":"shipping-taxable","23":"purchasable","24":"product-type-simple"},"_links":{"self":[{"href":"https:\/\/hedon.com.vn\/en\/wp-json\/wp\/v2\/product\/12800","targetHints":{"allow":["GET"]}}],"collection":[{"href":"https:\/\/hedon.com.vn\/en\/wp-json\/wp\/v2\/product"}],"about":[{"href":"https:\/\/hedon.com.vn\/en\/wp-json\/wp\/v2\/types\/product"}],"replies":[{"embeddable":true,"href":"https:\/\/hedon.com.vn\/en\/wp-json\/wp\/v2\/comments?post=12800"}],"wp:featuredmedia":[{"embeddable":true,"href":"https:\/\/hedon.com.vn\/en\/wp-json\/wp\/v2\/media\/12801"}],"wp:attachment":[{"href":"https:\/\/hedon.com.vn\/en\/wp-json\/wp\/v2\/media?parent=12800"}],"wp:term":[{"taxonomy":"product_brand","embeddable":true,"href":"https:\/\/hedon.com.vn\/en\/wp-json\/wp\/v2\/product_brand?post=12800"},{"taxonomy":"product_cat","embeddable":true,"href":"https:\/\/hedon.com.vn\/en\/wp-json\/wp\/v2\/product_cat?post=12800"},{"taxonomy":"product_tag","embeddable":true,"href":"https:\/\/hedon.com.vn\/en\/wp-json\/wp\/v2\/product_tag?post=12800"}],"curies":[{"name":"wp","href":"https:\/\/api.w.org\/{rel}","templated":true}]}}