{"id":12809,"date":"2024-10-24T14:35:10","date_gmt":"2024-10-24T07:35:10","guid":{"rendered":"https:\/\/hedon.com.vn\/san-pham\/ruou-vang-y-castello-fonterutoli-classico-gran-riserva\/"},"modified":"2024-10-24T14:35:10","modified_gmt":"2024-10-24T07:35:10","slug":"ruou-vang-y-castello-fonterutoli-classico-gran-riserva","status":"publish","type":"product","link":"https:\/\/hedon.com.vn\/en\/san-pham\/ruou-vang-y-castello-fonterutoli-classico-gran-riserva\/","title":{"rendered":"R\u01b0\u1ee3u vang \u00dd Castello Fonterutoli Classico Gran Riserva"},"content":{"rendered":"<p><strong>R\u01b0\u1ee3u vang Castello Fonterutoli<\/strong> l\u00e0 m\u1ed9t chai r\u01b0\u1ee3u vang ti\u00eau bi\u1ec3u cho tinh hoa c\u1ee7a \u0111i\u1ec1n trang Castello di Fonterutoli, \u0111\u01b0\u1ee3c s\u1ea3n xu\u1ea5t t\u1eeb 100% nho Sangiovese, t\u1eeb 8 \u0111\u1ecba \u0111i\u1ec3m \u0111\u01b0\u1ee3c \u0111i\u1ec1n trang l\u1ef1a ch\u1ecdn. Nho \u0111\u01b0\u1ee3c thu ho\u1ea1ch b\u1eb1ng tay t\u1eeb nh\u1eefng v\u01b0\u1eddn nho c\u00f3 tu\u1ed5i \u0111\u1eddi t\u1eeb 25 \u0111\u1ebfn 35 n\u0103m, n\u1eb1m \u1edf \u0111\u1ed9 cao 470 m\u00e9t so v\u1edbi m\u1ef1c n\u01b0\u1edbc bi\u1ec3n, v\u1edbi \u0111\u1ed9 d\u1ed1c h\u01b0\u1edbng v\u1ec1 ph\u00eda nam v\u00e0 t\u00e2y nam. Qu\u00e1 tr\u00ecnh l\u00ean men di\u1ec5n ra trong c\u00e1c b\u1ec3 inox, \u1edf nhi\u1ec7t \u0111\u1ed9 t\u1eeb 26 \u0111\u1ebfn 28\u00b0C, v\u00e0 k\u00e9o d\u00e0i t\u1eeb 15 \u0111\u1ebfn 16 ng\u00e0y. Sau \u0111\u00f3, r\u01b0\u1ee3u \u0111\u01b0\u1ee3c \u1ee7 trong th\u00f9ng g\u1ed7 s\u1ed3i Ph\u00e1p (500 l\u00edt, 50% th\u00f9ng m\u1edbi) trong 18 th\u00e1ng, ti\u1ebfp theo l\u00e0 4 th\u00e1ng trong b\u1ec3 b\u00ea t\u00f4ng tr\u01b0\u1edbc khi \u0111\u00f3ng chai.<\/p>\n<p><strong>R\u01b0\u1ee3u vang Castello Fonterutoli Classico Gran Riserva<\/strong> c\u00f3 m\u00e0u s\u1eafc \u0111\u1ecf ruby s\u00e2u s\u1eafc, thu h\u00fat \u00e1nh nh\u00ecn. H\u01b0\u01a1ng v\u1ecb c\u1ee7a r\u01b0\u1ee3u tinh t\u1ebf v\u00e0 ph\u1ee9c h\u1ee3p, th\u1ec3 hi\u1ec7n s\u1ef1 k\u1ebft h\u1ee3p h\u00e0i h\u00f2a gi\u1eefa h\u01b0\u01a1ng tr\u00e1i c\u00e2y ch\u00edn m\u1ecdng, nh\u01b0 anh \u0111\u00e0o v\u00e0 m\u00e2m x\u00f4i, c\u00f9ng v\u1edbi c\u00e1c n\u1ed1t h\u01b0\u01a1ng c\u1ee7a gia v\u1ecb v\u00e0 th\u1ea3o m\u1ed9c. \u0110\u1eb7c tr\u01b0ng c\u1ee7a \u0111\u1ea5t \u0111ai v\u00f9ng Chianti \u0111\u01b0\u1ee3c ph\u1ea3n \u00e1nh qua s\u1ef1 c\u00e2n b\u1eb1ng gi\u1eefa c\u1ea5u tr\u00fac tannin m\u1ec1m m\u1ea1i v\u00e0 \u0111\u1ed9 chua t\u01b0\u01a1i m\u00e1t. H\u1eadu v\u1ecb k\u00e9o d\u00e0i, mang l\u1ea1i c\u1ea3m gi\u00e1c kho\u00e1ng ch\u1ea5t nh\u1eb9 nh\u00e0ng, l\u00e0m n\u1ed5i b\u1eadt s\u1ef1 thanh l\u1ecbch v\u00e0 ch\u1ea5t l\u01b0\u1ee3ng cao c\u1ee7a chai vang n\u00e0y. R\u1ea5t th\u00edch h\u1ee3p \u0111\u1ec3 k\u1ebft h\u1ee3p v\u1edbi c\u00e1c m\u00f3n \u0103n t\u1eeb th\u1ecbt \u0111\u1ecf, th\u1ecbt n\u01b0\u1edbng v\u00e0 th\u1ecbt quay t\u1eeb 16 \u0111\u1ebfn 18 \u00b0C.<\/p>\n<p><strong>Gia \u0111\u00ecnh Mazzei<\/strong> \u0111\u00e3 c\u00f3 m\u1eb7t t\u1ea1i v\u00f9ng Chianti Classico t\u1eeb th\u1ebf k\u1ef7 14, v\u1edbi t\u00e0i li\u1ec7u ghi ch\u00e9p \u0111\u1ea7u ti\u00ean v\u1ec1 r\u01b0\u1ee3u Chianti \u0111\u01b0\u1ee3c vi\u1ebft b\u1edfi Ser Lapo Mazzei v\u00e0o n\u0103m 1398. Qua nhi\u1ec1u th\u1ebf h\u1ec7, Mazzei \u0111\u00e3 x\u00e2y d\u1ef1ng m\u1ed9t di s\u1ea3n r\u01b0\u1ee3u vang n\u1ed5i b\u1eadt, v\u1edbi nhi\u1ec1u th\u00e0nh t\u1ef1u \u0111\u00e1ng ch\u00fa \u00fd, bao g\u1ed3m vi\u1ec7c s\u1ea3n xu\u1ea5t nh\u1eefng chai r\u01b0\u1ee3u vang \u0111\u01b0\u1ee3c x\u1ebfp h\u1ea1ng cao v\u00e0 nh\u1eadn gi\u1ea3i th\u01b0\u1edfng qu\u1ed1c t\u1ebf. H\u1ecd \u0111\u00e3 m\u1edf r\u1ed9ng \u0111i\u1ec1n trang v\u00e0 ph\u00e1t tri\u1ec3n quy tr\u00ecnh s\u1ea3n xu\u1ea5t hi\u1ec7n \u0111\u1ea1i, nh\u01b0ng v\u1eabn gi\u1eef v\u1eefng truy\u1ec1n th\u1ed1ng l\u00e0m r\u01b0\u1ee3u. Hi\u1ec7n nay, Mazzei ti\u1ebfp t\u1ee5c cam k\u1ebft b\u1ea3o t\u1ed3n di s\u1ea3n v\u00e0 n\u00e2ng cao ch\u1ea5t l\u01b0\u1ee3ng r\u01b0\u1ee3u vang c\u1ee7a m\u00ecnh.<\/p>\n<h2>Th\u00f4ng tin r\u01b0\u1ee3u vang Castello Fonterutoli Classico Gran Riserva<\/h2>\n<p>Gi\u1ed1ng nho: Sangiovese<br \/>\nQu\u1ed1c gia: \u00dd<br \/>\nV\u00f9ng: Tuscany<br \/>\nNh\u00e0 s\u1ea3n xu\u1ea5t: Mazzei<br \/>\nLo\u1ea1i vang: Vang \u0111\u1ecf<br \/>\nN\u1ed3ng \u0111\u1ed9: 13.5%<br \/>\nNi\u00ean v\u1ee5: 2019<br \/>\nDung t\u00edch: 750ml<\/p>\n","protected":false},"excerpt":{"rendered":"<p>R\u01b0\u1ee3u vang Castello Fonterutoli l\u00e0 m\u1ed9t chai r\u01b0\u1ee3u vang ti\u00eau bi\u1ec3u cho tinh hoa c\u1ee7a \u0111i\u1ec1n trang Castello di Fonterutoli, \u0111\u01b0\u1ee3c s\u1ea3n xu\u1ea5t t\u1eeb 100% nho Sangiovese, t\u1eeb 8 \u0111\u1ecba&#8230;<\/p>\n","protected":false},"featured_media":12811,"comment_status":"open","ping_status":"closed","template":"","meta":[],"product_brand":[],"product_cat":[1298],"product_tag":[1171,1256,1398,1467,1466],"class_list":{"0":"post-12809","1":"product","2":"type-product","3":"status-publish","4":"has-post-thumbnail","6":"product_cat-mazzei","7":"product_tag-750ml","8":"product_tag-ruou-vang-do","9":"product_tag-ruou-vang-y","10":"product_tag-sangiovese","11":"product_tag-tuscany","12":"pa_dung-tich-750ml","13":"pa_giong-nho-sangiovese","14":"pa_loai-vang-red-wine","15":"pa_nha-san-xuat-mazzei","16":"pa_quoc-gia-italy","17":"pa_vung-nho-tuscany","19":"first","20":"instock","21":"taxable","22":"shipping-taxable","23":"purchasable","24":"product-type-simple"},"_links":{"self":[{"href":"https:\/\/hedon.com.vn\/en\/wp-json\/wp\/v2\/product\/12809","targetHints":{"allow":["GET"]}}],"collection":[{"href":"https:\/\/hedon.com.vn\/en\/wp-json\/wp\/v2\/product"}],"about":[{"href":"https:\/\/hedon.com.vn\/en\/wp-json\/wp\/v2\/types\/product"}],"replies":[{"embeddable":true,"href":"https:\/\/hedon.com.vn\/en\/wp-json\/wp\/v2\/comments?post=12809"}],"wp:featuredmedia":[{"embeddable":true,"href":"https:\/\/hedon.com.vn\/en\/wp-json\/wp\/v2\/media\/12811"}],"wp:attachment":[{"href":"https:\/\/hedon.com.vn\/en\/wp-json\/wp\/v2\/media?parent=12809"}],"wp:term":[{"taxonomy":"product_brand","embeddable":true,"href":"https:\/\/hedon.com.vn\/en\/wp-json\/wp\/v2\/product_brand?post=12809"},{"taxonomy":"product_cat","embeddable":true,"href":"https:\/\/hedon.com.vn\/en\/wp-json\/wp\/v2\/product_cat?post=12809"},{"taxonomy":"product_tag","embeddable":true,"href":"https:\/\/hedon.com.vn\/en\/wp-json\/wp\/v2\/product_tag?post=12809"}],"curies":[{"name":"wp","href":"https:\/\/api.w.org\/{rel}","templated":true}]}}