{"id":12857,"date":"2022-12-15T09:40:14","date_gmt":"2022-12-15T02:40:14","guid":{"rendered":"https:\/\/hedon.com.vn\/san-pham\/ruou-vang-do-pepper-jack-sangiovese\/"},"modified":"2026-04-28T16:33:55","modified_gmt":"2026-04-28T09:33:55","slug":"ruou-vang-do-pepper-jack-sangiovese","status":"publish","type":"product","link":"https:\/\/hedon.com.vn\/en\/san-pham\/ruou-vang-do-pepper-jack-sangiovese\/","title":{"rendered":"R\u01b0\u1ee3u vang \u00dac Pepperjack Sangiovese"},"content":{"rendered":"<p><strong>Pepperjack\u00a0<\/strong>l\u00e0 m\u1ed9t trong nh\u1eefng th\u01b0\u01a1ng hi\u1ec7u r\u01b0\u1ee3u vang c\u1ee7a \u00dac n\u1ed5i ti\u1ebfng tr\u00ean to\u00e0n th\u1ebf gi\u1edbi, v\u1edbi s\u1ef1 h\u1eadu thu\u1eabn c\u1ee7a t\u1eadp \u0111o\u00e0n Twe-Co l\u1edbn m\u1ea1nh to\u00e0n c\u1ea7u. S\u1ef1 xu\u1ea5t hi\u1ec7n c\u1ee7a c\u00e1c d\u00f2ng vang\u00a0Pepperjack nh\u01b0 m\u1ed9t s\u1ef1 t\u00f4n vinh \u0111\u1eb7c bi\u1ec7t d\u00e0nh ri\u00eang cho v\u00f9ng \u0111\u1ea5t Barossa, n\u01a1i m\u00e0 t\u1ea1o h\u00f3a \u0111\u00e3 \u0111\u1ec3 l\u1ea1i cho n\u1ec1n s\u1ea3n xu\u1ea5t r\u01b0\u1ee3u vang m\u1ed9t ti\u1ec1m n\u0103ng l\u1edbn lao.<\/p>\n<div>Sangiovese l\u00e0 m\u1ed9t gi\u1ed1ng nho c\u00f3 ngu\u1ed3n g\u1ed1c t\u1eeb n\u01b0\u1edbc \u00dd xinh \u0111\u1eb9p. \u0110\u1ebfn v\u1edbi Australia, gi\u1ed1ng nho n\u00e0y &#8220;l\u0129nh h\u1ed9i&#8221; th\u00eam s\u1ef1 tinh t\u00fay t\u1eeb t\u1ef1 nhi\u00ean v\u00e0 kh\u00ed h\u1eadu n\u01a1i \u0111\u00e2y, b\u00ean c\u1ea1nh v\u1ecb tr\u00e1i c\u00e2y t\u01b0\u01a1i m\u00e1t c\u00f9ng m\u00f9i h\u01b0\u01a1ng m\u1ed9c m\u1ea1c, r\u01b0\u1ee3u vang t\u1eeb nho Sangiovese s\u1edf h\u1eefu th\u00eam v\u1ecb tannin tr\u00f2n tr\u1ecba, m\u1ec1m m\u1ea1i, \u0111\u00fang v\u1edbi phong c\u00e1ch Pepperjack.<\/div>\n<div><\/div>\n<div>\n<div>\u0110\u1ec3 t\u0103ng th\u00eam s\u1ef1 \u0111\u1ed9c \u0111\u00e1o cho s\u1ea3n ph\u1ea9m c\u1ee7a m\u00ecnh, m\u1ed9t t\u1ef7 l\u1ec7 nh\u1ecf nho Cabernet Sauvignon v\u00e0 c\u00e1c nho kh\u00e1c s\u1ebd \u0111\u01b0\u1ee3c k\u1ebft h\u1ee3p c\u00f9ng v\u1edbi Sangiovese, nho \u0111\u01b0\u1ee3c ch\u1ecdn l\u1ef1a t\u1eeb v\u00f9ng l\u00e0 Padthaway, Barossa v\u00e0 McLaren Vale.<\/div>\n<div><\/div>\n<div>Nho \u0111\u01b0\u1ee3c nghi\u1ec1n n\u00e1t v\u00e0 kh\u1eed m\u00f9i tr\u01b0\u1edbc khi l\u00ean men theo ph\u01b0\u01a1ng ph\u00e1p truy\u1ec1n th\u1ed1ng. Sau \u0111\u00f3, \u00e9p nh\u1eb9 nh\u00e0ng, \u0111\u01b0a l\u00ean gi\u00e1 \u0111\u1ec3 \u1ee7. M\u1ed9t ph\u1ea7n r\u01b0\u1ee3u vang \u0111\u01b0\u1ee3c ch\u1ee9a v\u00e0o b\u1ed3n, ph\u1ea7n c\u00f2n l\u1ea1i \u1ee7 trong th\u00f9ng g\u1ed7 s\u1ed3i Ph\u00e1p m\u1edbi v\u1edbi th\u1eddi gian 4 th\u00e1ng. Cu\u1ed1i c\u00f9ng, pha tr\u1ed9n 2 ph\u1ea7n r\u01b0\u1ee3u vang v\u00e0 \u0111\u00f3ng chai.<\/div>\n<div><\/div>\n<div>R\u01b0\u1ee3u vang c\u00f3 m\u00e0u \u0111\u1ecf s\u1eabm, \u00e1nh cam. H\u01b0\u01a1ng th\u01a1m c\u1ee7a r\u01b0\u1ee3u l\u00e0 m\u00f9i c\u1ee7a th\u1ea3o m\u1ed9c kh\u00f4, hoa h\u1ed3i, qu\u1ea3 m\u1eadn ch\u00edn v\u00e0 m\u00f9i g\u1ed7 s\u1ed3i tinh t\u1ebf. Khi u\u1ed1ng c\u1ea3m nh\u1eadn \u0111\u01b0\u1ee3c v\u1ecb tr\u00e1i c\u00e2y t\u01b0\u01a1i nh\u01b0 v\u1ecb qu\u1ea3 anh \u0111\u00e0o \u0111\u1ecf, qu\u1ea3 nam vi\u1ec7t qu\u1ea5t \u0111\u1ecf v\u1edbi tannin \u0111\u1eadm v\u00e0 k\u00e9o d\u00e0i \u1edf h\u1eadu v\u1ecb. S\u1ef1 b\u1ed5 sung nho Cabernet Sauvignon gi\u00fap cho r\u01b0\u1ee3u vang th\u01a1m ngon, d\u1ec5 u\u1ed1ng v\u00e0 ph\u00f9 h\u1ee3p v\u1edbi \u0111a s\u1ed1 s\u1edf th\u00edch c\u1ee7a ng\u01b0\u1eddi u\u1ed1ng tr\u00ean to\u00e0n th\u1ebf gi\u1edbi.<\/div>\n<div><\/div>\n<div>R\u01b0\u1ee3u u\u1ed1ng ngon nh\u1ea5t \u1edf nhi\u1ec7t \u0111\u1ed9 16 &#8211; 18 \u0111\u1ed9 C v\u00e0 ph\u00f9 h\u1ee3p v\u1edbi c\u00e1c m\u00f3n \u0103n t\u1eeb th\u1ecbt v\u1edbi m\u00f3n h\u1ea7m, n\u01b0\u1edbng ho\u1eb7c \u0103n c\u00f9ng c\u00e1c lo\u1ea1i s\u1ed1t \u0111\u1eadm \u0111\u00e0, b\u00e1nh m\u1ef3, pizza,&#8230;.<\/div>\n<\/div>\n","protected":false},"excerpt":{"rendered":"<p>Pepperjack\u00a0l\u00e0 m\u1ed9t trong nh\u1eefng th\u01b0\u01a1ng hi\u1ec7u r\u01b0\u1ee3u vang c\u1ee7a \u00dac n\u1ed5i ti\u1ebfng tr\u00ean to\u00e0n th\u1ebf gi\u1edbi, v\u1edbi s\u1ef1 h\u1eadu thu\u1eabn c\u1ee7a t\u1eadp \u0111o\u00e0n Twe-Co l\u1edbn m\u1ea1nh to\u00e0n c\u1ea7u. S\u1ef1 xu\u1ea5t&#8230;<\/p>\n","protected":false},"featured_media":12858,"comment_status":"open","ping_status":"closed","template":"","meta":[],"product_brand":[],"product_cat":[1372],"product_tag":[1171,1601,1416,1256,1602,1467],"class_list":{"0":"post-12857","1":"product","2":"type-product","3":"status-publish","4":"has-post-thumbnail","6":"product_cat-pepperjack","7":"product_tag-750ml","8":"product_tag-barossa-valley","9":"product_tag-cabernet-sauvignon","10":"product_tag-ruou-vang-do","11":"product_tag-ruou-vang-uc","12":"product_tag-sangiovese","13":"pa_dung-tich-750ml","14":"pa_giong-nho-cabernet-sauvignon","15":"pa_giong-nho-sangiovese","16":"pa_loai-vang-red-wine","17":"pa_nha-san-xuat-pepperjack","18":"pa_quoc-gia-australia","19":"pa_vung-nho-barossa-valley","21":"first","22":"instock","23":"taxable","24":"shipping-taxable","25":"purchasable","26":"product-type-simple"},"_links":{"self":[{"href":"https:\/\/hedon.com.vn\/en\/wp-json\/wp\/v2\/product\/12857","targetHints":{"allow":["GET"]}}],"collection":[{"href":"https:\/\/hedon.com.vn\/en\/wp-json\/wp\/v2\/product"}],"about":[{"href":"https:\/\/hedon.com.vn\/en\/wp-json\/wp\/v2\/types\/product"}],"replies":[{"embeddable":true,"href":"https:\/\/hedon.com.vn\/en\/wp-json\/wp\/v2\/comments?post=12857"}],"wp:featuredmedia":[{"embeddable":true,"href":"https:\/\/hedon.com.vn\/en\/wp-json\/wp\/v2\/media\/12858"}],"wp:attachment":[{"href":"https:\/\/hedon.com.vn\/en\/wp-json\/wp\/v2\/media?parent=12857"}],"wp:term":[{"taxonomy":"product_brand","embeddable":true,"href":"https:\/\/hedon.com.vn\/en\/wp-json\/wp\/v2\/product_brand?post=12857"},{"taxonomy":"product_cat","embeddable":true,"href":"https:\/\/hedon.com.vn\/en\/wp-json\/wp\/v2\/product_cat?post=12857"},{"taxonomy":"product_tag","embeddable":true,"href":"https:\/\/hedon.com.vn\/en\/wp-json\/wp\/v2\/product_tag?post=12857"}],"curies":[{"name":"wp","href":"https:\/\/api.w.org\/{rel}","templated":true}]}}