{"id":12865,"date":"2022-12-07T16:39:06","date_gmt":"2022-12-07T09:39:06","guid":{"rendered":"https:\/\/hedon.com.vn\/san-pham\/ruou-vang-do-cinque-stelle-romance-bevanda-aromatizzata-a-base-di-vino\/"},"modified":"2026-04-28T16:34:04","modified_gmt":"2026-04-28T09:34:04","slug":"ruou-vang-do-cinque-stelle-romance-bevanda-aromatizzata-a-base-di-vino","status":"publish","type":"product","link":"https:\/\/hedon.com.vn\/en\/san-pham\/ruou-vang-do-cinque-stelle-romance-bevanda-aromatizzata-a-base-di-vino\/","title":{"rendered":"R\u01b0\u1ee3u vang \u00dd Cinque Stelle Romance Bevanda Aromatizzata A Base Di Vino"},"content":{"rendered":"<p><strong>R\u01b0\u1ee3u vang \u00dd Cinque Stelle Romance Bevanda Aromatizzata A Base Di Vino<\/strong> l\u00e0 m\u1ed9t chai vang phong c\u00e1ch t\u01b0\u01a1i vui \u2013 d\u1ec5 u\u1ed1ng, h\u01b0\u1edbng t\u1edbi nh\u1eefng d\u1ecbp t\u1ee5 h\u1ecdp nh\u1eb9 nh\u00e0ng ho\u1eb7c l\u00e0m r\u01b0\u1ee3u khai v\u1ecb. R\u01b0\u1ee3u thi\u00ean v\u1ec1 tr\u00e1i c\u00e2y \u0111\u1ecf (d\u00e2u, m\u00e2m x\u00f4i) v\u00e0 h\u01b0\u01a1ng hoa d\u1ec5 ch\u1ecbu; ch\u1ea5t r\u01b0\u1ee3u m\u1ec1m, ng\u1ecdt d\u1ecbu\/kh\u00f4 v\u1eeba (t\u00f9y l\u00f4), n\u1ed3ng \u0111\u1ed9 c\u1ed3n th\u1ea5p\u2013trung b\u00ecnh n\u00ean r\u1ea5t th\u00e2n thi\u1ec7n v\u1edbi ng\u01b0\u1eddi m\u1edbi. Phong c\u00e1ch ph\u1ee5c v\u1ee5 m\u00e1t gi\u00fap c\u1ea3m gi\u00e1c s\u1ea3ng kho\u00e1i, nh\u1eb9 nh\u00e0ng.<\/p>\n<h2>Gi\u1edbi thi\u1ec7u v\u1ec1 nh\u00e0 s\u1ea3n xu\u1ea5t<\/h2>\n<p><strong>Cinque Stelle<\/strong> (ti\u1ebfng \u00dd: \u201cN\u0103m sao\u201d) \u0111\u1ecbnh v\u1ecb \u1edf nh\u00f3m vang d\u1ec5 ti\u1ebfp c\u1eadn v\u1edbi h\u01b0\u01a1ng v\u1ecb r\u00f5, t\u1eadp trung v\u00e0o s\u1ef1 c\u00e2n b\u1eb1ng v\u00e0 t\u00ednh \u201c\u1ea9m th\u1ef1c\u201d (d\u1ec5 gh\u00e9p m\u00f3n, h\u1ee3p nhi\u1ec1u b\u1ed1i c\u1ea3nh). M\u1ee5c ti\u00eau c\u1ee7a d\u00f2ng Romance l\u00e0 mang l\u1ea1i tr\u1ea3i nghi\u1ec7m m\u1ec1m m\u1ea1i, th\u01a1m tr\u00e1i v\u00e0 d\u1ec5 th\u01b0\u1edfng th\u1ee9c ngay khi v\u1eeba m\u1edf.<\/p>\n<h2>Th\u00f4ng tin v\u1ec1 r\u01b0\u1ee3u vang Cinque Stelle Romance Bevanda<\/h2>\n<ul>\n<li style=\"list-style-type: none;\">\n<ul>\n<li>Nh\u00e0 s\u1ea3n xu\u1ea5t: Cinque Stelle<\/li>\n<li>V\u00f9ng s\u1ea3n xu\u1ea5t: \u00dd (th\u01b0\u1eddng t\u1eeb c\u00e1c v\u00f9ng kh\u00ed h\u1eadu \u1ea5m, nho ch\u00edn th\u01a1m)<\/li>\n<li>Gi\u1ed1ng nho: Ph\u1ed1i tr\u1ed9n nho th\u01a1m (h\u01b0\u1edbng tr\u00e1i \u0111\u1ecf &amp; hoa; c\u00f3 th\u1ec3 thay \u0111\u1ed5i theo l\u00f4)<\/li>\n<li>N\u1ed3ng \u0111\u1ed9 c\u1ed3n: ~7\u201310% ABV (d\u1ec5 u\u1ed1ng, ph\u00f9 h\u1ee3p ng\u01b0\u1eddi m\u1edbi)<\/li>\n<li>Th\u1ec3 t\u00edch: 750 mL<\/li>\n<\/ul>\n<\/li>\n<\/ul>\n<h2>H\u01b0\u01a1ng v\u1ecb c\u1ee7a r\u01b0\u1ee3u vang Cinque Stelle Romance Bevanda<\/h2>\n<ul>\n<li style=\"list-style-type: none;\">\n<ul>\n<li>M\u00e0u s\u1eafc: H\u1ed3ng nh\u1ea1t \u0111\u1ebfn h\u1ed3ng salmon (n\u1ebfu l\u00e0 phi\u00ean b\u1ea3n ros\u00e9) ho\u1eb7c \u0111\u1ecf ruby s\u00e1ng (n\u1ebfu l\u00e0 phi\u00ean b\u1ea3n \u0111\u1ecf ng\u1ecdt\/kh\u00f4 v\u1eeba); s\u00e1ng trong, \u0111\u1eb9p m\u1eaft.<\/li>\n<li>H\u01b0\u01a1ng: D\u00e2u t\u00e2y \u2013 m\u00e2m x\u00f4i \u2013 anh \u0111\u00e0o h\u1ed3ng, tho\u1ea3ng hoa h\u1ed3ng\/hoa nh\u00e0i v\u00e0 ch\u00fat v\u1ecf cam qu\u00fdt; c\u1ea3m gi\u00e1c k\u1eb9o tr\u00e1i c\u00e2y nh\u1eb9 nh\u00e0ng.<\/li>\n<li>V\u1ecb: M\u1ec1m \u2013 d\u1ec5 u\u1ed1ng, thi\u00ean tr\u00e1i \u0111\u1ecf t\u01b0\u01a1i; acid m\u00e1t gi\u00fap r\u01b0\u1ee3u s\u1ea3ng kho\u00e1i; ch\u1ea5t r\u01b0\u1ee3u nh\u1eb9 \u0111\u1ebfn trung b\u00ecnh; h\u1eadu v\u1ecb s\u1ea1ch c\u00f3 g\u1ee3i \u00fd cam qu\u00fdt\/hoa. T\u1ed5ng th\u1ec3 c\u00e2n b\u1eb1ng, kh\u00f4ng g\u1eaft, h\u1ee3p ng\u01b0\u1eddi m\u1edbi l\u00e0m quen r\u01b0\u1ee3u vang.<\/li>\n<li>K\u1ebft h\u1ee3p m\u00f3n \u0103n:\n<ul>\n<li>M\u00f3n ph\u00f9 h\u1ee3p: Khai v\u1ecb ngu\u1ed9i, salad tr\u00e1i c\u00e2y, h\u1ea3i s\u1ea3n nh\u1eb9 (t\u00f4m\/c\u00e1 tr\u1eafng), pizza\/m\u00ec s\u1ed1t c\u00e0 chua nh\u1eb9, \u0111\u1ed3 \u00c1 v\u1ecb chua\u2013ng\u1ecdt\u2013m\u1eb7n v\u1eeba, b\u00e1nh ng\u1ecdt nh\u1eb9.<\/li>\n<li>Nhi\u1ec7t \u0111\u1ed9 ph\u1ee5c v\u1ee5: 6\u20138 \u00b0C n\u1ebfu l\u00e0 phi\u00ean b\u1ea3n vang h\u1ed3ng\/ vang ng\u1ecdt; 8\u201310 \u00b0C n\u1ebfu th\u00edch \u0111\u1eadm h\u01b0\u01a1ng h\u01a1n.<\/li>\n<li>Ch\u00fa \u00fd khi ph\u1ee5c v\u1ee5: \u01af\u1edbp m\u00e1t \u0111\u1ec1u tr\u01b0\u1edbc khi r\u00f3t; d\u00f9ng ly tulip (cho vang h\u1ed3ng) ho\u1eb7c ly tr\u1eafng mi\u1ec7ng h\u1eb9p \u0111\u1ec3 gom h\u01b0\u01a1ng; ngon nh\u1ea5t trong 1\u20132 n\u0103m t\u1eeb ng\u00e0y mua \u0111\u1ec3 gi\u1eef \u0111\u1ed9 t\u01b0\u01a1i.<\/li>\n<\/ul>\n<\/li>\n<\/ul>\n<\/li>\n<\/ul>\n","protected":false},"excerpt":{"rendered":"<p>R\u01b0\u1ee3u vang \u00dd Cinque Stelle Romance Bevanda Aromatizzata A Base Di Vino l\u00e0 m\u1ed9t chai vang phong c\u00e1ch t\u01b0\u01a1i vui \u2013 d\u1ec5 u\u1ed1ng, h\u01b0\u1edbng t\u1edbi nh\u1eefng d\u1ecbp t\u1ee5 h\u1ecdp nh\u1eb9&#8230;<\/p>\n","protected":false},"featured_media":12866,"comment_status":"open","ping_status":"closed","template":"","meta":[],"product_brand":[],"product_cat":[1604],"product_tag":[1171,1563,1605,1256,1580,1398,1516],"class_list":{"0":"post-12865","1":"product","2":"type-product","3":"status-publish","4":"has-post-thumbnail","6":"product_cat-base-di-vino","7":"product_tag-750ml","8":"product_tag-puglia","9":"product_tag-rosso","10":"product_tag-ruou-vang-do","11":"product_tag-ruou-vang-ngot","12":"product_tag-ruou-vang-y","13":"product_tag-vang-gia-tot","14":"pa_dung-tich-750ml","15":"pa_giong-nho-rosso","16":"pa_loai-vang-red-wine","17":"pa_loai-vang-sweet-wine","18":"pa_nha-san-xuat-base-di-vino","19":"pa_quoc-gia-italy","20":"pa_vung-nho-puglia","22":"first","23":"instock","24":"taxable","25":"shipping-taxable","26":"purchasable","27":"product-type-simple"},"_links":{"self":[{"href":"https:\/\/hedon.com.vn\/en\/wp-json\/wp\/v2\/product\/12865","targetHints":{"allow":["GET"]}}],"collection":[{"href":"https:\/\/hedon.com.vn\/en\/wp-json\/wp\/v2\/product"}],"about":[{"href":"https:\/\/hedon.com.vn\/en\/wp-json\/wp\/v2\/types\/product"}],"replies":[{"embeddable":true,"href":"https:\/\/hedon.com.vn\/en\/wp-json\/wp\/v2\/comments?post=12865"}],"wp:featuredmedia":[{"embeddable":true,"href":"https:\/\/hedon.com.vn\/en\/wp-json\/wp\/v2\/media\/12866"}],"wp:attachment":[{"href":"https:\/\/hedon.com.vn\/en\/wp-json\/wp\/v2\/media?parent=12865"}],"wp:term":[{"taxonomy":"product_brand","embeddable":true,"href":"https:\/\/hedon.com.vn\/en\/wp-json\/wp\/v2\/product_brand?post=12865"},{"taxonomy":"product_cat","embeddable":true,"href":"https:\/\/hedon.com.vn\/en\/wp-json\/wp\/v2\/product_cat?post=12865"},{"taxonomy":"product_tag","embeddable":true,"href":"https:\/\/hedon.com.vn\/en\/wp-json\/wp\/v2\/product_tag?post=12865"}],"curies":[{"name":"wp","href":"https:\/\/api.w.org\/{rel}","templated":true}]}}