{"id":12867,"date":"2022-12-07T16:39:05","date_gmt":"2022-12-07T09:39:05","guid":{"rendered":"https:\/\/hedon.com.vn\/san-pham\/ruou-vang-champagne-canard-duchene-brut-millesime-vintage-2012\/"},"modified":"2026-04-28T16:34:05","modified_gmt":"2026-04-28T09:34:05","slug":"ruou-vang-champagne-canard-duchene-brut-millesime-vintage-2012","status":"publish","type":"product","link":"https:\/\/hedon.com.vn\/en\/san-pham\/ruou-vang-champagne-canard-duchene-brut-millesime-vintage-2012\/","title":{"rendered":"R\u01b0\u1ee3u vang Ph\u00e1p Champagne Canard Duchene Brut Millesime Vintage"},"content":{"rendered":"<p><strong>Canard &#8211; Duchene Brut Millesime Vintage 2012 <\/strong>\u0111\u01b0\u1ee3c <strong>Laurent F\u00e9dou,<\/strong> ng\u01b0\u1eddi \u0111i\u1ec1u h\u00e0nh h\u1ea7m r\u01b0\u1ee3u k\u1ec3 l\u1ea1i: \u201cV\u1eeba nh\u1eb9 nh\u00e0ng, v\u1eeba h\u00e0o ph\u00f3ng, 2012 l\u00e0 m\u1ed9t trong nh\u1eefng ni\u00ean v\u1ee5 t\u1ed1t nh\u1ea5t c\u1ee7a <strong>Carnard-Duchene\u201d.\u00a0<\/strong><\/p>\n<p><strong>Canard &#8211; Duchene <\/strong>ngay t\u1eeb nh\u1eefng ng\u00e0y \u0111\u1ea7u th\u00e0nh l\u1eadp \u0111\u00e3 x\u00e2y d\u1ef1ng cho m\u00ecnh m\u1ed9t phong c\u00e1ch r\u01b0\u1ee3u ch\u1ea5t l\u01b0\u1ee3ng h\u1ea3o h\u1ea1ng. B\u1eb1ng s\u1ef1 nghi\u00ean c\u1ee9u v\u00e0 \u00fd t\u01b0\u1edfng \u0111\u1ed9c \u0111\u00e1o,<strong> champagne t\u1eeb Canard &#8211; Duchene<\/strong> \u0111\u1ea1i di\u1ec7n cho m\u1ed9t v\u1ebb \u0111\u1eb9p tinh t\u1ebf v\u00e0 thanh l\u1ecbch. N\u00f3 \u0111\u01b0\u1ee3c \u0111\u1eb7c tr\u01b0ng b\u1edfi s\u1ef1 c\u00e2n b\u1eb1ng tuy\u1ec7t v\u1eddi gi\u1eefa s\u1ef1 t\u01b0\u01a1i t\u1eafn v\u00e0 h\u01b0\u01a1ng th\u01a1m l\u00f4i cu\u1ed1n. V\u1edbi m\u1ed9t ni\u00ean v\u1ee5 th\u00e0nh c\u00f4ng trong n\u0103m 2012, <strong>Canard &#8211; Duchene<\/strong> cho ra \u0111\u1eddi <strong>Brut Millesime Vintage 2012<\/strong> v\u00f4 c\u00f9ng \u0111\u1eb7c bi\u1ec7t v\u00e0 c\u00f3 kh\u1ea3 n\u0103ng l\u00e3o h\u00f3a r\u1ea5t d\u00e0i.<\/p>\n<p><strong>Canard &#8211; Duchene Brut Millesime Vintage 2012<\/strong> c\u00f3 m\u00e0u v\u00e0ng pale r\u1ef1c r\u1ee1 nh\u01b0 nh\u1eefng \u00e1nh h\u00e0o quang s\u00e1ng ch\u00f3i. B\u00ean c\u1ea1nh nh\u1eefng h\u01b0\u01a1ng v\u1ecb quen thu\u1ed9c trong c\u00e1c chai champagne nh\u1eefng ni\u00ean v\u1ee5 tr\u01b0\u1edbc, th\u00ec Brut Millesime Vintage 2012 c\u00f2n mang \u0111\u1ebfn n\u00e9t l\u00f4i cu\u1ed1n m\u1ed9t ph\u1ee9c h\u1ee3p gi\u1eefa m\u00f9i v\u1ecb rang h\u00f2a quy\u1ec7n v\u1edbi h\u01b0\u01a1ng hoa cam, hoa tr\u1eafng. K\u1ebft c\u1ea5u v\u1ecb r\u01b0\u1ee3u ch\u1eb7t ch\u1ebd trong mi\u1ec7ng v\u1edbi m\u1ed9t h\u1eadu v\u1ecb k\u00e9o d\u00e0i trong mi\u1ec7ng.<br \/>\nM\u1ed9t chai <strong>champagne <\/strong>nh\u1eadn \u0111\u01b0\u1ee3c s\u1ef1 t\u00e1n d\u01b0\u01a1ng tr\u00ean to\u00e0n b\u1ed9 th\u1ebf gi\u1edbi, <strong>Brut Millesime Vintage 2012<\/strong> lu\u00f4n d\u1eabn \u0111\u1ea7u trong danh s\u00e1ch nh\u1eefng chai <strong>champagne<\/strong> ngon nh\u1ea5t.<\/p>\n<p>\u0110\u1ec3 l\u1ef1a ch\u1ecdn \u1ea9m th\u1ef1c \u0111i k\u00e8m v\u1edbi champagne n\u00e0y kh\u00f4ng kh\u00f3, n\u00f3 ph\u00f9 h\u1ee3p nh\u1eefng m\u00f3n \u0103n c\u00f3 h\u01b0\u01a1ng v\u1ecb nh\u1eb9 nh\u00e0ng, t\u01b0\u01a1i m\u00e1t., c\u00f3 th\u1ec3 th\u01b0\u1edfng th\u1ee9c c\u00f9ng m\u00f3n s\u00f2 \u0111i\u1ec7p ch\u1ebf bi\u1ebfn c\u00f9ng l\u00e1 h\u1eb9, m\u00f3n b\u00e1nh tr\u00e1ng mi\u1ec7ng v\u1edbi siro cam \u0103n k\u00e8m c\u00f9ng vani.B\u1ea3o qu\u1ea3n r\u01b0\u1ee3u trong t\u1ee7 l\u1ea1nh v\u00e0 l\u00e0m l\u1ea1nh r\u01b0\u1ee3u \u1edf nhi\u1ec7t \u0111\u1ed9 6 &#8211; 8 \u0111\u1ed9 C tr\u01b0\u1edbc khi u\u1ed1ng \u0111\u1ec3 h\u01b0\u01a1ng v\u1ecb r\u01b0\u1ee3u ngon nh\u1ea5t.<\/p>\n","protected":false},"excerpt":{"rendered":"<p>Canard &#8211; Duchene Brut Millesime Vintage 2012 \u0111\u01b0\u1ee3c Laurent F\u00e9dou, ng\u01b0\u1eddi \u0111i\u1ec1u h\u00e0nh h\u1ea7m r\u01b0\u1ee3u k\u1ec3 l\u1ea1i: \u201cV\u1eeba nh\u1eb9 nh\u00e0ng, v\u1eeba h\u00e0o ph\u00f3ng, 2012 l\u00e0 m\u1ed9t trong nh\u1eefng ni\u00ean v\u1ee5&#8230;<\/p>\n","protected":false},"featured_media":12868,"comment_status":"open","ping_status":"closed","template":"","meta":[],"product_brand":[],"product_cat":[1388],"product_tag":[1171,1401,1402,1412,1255,1397,1404],"class_list":{"0":"post-12867","1":"product","2":"type-product","3":"status-publish","4":"has-post-thumbnail","6":"product_cat-canard-duchene","7":"product_tag-750ml","8":"product_tag-champagne","9":"product_tag-chardonnay","10":"product_tag-pinot-meunier","11":"product_tag-pinot-noir","12":"product_tag-ruou-vang-no","13":"product_tag-ruou-vang-phap","14":"pa_dung-tich-750ml","15":"pa_giong-nho-chardonnay","16":"pa_giong-nho-pinot-meunier","17":"pa_giong-nho-pinot-noir","18":"pa_loai-vang-sparkling-wine","19":"pa_nha-san-xuat-canard-duchene","20":"pa_quoc-gia-france","21":"pa_vung-nho-champagne","23":"first","24":"instock","25":"taxable","26":"shipping-taxable","27":"purchasable","28":"product-type-simple"},"_links":{"self":[{"href":"https:\/\/hedon.com.vn\/en\/wp-json\/wp\/v2\/product\/12867","targetHints":{"allow":["GET"]}}],"collection":[{"href":"https:\/\/hedon.com.vn\/en\/wp-json\/wp\/v2\/product"}],"about":[{"href":"https:\/\/hedon.com.vn\/en\/wp-json\/wp\/v2\/types\/product"}],"replies":[{"embeddable":true,"href":"https:\/\/hedon.com.vn\/en\/wp-json\/wp\/v2\/comments?post=12867"}],"wp:featuredmedia":[{"embeddable":true,"href":"https:\/\/hedon.com.vn\/en\/wp-json\/wp\/v2\/media\/12868"}],"wp:attachment":[{"href":"https:\/\/hedon.com.vn\/en\/wp-json\/wp\/v2\/media?parent=12867"}],"wp:term":[{"taxonomy":"product_brand","embeddable":true,"href":"https:\/\/hedon.com.vn\/en\/wp-json\/wp\/v2\/product_brand?post=12867"},{"taxonomy":"product_cat","embeddable":true,"href":"https:\/\/hedon.com.vn\/en\/wp-json\/wp\/v2\/product_cat?post=12867"},{"taxonomy":"product_tag","embeddable":true,"href":"https:\/\/hedon.com.vn\/en\/wp-json\/wp\/v2\/product_tag?post=12867"}],"curies":[{"name":"wp","href":"https:\/\/api.w.org\/{rel}","templated":true}]}}