{"id":12895,"date":"2022-12-06T13:55:05","date_gmt":"2022-12-06T06:55:05","guid":{"rendered":"https:\/\/hedon.com.vn\/san-pham\/ruou-vang-do-arrogant-frog-varieties-do\/"},"modified":"2026-04-28T16:34:29","modified_gmt":"2026-04-28T09:34:29","slug":"ruou-vang-do-arrogant-frog-varieties-do","status":"publish","type":"product","link":"https:\/\/hedon.com.vn\/en\/san-pham\/ruou-vang-do-arrogant-frog-varieties-do\/","title":{"rendered":"R\u01b0\u1ee3u vang Ph\u00e1p Arrogant Frog Varieties Cabernet Sauvignon"},"content":{"rendered":"<p style=\"text-align: justify;\"><span style=\"font-size: 14px;\"><strong>Arrogant Frog Varieties Cabernet Sauvignon &#8211; Merlot<\/strong> \u0111\u01b0\u1ee3c l\u00e0m t\u1eeb 2 gi\u1ed1ng nho \u0111\u1ecf l\u00e0 <strong>Cabernet Sauvignon v\u00e0 Merlot<\/strong>. Trong \u0111\u00f3, c\u00e2y nho <strong>Cabernet Sauvignon<\/strong> \u0111\u1ec1u c\u00f3 tu\u1ed5i \u0111\u1eddi t\u1eeb 15 &#8211; 25 n\u0103m th\u00ec c\u00e2y nho<strong> Merlot <\/strong>l\u00e0 16 &#8211; 25 n\u0103m tu\u1ed5i.\u00a0<\/span><\/p>\n<p style=\"text-align: justify;\"><span style=\"font-size: 14px;\">M\u1ed7i gi\u1ed1ng nho \u0111\u01b0\u1ee3c l\u00e3o h\u00f3a ri\u00eang bi\u1ec7t. V\u1ecf nho \u0111\u01b0\u1ee3c ng\u00e2m c\u00f9ng n\u01b0\u1edbc \u00e9p trong 3 ng\u00e0y \u1edf nhi\u1ec7t \u0111\u1ed9 10\u00b0C. Qu\u00e1 tr\u00ecnh l\u00ean men sau \u0111\u00f3 di\u1ec5n ra trong 6 ng\u00e0y \u1edf nhi\u1ec7t \u0111\u1ed9 24\/26\u00b0C v\u00e0 th\u01b0\u1eddng xuy\u00ean khu\u1ea5y \u0111\u1ec1u l\u00ean. Th\u1eddi gian ngh\u1ec9 c\u1ee7a r\u01b0\u1ee3u vang l\u00e0 15 ng\u00e0y \u0111\u1ed1i v\u1edbi nho <strong>Cabernet Sauvignon<\/strong> v\u00e0 12 ng\u00e0y v\u1edbi nho <strong>Merlot<\/strong> trong m\u1ed9t nhi\u1ec7t \u0111\u1ed9 kh\u00f4ng qu\u00e1 24\u00b0C\u00a0 trong th\u00f9ng th\u00e9p kh\u00f4ng g\u1ec9. 2 h\u1ed7n h\u1ee3p r\u01b0\u1ee3u vang \u0111\u01b0\u1ee3c tr\u1ed9n v\u1edbi nhau trong th\u00f9ng v\u00e0o kho\u1ea3ng th\u00e1ng 11. Trong \u0111\u00f3, 25% \u0111\u01b0\u1ee3c ch\u1ee9a trong th\u00f9ng g\u1ed7 s\u1ed3i M\u1ef9 m\u1edbi kho\u1ea3ng 4 th\u00e1ng. 75% c\u00f2n l\u1ea1i \u0111\u01b0\u1ee3c ch\u1ee9a trong th\u00f9ng th\u00e9p kh\u00f4ng g\u1ec9. Sau khi l\u1ea5y ra kh\u1ecfi th\u00f9ng, to\u00e0n b\u1ed9 r\u01b0\u1ee3u vang \u0111\u01b0\u1ee3c \u1ee7 c\u00f9ng nhau th\u00eam 2 th\u00e1ng tr\u01b0\u1edbc khi \u0111\u00f3ng th\u00e0nh chai.\u00a0\u00a0<\/span><\/p>\n<p style=\"text-align: justify;\"><span style=\"font-size: 14px;\">V\u1edbi m\u1ed9t quy tr\u00ecnh s\u1ea3n xu\u1ea5t ph\u1ee9c t\u1ea1p,<strong> r\u01b0\u1ee3u vang Arrogant Frog Varieties \u0111\u1ecf<\/strong> \u1ea5n t\u01b0\u1ee3ng v\u1edbi m\u00e0u \u0111\u1ecf ruby m\u1ea1nh m\u1ebd. H\u01b0\u01a1ng th\u01a1m c\u1ee7a r\u01b0\u1ee3u \u0111\u1ea7y tinh t\u1ebf v\u00e0 ph\u1ee9c h\u1ee3p t\u1eeb v\u1ecb ch\u00edn t\u1ef1 nhi\u00ean c\u1ee7a qu\u1ea3 m\u1ecdng \u0111en, nho \u0111en c\u00f9ng v\u1edbi h\u01b0\u01a1ng cay n\u1ed3ng c\u1ee7a cam th\u1ea3o v\u00e0 vani. V\u1ecb r\u01b0\u1ee3u c\u00e2n b\u1eb1ng ho\u00e0n h\u1ea3o v\u1edbi tannin m\u1ec1m m\u1ea1i v\u00e0 h\u1eadu v\u1ecb k\u00e9o d\u00e0i.\u00a0<\/span><\/p>\n<p style=\"text-align: justify;\"><span style=\"font-size: 14px;\"><strong>R\u01b0\u1ee3u vang Arrogant Frog Varieties Cabernet Sauvignon &#8211; Merlot<\/strong> u\u1ed1ng ngon nh\u1ea5t \u1edf nhi\u1ec7t \u0111\u1ed9 kho\u1ea3ng 17\u00b0C v\u1edbi c\u00e1c m\u00f3n \u0103n t\u1eeb th\u1ecbt \u0111\u1ecf, ph\u00f4 mai hay BBQ. <\/span><\/p>\n","protected":false},"excerpt":{"rendered":"<p>Arrogant Frog Varieties Cabernet Sauvignon &#8211; Merlot \u0111\u01b0\u1ee3c l\u00e0m t\u1eeb 2 gi\u1ed1ng nho \u0111\u1ecf l\u00e0 Cabernet Sauvignon v\u00e0 Merlot. Trong \u0111\u00f3, c\u00e2y nho Cabernet Sauvignon \u0111\u1ec1u c\u00f3 tu\u1ed5i \u0111\u1eddi t\u1eeb&#8230;<\/p>\n","protected":false},"featured_media":12896,"comment_status":"open","ping_status":"closed","template":"","meta":[],"product_brand":[],"product_cat":[1193],"product_tag":[1171,1416,1432,1417,1256,1404,1516],"class_list":{"0":"post-12895","1":"product","2":"type-product","3":"status-publish","4":"has-post-thumbnail","6":"product_cat-chateau-paul-mas","7":"product_tag-750ml","8":"product_tag-cabernet-sauvignon","9":"product_tag-languedoc-roussillon","10":"product_tag-merlot","11":"product_tag-ruou-vang-do","12":"product_tag-ruou-vang-phap","13":"product_tag-vang-gia-tot","14":"pa_dung-tich-750ml","15":"pa_giong-nho-cabernet-sauvignon","16":"pa_giong-nho-merlot","17":"pa_loai-vang-red-wine","18":"pa_nha-san-xuat-chateau-paul-mas","19":"pa_quoc-gia-france","20":"pa_vung-nho-languedoc-roussillon","22":"first","23":"instock","24":"taxable","25":"shipping-taxable","26":"purchasable","27":"product-type-simple"},"_links":{"self":[{"href":"https:\/\/hedon.com.vn\/en\/wp-json\/wp\/v2\/product\/12895","targetHints":{"allow":["GET"]}}],"collection":[{"href":"https:\/\/hedon.com.vn\/en\/wp-json\/wp\/v2\/product"}],"about":[{"href":"https:\/\/hedon.com.vn\/en\/wp-json\/wp\/v2\/types\/product"}],"replies":[{"embeddable":true,"href":"https:\/\/hedon.com.vn\/en\/wp-json\/wp\/v2\/comments?post=12895"}],"wp:featuredmedia":[{"embeddable":true,"href":"https:\/\/hedon.com.vn\/en\/wp-json\/wp\/v2\/media\/12896"}],"wp:attachment":[{"href":"https:\/\/hedon.com.vn\/en\/wp-json\/wp\/v2\/media?parent=12895"}],"wp:term":[{"taxonomy":"product_brand","embeddable":true,"href":"https:\/\/hedon.com.vn\/en\/wp-json\/wp\/v2\/product_brand?post=12895"},{"taxonomy":"product_cat","embeddable":true,"href":"https:\/\/hedon.com.vn\/en\/wp-json\/wp\/v2\/product_cat?post=12895"},{"taxonomy":"product_tag","embeddable":true,"href":"https:\/\/hedon.com.vn\/en\/wp-json\/wp\/v2\/product_tag?post=12895"}],"curies":[{"name":"wp","href":"https:\/\/api.w.org\/{rel}","templated":true}]}}