{"id":12915,"date":"2022-12-01T15:21:10","date_gmt":"2022-12-01T08:21:10","guid":{"rendered":"https:\/\/hedon.com.vn\/san-pham\/ruou-vang-do-pommard-1er-cru-cuvee-dames-de-la-charite-2013\/"},"modified":"2026-04-28T16:34:52","modified_gmt":"2026-04-28T09:34:52","slug":"ruou-vang-do-pommard-1er-cru-cuvee-dames-de-la-charite-2013","status":"publish","type":"product","link":"https:\/\/hedon.com.vn\/en\/san-pham\/ruou-vang-do-pommard-1er-cru-cuvee-dames-de-la-charite-2013\/","title":{"rendered":"R\u01b0\u1ee3u vang Ph\u00e1p Pommard 1er Cru &#8211; Cuv\u00e9e Dames de la Charit\u00e9"},"content":{"rendered":"<p>R\u01b0\u1ee3u vang <strong>Beaune 1er Cru &#8211; Cuvee Maurice Drouhin 2013<\/strong> s\u1edf h\u1eefu m\u00e0u \u0111\u1ecf cherry t\u01b0\u01a1i t\u1eafn. R\u01b0\u1ee3u c\u00f3 h\u01b0\u01a1ng th\u01a1m \u0111\u1eadm \u0111\u00e0 c\u1ee7a tr\u00e1i c\u00e2y \u0111\u1ecf nh\u01b0 d\u00e2u t\u00e2y, ph\u00fac b\u1ed3n t\u1eed, anh \u0111\u00e0o c\u00f9ng h\u01b0\u01a1ng th\u01a1m t\u1eeb h\u1ea1t ti\u00eau, m\u00f9i g\u1ed7 v\u00e0 th\u00eam ch\u00fat m\u00f9i kh\u00f3i nh\u1eb9. Ch\u1ea5t tannin v\u1eeba ph\u1ea3i, nh\u1eb9 nh\u00e0ng, axit chua thanh. V\u1ecb r\u01b0\u1ee3u s\u1ed1ng \u0111\u1ed9ng khi m\u1edbi ch\u1ea1m v\u00e0 tr\u1edf n\u00ean \u0111\u1eadm \u0111\u00e0, l\u00e3ng m\u1ea1n \u1edf h\u1eadu v\u1ecb.<\/p>\n<h2>1. Th\u00f4ng tin v\u1ec1 chai r\u01b0\u1ee3u Pommard 1er Cru &#8211; Cuv\u00e9e Dames de la Charit\u00e9 2013<\/h2>\n<p>Qu\u1ed1c gia: Vang Ph\u00e1p<\/p>\n<p>V\u00f9ng nho: Burgundy<\/p>\n<p>D\u00f2ng vang: Vang \u0111\u1ecf<\/p>\n<p>N\u1ed3ng \u0111\u1ed9 c\u1ed3n: 13,0%<\/p>\n<p>Dung t\u00edch: 750 ml<\/p>\n<p>Nhi\u1ec7t \u0111\u1ed9 b\u1ea3o qu\u1ea3n: 20 \u00b0C<\/p>\n<p>Gi\u1ed1ng nho: Pinot Noir<\/p>\n<h2>2. R\u01b0\u1ee3u vang Pommard 1er Cru &#8211; Cuv\u00e9e Dames de la Charit\u00e9 2013 \u0111\u01b0\u1ee3c s\u1ea3n xu\u1ea5t th\u1ebf n\u00e0o<\/h2>\n<p><strong>Maurice Drouhin<\/strong> \u0111\u00e3 c\u00f3 nhi\u1ec1u n\u0103m l\u00e0m qu\u1ea3n l\u00fd t\u1ea1i <strong>Hospices de Beaune<\/strong>, sau \u0111\u00f3 gi\u1eef 1 ch\u1ee9c v\u1ee5 quan tr\u1ecdng trong Ban H\u00e0nh ch\u00ednh t\u1eeb n\u0103m 1941 \u0111\u1ebfn 1955. \u0110\u1ed3ng th\u1eddi, \u00f4ng \u0111i\u1ec1u h\u00e0nh <strong>Beaune n\u00e9gociant-\u00e9leveur Joseph Drouhin.<\/strong> S\u1ef1 \u0111\u00f3ng g\u00f3p l\u1edbn lao c\u1ee7a \u00f4ng \u0111\u00e3 t\u1ea1o n\u00ean m\u1ed9t trong nh\u1eefng d\u00f2ng r\u01b0\u1ee3u vang tuy\u1ec7t v\u1eddi c\u1ee7a <strong>Beaune 1er Cru <\/strong>thu\u1ed9c nh\u00e0 s\u1ea3n xu\u1ea5t <strong>Domaines des Hospices.\u00a0<\/strong><\/p>\n<h2>3. \u0110\u00e1nh gi\u00e1 chai Pommard 1er Cru &#8211; Cuv\u00e9e Dames de la Charit\u00e9 2013<\/h2>\n<p><strong>Beaune 1er Cru &#8211; Cuvee Maurice Drouhin 2013<\/strong> s\u1edf h\u1eefu m\u00e0u \u0111\u1ecf cherry t\u01b0\u01a1i t\u1eafn. R\u01b0\u1ee3u c\u00f3 h\u01b0\u01a1ng th\u01a1m \u0111\u1eadm \u0111\u00e0 c\u1ee7a tr\u00e1i c\u00e2y \u0111\u1ecf nh\u01b0 d\u00e2u t\u00e2y, ph\u00fac b\u1ed3n t\u1eed, anh \u0111\u00e0o c\u00f9ng h\u01b0\u01a1ng th\u01a1m t\u1eeb h\u1ea1t ti\u00eau, m\u00f9i g\u1ed7 v\u00e0 th\u00eam ch\u00fat m\u00f9i kh\u00f3i nh\u1eb9. Ch\u1ea5t tannin v\u1eeba ph\u1ea3i, nh\u1eb9 nh\u00e0ng, axit chua thanh. \u00a0V\u1ecb r\u01b0\u1ee3u s\u1ed1ng \u0111\u1ed9ng khi m\u1edbi ch\u1ea1m v\u00e0 tr\u1edf n\u00ean \u0111\u1eadm \u0111\u00e0, l\u00e3ng m\u1ea1n \u1edf h\u1eadu v\u1ecb.<\/p>\n<h2>4. L\u1eddi khuy\u00ean \u1ea9m th\u1ef1c c\u1ee7a Hedon v\u1edbi chai r\u01b0\u1ee3u vang Pommard 1er Cru &#8211; Cuv\u00e9e Dames de la Charit\u00e9 2013<\/h2>\n<p>R\u01b0\u1ee3u \u0111\u01b0\u1ee3c u\u1ed1ng ngon nh\u1ea5t \u1edf nhi\u1ec7t \u0111\u1ed9 16 &#8211; 18 \u0111\u1ed9 v\u00e0 k\u1ebft h\u1ee3p ho\u00e0n h\u1ea3o c\u00f9ng c\u00e1c m\u00f3n \u0103n t\u1eeb th\u1ecbt \u0111\u1ecf, c\u00e1c m\u00f3n b\u00e1nh t\u1eeb b\u1ed9t m\u00ec.<\/p>\n","protected":false},"excerpt":{"rendered":"<p>R\u01b0\u1ee3u vang Beaune 1er Cru &#8211; Cuvee Maurice Drouhin 2013 s\u1edf h\u1eefu m\u00e0u \u0111\u1ecf cherry t\u01b0\u01a1i t\u1eafn. R\u01b0\u1ee3u c\u00f3 h\u01b0\u01a1ng th\u01a1m \u0111\u1eadm \u0111\u00e0 c\u1ee7a tr\u00e1i c\u00e2y \u0111\u1ecf nh\u01b0 d\u00e2u t\u00e2y,&#8230;<\/p>\n","protected":false},"featured_media":12916,"comment_status":"open","ping_status":"closed","template":"","meta":[],"product_brand":[],"product_cat":[1189],"product_tag":[1171,1405,1406,1255,1256,1404],"class_list":{"0":"post-12915","1":"product","2":"type-product","3":"status-publish","4":"has-post-thumbnail","6":"product_cat-hospices-civiles-de-beaune","7":"product_tag-750ml","8":"product_tag-burgundy","9":"product_tag-cote-de-beaune","10":"product_tag-pinot-noir","11":"product_tag-ruou-vang-do","12":"product_tag-ruou-vang-phap","13":"pa_dung-tich-750ml","14":"pa_giong-nho-pinot-noir","15":"pa_loai-vang-red-wine","16":"pa_nha-san-xuat-hospices-civiles-de-beaune","17":"pa_quoc-gia-france","18":"pa_vung-nho-burgundy","19":"pa_vung-nho-cote-de-beaune","21":"first","22":"instock","23":"taxable","24":"shipping-taxable","25":"purchasable","26":"product-type-simple"},"_links":{"self":[{"href":"https:\/\/hedon.com.vn\/en\/wp-json\/wp\/v2\/product\/12915","targetHints":{"allow":["GET"]}}],"collection":[{"href":"https:\/\/hedon.com.vn\/en\/wp-json\/wp\/v2\/product"}],"about":[{"href":"https:\/\/hedon.com.vn\/en\/wp-json\/wp\/v2\/types\/product"}],"replies":[{"embeddable":true,"href":"https:\/\/hedon.com.vn\/en\/wp-json\/wp\/v2\/comments?post=12915"}],"wp:featuredmedia":[{"embeddable":true,"href":"https:\/\/hedon.com.vn\/en\/wp-json\/wp\/v2\/media\/12916"}],"wp:attachment":[{"href":"https:\/\/hedon.com.vn\/en\/wp-json\/wp\/v2\/media?parent=12915"}],"wp:term":[{"taxonomy":"product_brand","embeddable":true,"href":"https:\/\/hedon.com.vn\/en\/wp-json\/wp\/v2\/product_brand?post=12915"},{"taxonomy":"product_cat","embeddable":true,"href":"https:\/\/hedon.com.vn\/en\/wp-json\/wp\/v2\/product_cat?post=12915"},{"taxonomy":"product_tag","embeddable":true,"href":"https:\/\/hedon.com.vn\/en\/wp-json\/wp\/v2\/product_tag?post=12915"}],"curies":[{"name":"wp","href":"https:\/\/api.w.org\/{rel}","templated":true}]}}