{"id":12923,"date":"2022-12-01T15:21:01","date_gmt":"2022-12-01T08:21:01","guid":{"rendered":"https:\/\/hedon.com.vn\/san-pham\/ruou-vang-do-patriarche-givry\/"},"modified":"2026-04-28T16:34:57","modified_gmt":"2026-04-28T09:34:57","slug":"ruou-vang-do-patriarche-givry","status":"publish","type":"product","link":"https:\/\/hedon.com.vn\/en\/san-pham\/ruou-vang-do-patriarche-givry\/","title":{"rendered":"R\u01b0\u1ee3u vang Ph\u00e1p Patriarche GIVRY"},"content":{"rendered":"<p style=\"text-align: justify;\"><span style=\"font-size: 12pt;\"><b>Patriarche GIVRY <\/b><span style=\"font-weight: 400;\">l\u00e0 chai r\u01b0\u1ee3u vang \u0111\u01b0\u1ee3c l\u00e0m t\u1eeb nho Pinot noir &#8211; m\u1ed9t gi\u1ed1ng nho \u0111\u1eb7c tr\u01b0ng cho h\u01b0\u01a1ng v\u1ecb Burgundy.\u00a0<\/span><\/span><\/p>\n<p style=\"text-align: justify;\"><span style=\"font-weight: 400; font-size: 12pt;\">V\u01b0\u1eddn nho \u0111\u01b0\u1ee3c ch\u1ec9 \u0111\u1ecbnh l\u00e0m n\u00ean chai r\u01b0\u1ee3u vang n\u1eb1m tr\u00ean s\u01b0\u1eddn \u0111\u1ed3i \u1edf \u0111\u1ed9 cao t\u1eeb 240 &#8211; 480m, c\u00f3 h\u01b0\u1edbng \u0110\u00f4ng Nam. N\u01a1i \u0111\u00e2y n\u1ed5i ti\u1ebfng v\u1edbi r\u01b0\u1ee3u vang \u0111\u1ecf \u0111\u01b0\u1ee3c l\u00e0m b\u1eb1ng nho Pinot noir. \u0110\u1ea5t \u0111ai n\u01a1i \u0111\u00e2y ch\u1ee7 y\u1ebfu l\u00e0 \u0111\u1ea5t s\u00e9t, \u0111\u00e1 v\u00f4i.\u00a0<\/span><\/p>\n<p style=\"text-align: justify;\"><span style=\"font-size: 12pt;\"><span style=\"font-weight: 400;\">R\u01b0\u1ee3u vang Patriarche GIVRY \u0111\u01b0\u1ee3c s\u1ea3n xu\u1ea5t theo ph\u01b0\u01a1ng Phap truy\u1ec1n th\u1ed1ng c\u1ee7a Burgundy. L\u00ean men 10 ng\u00e0y trong nhi\u1ec7t \u0111\u1ed9 kh\u00f4ng qu\u00e1 30<\/span><span style=\"font-weight: 400;\">\u00b0C<\/span><span style=\"font-weight: 400;\"> \u0111\u1ec3 duy tr\u00ec m\u00f9i h\u01b0\u01a1ng t\u1ef1 nhi\u00ean, sau \u0111\u00f3 \u0111\u01b0\u1ee3c l\u00e3o h\u00f3a trong th\u00f9ng 12 th\u00e1ng.\u00a0<\/span><\/span><\/p>\n<p style=\"text-align: justify;\"><span style=\"font-size: 12pt;\"><b>Patriarche GIVRY <\/b><span style=\"font-weight: 400;\">c\u00f3 m\u00e0u \u0111\u1ecf t\u00edm, khi r\u01b0\u1ee3u c\u00f2n tr\u1ebb c\u00f3 th\u00eam \u00e1nh xanh. H\u01b0\u01a1ng th\u01a1m c\u1ee7a r\u01b0\u1ee3u l\u00e0 s\u1ef1 ph\u1ee9c h\u1ee3p t\u1eeb c\u00e1c lo\u1ea1i qu\u1ea3 \u0111\u1ecf nh\u01b0 d\u00e2u t\u00e2y, anh \u0111\u00e0o, ph\u00fac b\u1ed3n t\u1eed, nho \u0111en v\u00e0 h\u01b0\u01a1ng g\u1ed7 s\u1ed3i, vani v\u00e0 thu\u1ed1c l\u00e1. Trong mi\u1ec7ng, tannin nh\u1eb9 nh\u00e0ng h\u00f2a quy\u1ec7n c\u00f9ng v\u1ecb tr\u00e1i c\u00e2y t\u01b0\u01a1i t\u1eafn, t\u1ef1 nhi\u00ean v\u00e0 k\u00e9o d\u00e0i \u1edf h\u1eadu v\u1ecb \u0111\u1ea7y \u1ea5n t\u01b0\u1ee3ng.\u00a0<\/span><\/span><\/p>\n<p style=\"text-align: justify;\"><span style=\"font-size: 12pt;\"><span style=\"font-weight: 400;\">Nhi\u1ec7t \u0111\u1ed9 ph\u1ee5c v\u1ee5 l\u00fd t\u01b0\u1edfng l\u00e0 15<\/span><span style=\"font-weight: 400;\">\u00b0C v\u00e0 <\/span><\/span><span style=\"font-weight: 400;\"><span style=\"font-size: 12pt;\">k\u1ebft h\u1ee3p ho\u00e0n h\u1ea3o v\u1edbi th\u1ecbt x\u00e1 x\u00edu, th\u1ecbt tr\u1eafng, th\u1ecbt \u0111\u1ecf om v\u00e0 ph\u00f4 mai m\u1ec1m.<\/span> <\/span><\/p>\n","protected":false},"excerpt":{"rendered":"<p>Patriarche GIVRY l\u00e0 chai r\u01b0\u1ee3u vang \u0111\u01b0\u1ee3c l\u00e0m t\u1eeb nho Pinot noir &#8211; m\u1ed9t gi\u1ed1ng nho \u0111\u1eb7c tr\u01b0ng cho h\u01b0\u01a1ng v\u1ecb Burgundy.\u00a0 V\u01b0\u1eddn nho \u0111\u01b0\u1ee3c ch\u1ec9 \u0111\u1ecbnh l\u00e0m n\u00ean chai&#8230;<\/p>\n","protected":false},"featured_media":12924,"comment_status":"open","ping_status":"closed","template":"","meta":[],"product_brand":[],"product_cat":[1307],"product_tag":[1171,1405,1255,1256,1404],"class_list":{"0":"post-12923","1":"product","2":"type-product","3":"status-publish","4":"has-post-thumbnail","6":"product_cat-patriarche","7":"product_tag-750ml","8":"product_tag-burgundy","9":"product_tag-pinot-noir","10":"product_tag-ruou-vang-do","11":"product_tag-ruou-vang-phap","12":"pa_dung-tich-750ml","13":"pa_giong-nho-pinot-noir","14":"pa_loai-vang-red-wine","15":"pa_nha-san-xuat-patriarche","16":"pa_quoc-gia-france","17":"pa_vung-nho-burgundy","19":"first","20":"instock","21":"taxable","22":"shipping-taxable","23":"purchasable","24":"product-type-simple"},"_links":{"self":[{"href":"https:\/\/hedon.com.vn\/en\/wp-json\/wp\/v2\/product\/12923","targetHints":{"allow":["GET"]}}],"collection":[{"href":"https:\/\/hedon.com.vn\/en\/wp-json\/wp\/v2\/product"}],"about":[{"href":"https:\/\/hedon.com.vn\/en\/wp-json\/wp\/v2\/types\/product"}],"replies":[{"embeddable":true,"href":"https:\/\/hedon.com.vn\/en\/wp-json\/wp\/v2\/comments?post=12923"}],"wp:featuredmedia":[{"embeddable":true,"href":"https:\/\/hedon.com.vn\/en\/wp-json\/wp\/v2\/media\/12924"}],"wp:attachment":[{"href":"https:\/\/hedon.com.vn\/en\/wp-json\/wp\/v2\/media?parent=12923"}],"wp:term":[{"taxonomy":"product_brand","embeddable":true,"href":"https:\/\/hedon.com.vn\/en\/wp-json\/wp\/v2\/product_brand?post=12923"},{"taxonomy":"product_cat","embeddable":true,"href":"https:\/\/hedon.com.vn\/en\/wp-json\/wp\/v2\/product_cat?post=12923"},{"taxonomy":"product_tag","embeddable":true,"href":"https:\/\/hedon.com.vn\/en\/wp-json\/wp\/v2\/product_tag?post=12923"}],"curies":[{"name":"wp","href":"https:\/\/api.w.org\/{rel}","templated":true}]}}