{"id":12943,"date":"2022-12-01T15:20:59","date_gmt":"2022-12-01T08:20:59","guid":{"rendered":"https:\/\/hedon.com.vn\/san-pham\/ruou-vang-do-castello-di-querceto-romantic\/"},"modified":"2022-12-01T15:20:59","modified_gmt":"2022-12-01T08:20:59","slug":"ruou-vang-do-castello-di-querceto-romantic","status":"publish","type":"product","link":"https:\/\/hedon.com.vn\/en\/san-pham\/ruou-vang-do-castello-di-querceto-romantic\/","title":{"rendered":"R\u01b0\u1ee3u vang \u00dd Castello di Querceto Romantic"},"content":{"rendered":"<p style=\"text-align: justify;\"><span style=\"font-size: 14px;\"><strong>Castello di QueRceto Romantic<\/strong> l\u00e0 chai r\u01b0\u1ee3u vang \u0111\u01b0\u1ee3c s\u1ea3n xu\u1ea5t t\u1ea1i <strong>v\u00f9ng Loculena,<\/strong> thu\u1ed9c khu v\u1ef1c Lena v\u00e0 n\u00f3 xu\u1ea5t ph\u00e1t t\u1eeb m\u1ed9t cu\u1ed9c k\u1ebft giao \u0111\u1eb7c bi\u1ec7t gi\u1eefa 2 con ng\u01b0\u1eddi, l\u00e0 k\u1ebft qu\u1ea3 c\u1ee7a m\u1ed9t t\u00ecnh y\u00eau ch\u00e2n th\u00e0nh. Chai r\u01b0\u1ee3u vang ra \u0111\u1eddi g\u1eafn li\u1ec1n v\u1edbi nh\u1eefng kho\u1ea3nh kh\u1eafc c\u1ee7a \u201cs\u1ef1 b\u1eaft \u0111\u1ea7u&#8221;, tr\u00e2n tr\u1ecdng nh\u1eefng gi\u00e2y ph\u00fat trong t\u00ecnh y\u00eau.\u00a0<\/span><\/p>\n<p style=\"text-align: justify;\"><span style=\"font-size: 14px;\"><strong>Castello di QueRceto Romantic <\/strong>l\u00e0 chai r\u01b0\u1ee3u vang \u0111\u01b0\u1ee3c pha tr\u1ed9n gi\u1eefa 3 gi\u1ed1ng nho l\u00e0 <strong>Petit Verdot, Merlot v\u00e0 Syrah<\/strong>. R\u01b0\u1ee3u vang \u0111\u01b0\u1ee3c l\u00ean men 20 ng\u00e0y \u1edf nhi\u1ec7t \u0111\u1ed9 28 \u0111\u1ed9 C. Sau \u0111\u00f3, r\u01b0\u1ee3u vang \u0111\u01b0\u1ee3c l\u00e3o h\u00f3a t\u1ed1i thi\u1ec3u 24 th\u00e1ng trong th\u00f9ng g\u1ed7 v\u00e0 th\u00eam \u00edt nh\u1ea5t 8 th\u00e1ng trong chai tr\u01b0\u1edbc khi \u0111\u01b0\u1ee3c \u0111\u01b0a ra th\u1ecb tr\u01b0\u1eddng.\u00a0<\/span><\/p>\n<p style=\"text-align: justify;\"><span style=\"font-size: 14px;\"><strong>R\u01b0\u1ee3u vang <\/strong>c\u00f3 m\u00e0u \u0111\u1ecf ruby \u0111\u1eadm. H\u01b0\u01a1ng th\u01a1m c\u1ee7a r\u01b0\u1ee3u l\u00e0 s\u1ef1 ph\u1ee9c h\u1ee3p phong ph\u00fa v\u1eeba l\u00e0 h\u01b0\u01a1ng hoa nh\u1eb9 nh\u00e0ng, v\u1eeba l\u00e0 h\u01b0\u01a1ng gia v\u1ecb m\u1ea1nh m\u1ebd. C\u1ea5u tr\u00fac r\u01b0\u1ee3u ch\u1eb7t ch\u1ebd c\u00f9ng h\u01b0\u01a1ng v\u1ecb t\u1ef1 nhi\u00ean mang \u0111\u1ebfn m\u1ed9t c\u1ea3m nh\u1eadn tuy\u1ec7t v\u1eddi. R\u01b0\u1ee3u c\u00f3 \u0111\u1ed9 c\u00e2n b\u1eb1ng t\u1ed1t, h\u00e0m l\u01b0\u1ee3ng axit v\u00e0 tannin kh\u00f4ng qu\u00e1 cao, h\u00e0i ho\u00e0 v\u00e0 c\u00f3 v\u1ecb ng\u1ecdt nh\u1eb9 nh\u00e0ng. H\u1eadu v\u1ecb t\u1ed1t, k\u00e9o d\u00e0i c\u00f9ng h\u01b0\u01a1ng cay n\u1ed3ng nh\u1eb9.\u00a0<\/span><\/p>\n","protected":false},"excerpt":{"rendered":"<p>Castello di QueRceto Romantic l\u00e0 chai r\u01b0\u1ee3u vang \u0111\u01b0\u1ee3c s\u1ea3n xu\u1ea5t t\u1ea1i v\u00f9ng Loculena, thu\u1ed9c khu v\u1ef1c Lena v\u00e0 n\u00f3 xu\u1ea5t ph\u00e1t t\u1eeb m\u1ed9t cu\u1ed9c k\u1ebft giao \u0111\u1eb7c bi\u1ec7t gi\u1eefa&#8230;<\/p>\n","protected":false},"featured_media":12944,"comment_status":"open","ping_status":"closed","template":"","meta":[],"product_brand":[],"product_cat":[1627],"product_tag":[1171,1417,1628,1256,1398,1490,1466],"class_list":{"0":"post-12943","1":"product","2":"type-product","3":"status-publish","4":"has-post-thumbnail","6":"product_cat-castello-di-querceto","7":"product_tag-750ml","8":"product_tag-merlot","9":"product_tag-petit-verdot","10":"product_tag-ruou-vang-do","11":"product_tag-ruou-vang-y","12":"product_tag-syrah","13":"product_tag-tuscany","14":"pa_dung-tich-750ml","15":"pa_giong-nho-merlot","16":"pa_giong-nho-petit-verdot","17":"pa_giong-nho-syrah","18":"pa_loai-vang-red-wine","19":"pa_nha-san-xuat-castello-di-querceto","20":"pa_quoc-gia-italy","21":"pa_vung-nho-tuscany","23":"first","24":"instock","25":"taxable","26":"shipping-taxable","27":"purchasable","28":"product-type-simple"},"_links":{"self":[{"href":"https:\/\/hedon.com.vn\/en\/wp-json\/wp\/v2\/product\/12943","targetHints":{"allow":["GET"]}}],"collection":[{"href":"https:\/\/hedon.com.vn\/en\/wp-json\/wp\/v2\/product"}],"about":[{"href":"https:\/\/hedon.com.vn\/en\/wp-json\/wp\/v2\/types\/product"}],"replies":[{"embeddable":true,"href":"https:\/\/hedon.com.vn\/en\/wp-json\/wp\/v2\/comments?post=12943"}],"wp:featuredmedia":[{"embeddable":true,"href":"https:\/\/hedon.com.vn\/en\/wp-json\/wp\/v2\/media\/12944"}],"wp:attachment":[{"href":"https:\/\/hedon.com.vn\/en\/wp-json\/wp\/v2\/media?parent=12943"}],"wp:term":[{"taxonomy":"product_brand","embeddable":true,"href":"https:\/\/hedon.com.vn\/en\/wp-json\/wp\/v2\/product_brand?post=12943"},{"taxonomy":"product_cat","embeddable":true,"href":"https:\/\/hedon.com.vn\/en\/wp-json\/wp\/v2\/product_cat?post=12943"},{"taxonomy":"product_tag","embeddable":true,"href":"https:\/\/hedon.com.vn\/en\/wp-json\/wp\/v2\/product_tag?post=12943"}],"curies":[{"name":"wp","href":"https:\/\/api.w.org\/{rel}","templated":true}]}}