{"id":13003,"date":"2022-11-22T16:33:50","date_gmt":"2022-11-22T09:33:50","guid":{"rendered":"https:\/\/hedon.com.vn\/san-pham\/ruou-vang-trang-g7-classico-sauvignon-blanc\/"},"modified":"2026-04-28T16:36:06","modified_gmt":"2026-04-28T09:36:06","slug":"ruou-vang-trang-g7-classico-sauvignon-blanc","status":"publish","type":"product","link":"https:\/\/hedon.com.vn\/en\/san-pham\/ruou-vang-trang-g7-classico-sauvignon-blanc\/","title":{"rendered":"R\u01b0\u1ee3u vang Chile G7 Classico Sauvignon Blanc"},"content":{"rendered":"<p>G7 Classico Sauvignon Blanc l\u00e0 m\u1ed9t chai r\u01b0\u1ee3u vang tr\u1eafng \u0111\u01b0\u1ee3c l\u00e0m t\u1eeb 100% nho Sauvignon Blanc, gi\u1ed1ng nho tr\u1eafng c\u00f3 ngu\u1ed3n g\u1ed1c t\u1eeb v\u00f9ng s\u1ea3n xu\u1ea5t r\u01b0\u1ee3u vang n\u1ed5i ti\u1ebfng c\u1ee7a n\u01b0\u1edbc Phap, Bordeaux. T\u1ea1i Chile, \u0111\u00e2y c\u0169ng l\u00e0 gi\u1ed1ng nho tr\u1eafng \u0111\u01b0\u1ee3c tr\u1ed3ng v\u1edbi di\u1ec7n t\u00edch l\u1edbn nh\u1ea5t v\u1edbi \u0111\u1eb7c tr\u01b0ng l\u00e0 s\u1ef1 t\u01b0\u01a1i t\u1eafn, s\u1ea3ng kho\u00e1i v\u00e0 \u0111\u1ea7y th\u00fa v\u1ecb.<\/p>\n<p>M\u00f9a v\u1ee5 thu ho\u1ea1ch th\u01b0\u1eddng di\u1ec5n ra v\u00e0o cu\u1ed1i th\u00e1ng 2. Nho \u0111\u01b0\u1ee3c b\u1ea3o quan l\u1ea1nh trong 8 gi\u1edd \u0111\u1ec3 gi\u1eef g\u00ecn h\u01b0\u01a1ng v\u1ecb t\u1ef1 nhi\u00ean nh\u1ea5t. Qu\u00e1 tr\u00ecnh l\u00ean men c\u00f3 s\u1ef1 tham gia c\u1ee7a n\u1ea5m men, \u1edf nhi\u1ec7t \u0111\u1ed9 12 &#8211; 16 \u0111\u1ed9 C.<\/p>\n<p>R\u01b0\u1ee3u vang c\u00f3 m\u00e0u v\u00e0ng r\u01a1m, trong s\u00e1ng v\u00e0 \u0111\u1eb9p m\u1eaft.\u00a0 H\u01b0\u01a1ng th\u01a1m c\u1ee7a r\u01b0\u1ee3u n\u1ed5i b\u1eadt v\u1edbi h\u01b0\u01a1ng qu\u1ea3 b\u01b0\u1edfi, cam qu\u00fdt, qu\u1ea3 chanh c\u00f9ng h\u01b0\u01a1ng t\u00e1o xanh. V\u1ecb r\u01b0\u1ee3u t\u01b0\u01a1i m\u00e1t c\u1ee7a tr\u00e1i c\u00e2y c\u00f9ng s\u1ef1 ph\u1ee9c h\u1ee3p h\u00e0i h\u00f2a mang \u0111\u1ebfn m\u1ed9t c\u1ea3m nh\u1eadn s\u1ea3ng kho\u00e1i, d\u1ec5 ch\u1ecbu.<\/p>\n<p>R\u01b0\u1ee3u vang u\u1ed1ng ngon nh\u1ea5t khi \u0111\u01b0\u1ee3c l\u00e0m l\u1ea1nh \u1edf nhi\u1ec7t \u0111\u1ed9 10 &#8211; 12 \u0111\u1ed9 C. V\u1edbi h\u01b0\u01a1ng v\u1ecb t\u01b0\u01a1i t\u1eafn, chai r\u01b0\u1ee3u vang s\u1ebd l\u00e0 s\u1ef1 k\u1ebft h\u1ee3p ho\u00e0n h\u1ea3o c\u00f9ng c\u00e1c m\u00f3n \u0103n t\u1eeb h\u1ea3i s\u1ea3n nh\u01b0 t\u00f4m h\u1ea5p, c\u00e1, m\u1ef1c, c\u00e1c m\u00f3n \u0103n t\u1eeb th\u1ecbt tr\u1eafng hay salad.<\/p>\n","protected":false},"excerpt":{"rendered":"<p>G7 Classico Sauvignon Blanc l\u00e0 m\u1ed9t chai r\u01b0\u1ee3u vang tr\u1eafng \u0111\u01b0\u1ee3c l\u00e0m t\u1eeb 100% nho Sauvignon Blanc, gi\u1ed1ng nho tr\u1eafng c\u00f3 ngu\u1ed3n g\u1ed1c t\u1eeb v\u00f9ng s\u1ea3n xu\u1ea5t r\u01b0\u1ee3u vang n\u1ed5i&#8230;<\/p>\n","protected":false},"featured_media":13004,"comment_status":"open","ping_status":"closed","template":"","meta":[],"product_brand":[],"product_cat":[1231],"product_tag":[1171,1538,1539,1436,1174,1175,1516],"class_list":{"0":"post-13003","1":"product","2":"type-product","3":"status-publish","4":"has-post-thumbnail","6":"product_cat-vina-del-pedregal","7":"product_tag-750ml","8":"product_tag-central-valley","9":"product_tag-maule-valley","10":"product_tag-ruou-vang-chile","11":"product_tag-ruou-vang-trang","12":"product_tag-sauvignon-blanc","13":"product_tag-vang-gia-tot","14":"pa_dung-tich-750ml","15":"pa_giong-nho-sauvignon-blanc","16":"pa_loai-vang-white-wine","17":"pa_nha-san-xuat-vina-del-pedregal","18":"pa_quoc-gia-chile","19":"pa_vung-nho-central-valley","20":"pa_vung-nho-maule-valley","22":"first","23":"instock","24":"taxable","25":"shipping-taxable","26":"purchasable","27":"product-type-simple"},"_links":{"self":[{"href":"https:\/\/hedon.com.vn\/en\/wp-json\/wp\/v2\/product\/13003","targetHints":{"allow":["GET"]}}],"collection":[{"href":"https:\/\/hedon.com.vn\/en\/wp-json\/wp\/v2\/product"}],"about":[{"href":"https:\/\/hedon.com.vn\/en\/wp-json\/wp\/v2\/types\/product"}],"replies":[{"embeddable":true,"href":"https:\/\/hedon.com.vn\/en\/wp-json\/wp\/v2\/comments?post=13003"}],"wp:featuredmedia":[{"embeddable":true,"href":"https:\/\/hedon.com.vn\/en\/wp-json\/wp\/v2\/media\/13004"}],"wp:attachment":[{"href":"https:\/\/hedon.com.vn\/en\/wp-json\/wp\/v2\/media?parent=13003"}],"wp:term":[{"taxonomy":"product_brand","embeddable":true,"href":"https:\/\/hedon.com.vn\/en\/wp-json\/wp\/v2\/product_brand?post=13003"},{"taxonomy":"product_cat","embeddable":true,"href":"https:\/\/hedon.com.vn\/en\/wp-json\/wp\/v2\/product_cat?post=13003"},{"taxonomy":"product_tag","embeddable":true,"href":"https:\/\/hedon.com.vn\/en\/wp-json\/wp\/v2\/product_tag?post=13003"}],"curies":[{"name":"wp","href":"https:\/\/api.w.org\/{rel}","templated":true}]}}