{"id":13058,"date":"2022-09-06T12:00:01","date_gmt":"2022-09-06T05:00:01","guid":{"rendered":"https:\/\/hedon.com.vn\/san-pham\/ruou-vang-los-vascos-sauvignon-blanc\/"},"modified":"2026-04-28T16:37:03","modified_gmt":"2026-04-28T09:37:03","slug":"ruou-vang-los-vascos-sauvignon-blanc","status":"publish","type":"product","link":"https:\/\/hedon.com.vn\/en\/san-pham\/ruou-vang-los-vascos-sauvignon-blanc\/","title":{"rendered":"R\u01b0\u1ee3u vang Chile Los Vascos Sauvignon Blanc"},"content":{"rendered":"<p style=\"text-align: justify;\"><span style=\"font-size: 14px;\">C\u00e1i t\u00ean <strong>Los Vascos<\/strong> \u0111\u1ec1 c\u1eadp \u0111\u1ebfn ngu\u1ed3n g\u1ed1c c\u1ee7a ng\u01b0\u1eddi ch\u1ee7 \u0111\u1ea7u ti\u00ean tr\u1ed3ng c\u00e2y nho \u1edf <strong>thung l\u0169ng Colchagua <\/strong>v\u00e0o kho\u1ea3ng nh\u1eefng n\u0103m 1750. <strong>DBR (Lafite)<\/strong> n\u1eafm quy\u1ec1n \u0111i\u1ec1u h\u00e0nh V\u0129na Los Vascos v\u00e0o n\u0103m 1988 v\u1edbi tham v\u1ecdng \u0111i \u0111\u1ea7u trong l\u0129nh v\u1ef1c s\u1ea3n xu\u1ea5t r\u01b0\u1ee3u vang h\u1ea3o h\u1ea1ng. R\u01b0\u1ee3u vang Los Vascos l\u00e0 s\u1ef1 pha tr\u1ed9n gi\u1eefa terroir \u0111\u1ed9c \u0111\u00e1o c\u1ee7a <strong>Chile <\/strong>v\u1edbi s\u1ef1 kh\u00e9o l\u00e9o c\u1ee7a <strong>DBR (Lafite).<\/strong><\/span><\/p>\n<p style=\"text-align: justify;\"><span style=\"font-size: 14px;\"><strong>Los Vascos Sauvignon Blanc<\/strong> \u0111\u01b0\u1ee3c l\u00e0m t\u1eeb nho mua theo h\u1ee3p \u0111\u1ed3ng d\u00e0i h\u1ea1n v\u1edbi ng\u01b0\u1eddi tr\u1ed3ng \u1edf <strong>Thung l\u0169ng Casablanca.<\/strong> T\u1ea5t c\u1ea3 c\u00e1c lo\u1ea1i r\u01b0\u1ee3u vang \u0111\u1ec1u mang \u0111\u1ebfn h\u01b0\u01a1ng v\u1ecb tr\u00e1i c\u00e2y r\u1ea5t tinh khi\u1ebft v\u00e0 s\u1ed1ng \u0111\u1ed9ng, s\u1ea3ng kho\u00e1i.<\/span><\/p>\n<p style=\"text-align: justify;\"><span style=\"font-size: 14px;\">R\u01b0\u1ee3u c\u00f3 m\u00e0u v\u00e0ng r\u01a1m, \u00e1nh xanh l\u00e1 c\u00e2y n\u1ed5i b\u1eadt, \u0111\u1eb7c tr\u01b0ng cho gi\u1ed1ng nho<strong> Sauvignon Blanc.<\/strong> H\u01b0\u01a1ng th\u01a1m c\u1ee7a r\u01b0\u1ee3u ph\u1ee9c h\u1ee3p t\u1eeb tr\u00e1i c\u00e2y t\u01b0\u01a1i m\u00e1t nh\u01b0 d\u01b0a, t\u00e1o xanh, d\u1ee9a, chanh, \u0111\u00f4i ch\u00fat nh\u1ea5n nh\u00e1 th\u00eam v\u1ecb cay nh\u1eb9, m\u00f9i h\u01b0\u01a1ng s\u1ea3. Tr\u00ean v\u00f2m mi\u1ec7ng, c\u1ea3m gi\u00e1c r\u01b0\u1ee3u mang l\u1ea1i l\u00e0 s\u1ef1 tr\u00f2n tr\u1ecba, \u0111\u1ea7y \u0111\u1eb7n, axit m\u1ea1nh m\u1ebd, g\u1ea7n nh\u01b0 kh\u00f4ng c\u00f3 v\u1ecb ng\u1ecdt . H\u1eadu v\u1ecb k\u00e9o d\u00e0i v\u1edbi v\u1ecb tr\u00e1i c\u00e2y s\u1ed1ng \u0111\u1ed9ng.<\/span><\/p>\n<p style=\"text-align: justify;\"><span style=\"font-size: 14px;\"><strong>R\u01b0\u1ee3u vang Domaines Barons de Rothschild (Lafite) Los Vascos Sauvignon Blanc <\/strong>ngon nh\u1ea5t khi \u0111\u01b0\u1ee3c l\u00e0 l\u1ea1nh \u1edf nhi\u1ec7t \u0111\u1ed9 10 &#8211; 12 \u0111\u1ed9 C v\u00e0 th\u01b0\u1edfng th\u1ee9c ngay khi m\u1edf n\u00fat. M\u00f3n \u0103n ho\u00e0n h\u1ea3o k\u1ebft h\u1ee3p c\u00f9ng chai r\u01b0\u1ee3u vang \u0111\u1ed9c \u0111\u00e1o n\u00e0y l\u00e0 c\u00e1c m\u00f3n \u0103n t\u1eeb h\u1ea3i s\u1ea3n, t\u00f4m h\u1ea5p, c\u00e1 n\u01b0\u1edbng, salad rau c\u1ee7 hay ph\u00f4 mai.\u00a0<\/span><\/p>\n","protected":false},"excerpt":{"rendered":"<p>C\u00e1i t\u00ean Los Vascos \u0111\u1ec1 c\u1eadp \u0111\u1ebfn ngu\u1ed3n g\u1ed1c c\u1ee7a ng\u01b0\u1eddi ch\u1ee7 \u0111\u1ea7u ti\u00ean tr\u1ed3ng c\u00e2y nho \u1edf thung l\u0169ng Colchagua v\u00e0o kho\u1ea3ng nh\u1eefng n\u0103m 1750. DBR (Lafite) n\u1eafm quy\u1ec1n&#8230;<\/p>\n","protected":false},"featured_media":13059,"comment_status":"open","ping_status":"closed","template":"","meta":[],"product_brand":[],"product_cat":[1370],"product_tag":[1171,1538,1635,1436,1174,1175],"class_list":{"0":"post-13058","1":"product","2":"type-product","3":"status-publish","4":"has-post-thumbnail","6":"product_cat-dbr-los-vascos-lafite","7":"product_tag-750ml","8":"product_tag-central-valley","9":"product_tag-colchagua-valley","10":"product_tag-ruou-vang-chile","11":"product_tag-ruou-vang-trang","12":"product_tag-sauvignon-blanc","13":"pa_dung-tich-750ml","14":"pa_giong-nho-sauvignon-blanc","15":"pa_loai-vang-white-wine","16":"pa_nha-san-xuat-dbr-los-vascos-lafite","17":"pa_quoc-gia-chile","18":"pa_vung-nho-central-valley","19":"pa_vung-nho-colchagua-valley","21":"first","22":"instock","23":"taxable","24":"shipping-taxable","25":"purchasable","26":"product-type-simple"},"_links":{"self":[{"href":"https:\/\/hedon.com.vn\/en\/wp-json\/wp\/v2\/product\/13058","targetHints":{"allow":["GET"]}}],"collection":[{"href":"https:\/\/hedon.com.vn\/en\/wp-json\/wp\/v2\/product"}],"about":[{"href":"https:\/\/hedon.com.vn\/en\/wp-json\/wp\/v2\/types\/product"}],"replies":[{"embeddable":true,"href":"https:\/\/hedon.com.vn\/en\/wp-json\/wp\/v2\/comments?post=13058"}],"wp:featuredmedia":[{"embeddable":true,"href":"https:\/\/hedon.com.vn\/en\/wp-json\/wp\/v2\/media\/13059"}],"wp:attachment":[{"href":"https:\/\/hedon.com.vn\/en\/wp-json\/wp\/v2\/media?parent=13058"}],"wp:term":[{"taxonomy":"product_brand","embeddable":true,"href":"https:\/\/hedon.com.vn\/en\/wp-json\/wp\/v2\/product_brand?post=13058"},{"taxonomy":"product_cat","embeddable":true,"href":"https:\/\/hedon.com.vn\/en\/wp-json\/wp\/v2\/product_cat?post=13058"},{"taxonomy":"product_tag","embeddable":true,"href":"https:\/\/hedon.com.vn\/en\/wp-json\/wp\/v2\/product_tag?post=13058"}],"curies":[{"name":"wp","href":"https:\/\/api.w.org\/{rel}","templated":true}]}}