{"id":13078,"date":"2022-09-06T11:59:36","date_gmt":"2022-09-06T04:59:36","guid":{"rendered":"https:\/\/hedon.com.vn\/san-pham\/ruou-vang-cote-mas-pezenas\/"},"modified":"2026-04-28T16:37:26","modified_gmt":"2026-04-28T09:37:26","slug":"ruou-vang-cote-mas-pezenas","status":"publish","type":"product","link":"https:\/\/hedon.com.vn\/en\/san-pham\/ruou-vang-cote-mas-pezenas\/","title":{"rendered":"R\u01b0\u1ee3u vang Ph\u00e1p Cote Mas Pezenas"},"content":{"rendered":"<p><strong>R\u01b0\u1ee3u vang C\u00f4t\u00e9 Mas P\u00e9zenas<\/strong> l\u00e0 vang \u0111\u1ecf \u0111\u1ebfn t\u1eeb P\u00e9zenas \u2013 m\u1ed9t ti\u1ec3u v\u00f9ng c\u00f3 ti\u1ebfng c\u1ee7a Languedoc, mi\u1ec1n Nam n\u01b0\u1edbc Ph\u00e1p. R\u01b0\u1ee3u th\u01b0\u1eddng l\u00e0 s\u1ef1 ph\u1ed1i tr\u1ed9n c\u00e1c gi\u1ed1ng nho \u0110\u1ecba Trung H\u1ea3i nh\u01b0 Syrah, Grenache, Mourv\u00e8dre v\u00e0 \u0111\u00f4i khi c\u00f3 Carignan, t\u1ea1o n\u00ean phong c\u00e1ch \u0111\u1eadm \u0111\u00e0, th\u01a1m gia v\u1ecb, d\u1ec5 gh\u00e9p m\u00f3n. Sau khi l\u00ean men, r\u01b0\u1ee3u \u0111\u01b0\u1ee3c ngh\u1ec9\/\u1ee7 trong g\u1ed7 s\u1ed3i Ph\u00e1p \u1edf m\u1ee9c v\u1eeba ph\u1ea3i \u0111\u1ec3 l\u00e0m m\u1ec1m tannin v\u00e0 th\u00eam l\u1edbp h\u01b0\u01a1ng vanilla \u2013 cacao \u2013 g\u1ed7 tuy\u1ebft t\u00f9ng, nh\u01b0ng v\u1eabn gi\u1eef s\u1ef1 tr\u00e1i ch\u00edn t\u01b0\u01a1i t\u1eafn.<\/p>\n<h2>Gi\u1edbi thi\u1ec7u v\u1ec1 nh\u00e0 s\u1ea3n xu\u1ea5t<\/h2>\n<p><strong>C\u00f4t\u00e9 Mas<\/strong> thu\u1ed9c h\u1ec7 sinh th\u00e1i <strong>Domaines Paul Mas<\/strong>, m\u1ed9t t\u00ean tu\u1ed5i l\u1edbn c\u1ee7a <strong>Languedoc<\/strong>. Nh\u00e0 theo \u0111u\u1ed5i tri\u1ebft l\u00fd \u201cluxury everyday\u201d \u2013 l\u00e0m vang c\u00f3 ch\u1ea5t l\u01b0\u1ee3ng \u1ed5n \u0111\u1ecbnh, gi\u00e1 tr\u1ecb t\u1ed1t, ph\u1ea3n \u00e1nh r\u00f5 b\u1ea3n s\u1eafc n\u1eafng gi\u00f3 \u0110\u1ecba Trung H\u1ea3i. \u0110i\u1ec3m n\u1ed5i b\u1eadt l\u00e0 nho tuy\u1ec3n ch\u1ecdn k\u1ef9, canh t\u00e1c b\u1ec1n v\u1eefng, d\u00f9ng g\u1ed7 s\u1ed3i ti\u1ebft ch\u1ebf \u0111\u1ec3 h\u01b0\u01a1ng v\u1ecb h\u00e0i h\u00f2a, d\u1ec5 u\u1ed1ng cho c\u1ea3 ng\u01b0\u1eddi m\u1edbi l\u00e0m quen v\u1edbi r\u01b0\u1ee3u vang.<\/p>\n<h2>Th\u00f4ng tin v\u1ec1 r\u01b0\u1ee3u vang C\u00f4t\u00e9 Mas P\u00e9zenas<\/h2>\n<ul>\n<li style=\"list-style-type: none;\">\n<ul>\n<li>Nh\u00e0 s\u1ea3n xu\u1ea5t: C\u00f4t\u00e9 Mas (Domaines Paul Mas)<\/li>\n<li>V\u00f9ng s\u1ea3n xu\u1ea5t: P\u00e9zenas \u2013 Languedoc, Ph\u00e1p<\/li>\n<li>Gi\u1ed1ng nho: Syrah, Grenache, Mourv\u00e8dre (c\u00f3 th\u1ec3 k\u00e8m Carignan, t\u00f9y ni\u00ean v\u1ee5)<\/li>\n<li>N\u1ed3ng \u0111\u1ed9 c\u1ed3n: ~14\u201314,5% ABV (dao \u0111\u1ed9ng theo ni\u00ean v\u1ee5)<\/li>\n<li>Th\u1ec3 t\u00edch: 750 mL<\/li>\n<\/ul>\n<\/li>\n<\/ul>\n<h2>H\u01b0\u01a1ng v\u1ecb c\u1ee7a r\u01b0\u1ee3u vang C\u00f4t\u00e9 Mas P\u00e9zenas<\/h2>\n<ul>\n<li style=\"list-style-type: none;\">\n<ul>\n<li>M\u00e0u s\u1eafc: \u0110\u1ecf ruby \u0111\u1eadm, \u00e1nh t\u00edm s\u1eabm.<\/li>\n<li>H\u01b0\u01a1ng: M\u1eadn \u0111en \u2013 anh \u0111\u00e0o \u0111en \u2013 m\u00e2m x\u00f4i, k\u00e8m ti\u00eau \u0111en, th\u1ea3o m\u1ed9c \u0110\u1ecba Trung H\u1ea3i (garrigue: h\u01b0\u01a1ng thymi, h\u01b0\u01a1ng th\u1ea3o), ch\u00fat \u00f4-liu \u0111en, cam th\u1ea3o; n\u1ec1n vanilla \u2013 cacao nh\u1eb9 t\u1eeb g\u1ed7 s\u1ed3i.<\/li>\n<li>V\u1ecb: \u0110\u1eadm v\u1eeba \u0111\u1ebfn \u0111\u1ea7y \u0111\u1eb7n, nhi\u1ec1u tr\u00e1i \u0111en ch\u00edn; acid v\u1eeba, tannin ch\u00edn m\u1ecbn b\u00e1m nh\u1eb9; l\u1edbp gia v\u1ecb \u1ea5m v\u00e0 g\u1ed7 tuy\u1ebft t\u00f9ng \u0111\u1ec7m sau; h\u1eadu v\u1ecb kh\u00e1 d\u00e0i, s\u1ea1ch, c\u00f3 \u0111i\u1ec3m th\u1ea3o m\u1ed9c \u2013 ti\u00eau d\u1ec5 ch\u1ecbu. Phong c\u00e1ch c\u00e2n b\u1eb1ng, d\u1ec5 u\u1ed1ng, h\u1ee3p c\u1ea3 ng\u01b0\u1eddi m\u1edbi l\u1eabn ng\u01b0\u1eddi \u0111\u00e3 quen vang \u0111\u1ecf mi\u1ec1n Nam Ph\u00e1p.<\/li>\n<li>K\u1ebft h\u1ee3p m\u00f3n \u0103n:\n<ul>\n<li>M\u00f3n ph\u00f9 h\u1ee3p: C\u1eebu n\u01b0\u1edbng th\u1ea3o m\u1ed9c, b\u00f2 n\u01b0\u1edbng\/BBQ, v\u1ecbt quay, x\u00fac x\u00edch\/charcuterie, cassoulet, pizza ki\u1ec3u \u0110\u1ecba Trung H\u1ea3i, ph\u00f4 mai ch\u00edn v\u1eeba.<\/li>\n<li>Nhi\u1ec7t \u0111\u1ed9 ph\u1ee5c v\u1ee5: 16\u201318 \u00b0C.<\/li>\n<li>Ch\u00fa \u00fd khi ph\u1ee5c v\u1ee5: M\u1edf tr\u01b0\u1edbc 20\u201330 ph\u00fat ho\u1eb7c decant ng\u1eafn \u0111\u1ec3 h\u01b0\u01a1ng v\u1ecb bung t\u1ecfa; d\u00f9ng ly Bordeaux ho\u1eb7c ly vang \u0111\u1ecf b\u1ee5ng l\u1edbn; c\u00f3 th\u1ec3 u\u1ed1ng ngay, ho\u1eb7c gi\u1eef 3\u20135 n\u0103m \u0111\u1ec3 r\u01b0\u1ee3u h\u00f2a quy\u1ec7n h\u01a1n.<\/li>\n<\/ul>\n<\/li>\n<\/ul>\n<\/li>\n<\/ul>\n","protected":false},"excerpt":{"rendered":"<p>R\u01b0\u1ee3u vang C\u00f4t\u00e9 Mas P\u00e9zenas l\u00e0 vang \u0111\u1ecf \u0111\u1ebfn t\u1eeb P\u00e9zenas \u2013 m\u1ed9t ti\u1ec3u v\u00f9ng c\u00f3 ti\u1ebfng c\u1ee7a Languedoc, mi\u1ec1n Nam n\u01b0\u1edbc Ph\u00e1p. R\u01b0\u1ee3u th\u01b0\u1eddng l\u00e0 s\u1ef1 ph\u1ed1i tr\u1ed9n c\u00e1c&#8230;<\/p>\n","protected":false},"featured_media":13079,"comment_status":"open","ping_status":"closed","template":"","meta":[],"product_brand":[],"product_cat":[1193],"product_tag":[1171,1592,1611,1518,1432,1488,1256,1404,1490],"class_list":{"0":"post-13078","1":"product","2":"type-product","3":"status-publish","4":"has-post-thumbnail","6":"product_cat-chateau-paul-mas","7":"product_tag-750ml","8":"product_tag-carignan","9":"product_tag-cinsault","10":"product_tag-grenache","11":"product_tag-languedoc-roussillon","12":"product_tag-mourvedre","13":"product_tag-ruou-vang-do","14":"product_tag-ruou-vang-phap","15":"product_tag-syrah","16":"pa_dung-tich-750ml","17":"pa_giong-nho-carignan","18":"pa_giong-nho-cinsault","19":"pa_giong-nho-grenache","20":"pa_giong-nho-mourvedre","21":"pa_giong-nho-syrah","22":"pa_loai-vang-red-wine","23":"pa_nha-san-xuat-chateau-paul-mas","24":"pa_quoc-gia-france","25":"pa_vung-nho-languedoc-roussillon","27":"first","28":"instock","29":"sale","30":"featured","31":"taxable","32":"shipping-taxable","33":"purchasable","34":"product-type-simple"},"_links":{"self":[{"href":"https:\/\/hedon.com.vn\/en\/wp-json\/wp\/v2\/product\/13078","targetHints":{"allow":["GET"]}}],"collection":[{"href":"https:\/\/hedon.com.vn\/en\/wp-json\/wp\/v2\/product"}],"about":[{"href":"https:\/\/hedon.com.vn\/en\/wp-json\/wp\/v2\/types\/product"}],"replies":[{"embeddable":true,"href":"https:\/\/hedon.com.vn\/en\/wp-json\/wp\/v2\/comments?post=13078"}],"wp:featuredmedia":[{"embeddable":true,"href":"https:\/\/hedon.com.vn\/en\/wp-json\/wp\/v2\/media\/13079"}],"wp:attachment":[{"href":"https:\/\/hedon.com.vn\/en\/wp-json\/wp\/v2\/media?parent=13078"}],"wp:term":[{"taxonomy":"product_brand","embeddable":true,"href":"https:\/\/hedon.com.vn\/en\/wp-json\/wp\/v2\/product_brand?post=13078"},{"taxonomy":"product_cat","embeddable":true,"href":"https:\/\/hedon.com.vn\/en\/wp-json\/wp\/v2\/product_cat?post=13078"},{"taxonomy":"product_tag","embeddable":true,"href":"https:\/\/hedon.com.vn\/en\/wp-json\/wp\/v2\/product_tag?post=13078"}],"curies":[{"name":"wp","href":"https:\/\/api.w.org\/{rel}","templated":true}]}}