{"id":13092,"date":"2024-09-24T16:22:12","date_gmt":"2024-09-24T09:22:12","guid":{"rendered":"https:\/\/hedon.com.vn\/san-pham\/ruou-vang-y-paolini-volare-pinot-grigio-white-wine\/"},"modified":"2024-09-24T16:22:12","modified_gmt":"2024-09-24T09:22:12","slug":"ruou-vang-y-paolini-volare-pinot-grigio-white-wine","status":"publish","type":"product","link":"https:\/\/hedon.com.vn\/en\/san-pham\/ruou-vang-y-paolini-volare-pinot-grigio-white-wine\/","title":{"rendered":"R\u01b0\u1ee3u vang \u00dd Paolini Volare Pinot Grigio"},"content":{"rendered":"<p><strong>R\u01b0\u1ee3u vang \u00dd Paolini Volare Pinot Grigio<\/strong> l\u00e0 vang tr\u1eafng t\u01b0\u01a1i m\u00e1t &#8211; d\u1ec5 u\u1ed1ng \u0111\u1ebfn t\u1eeb Sicily (\u00dd). L\u00e0m t\u1eeb Pinot Grigio 100%, nho \u0111\u01b0\u1ee3c \u00e9p nh\u1eb9 r\u1ed3i l\u00ean men l\u1ea1nh trong th\u00e9p kh\u00f4ng g\u1ec9 \u0111\u1ec3 gi\u1eef h\u01b0\u01a1ng tr\u00e1i c\u00e2y trong tr\u1ebbo. Phong c\u00e1ch t\u1ed5ng th\u1ec3: kh\u00f4 &#8211; gi\u00f2n &#8211; s\u1ea1ch, n\u1ed5i b\u1eadt citrus &#8211; l\u00ea &#8211; t\u00e1o xanh, tho\u00e1ng h\u1ea1nh nh\u00e2n v\u00e0 ch\u00fat kho\u00e1ng m\u1eb1n gi\u00f3 bi\u1ec3n r\u1ea5t Sicily.<\/p>\n<h2>Gi\u1edbi thi\u1ec7u v\u1ec1 nh\u00e0 s\u1ea3n xu\u1ea5t<\/h2>\n<p><strong>Cantine Paolini<\/strong> l\u00e0 h\u1ee3p t\u00e1c x\u00e3 r\u01b0\u1ee3u vang l\u1edbn c\u1ee7a Sicily, ch\u00fa tr\u1ecdng t\u00ednh t\u01b0\u01a1i &#8211; \u1ed5n \u0111\u1ecbnh &#8211; d\u1ec5 gh\u00e9p m\u00f3n. Tri\u1ebft l\u00fd l\u00e0m r\u01b0\u1ee3u \u01b0u ti\u00ean nho ch\u00edn l\u00e0nh m\u1ea1nh, vinification g\u1ecdn s\u1ea1ch, v\u00e0 kh\u00f4ng l\u1ea1m d\u1ee5ng g\u1ed7 s\u1ed3i \u0111\u1ec3 t\u00f4n vinh h\u01b0\u01a1ng v\u1ecb t\u1ef1 nhi\u00ean, trong tr\u1ebbo c\u1ee7a Pinot Grigio.<\/p>\n<h2>Th\u00f4ng tin v\u1ec1 r\u01b0\u1ee3u vang Paolini Volare Pinot Grigio<\/h2>\n<ul>\n<li style=\"list-style-type: none;\">\n<ul>\n<li>Nh\u00e0 s\u1ea3n xu\u1ea5t: Cantine Paolini<\/li>\n<li>V\u00f9ng s\u1ea3n xu\u1ea5t: Terre Siciliane IGT, Sicily &#8211; \u00dd<\/li>\n<li>Gi\u1ed1ng nho: Pinot Grigio 100%<\/li>\n<li>Lo\u1ea1i vang: Vang tr\u1eafng<\/li>\n<li>Ni\u00ean v\u1ee5: Nhi\u1ec1u ni\u00ean v\u1ee5 (Various vintages)<\/li>\n<li>N\u1ed3ng \u0111\u1ed9 c\u1ed3n: 12% ABV<\/li>\n<li>Th\u1ec3 t\u00edch: 750 mL<\/li>\n<\/ul>\n<\/li>\n<\/ul>\n<h2>H\u01b0\u01a1ng v\u1ecb c\u1ee7a r\u01b0\u1ee3u vang Paolini Volare Pinot Grigio<\/h2>\n<ul>\n<li style=\"list-style-type: none;\">\n<ul>\n<li>M\u00e0u s\u1eafc: V\u00e0ng r\u01a1m r\u1ea5t nh\u1ea1t \u00e1nh l\u1ee5c.<\/li>\n<li>H\u01b0\u01a1ng: Chanh &#8211; b\u01b0\u1edfi &#8211; chanh xanh, l\u00ea &#8211; t\u00e1o xanh, thoang tho\u1ea3ng hoa tr\u1eafng v\u00e0 \u0111i\u1ec3m h\u1ea1nh nh\u00e2n s\u1ed1ng.<\/li>\n<li>V\u1ecb: Kh\u00f4 &#8211; t\u01b0\u01a1i m\u00e1t, acid gi\u00f2n l\u00e0m r\u01b0\u1ee3u s\u1ea3ng kho\u00e1i; v\u1ecb citrus \u0111an c\u00f9ng l\u00ea\/t\u00e1o, ch\u1ea5t r\u01b0\u1ee3u nh\u1eb9 \u0111\u1ebfn trung b\u00ecnh, m\u01b0\u1ee3t; h\u1eadu v\u1ecb s\u1ea1ch g\u1ee3i v\u1ecf chanh &#8211; h\u1ea1nh nh\u00e2n v\u00e0 kho\u00e1ng m\u1eb1n \u0111\u1eb7c tr\u01b0ng \u0111\u1ea3o. T\u1ed5ng th\u1ec3 r\u1ea5t d\u1ec5 u\u1ed1ng, h\u1ee3p nhi\u1ec1u d\u1ecbp.<\/li>\n<\/ul>\n<\/li>\n<\/ul>\n<h2>K\u1ebft h\u1ee3p m\u00f3n \u0103n:<\/h2>\n<ul>\n<li style=\"list-style-type: none;\">\n<ul>\n<li>M\u00f3n ph\u00f9 h\u1ee3p: H\u1ea3i s\u1ea3n (t\u00f4m, m\u1ef1c, ngh\u00eau, c\u00e1 tr\u1eafng h\u1ea5p\/n\u01b0\u1edbng), sushi\/sashimi, salad d\u1ea7u gi\u1ea5m\/citrus, pasta h\u1ea3i s\u1ea3n, m\u00f3n \u00c1 chua &#8211; m\u1eb7n &#8211; cay nh\u1eb9.<\/li>\n<li>Nhi\u1ec7t \u0111\u1ed9 ph\u1ee5c v\u1ee5: 8 &#8211; 10 \u00b0C (\u01b0\u1edbp m\u00e1t tr\u01b0\u1edbc khi r\u00f3t).<\/li>\n<li>Ch\u00fa \u00fd khi ph\u1ee5c v\u1ee5: Kh\u00f4ng c\u1ea7n decant; d\u00f9ng ly vang tr\u1eafng mi\u1ec7ng h\u1eb9p \u0111\u1ec3 gom h\u01b0\u01a1ng; tr\u00e1nh \u01b0\u1edbp qu\u00e1 l\u1ea1nh &lt;6 \u00b0C v\u00ec s\u1ebd \u201ckh\u00f3a\u201d h\u01b0\u01a1ng. U\u1ed1ng ngon trong 1 &#8211; 2 n\u0103m t\u1eeb ng\u00e0y mua \u0111\u1ec3 gi\u1eef \u0111\u1ed9 t\u01b0\u01a1i.<\/li>\n<\/ul>\n<\/li>\n<\/ul>\n","protected":false},"excerpt":{"rendered":"<p>R\u01b0\u1ee3u vang \u00dd Paolini Volare Pinot Grigio l\u00e0 vang tr\u1eafng t\u01b0\u01a1i m\u00e1t &#8211; d\u1ec5 u\u1ed1ng \u0111\u1ebfn t\u1eeb Sicily (\u00dd). L\u00e0m t\u1eeb Pinot Grigio 100%, nho \u0111\u01b0\u1ee3c \u00e9p nh\u1eb9 r\u1ed3i l\u00ean&#8230;<\/p>\n","protected":false},"featured_media":13094,"comment_status":"open","ping_status":"closed","template":"","meta":[],"product_brand":[],"product_cat":[1648],"product_tag":[1171,1573,1174,1398,1649,1516],"class_list":{"0":"post-13092","1":"product","2":"type-product","3":"status-publish","4":"has-post-thumbnail","6":"product_cat-cantine-paolini","7":"product_tag-750ml","8":"product_tag-pinot-grigio","9":"product_tag-ruou-vang-trang","10":"product_tag-ruou-vang-y","11":"product_tag-sicily","12":"product_tag-vang-gia-tot","13":"pa_dung-tich-750ml","14":"pa_giong-nho-pinot-grigio","15":"pa_loai-vang-white-wine","16":"pa_nha-san-xuat-cantine-paolini","17":"pa_quoc-gia-italy","18":"pa_vung-nho-sicily","20":"first","21":"instock","22":"taxable","23":"shipping-taxable","24":"purchasable","25":"product-type-simple"},"_links":{"self":[{"href":"https:\/\/hedon.com.vn\/en\/wp-json\/wp\/v2\/product\/13092","targetHints":{"allow":["GET"]}}],"collection":[{"href":"https:\/\/hedon.com.vn\/en\/wp-json\/wp\/v2\/product"}],"about":[{"href":"https:\/\/hedon.com.vn\/en\/wp-json\/wp\/v2\/types\/product"}],"replies":[{"embeddable":true,"href":"https:\/\/hedon.com.vn\/en\/wp-json\/wp\/v2\/comments?post=13092"}],"wp:featuredmedia":[{"embeddable":true,"href":"https:\/\/hedon.com.vn\/en\/wp-json\/wp\/v2\/media\/13094"}],"wp:attachment":[{"href":"https:\/\/hedon.com.vn\/en\/wp-json\/wp\/v2\/media?parent=13092"}],"wp:term":[{"taxonomy":"product_brand","embeddable":true,"href":"https:\/\/hedon.com.vn\/en\/wp-json\/wp\/v2\/product_brand?post=13092"},{"taxonomy":"product_cat","embeddable":true,"href":"https:\/\/hedon.com.vn\/en\/wp-json\/wp\/v2\/product_cat?post=13092"},{"taxonomy":"product_tag","embeddable":true,"href":"https:\/\/hedon.com.vn\/en\/wp-json\/wp\/v2\/product_tag?post=13092"}],"curies":[{"name":"wp","href":"https:\/\/api.w.org\/{rel}","templated":true}]}}