{"id":13095,"date":"2024-09-24T16:22:12","date_gmt":"2024-09-24T09:22:12","guid":{"rendered":"https:\/\/hedon.com.vn\/san-pham\/ruou-vang-y-paolini-volare-merlot-red-wine\/"},"modified":"2024-09-24T16:22:12","modified_gmt":"2024-09-24T09:22:12","slug":"ruou-vang-y-paolini-volare-merlot-red-wine","status":"publish","type":"product","link":"https:\/\/hedon.com.vn\/en\/san-pham\/ruou-vang-y-paolini-volare-merlot-red-wine\/","title":{"rendered":"R\u01b0\u1ee3u vang \u00dd Paolini Volare Merlot"},"content":{"rendered":"<p>Cantine Paolini, \u0111\u01b0\u1ee3c th\u00e0nh l\u1eadp v\u00e0o n\u0103m 1964 t\u1ea1i Marsala, Sicily, b\u1eaft \u0111\u1ea7u v\u1edbi m\u1ed9t nh\u00f3m c\u00e1c nh\u00e0 s\u1ea3n xu\u1ea5t r\u01b0\u1ee3u chung ch\u00ed h\u01b0\u1edbng, h\u1ecd t\u1eadn t\u00e2m n\u00e2ng cao ch\u1ea5t l\u01b0\u1ee3ng v\u00f9ng th\u1ed5 nh\u01b0\u1ee1ng c\u0169ng nh\u01b0 qu\u00e1 tr\u00ecnh s\u1ea3n xu\u1ea5t nho. V\u1ee5 thu ho\u1ea1ch \u0111\u1ea7u ti\u00ean c\u1ee7a h\u1ecd v\u00e0o n\u0103m 1972 l\u00e0 c\u1ed9t m\u1ed9c \u0111\u1ea7u ti\u00ean trong qu\u00e1 tr\u00ecnh l\u1edbn m\u1ea1nh c\u1ee7a Paolini, \u0111\u01b0\u1ee3c th\u00f4i th\u00fac b\u1edfi \u0111am m\u00ea v\u00e0 s\u1ef1 c\u1ed1ng hi\u1ebfn kh\u00f4ng ng\u1eebng ngh\u1ec9 c\u1ee7a c\u00e1c th\u00e0nh vi\u00ean. Ng\u00e0y nay, Cantine Paolini c\u00f3 h\u01a1n 1.000 nh\u00e2n vi\u00ean chuy\u00ean s\u1ea3n xu\u1ea5t r\u01b0\u1ee3u vang ch\u1ea5t l\u01b0\u1ee3ng cao. \u0110i\u1ec1u n\u00e0y \u0111\u1ea1t \u0111\u01b0\u1ee3c th\u00f4ng qua vi\u1ec7c l\u1ef1a ch\u1ecdn s\u1ea3n ph\u1ea9m nghi\u00eam ng\u1eb7t t\u1eeb c\u00e1c v\u01b0\u1eddn nho th\u00e0nh vi\u00ean t\u1eeb c\u00e1c khu v\u1ef1c c\u00f3 kh\u00ed h\u1eadu v\u00f4 c\u00f9ng thu\u1eadn l\u1ee3i<\/p>\n<p>Chai <a href=\"https:\/\/hedon.com.vn\/danh-muc\/ruou-vang-y\/\" target=\"_blank\" rel=\"noopener\"><strong>r\u01b0\u1ee3u vang \u00dd<\/strong><\/a> n\u00e0y c\u00f3 m\u00e0u \u0111\u1ecf h\u1ed3ng ng\u1ecdc \u0111\u1eadm, t\u1ecfa h\u01b0\u01a1ng th\u01a1m anh \u0111\u00e0o m\u00e3nh li\u1ec7t c\u00f9ng d\u00e2u d\u1ea1i, nam vi\u1ec7t qu\u1ea5t v\u00e0 m\u00e2m x\u00f4i. C\u1ea5u tr\u00fac axit c\u00e2n b\u1eb1ng trong v\u00f2m mi\u1ec7ng, v\u1edbi tannin m\u1ec1m, h\u1eadu v\u1ecb d\u00e0i, r\u1ea5t \u0111\u1eb7c tr\u01b0ng c\u1ee7a r\u01b0\u1ee3u Sicily.<\/p>\n<p>Th\u01b0\u1edfng th\u1ee9c r\u01b0\u1ee3u vang \u1edf nhi\u1ec7t \u0111\u1ed9 16 \u2013 17\u00b0C c\u00f9ng c\u00e1c m\u00f3n \u0103n t\u1eeb b\u00e1nh m\u00ec th\u1ecbt, th\u1ecbt th\u00fa, th\u1ecbt \u0111\u1ecf n\u01b0\u1edbng, th\u1ecbt b\u00f2 v\u00e0 ph\u00f4 mai.<\/p>\n<p>Gi\u1ed1ng nho: Merlot<br \/>\nQu\u1ed1c gia: \u00dd<br \/>\nV\u00f9ng: Sicily<br \/>\nNh\u00e0 s\u1ea3n xu\u1ea5t: Cantine Paolini<br \/>\nLo\u1ea1i vang: Vang \u0111\u1ecf<br \/>\nN\u1ed3ng \u0111\u1ed9: 14%<br \/>\nNi\u00ean v\u1ee5: N\/A<br \/>\nDung t\u00edch: 750ml<\/p>\n","protected":false},"excerpt":{"rendered":"<p>Cantine Paolini, \u0111\u01b0\u1ee3c th\u00e0nh l\u1eadp v\u00e0o n\u0103m 1964 t\u1ea1i Marsala, Sicily, b\u1eaft \u0111\u1ea7u v\u1edbi m\u1ed9t nh\u00f3m c\u00e1c nh\u00e0 s\u1ea3n xu\u1ea5t r\u01b0\u1ee3u chung ch\u00ed h\u01b0\u1edbng, h\u1ecd t\u1eadn t\u00e2m n\u00e2ng cao ch\u1ea5t&#8230;<\/p>\n","protected":false},"featured_media":13093,"comment_status":"open","ping_status":"closed","template":"","meta":[],"product_brand":[],"product_cat":[1648],"product_tag":[1171,1417,1256,1398,1649,1516],"class_list":{"0":"post-13095","1":"product","2":"type-product","3":"status-publish","4":"has-post-thumbnail","6":"product_cat-cantine-paolini","7":"product_tag-750ml","8":"product_tag-merlot","9":"product_tag-ruou-vang-do","10":"product_tag-ruou-vang-y","11":"product_tag-sicily","12":"product_tag-vang-gia-tot","13":"pa_dung-tich-750ml","14":"pa_giong-nho-merlot","15":"pa_loai-vang-red-wine","16":"pa_nha-san-xuat-cantine-paolini","17":"pa_quoc-gia-italy","18":"pa_vung-nho-sicily","20":"first","21":"instock","22":"taxable","23":"shipping-taxable","24":"purchasable","25":"product-type-simple"},"_links":{"self":[{"href":"https:\/\/hedon.com.vn\/en\/wp-json\/wp\/v2\/product\/13095","targetHints":{"allow":["GET"]}}],"collection":[{"href":"https:\/\/hedon.com.vn\/en\/wp-json\/wp\/v2\/product"}],"about":[{"href":"https:\/\/hedon.com.vn\/en\/wp-json\/wp\/v2\/types\/product"}],"replies":[{"embeddable":true,"href":"https:\/\/hedon.com.vn\/en\/wp-json\/wp\/v2\/comments?post=13095"}],"wp:featuredmedia":[{"embeddable":true,"href":"https:\/\/hedon.com.vn\/en\/wp-json\/wp\/v2\/media\/13093"}],"wp:attachment":[{"href":"https:\/\/hedon.com.vn\/en\/wp-json\/wp\/v2\/media?parent=13095"}],"wp:term":[{"taxonomy":"product_brand","embeddable":true,"href":"https:\/\/hedon.com.vn\/en\/wp-json\/wp\/v2\/product_brand?post=13095"},{"taxonomy":"product_cat","embeddable":true,"href":"https:\/\/hedon.com.vn\/en\/wp-json\/wp\/v2\/product_cat?post=13095"},{"taxonomy":"product_tag","embeddable":true,"href":"https:\/\/hedon.com.vn\/en\/wp-json\/wp\/v2\/product_tag?post=13095"}],"curies":[{"name":"wp","href":"https:\/\/api.w.org\/{rel}","templated":true}]}}