{"id":13096,"date":"2024-09-24T16:22:12","date_gmt":"2024-09-24T09:22:12","guid":{"rendered":"https:\/\/hedon.com.vn\/san-pham\/ruou-vang-y-paolini-volare-nero-davola-red-wine\/"},"modified":"2024-09-24T16:22:12","modified_gmt":"2024-09-24T09:22:12","slug":"ruou-vang-y-paolini-volare-nero-davola-red-wine","status":"publish","type":"product","link":"https:\/\/hedon.com.vn\/en\/san-pham\/ruou-vang-y-paolini-volare-nero-davola-red-wine\/","title":{"rendered":"R\u01b0\u1ee3u vang \u00dd Paolini Volare Nero D&#8217;Avola"},"content":{"rendered":"<p>R\u01b0\u1ee3u vang \u00dd Cantine Paolini Volare Nero d\u2019Avola n\u1ed5i b\u1eadt tr\u00ean b\u00e0n ti\u1ec7c v\u1edbi m\u00e0u \u0111\u1ecf ruby \u0111\u1eadm v\u00e0 h\u01b0\u01a1ng th\u01a1m ph\u1ee9c h\u1ee3p c\u1ee7a tr\u00e1i c\u00e2y ch\u00edn m\u1ecdng nh\u01b0 anh \u0111\u00e0o, m\u1eadn c\u00f9ng h\u01b0\u01a1ng gia v\u1ecb cay \u1ea5m. Khi th\u01b0\u1edfng th\u1ee9c, r\u01b0\u1ee3u mang l\u1ea1i c\u1ea3m gi\u00e1c m\u01b0\u1ee3t m\u00e0, v\u1ecb ch\u00e1t nh\u1eb9 nh\u00e0ng, h\u1eadu v\u1ecb k\u00e9o d\u00e0i v\u1edbi n\u1ed1t h\u01b0\u01a1ng tr\u00e1i c\u00e2y \u0111\u1ecf, thu\u1ed1c l\u00e1 v\u00e0 ca cao.<\/p>\n<p>\u0110\u00e2y l\u00e0 l\u1ef1a ch\u1ecdn xu\u1ea5t s\u1eafc trong t\u1ea7m gi\u00e1, ph\u00f9 h\u1ee3p cho c\u00e1c b\u1eefa ti\u1ec7c ti\u1ebfp \u0111\u00f3n \u0111\u1ed1i t\u00e1c ho\u1eb7c d\u1ecbp \u1ea5m c\u00fang b\u00ean ng\u01b0\u1eddi th\u00e2n y\u00eau.\u00a0Th\u01b0\u1edfng th\u1ee9c r\u01b0\u1ee3u vang \u1edf nhi\u1ec7t \u0111\u1ed9 16 \u2013 17\u00b0C c\u00f9ng c\u00e1c m\u00f3n \u0103n t\u1eeb b\u00e1nh m\u00ec th\u1ecbt, th\u1ecbt th\u00fa, th\u1ecbt \u0111\u1ecf n\u01b0\u1edbng, th\u1ecbt b\u00f2 v\u00e0 ph\u00f4 mai.<\/p>\n<p>Gi\u1ed1ng nho: Nero D&#8217;Avola<br \/>\nQu\u1ed1c gia: \u00dd<br \/>\nV\u00f9ng: Sicily<br \/>\nNh\u00e0 s\u1ea3n xu\u1ea5t: Cantine Paolini<br \/>\nLo\u1ea1i vang: Vang \u0111\u1ecf<br \/>\nN\u1ed3ng \u0111\u1ed9: 13%<br \/>\nNi\u00ean v\u1ee5: N\/A<br \/>\nDung t\u00edch: 750ml<\/p>\n","protected":false},"excerpt":{"rendered":"<p>R\u01b0\u1ee3u vang \u00dd Cantine Paolini Volare Nero d\u2019Avola n\u1ed5i b\u1eadt tr\u00ean b\u00e0n ti\u1ec7c v\u1edbi m\u00e0u \u0111\u1ecf ruby \u0111\u1eadm v\u00e0 h\u01b0\u01a1ng th\u01a1m ph\u1ee9c h\u1ee3p c\u1ee7a tr\u00e1i c\u00e2y ch\u00edn m\u1ecdng nh\u01b0 anh&#8230;<\/p>\n","protected":false},"featured_media":13097,"comment_status":"open","ping_status":"closed","template":"","meta":[],"product_brand":[],"product_cat":[1648],"product_tag":[1171,1454,1256,1398,1649,1516],"class_list":{"0":"post-13096","1":"product","2":"type-product","3":"status-publish","4":"has-post-thumbnail","6":"product_cat-cantine-paolini","7":"product_tag-750ml","8":"product_tag-blend","9":"product_tag-ruou-vang-do","10":"product_tag-ruou-vang-y","11":"product_tag-sicily","12":"product_tag-vang-gia-tot","13":"pa_dung-tich-750ml","14":"pa_giong-nho-blend","15":"pa_loai-vang-red-wine","16":"pa_nha-san-xuat-cantine-paolini","17":"pa_quoc-gia-italy","18":"pa_vung-nho-sicily","20":"first","21":"instock","22":"taxable","23":"shipping-taxable","24":"purchasable","25":"product-type-simple"},"_links":{"self":[{"href":"https:\/\/hedon.com.vn\/en\/wp-json\/wp\/v2\/product\/13096","targetHints":{"allow":["GET"]}}],"collection":[{"href":"https:\/\/hedon.com.vn\/en\/wp-json\/wp\/v2\/product"}],"about":[{"href":"https:\/\/hedon.com.vn\/en\/wp-json\/wp\/v2\/types\/product"}],"replies":[{"embeddable":true,"href":"https:\/\/hedon.com.vn\/en\/wp-json\/wp\/v2\/comments?post=13096"}],"wp:featuredmedia":[{"embeddable":true,"href":"https:\/\/hedon.com.vn\/en\/wp-json\/wp\/v2\/media\/13097"}],"wp:attachment":[{"href":"https:\/\/hedon.com.vn\/en\/wp-json\/wp\/v2\/media?parent=13096"}],"wp:term":[{"taxonomy":"product_brand","embeddable":true,"href":"https:\/\/hedon.com.vn\/en\/wp-json\/wp\/v2\/product_brand?post=13096"},{"taxonomy":"product_cat","embeddable":true,"href":"https:\/\/hedon.com.vn\/en\/wp-json\/wp\/v2\/product_cat?post=13096"},{"taxonomy":"product_tag","embeddable":true,"href":"https:\/\/hedon.com.vn\/en\/wp-json\/wp\/v2\/product_tag?post=13096"}],"curies":[{"name":"wp","href":"https:\/\/api.w.org\/{rel}","templated":true}]}}