{"id":13124,"date":"2024-08-27T16:38:34","date_gmt":"2024-08-27T09:38:34","guid":{"rendered":"https:\/\/hedon.com.vn\/san-pham\/ruou-vang-phap-domaine-comte-senard-chorey-les-beaune-les-champs-longs\/"},"modified":"2024-08-27T16:38:34","modified_gmt":"2024-08-27T09:38:34","slug":"ruou-vang-phap-domaine-comte-senard-chorey-les-beaune-les-champs-longs","status":"publish","type":"product","link":"https:\/\/hedon.com.vn\/en\/san-pham\/ruou-vang-phap-domaine-comte-senard-chorey-les-beaune-les-champs-longs\/","title":{"rendered":"R\u01b0\u1ee3u vang Ph\u00e1p Domaine Comte Senard Chorey les Beaune &#8211; &#8216;Les Champs Longs&#8217;"},"content":{"rendered":"<p>R\u01b0\u1ee3u vang Ph\u00e1p Chorey les Beaune &#8211; Les Champs Longs c\u00f3 m\u00e0u h\u1ed3ng ng\u1ecdc s\u00e1ng, t\u1ecfa h\u01b0\u01a1ng th\u01a1m n\u1ed3ng c\u1ee7a tr\u00e1i c\u00e2y \u0111\u1ecf v\u00e0 \u0111en nh\u01b0 anh \u0111\u00e0o, d\u00e2u \u0111\u1ecf, m\u1eadn \u0111en. Trong v\u00f2m mi\u1ec7ng, r\u01b0\u1ee3u \u0111\u1eadm \u0111\u00e0 v\u1edbi tannin m\u1ec1m m\u1ea1i, c\u00e2n b\u1eb1ng.<\/p>\n<h2>R\u01b0\u1ee3u vang Ph\u00e1p Chorey les Beaune &#8211; Les Champs Longs \u0111\u01b0\u1ee3c s\u1ea3n xu\u1ea5t th\u1ebf n\u00e0o?<\/h2>\n<p>Chai <a href=\"https:\/\/hedon.com.vn\/en\/vung-nho\/burgundy\/\"><strong>r\u01b0\u1ee3u vang Bourgougne<\/strong><\/a> n\u00e0y \u0111\u01b0\u1ee3c l\u00e0m t\u1eeb 100% Pinot Noir. Nho \u0111\u01b0\u1ee3c ph\u00e2n lo\u1ea1i t\u1ea1i khu s\u1ea3n xu\u1ea5t r\u01b0\u1ee3u c\u1ee7a <a href=\"https:\/\/domainesenard.com\/en\/\" target=\"_blank\" rel=\"noopener\"><strong>nh\u00e0 s\u1ea3n xu\u1ea5t r\u01b0\u1ee3u vang Domaine Comte Senard<\/strong><\/a>, sau \u0111\u00f3 \u0111\u01b0\u1ee3c ng\u00e2m l\u1ea1nh t\u1eeb 1-3 ng\u00e0y. Qu\u00e1 tr\u00ecnh l\u00ean men di\u1ec5n ra 2 \u0111\u1ebfn 3 tu\u1ea7n v\u1edbi men t\u1ef1 nhi\u00ean. R\u01b0\u1ee3u \u0111\u01b0\u1ee3c \u0111\u1ec3 th\u00e0nh tr\u01b0\u1edfng trong th\u00f9ng s\u1ed3i 14 th\u00e1ng (trong \u0111\u00f3 c\u00f3 50% l\u00e0 th\u00f9ng m\u1edbi).<\/p>\n<h2>R\u01b0\u1ee3u vang Ph\u00e1p Chorey les Beaune &#8211; Les Champs Longs c\u00f3 h\u01b0\u01a1ng v\u1ecb ra sao?<\/h2>\n<p>\u0110\u00e2y l\u00e0 chai <a href=\"https:\/\/hedon.com.vn\/danh-muc\/ruou-vang-phap\/\"><strong>r\u01b0\u1ee3u vang Ph\u00e1p<\/strong><\/a> mang m\u00e0u h\u1ed3ng ng\u1ecdc s\u00e1ng, t\u1ecfa h\u01b0\u01a1ng th\u01a1m n\u1ed3ng c\u1ee7a tr\u00e1i c\u00e2y \u0111\u1ecf v\u00e0 \u0111en nh\u01b0 anh \u0111\u00e0o, d\u00e2u \u0111\u1ecf, m\u1eadn \u0111en. Trong v\u00f2m mi\u1ec7ng, r\u01b0\u1ee3u \u0111\u1eadm \u0111\u00e0 v\u1edbi tannin m\u1ec1m m\u1ea1i, c\u00e2n b\u1eb1ng.<\/p>\n<p>Ph\u00f9 h\u1ee3p \u0111\u1ec3 th\u01b0\u1edfng th\u1ee9c v\u1edbi th\u1ecbt tr\u1eafng, th\u1ecbt \u0111\u1ecf \u00edt s\u1ed1t \u1edf nhi\u1ec7t \u0111\u1ed9 15 &#8211; 16\u2103.<\/p>\n<h2>Th\u00f4ng tin chi ti\u1ebft v\u1ec1 r\u01b0\u1ee3u vang Ph\u00e1p Chorey les Beaune &#8211; Les Champs Longs<\/h2>\n<p>Gi\u1ed1ng nho: Pinot Noir<br \/>\nQu\u1ed1c gia: Ph\u00e1p<br \/>\nV\u00f9ng: Bourgougne<br \/>\nNh\u00e0 s\u1ea3n xu\u1ea5t: Domaine Comte Senard<br \/>\nLo\u1ea1i vang: Vang \u0111\u1ecf<br \/>\nN\u1ed3ng \u0111\u1ed9: 13.5%<br \/>\nNi\u00ean v\u1ee5: N\/A<br \/>\nDung t\u00edch: 750ml<\/p>\n<div id=\"eJOY__extension_root\" class=\"eJOY__extension_root_class\" style=\"all: unset;\"><\/div>\n","protected":false},"excerpt":{"rendered":"<p>R\u01b0\u1ee3u vang Ph\u00e1p Chorey les Beaune &#8211; Les Champs Longs c\u00f3 m\u00e0u h\u1ed3ng ng\u1ecdc s\u00e1ng, t\u1ecfa h\u01b0\u01a1ng th\u01a1m n\u1ed3ng c\u1ee7a tr\u00e1i c\u00e2y \u0111\u1ecf v\u00e0 \u0111en nh\u01b0 anh \u0111\u00e0o, d\u00e2u \u0111\u1ecf,&#8230;<\/p>\n","protected":false},"featured_media":13126,"comment_status":"open","ping_status":"closed","template":"","meta":[],"product_brand":[],"product_cat":[1301],"product_tag":[1171,1405,1406,1255,1256,1404],"class_list":{"0":"post-13124","1":"product","2":"type-product","3":"status-publish","4":"has-post-thumbnail","6":"product_cat-domaine-comte-senard","7":"product_tag-750ml","8":"product_tag-burgundy","9":"product_tag-cote-de-beaune","10":"product_tag-pinot-noir","11":"product_tag-ruou-vang-do","12":"product_tag-ruou-vang-phap","13":"pa_dung-tich-750ml","14":"pa_giong-nho-pinot-noir","15":"pa_loai-vang-red-wine","16":"pa_nha-san-xuat-domaine-comte-senard","17":"pa_quoc-gia-france","18":"pa_vung-nho-burgundy","19":"pa_vung-nho-cote-de-beaune","21":"first","22":"instock","23":"taxable","24":"shipping-taxable","25":"purchasable","26":"product-type-simple"},"_links":{"self":[{"href":"https:\/\/hedon.com.vn\/en\/wp-json\/wp\/v2\/product\/13124","targetHints":{"allow":["GET"]}}],"collection":[{"href":"https:\/\/hedon.com.vn\/en\/wp-json\/wp\/v2\/product"}],"about":[{"href":"https:\/\/hedon.com.vn\/en\/wp-json\/wp\/v2\/types\/product"}],"replies":[{"embeddable":true,"href":"https:\/\/hedon.com.vn\/en\/wp-json\/wp\/v2\/comments?post=13124"}],"wp:featuredmedia":[{"embeddable":true,"href":"https:\/\/hedon.com.vn\/en\/wp-json\/wp\/v2\/media\/13126"}],"wp:attachment":[{"href":"https:\/\/hedon.com.vn\/en\/wp-json\/wp\/v2\/media?parent=13124"}],"wp:term":[{"taxonomy":"product_brand","embeddable":true,"href":"https:\/\/hedon.com.vn\/en\/wp-json\/wp\/v2\/product_brand?post=13124"},{"taxonomy":"product_cat","embeddable":true,"href":"https:\/\/hedon.com.vn\/en\/wp-json\/wp\/v2\/product_cat?post=13124"},{"taxonomy":"product_tag","embeddable":true,"href":"https:\/\/hedon.com.vn\/en\/wp-json\/wp\/v2\/product_tag?post=13124"}],"curies":[{"name":"wp","href":"https:\/\/api.w.org\/{rel}","templated":true}]}}