{"id":13256,"date":"2023-06-22T11:06:32","date_gmt":"2023-06-22T04:06:32","guid":{"rendered":"https:\/\/hedon.com.vn\/san-pham\/ruou-vang-phap-champagne-duval-leroy-femme-de-champagne-grand-cru-2002\/"},"modified":"2026-04-28T16:41:31","modified_gmt":"2026-04-28T09:41:31","slug":"ruou-vang-phap-champagne-duval-leroy-femme-de-champagne-grand-cru-2002","status":"publish","type":"product","link":"https:\/\/hedon.com.vn\/en\/san-pham\/ruou-vang-phap-champagne-duval-leroy-femme-de-champagne-grand-cru-2002\/","title":{"rendered":"R\u01b0\u1ee3u vang Ph\u00e1p Champagne Duval-Leroy Femme de Champagne Grand Cru"},"content":{"rendered":"<p>Femme de Champagne s\u1ebd mang \u0111\u1ebfn cho b\u1ea1n m\u1ed9t tr\u1ea3i nghi\u1ec7m kh\u00f4ng th\u1ec3 n\u00e0o qu\u00ean, \u0111\u00e2y l\u00e0 chai vang \u0111\u1ea1i di\u1ec7n cho s\u1ef1 s\u1ef1 h\u1ee3p t\u00e1c ch\u1eb7t ch\u1ebd gi\u1eefa Carol Duval-Leroy, ng\u01b0\u1eddi \u0111\u1ee9ng \u0111\u1ea7u Leroy v\u00e0 Sandrine Logette-Jardin, chuy\u00ean gia Champagne h\u00e0ng \u0111\u1ea7u c\u1ee7a b\u00e0. \u0110\u00e2y \u0111\u1ec1u l\u00e0 nh\u1eefng ng\u01b0\u1eddi ph\u1ee5 n\u1eef nhi\u1ec7t huy\u1ebft, \u0111am m\u00ea v\u00e0 ph\u00f3ng kho\u00e1ng nh\u01b0ng lu\u00f4n c\u00f3 ti\u00eau chu\u1ea9n kh\u1eaft khe. T\u1ea5t c\u1ea3 nh\u1eefng \u0111i\u1ec1u n\u00e0y \u0111\u01b0\u1ee3c b\u1ed9c l\u1ed9 khi h\u1ecd c\u00f9ng nhau t\u1ea1o ra s\u1ea3n ph\u1ea9m \u0111\u1eb7c bi\u1ec7t n\u00e0y.<\/p>\n<p>V\u1edbi c\u1ea5u tr\u00fac tinh t\u1ebf v\u00e0 tao nh\u00e3, Femme de Champagne 2004 mang \u0111\u1ebfn m\u1ed9t chai vang v\u1edbi s\u1ef1 tinh t\u1ebf \u0111\u1eb7c bi\u1ec7t v\u00e0 h\u01b0\u01a1ng th\u01a1m ph\u1ee9c h\u1ee3p. Champagne c\u0169ng r\u1ea5t m\u1ecbn m\u00e0ng, tr\u00f2n tr\u1ecba v\u00e0 m\u01b0\u1ee3t m\u00e0, v\u1edbi di\u1ec7n m\u1ea1o s\u1eb7c s\u1ee1 l\u1ea5p l\u00e1nh \u00e1nh c\u1ee7a x\u00e0 c\u1eeb, Femme de Champagne 2004 \u0111\u1ea1i di\u1ec7n cho s\u1ef1 sang tr\u1ecdng v\u00e0 tinh t\u1ebf m\u00e0 Maison Duval-Leroy t\u00ecm ki\u1ebfm \u0111\u1ec3 mang l\u1ea1i tr\u1ea3i nghi\u1ec7m th\u01b0\u1edfng th\u1ee9c kh\u00f3 qu\u00ean.<\/p>\n<p>\u0110\u00e2y c\u0169ng l\u00e0 th\u00e0nh qu\u1ea3 tuy\u1ec7t v\u1eddi c\u1ee7a s\u1ef1 ph\u1ed1i tr\u1ed9n gi\u1eefa nh\u1eefng l\u00f4 nho h\u1ea3o h\u1ea1ng nh\u1ea5t trong v\u00f9ng. Nh\u1eefng h\u1ea1t bong b\u00f3ng nh\u1ecf n\u1ed5i l\u00ean tr\u00ean chai, n\u1ed5i b\u1eadt v\u1edbi s\u1eafc v\u00e0ng v\u00e0 xanh m\u00f9a xu\u00e2n, v\u00e0 s\u00e1ng l\u00ean v\u1edbi \u00e1nh tr\u0103ng b\u1ea1c l\u1ea5p l\u00e1nh.<\/p>\n<p>Trong v\u00f2m mi\u1ec7ng, h\u01b0\u01a1ng v\u1ecb quy\u1ebfn r\u0169 c\u1ee7a ph\u1ec9 chin h\u00f2a quy\u1ec7n v\u1edbi h\u01b0\u01a1ng hoa c\u1ee7a kim ng\u00e2n, theo sau l\u00e0 h\u01b0\u01a1ng v\u1ecb ng\u1ecdt l\u1ecbm c\u1ee7a v\u1ecf qu\u00fdt.<\/p>\n<p>R\u01b0\u1ee3u th\u01b0\u1edfng th\u1ee9c t\u1ed1t nh\u1ea5t khi \u0111\u01b0\u1ee3c \u01b0\u1edbp l\u1ea1nh t\u1eeb kho\u1ea3ng 8 t\u1edbi 10 \u0111\u1ed9 C<\/p>\n","protected":false},"excerpt":{"rendered":"<p>Femme de Champagne s\u1ebd mang \u0111\u1ebfn cho b\u1ea1n m\u1ed9t tr\u1ea3i nghi\u1ec7m kh\u00f4ng th\u1ec3 n\u00e0o qu\u00ean, \u0111\u00e2y l\u00e0 chai vang \u0111\u1ea1i di\u1ec7n cho s\u1ef1 s\u1ef1 h\u1ee3p t\u00e1c ch\u1eb7t ch\u1ebd gi\u1eefa Carol&#8230;<\/p>\n","protected":false},"featured_media":13257,"comment_status":"open","ping_status":"closed","template":"","meta":[],"product_brand":[],"product_cat":[1391],"product_tag":[1171,1401,1402,1255,1397,1404],"class_list":{"0":"post-13256","1":"product","2":"type-product","3":"status-publish","4":"has-post-thumbnail","6":"product_cat-duval-leroy","7":"product_tag-750ml","8":"product_tag-champagne","9":"product_tag-chardonnay","10":"product_tag-pinot-noir","11":"product_tag-ruou-vang-no","12":"product_tag-ruou-vang-phap","13":"pa_dung-tich-750ml","14":"pa_giong-nho-chardonnay","15":"pa_giong-nho-pinot-noir","16":"pa_loai-vang-sparkling-wine","17":"pa_nha-san-xuat-duval-leroy","18":"pa_quoc-gia-france","19":"pa_vung-nho-champagne","21":"first","22":"instock","23":"taxable","24":"shipping-taxable","25":"purchasable","26":"product-type-simple"},"_links":{"self":[{"href":"https:\/\/hedon.com.vn\/en\/wp-json\/wp\/v2\/product\/13256","targetHints":{"allow":["GET"]}}],"collection":[{"href":"https:\/\/hedon.com.vn\/en\/wp-json\/wp\/v2\/product"}],"about":[{"href":"https:\/\/hedon.com.vn\/en\/wp-json\/wp\/v2\/types\/product"}],"replies":[{"embeddable":true,"href":"https:\/\/hedon.com.vn\/en\/wp-json\/wp\/v2\/comments?post=13256"}],"wp:featuredmedia":[{"embeddable":true,"href":"https:\/\/hedon.com.vn\/en\/wp-json\/wp\/v2\/media\/13257"}],"wp:attachment":[{"href":"https:\/\/hedon.com.vn\/en\/wp-json\/wp\/v2\/media?parent=13256"}],"wp:term":[{"taxonomy":"product_brand","embeddable":true,"href":"https:\/\/hedon.com.vn\/en\/wp-json\/wp\/v2\/product_brand?post=13256"},{"taxonomy":"product_cat","embeddable":true,"href":"https:\/\/hedon.com.vn\/en\/wp-json\/wp\/v2\/product_cat?post=13256"},{"taxonomy":"product_tag","embeddable":true,"href":"https:\/\/hedon.com.vn\/en\/wp-json\/wp\/v2\/product_tag?post=13256"}],"curies":[{"name":"wp","href":"https:\/\/api.w.org\/{rel}","templated":true}]}}