{"id":13270,"date":"2023-02-22T11:21:02","date_gmt":"2023-02-22T04:21:02","guid":{"rendered":"https:\/\/hedon.com.vn\/san-pham\/ruou-vang-no-bepin-de-eto-docg-extra-dry\/"},"modified":"2026-04-28T16:41:45","modified_gmt":"2026-04-28T09:41:45","slug":"ruou-vang-no-bepin-de-eto-docg-extra-dry","status":"publish","type":"product","link":"https:\/\/hedon.com.vn\/en\/san-pham\/ruou-vang-no-bepin-de-eto-docg-extra-dry\/","title":{"rendered":"R\u01b0\u1ee3u vang \u00dd Bepin de Eto DOCG Extra Dry"},"content":{"rendered":"<h2>V\u1ec1 nh\u00e0 s\u1ea3n xu\u1ea5t r\u01b0\u1ee3u vang \u00dd Bepin De Eto<\/h2>\n<p><strong>Bepin De Eto<\/strong> l\u00e0 nh\u00e0 s\u1ea3n xu\u1ea5t <strong>r\u01b0\u1ee3u vang \u00dd<\/strong> danh ti\u1ebfng \u0111\u1ebfn t\u1eeb khu v\u1ef1c <strong>Feletto<\/strong> c\u1ee7a <strong>Veneto<\/strong> n\u01b0\u1edbc \u00dd. N\u01a1i \u0111\u00e2y c\u00f3 nh\u1eefng ng\u1ecdn \u0111\u1ed3i cao v\u1edbi s\u01b0\u1eddn d\u1ed1c quanh n\u0103m ng\u1eadp tr\u00e0n \u00e1nh n\u1eafng m\u1eb7t tr\u1eddi. V\u00e0o n\u0103m 1965, \u00f4ng Ettore Ceschin &#8211; ch\u1ee7 s\u1edf h\u1eefu nh\u00e0 <strong>r\u01b0\u1ee3u vang Italy<\/strong> n\u00e0y \u0111\u00e3 \u0111\u1eb7t t\u00ean cho th\u01b0\u01a1ng hi\u1ec7u l\u00e0 <strong>Bepin De Eto<\/strong> \u0111\u1ec3 b\u00e0y t\u1ecf s\u1ef1 t\u00f4n tr\u1ecdng \u0111\u1ed1i v\u1edbi ng\u01b0\u1eddi cha c\u1ee7a m\u00ecnh v\u00e0 l\u1ecbch s\u1eed <strong>s\u1ea3n xu\u1ea5t r\u01b0\u1ee3u vang l\u00e2u \u0111\u1eddi<\/strong> c\u1ee7a gia \u0111\u00ecnh.<\/p>\n<p>Ng\u00e0y nay, <strong>Bepin De Eto<\/strong> \u0111\u00e3 s\u1ea3n xu\u1ea5t th\u00e0nh c\u00f4ng c\u00e1c lo\u1ea1i <strong>vang s\u1ee7i<\/strong> v\u00e0 \u0111\u1ea1t \u0111\u01b0\u1ee3c nhi\u1ec1u th\u00e0nh t\u1ef1u tr\u00ean th\u1ebf gi\u1edbi. Nh\u1eefng chai <strong>r\u01b0\u1ee3u vang s\u1ee7i<\/strong> c\u1ee7a th\u01b0\u01a1ng hi\u1ec7u n\u00e0y \u0111\u01b0\u1ee3c \u0111\u00f3ng trong c\u00e1c chai th\u1ee7y tinh c\u00f3 v\u1ebb ngo\u00e0i v\u00f4 c\u00f9ng \u1ea5n t\u01b0\u1ee3ng. <strong>Bepin De Eto<\/strong> s\u1edf h\u1eefu nh\u1eefng \u0111i\u1ec1n trang <strong>ph\u00e2n h\u1ea1ng DOCG<\/strong>, bao g\u1ed3m <strong>Colli di Conegliano<\/strong> v\u00e0 <strong>Valdobbiadene<\/strong>. Nh\u1eefng tr\u00e1i nho \u1edf \u0111\u00e2y \u0111\u01b0\u1ee3c nu\u00f4i d\u01b0\u1ee1ng b\u1edfi ch\u1ea5t \u0111\u1ea5t m\u00e0u m\u1ee1, nh\u1edd \u0111\u00f3 th\u1ec3 hi\u1ec7n s\u1ef1 tinh t\u1ebf, t\u01b0\u01a1i m\u1edbi v\u00e0 \u0111\u1eb7c t\u00ednh m\u1ea1nh m\u1ebd c\u1ee7a r\u01b0\u1ee3u vang \u0111\u1ebfn t\u1eeb v\u00f9ng Veneto tr\u1ee9 danh.<\/p>\n<h2>Th\u00f4ng tin v\u1ec1 chai r\u01b0\u1ee3u vang \u00dd Bepin de Eto DOCG Extra Dry<\/h2>\n<p>V\u00f9ng: \u00dd<\/p>\n<p>Nho: Glera<\/p>\n<p>Lo\u1ea1i r\u01b0\u1ee3u: Vang s\u1ee7i<\/p>\n<p>NSX: <a href=\"https:\/\/hedon.com.vn\/product-category\/ruou-vang-y\/bepin-de-eto\/\">Bepin de Eto<\/a><\/p>\n<p>\u0110\u1ed9 c\u1ed3n: 11,5 \u0111\u1ed9<\/p>\n<p>C\u1ea5p \u0111\u1ed9: DOCG<\/p>\n<h2>V\u1ec1 h\u01b0\u01a1ng v\u1ecb c\u1ee7a r\u01b0\u1ee3u vang n\u1ed5 Bepin de Eto DOCG Extra Dry<\/h2>\n<p>Chai <strong>vang \u00dd DOCG Bepin de Eto DOCG Extra Dry<\/strong> tr\u1ee9 danh l\u00e0 d\u00f2ng <strong>vang s\u1ee7i<\/strong> m\u00e0u v\u00e0ng nh\u1ea1t, \u0111i\u1ec3m ch\u00fat \u00e1nh xanh v\u1edbi l\u1edbp b\u1ecdt s\u1ee7i t\u0103m m\u1ecbn m\u00e0ng. T\u00e1o, l\u00ea v\u00e0 \u0111\u00e0o l\u00e0 d\u01b0 v\u1ecb d\u1ec5 nh\u1eadn th\u1ea5y b\u1eb1ng kh\u1ee9u gi\u00e1c, \u1ea9n ch\u1ee9a s\u00e2u b\u00ean trong l\u00e0 nh\u1eefng n\u1ed1t h\u01b0\u01a1ng tinh t\u1ebf c\u1ee7a c\u00e1nh hoa h\u1ed3ng v\u00e0 hoa keo, c\u00f9ng m\u1ed9t h\u1eadu v\u1ecb \u0111\u1ea7y m\u00ea ho\u1eb7c c\u1ee7a th\u1ea3o m\u1ed9c thu\u1ea7n khi\u1ebft. V\u1ecb r\u01b0\u1ee3u \u1ea5n t\u01b0\u1ee3ng, r\u1ea5t \u00edt ng\u1ecdt v\u1edbi axit chua m\u1ea1nh m\u1ebd v\u00e0 l\u00f4i cu\u1ed1n. R\u01b0\u1ee3u c\u00f3 \u0111\u1ed9 c\u00e2n b\u1eb1ng tuy\u1ec7t v\u1eddi v\u00e0 ph\u00f9 h\u1ee3p \u0111\u1ec3 r\u00f3t u\u1ed1ng ngay.<\/p>\n<h2>R\u01b0\u1ee3u vang n\u1ed5 Bepin de Eto DOCG Extra Dry th\u01b0\u1edfng th\u1ee9c th\u1ebf n\u00e0o?<\/h2>\n<p>L\u00fd t\u01b0\u1edfng nh\u01b0 m\u1ed9t lo\u1ea1i r\u01b0\u1ee3u khai v\u1ecb, r\u01b0\u1ee3u c\u00f3 th\u1ec3 k\u1ebft h\u1ee3p r\u1ea5t h\u00e0i ho\u00e0 v\u1edbi c\u00e1c m\u00f3n c\u00e1, h\u1ea3i s\u1ea3n c\u00f3 v\u1ecf c\u1ee9ng, k\u1eb9o cr\u00e8me v\u00e0 tr\u00e1i c\u00e2y t\u01b0\u01a1i.<\/p>\n<p>Th\u01b0\u1edfng th\u1ee9c ngon nh\u1ea5t trong ly tulip v\u1edbi ph\u1ea7n mi\u1ec7ng ly loe r\u1ed9ng, \u1edf nhi\u1ec7t \u0111\u1ed9 ph\u1ee5c v\u1ee5 t\u1eeb 6-8\u00b0C.<\/p>\n<p>&nbsp;<\/p>\n","protected":false},"excerpt":{"rendered":"<p>V\u1ec1 nh\u00e0 s\u1ea3n xu\u1ea5t r\u01b0\u1ee3u vang \u00dd Bepin De Eto Bepin De Eto l\u00e0 nh\u00e0 s\u1ea3n xu\u1ea5t r\u01b0\u1ee3u vang \u00dd danh ti\u1ebfng \u0111\u1ebfn t\u1eeb khu v\u1ef1c Feletto c\u1ee7a Veneto n\u01b0\u1edbc&#8230;<\/p>\n","protected":false},"featured_media":13271,"comment_status":"open","ping_status":"closed","template":"","meta":[],"product_brand":[],"product_cat":[1709],"product_tag":[1171,1396,1403,1397,1398,1516,1484],"class_list":{"0":"post-13270","1":"product","2":"type-product","3":"status-publish","4":"has-post-thumbnail","6":"product_cat-bepin-de-eto","7":"product_tag-750ml","8":"product_tag-glera","9":"product_tag-ruou-vang-hong","10":"product_tag-ruou-vang-no","11":"product_tag-ruou-vang-y","12":"product_tag-vang-gia-tot","13":"product_tag-veneto","14":"pa_dung-tich-750ml","15":"pa_giong-nho-glera","16":"pa_loai-vang-rose-wine","17":"pa_loai-vang-sparkling-wine","18":"pa_nha-san-xuat-bepin-de-eto","19":"pa_quoc-gia-italy","20":"pa_vung-nho-veneto","22":"first","23":"instock","24":"taxable","25":"shipping-taxable","26":"purchasable","27":"product-type-simple"},"_links":{"self":[{"href":"https:\/\/hedon.com.vn\/en\/wp-json\/wp\/v2\/product\/13270","targetHints":{"allow":["GET"]}}],"collection":[{"href":"https:\/\/hedon.com.vn\/en\/wp-json\/wp\/v2\/product"}],"about":[{"href":"https:\/\/hedon.com.vn\/en\/wp-json\/wp\/v2\/types\/product"}],"replies":[{"embeddable":true,"href":"https:\/\/hedon.com.vn\/en\/wp-json\/wp\/v2\/comments?post=13270"}],"wp:featuredmedia":[{"embeddable":true,"href":"https:\/\/hedon.com.vn\/en\/wp-json\/wp\/v2\/media\/13271"}],"wp:attachment":[{"href":"https:\/\/hedon.com.vn\/en\/wp-json\/wp\/v2\/media?parent=13270"}],"wp:term":[{"taxonomy":"product_brand","embeddable":true,"href":"https:\/\/hedon.com.vn\/en\/wp-json\/wp\/v2\/product_brand?post=13270"},{"taxonomy":"product_cat","embeddable":true,"href":"https:\/\/hedon.com.vn\/en\/wp-json\/wp\/v2\/product_cat?post=13270"},{"taxonomy":"product_tag","embeddable":true,"href":"https:\/\/hedon.com.vn\/en\/wp-json\/wp\/v2\/product_tag?post=13270"}],"curies":[{"name":"wp","href":"https:\/\/api.w.org\/{rel}","templated":true}]}}