{"id":13282,"date":"2023-02-08T10:55:28","date_gmt":"2023-02-08T03:55:28","guid":{"rendered":"https:\/\/hedon.com.vn\/san-pham\/ruou-vang-do-orin-swift-papillon-bordeaux-blend\/"},"modified":"2026-04-28T16:41:53","modified_gmt":"2026-04-28T09:41:53","slug":"ruou-vang-do-orin-swift-papillon-bordeaux-blend","status":"publish","type":"product","link":"https:\/\/hedon.com.vn\/en\/san-pham\/ruou-vang-do-orin-swift-papillon-bordeaux-blend\/","title":{"rendered":"R\u01b0\u1ee3u vang M\u1ef9 Orin Swift Papillon Bordeaux Blend"},"content":{"rendered":"<p>N\u1ebfu b\u1ea1n y\u00eau th\u00edch d\u00f2ng vang \u0111\u1ecf M\u1ef9 v\u00e0 \u0111ang mong mu\u1ed1n s\u1edf h\u1eefu, th\u00ec chai r\u01b0\u1ee3u vang Orin Swift Papillon Bordeaux Blend s\u1ebd l\u00e0 m\u1ed9t g\u1ee3i \u00fd tuy\u1ec7t v\u1eddi d\u00e0nh cho b\u1ea1n. \u0110\u00e2y l\u00e0 s\u1ea3n ph\u1ea9m r\u01b0\u1ee3u vang th\u01a1m ngon nh\u1ea5t \u0111\u1ebfn t\u1eeb gi\u1ed1ng nho Cabernet Sauvignon v\u00e0 Merlot \u0111\u01b0\u1ee3c s\u1ea3n xu\u1ea5t b\u1edfi th\u01b0\u01a1ng hi\u1ec7u l\u1eebng danh Orin Swift.<\/p>\n<p>Orin Swift Papillon Bordeaux Blend, l\u00e0 s\u1ef1 pha tr\u1ed9n Bordeaux d\u1ef1a tr\u00ean Napa Valley Cabernet c\u1ee7a Orin Swift Cellars \u2014 t\u1ef1 h\u00e0o bao g\u1ed3m t\u1ea5t c\u1ea3 n\u0103m lo\u1ea1i trong s\u1ed1 c\u00e1c lo\u1ea1i. R\u01b0\u1ee3u \u0111\u01b0\u1ee3c \u1ee7 16 th\u00e1ng trong g\u1ed7 s\u1ed3i Ph\u00e1p, m\u1edbi 40%. Nh\u00e3n l\u00e0 m\u1ed9t b\u1ee9c \u1ea3nh \u0111\u01b0\u1ee3c ch\u1ee5p b\u1edfi nh\u00e0 s\u1ea3n xu\u1ea5t r\u01b0\u1ee3u Greg Gorman.<\/p>\n<p>R\u01b0\u1ee3u vang Orin Swift Papillon Bordeaux Blend mang m\u00e0u m\u1ef1c \u0111\u1eadm \u0111\u00e0 v\u1edbi vi\u1ec1n m\u00e0u h\u1ed3ng l\u1ef1u. Khi ng\u1eedi ta th\u1ea5y lan t\u1ecfa m\u00f9i th\u01a1m m\u1ea1nh m\u1ebd c\u1ee7a c\u00e1t-s\u00ea, qu\u1ea3 nam vi\u1ec7t qu\u1ea5t ch\u00edn v\u00e0 chaparral v\u1edbi h\u01b0\u01a1ng th\u01a1m c\u1ee7a than ch\u00ec, c\u00e2y x\u00f4 th\u01a1m, th\u1ecbt n\u01b0\u1edbng l\u1eeda v\u00e0 b\u00e1nh m\u00ec t\u01b0\u01a1i.<br \/>\nR\u01b0\u1ee3u mang t\u1edbi h\u01b0\u01a1ng v\u1ecb tr\u00e1i c\u00e2y s\u1eabm m\u00e0u ch\u00edn c\u1ee7a blackberry v\u00e0 anh \u0111\u00e0o \u0111en c\u0169ng nh\u01b0 kho\u00e1ng ch\u1ea5t t\u01b0\u01a1i m\u00e1t v\u00e0 m\u1ed9t ch\u00fat kir v\u00e0 cr\u00e8me de menthe. V\u1edbi d\u1ea5u v\u1ebft c\u1ee7a tannin, r\u01b0\u1ee3u c\u00f3 h\u1eadu v\u1ecb cam th\u1ea3o ng\u1ecdt ng\u00e0o k\u00e9o d\u00e0i v\u00e0 acid m\u01b0\u1ee3t m\u00e0.<\/p>\n<p>Ph\u00f9 h\u1ee3p v\u1edbi th\u1ef1c \u0111\u01a1n nh\u01b0 th\u1ecbt b\u00f2 n\u01b0\u1edbng, b\u00f2 s\u1ed1t vang, c\u00e1c m\u00f3n h\u1ea7m, th\u1ecbt r\u1eebng n\u01b0\u1edbng, hun kh\u00f3i v\u00e0 c\u00e1c lo\u1ea1i pho mai m\u1ec1m&#8230;.. Th\u01b0\u1edfng th\u1ee9c ngon h\u01a1n khi \u01b0\u1edbp l\u1ea1nh \u1edf nhi\u1ec7t \u0111\u1ed9 16 \u2013 18 \u0111\u1ed9 C.N\u00ean decant tr\u01b0\u1edbc 1 \u2013 2 ti\u1ebfng cho r\u01b0\u1ee3u th\u1edf tr\u01b0\u1edbc khi u\u1ed1ng s\u1ebd ngon h\u01a1n.<\/p>\n","protected":false},"excerpt":{"rendered":"<p>N\u1ebfu b\u1ea1n y\u00eau th\u00edch d\u00f2ng vang \u0111\u1ecf M\u1ef9 v\u00e0 \u0111ang mong mu\u1ed1n s\u1edf h\u1eefu, th\u00ec chai r\u01b0\u1ee3u vang Orin Swift Papillon Bordeaux Blend s\u1ebd l\u00e0 m\u1ed9t g\u1ee3i \u00fd tuy\u1ec7t v\u1eddi&#8230;<\/p>\n","protected":false},"featured_media":13283,"comment_status":"open","ping_status":"closed","template":"","meta":[],"product_brand":[],"product_cat":[1687],"product_tag":[1171,1416,1578,1417,1256,1579],"class_list":{"0":"post-13282","1":"product","2":"type-product","3":"status-publish","4":"has-post-thumbnail","6":"product_cat-orin-swift","7":"product_tag-750ml","8":"product_tag-cabernet-sauvignon","9":"product_tag-california","10":"product_tag-merlot","11":"product_tag-ruou-vang-do","12":"product_tag-ruou-vang-my","13":"pa_dung-tich-750ml","14":"pa_giong-nho-cabernet-sauvignon","15":"pa_giong-nho-merlot","16":"pa_loai-vang-red-wine","17":"pa_nha-san-xuat-orin-swift","18":"pa_quoc-gia-usa","19":"pa_vung-nho-california","21":"first","22":"instock","23":"taxable","24":"shipping-taxable","25":"purchasable","26":"product-type-simple"},"_links":{"self":[{"href":"https:\/\/hedon.com.vn\/en\/wp-json\/wp\/v2\/product\/13282","targetHints":{"allow":["GET"]}}],"collection":[{"href":"https:\/\/hedon.com.vn\/en\/wp-json\/wp\/v2\/product"}],"about":[{"href":"https:\/\/hedon.com.vn\/en\/wp-json\/wp\/v2\/types\/product"}],"replies":[{"embeddable":true,"href":"https:\/\/hedon.com.vn\/en\/wp-json\/wp\/v2\/comments?post=13282"}],"wp:featuredmedia":[{"embeddable":true,"href":"https:\/\/hedon.com.vn\/en\/wp-json\/wp\/v2\/media\/13283"}],"wp:attachment":[{"href":"https:\/\/hedon.com.vn\/en\/wp-json\/wp\/v2\/media?parent=13282"}],"wp:term":[{"taxonomy":"product_brand","embeddable":true,"href":"https:\/\/hedon.com.vn\/en\/wp-json\/wp\/v2\/product_brand?post=13282"},{"taxonomy":"product_cat","embeddable":true,"href":"https:\/\/hedon.com.vn\/en\/wp-json\/wp\/v2\/product_cat?post=13282"},{"taxonomy":"product_tag","embeddable":true,"href":"https:\/\/hedon.com.vn\/en\/wp-json\/wp\/v2\/product_tag?post=13282"}],"curies":[{"name":"wp","href":"https:\/\/api.w.org\/{rel}","templated":true}]}}