{"id":13310,"date":"2022-10-29T11:37:34","date_gmt":"2022-10-29T04:37:34","guid":{"rendered":"https:\/\/hedon.com.vn\/san-pham\/ruou-vang-do-terroir-hunter-syrah-th\/"},"modified":"2026-04-28T16:42:38","modified_gmt":"2026-04-28T09:42:38","slug":"ruou-vang-do-terroir-hunter-syrah-th","status":"publish","type":"product","link":"https:\/\/hedon.com.vn\/en\/san-pham\/ruou-vang-do-terroir-hunter-syrah-th\/","title":{"rendered":"R\u01b0\u1ee3u vang Chile Terroir Hunter Syrah TH"},"content":{"rendered":"<p style=\"text-align: justify;\"><span style=\"font-size: 14px;\"><strong>T.H <\/strong>&#8211; vi\u1ebft t\u1eaft c\u1ee7a <strong>Terroir Hunter<\/strong> l\u00e0 d\u00f2ng r\u01b0\u1ee3u vang \u0111\u00e1nh d\u1ea5u s\u1ef1 tr\u1edf l\u1ea1i m\u1ea1nh m\u1ebd c\u1ee7a nh\u00e0 s\u1ea3n xu\u1ea5t r\u01b0\u1ee3u vang Undurraga sau m\u1ed9t v\u00e0i n\u0103m gi\u00e1n \u0111o\u1ea1n. \u0110\u00e2y \u0111\u01b0\u1ee3c coi l\u00e0 m\u1ed9t d\u1ef1 \u00e1n \u0111\u1ea7y s\u00e1ng t\u1ea1o c\u1ee7a Undurraga khi t\u1eadp trung v\u00e0o m\u1ed9t \u0111\u1ecba h\u00ecnh \u0111\u1ed9c \u0111\u00e1o c\u1ee7a Chile. D\u00f2ng r\u01b0\u1ee3u vang n\u00e0y ch\u1eaft l\u1ecdc nh\u1eefng terroir tinh t\u00fay nh\u1ea5t c\u1ee7a v\u00f9ng \u0111\u1ea5t n\u00e0y. M\u1ed7i n\u0103m <strong>Terroir Hunter<\/strong> ch\u1ec9 \u0111\u01b0\u1ee3c s\u1ea3n xu\u1ea5t v\u1edbi s\u1ed1 l\u01b0\u1ee3ng kh\u00f4ng nhi\u1ec1u, b\u1edfi v\u1eady c\u00e0ng l\u00e0m cho gi\u00e1 tr\u1ecb c\u1ee7a d\u00f2ng r\u01b0\u1ee3u vang n\u00e0y tr\u1edf n\u00ean cao qu\u00fd h\u01a1n.\u00a0<\/span><\/p>\n<p style=\"text-align: justify;\"><span style=\"font-size: 14px;\"><strong>Terroir Hunter Syrah<\/strong> l\u00e0 m\u1ed9t trong nh\u1eefng chai r\u01b0\u1ee3u vang \u0111\u1ea1i di\u1ec7n ti\u00eau bi\u1ec3u cho d\u1ef1 \u00e1n n\u00e0y. Nho sau khi \u0111\u01b0\u1ee3c chuy\u1ec3n v\u1ec1 nh\u00e0 m\u00e1y s\u1ebd \u0111\u01b0\u1ee3c ch\u1ecdn l\u1ecdc k\u1ef9 l\u01b0\u1ee1ng tr\u01b0\u1edbc khi \u0111\u01b0a v\u00e0o s\u1ea3n xu\u1ea5t. Nho \u0111\u01b0\u1ee3c \u00e9p th\u00e0nh n\u01b0\u1edbc, sau \u0111\u00f3 \u0111\u01b0\u1ee3c ng\u00e2m l\u1ea1nh tr\u01b0\u1edbc khi l\u00ean men c\u00f9ng n\u1ea5m men. R\u01b0\u1ee3u vang \u0111\u01b0\u1ee3c l\u00ean men 12 ng\u00e0y \u1edf nhi\u1ec7t \u0111\u1ed9 27 &#8211; 28 \u0111\u1ed9 C, b\u01a1m s\u1ee5c th\u00f9ng r\u01b0\u1ee3u 3 l\u1ea7n\/ ng\u00e0y. R\u01b0\u1ee3u vang \u0111\u01b0\u1ee3c ng\u00e2m c\u00f9ng v\u1edbi v\u1ecf th\u00eam 7 ng\u00e0y \u0111\u1ec3 t\u1ea1o m\u00e0u v\u00e0 c\u1ea5u tr\u00fac ch\u1eb7t ch\u1ebd. Cu\u1ed1i c\u00f9ng, r\u01b0\u1ee3u vang \u0111\u01b0\u1ee3c l\u00e3o ho\u00e1 12 th\u00e1ng trong th\u00f9ng g\u1ed7 s\u1ed3i Phap, v\u1edbi 20% l\u00e0 th\u00f9ng m\u1edbi \u0111\u1ec3 t\u0103ng c\u01b0\u1eddng cho r\u01b0\u1ee3u vang nh\u1eefng h\u01b0\u01a1ng v\u1ecb m\u1edbi l\u1ea1.<\/span><\/p>\n<p style=\"text-align: justify;\"><span style=\"font-size: 14px;\">R\u01b0\u1ee3u vang c\u00f3 m\u00e0u \u0111\u1ecf ruby v\u1edbi nh\u1eefng gi\u1ecdt r\u01b0\u1ee3u \u0111\u1ea7y m\u01b0\u1ee3t m\u00e0. M\u00f9i h\u01b0\u01a1ng c\u1ee7a r\u01b0\u1ee3u l\u00e0 s\u1ef1 ph\u1ee9c h\u1ee3p m\u1ea1nh m\u1ebd gi\u1eefa h\u01b0\u01a1ng tr\u00e1i c\u00e2y t\u1ef1 nhi\u00ean t\u1eeb qu\u1ea3 \u0111\u1ecf, qu\u1ea3 d\u00e2u t\u00e2y, qu\u1ea3 m\u1ecdng d\u1ea1i c\u00f9ng h\u00f2a quy\u1ec7n v\u1edbi m\u00f9i th\u1ea3o m\u1ed9c \u0111\u1eb7c tr\u01b0ng c\u1ee7a Layde, m\u00f9i h\u1ea1t ti\u00eau v\u00e0 m\u00f9i nh\u1ef1a \u0111\u01b0\u1eddng. R\u01b0\u1ee3u c\u00f3 \u0111\u1ed9 \u0111\u1eadm \u0111\u1eb7c v\u1edbi s\u1ef1 t\u1eadp trung, ph\u1ee9c h\u1ee3p, tannin v\u00e0 axit n\u1ed3ng n\u00e0n, m\u1ec1m m\u1ea1i. H\u1eadu v\u1ecb r\u01b0\u1ee3u k\u00e9o d\u00e0i, s\u1ea3ng kho\u00e1i v\u1edbi v\u1ecb tr\u00e1i c\u00e2y b\u00f9ng n\u1ed5.\u00a0<\/span><\/p>\n<p style=\"text-align: justify;\"><span style=\"font-size: 14px;\">R\u01b0\u1ee3u vang <strong>Terroir Hunter Syrah<\/strong> u\u1ed1ng ngon nh\u1ea5t khi \u0111\u01b0\u1ee3c l\u00e0m m\u00e1t \u1edf nhi\u1ec7t \u0111\u1ed9 16 &#8211; 18 \u0111\u1ed9 C. M\u00f3n \u0103n ho\u00e0n h\u1ea3o \u0111\u1ec3 \u0111i k\u00e8m c\u00f9ng chai r\u01b0\u1ee3u vang n\u00e0y l\u00e0 c\u00e1c m\u00f3n \u0103n \u0111\u01b0\u1ee3c ch\u1ebf bi\u1ebfn \u0111\u1eadm \u0111\u00e0 gia v\u1ecb nh\u01b0 th\u1ecbt b\u00f2 n\u01b0\u1edbng, th\u1ecbt c\u1eebu, th\u1ecbt h\u01b0\u01a1u, th\u1ecbt nai v\u00e0 ph\u00f4 mai c\u1ee9ng.<\/span><\/p>\n","protected":false},"excerpt":{"rendered":"<p>T.H &#8211; vi\u1ebft t\u1eaft c\u1ee7a Terroir Hunter l\u00e0 d\u00f2ng r\u01b0\u1ee3u vang \u0111\u00e1nh d\u1ea5u s\u1ef1 tr\u1edf l\u1ea1i m\u1ea1nh m\u1ebd c\u1ee7a nh\u00e0 s\u1ea3n xu\u1ea5t r\u01b0\u1ee3u vang Undurraga sau m\u1ed9t v\u00e0i n\u0103m gi\u00e1n&#8230;<\/p>\n","protected":false},"featured_media":13311,"comment_status":"open","ping_status":"closed","template":"","meta":[],"product_brand":[],"product_cat":[1253],"product_tag":[1171,1434,1435,1436,1256,1490],"class_list":{"0":"post-13310","1":"product","2":"type-product","3":"status-publish","4":"has-post-thumbnail","6":"product_cat-undurraga","7":"product_tag-750ml","8":"product_tag-aconcagua","9":"product_tag-casablanca-valley","10":"product_tag-ruou-vang-chile","11":"product_tag-ruou-vang-do","12":"product_tag-syrah","13":"pa_dung-tich-750ml","14":"pa_giong-nho-syrah","15":"pa_loai-vang-red-wine","16":"pa_nha-san-xuat-undurraga","17":"pa_quoc-gia-chile","18":"pa_vung-nho-aconcagua","19":"pa_vung-nho-casablanca-valley","21":"first","22":"instock","23":"taxable","24":"shipping-taxable","25":"purchasable","26":"product-type-simple"},"_links":{"self":[{"href":"https:\/\/hedon.com.vn\/en\/wp-json\/wp\/v2\/product\/13310","targetHints":{"allow":["GET"]}}],"collection":[{"href":"https:\/\/hedon.com.vn\/en\/wp-json\/wp\/v2\/product"}],"about":[{"href":"https:\/\/hedon.com.vn\/en\/wp-json\/wp\/v2\/types\/product"}],"replies":[{"embeddable":true,"href":"https:\/\/hedon.com.vn\/en\/wp-json\/wp\/v2\/comments?post=13310"}],"wp:featuredmedia":[{"embeddable":true,"href":"https:\/\/hedon.com.vn\/en\/wp-json\/wp\/v2\/media\/13311"}],"wp:attachment":[{"href":"https:\/\/hedon.com.vn\/en\/wp-json\/wp\/v2\/media?parent=13310"}],"wp:term":[{"taxonomy":"product_brand","embeddable":true,"href":"https:\/\/hedon.com.vn\/en\/wp-json\/wp\/v2\/product_brand?post=13310"},{"taxonomy":"product_cat","embeddable":true,"href":"https:\/\/hedon.com.vn\/en\/wp-json\/wp\/v2\/product_cat?post=13310"},{"taxonomy":"product_tag","embeddable":true,"href":"https:\/\/hedon.com.vn\/en\/wp-json\/wp\/v2\/product_tag?post=13310"}],"curies":[{"name":"wp","href":"https:\/\/api.w.org\/{rel}","templated":true}]}}