{"id":13314,"date":"2022-10-29T11:37:33","date_gmt":"2022-10-29T04:37:33","guid":{"rendered":"https:\/\/hedon.com.vn\/san-pham\/ruou-vang-do-bodegas-caro-caro\/"},"modified":"2026-04-28T16:42:41","modified_gmt":"2026-04-28T09:42:41","slug":"ruou-vang-do-bodegas-caro-caro","status":"publish","type":"product","link":"https:\/\/hedon.com.vn\/en\/san-pham\/ruou-vang-do-bodegas-caro-caro\/","title":{"rendered":"R\u01b0\u1ee3u vang Argentina Bodegas Caro Caro"},"content":{"rendered":"<p><strong>CARO, t\u1eeb Catena v\u00e0 Rothschild,<\/strong> mang m\u1ed9t b\u1ea3n s\u1eafc m\u1ea1nh m\u1ebd c\u1ee7a <strong>Argentina, <\/strong>\u0111\u1eb7c tr\u01b0ng c\u1ee7a gi\u1ed1ng <strong>nho Malbec,<\/strong> mang l\u1ea1i s\u1ef1 sang tr\u1ecdng v\u00e0 ph\u1ee9c t\u1ea1p h\u01a1n th\u00f4ng qua vi\u1ec7c pha tr\u1ed9n v\u1edbi nho <strong>Cabernet Sauvignon. <\/strong>S\u1ef1 k\u1ebft h\u1ee3p t\u1ea1o ra m\u1ed9t lo\u1ea1i r\u01b0\u1ee3u vang tinh t\u1ebf, v\u1edbi s\u1ef1 c\u00e2n b\u1eb1ng h\u00e0i h\u00f2a gi\u1eefa b\u1ea3n s\u1eafc r\u01b0\u1ee3u vang Argentina v\u00e0 phong c\u00e1ch r\u01b0\u1ee3u vang Bordeaux, \u0111\u1ea1i di\u1ec7n cho s\u1ef1 h\u1ee3p t\u00e1c l\u1ecbch s\u1eed c\u1ee7a<strong> Domaines Barons de Rothschild (Lafite)<\/strong> v\u00e0 gia \u0111\u00ecnh <strong>Catena.<\/strong><\/p>\n<p>Trong \u0111\u00f3, nho <strong>Cabernet Sauvignon<\/strong> l\u1ea1i \u0111\u01b0\u1ee3c pha tr\u1ed9n gi\u1eefa gi\u1ed1ng nho <strong>Cabernet t\u1eeb Las Compuertas<\/strong> v\u00e0 <strong>Cabernet Sauvignon t\u1eeb Altamira<\/strong> theo nh\u1eefng ti\u00eau chu\u1ea9n cao nh\u1ea5t, gi\u00fap r\u01b0\u1ee3u vang s\u1edf h\u1eefu nh\u1eefng h\u01b0\u01a1ng v\u1ecb m\u1edbi l\u1ea1, tr\u00f2n tr\u1ecba v\u00e0 t\u1eadp trung.<\/p>\n<p>R\u01b0\u1ee3u c\u00f3 m\u00e0u \u0111\u1ecf s\u1eabm v\u1edbi \u00e1nh t\u00edm l\u1ea5p l\u00e1nh. H\u01b0\u01a1ng th\u01a1m c\u1ee7a r\u01b0\u1ee3u l\u00e0 s\u1ef1 ph\u1ee9c h\u1ee3p t\u1eeb qu\u1ea3 m\u1ecdng \u0111en, n\u1ed5i b\u1eadt nh\u01b0 qu\u1ea3 m\u1eadn \u0111en, nho \u0111en, sim \u0111en, anh \u0111\u00e0o chua c\u00f9ng m\u00f9i b\u00e1nh m\u00ec n\u01b0\u1edbng, h\u1ea1t ti\u00eau v\u00e0 s\u00f4-c\u00f4-la. R\u01b0\u1ee3u \u0111\u01b0\u1ee3c y\u00eau th\u00edch b\u1edfi \u0111\u1ed9 \u0111\u1eadm \u0111\u1eb7c, tanin v\u00e0 axit c\u00e2n b\u1eb1ng, h\u00e0i h\u00f2a v\u1edbi nhau, nh\u1ea5n nh\u00e1 v\u1ecb ng\u1ecdt \u1edf h\u1eadu v\u1ecb.<\/p>\n<p><strong>Bodegas CARO CARO<\/strong> sinh ra \u1edf \u0111\u1ea5t n\u01b0\u1edbc \u0111\u1eb7c tr\u01b0ng v\u1edbi v\u0169 \u0111i\u1ec7u tango n\u1ed5i ti\u1ebfng, g\u1ea7n nh\u01b0 kh\u00f4ng th\u1ec3 thi\u1ebfu trong nh\u1eefng b\u1eefa ti\u1ec7c \u0111\u1ea7y s\u00f4i \u0111\u1ed9ng. M\u00f3n \u0103n \u0111i k\u00e8m ho\u00e0n h\u1ea3o c\u00f9ng chai r\u01b0\u1ee3u vang n\u00e0y l\u00e0 nh\u1eefng m\u00f3n ngon t\u1eeb th\u1ecbt b\u00f2, pizza v\u00e0 ph\u00f4 mai. R\u01b0\u1ee3u ngon nh\u1ea5t khi \u0111\u01b0\u1ee3c th\u1edf trong decanter tr\u01b0\u1edbc khi u\u1ed1ng v\u00e0 l\u00e0m m\u00e1t \u1edf nhi\u1ec7t \u0111\u1ed9 16 &#8211; 18 \u0111\u1ed9 C.<\/p>\n","protected":false},"excerpt":{"rendered":"<p>CARO, t\u1eeb Catena v\u00e0 Rothschild, mang m\u1ed9t b\u1ea3n s\u1eafc m\u1ea1nh m\u1ebd c\u1ee7a Argentina, \u0111\u1eb7c tr\u01b0ng c\u1ee7a gi\u1ed1ng nho Malbec, mang l\u1ea1i s\u1ef1 sang tr\u1ecdng v\u00e0 ph\u1ee9c t\u1ea1p h\u01a1n th\u00f4ng qua&#8230;<\/p>\n","protected":false},"featured_media":13315,"comment_status":"open","ping_status":"closed","template":"","meta":[],"product_brand":[],"product_cat":[1723],"product_tag":[1171,1416,1442,1513,1514,1256],"class_list":{"0":"post-13314","1":"product","2":"type-product","3":"status-publish","4":"has-post-thumbnail","6":"product_cat-catena-rothchild-lafite","7":"product_tag-750ml","8":"product_tag-cabernet-sauvignon","9":"product_tag-malbec","10":"product_tag-mendoza","11":"product_tag-ruou-vang-argentina","12":"product_tag-ruou-vang-do","13":"pa_dung-tich-750ml","14":"pa_giong-nho-cabernet-sauvignon","15":"pa_giong-nho-malbec","16":"pa_loai-vang-red-wine","17":"pa_nha-san-xuat-catena-rothchild-lafite","18":"pa_quoc-gia-argentina","19":"pa_vung-nho-mendoza","21":"first","22":"instock","23":"taxable","24":"shipping-taxable","25":"purchasable","26":"product-type-simple"},"_links":{"self":[{"href":"https:\/\/hedon.com.vn\/en\/wp-json\/wp\/v2\/product\/13314","targetHints":{"allow":["GET"]}}],"collection":[{"href":"https:\/\/hedon.com.vn\/en\/wp-json\/wp\/v2\/product"}],"about":[{"href":"https:\/\/hedon.com.vn\/en\/wp-json\/wp\/v2\/types\/product"}],"replies":[{"embeddable":true,"href":"https:\/\/hedon.com.vn\/en\/wp-json\/wp\/v2\/comments?post=13314"}],"wp:featuredmedia":[{"embeddable":true,"href":"https:\/\/hedon.com.vn\/en\/wp-json\/wp\/v2\/media\/13315"}],"wp:attachment":[{"href":"https:\/\/hedon.com.vn\/en\/wp-json\/wp\/v2\/media?parent=13314"}],"wp:term":[{"taxonomy":"product_brand","embeddable":true,"href":"https:\/\/hedon.com.vn\/en\/wp-json\/wp\/v2\/product_brand?post=13314"},{"taxonomy":"product_cat","embeddable":true,"href":"https:\/\/hedon.com.vn\/en\/wp-json\/wp\/v2\/product_cat?post=13314"},{"taxonomy":"product_tag","embeddable":true,"href":"https:\/\/hedon.com.vn\/en\/wp-json\/wp\/v2\/product_tag?post=13314"}],"curies":[{"name":"wp","href":"https:\/\/api.w.org\/{rel}","templated":true}]}}