{"id":13326,"date":"2022-10-29T11:37:31","date_gmt":"2022-10-29T04:37:31","guid":{"rendered":"https:\/\/hedon.com.vn\/san-pham\/ruou-vang-trang-aliwen-reserva-chardonnay\/"},"modified":"2026-04-28T16:42:49","modified_gmt":"2026-04-28T09:42:49","slug":"ruou-vang-trang-aliwen-reserva-chardonnay","status":"publish","type":"product","link":"https:\/\/hedon.com.vn\/en\/san-pham\/ruou-vang-trang-aliwen-reserva-chardonnay\/","title":{"rendered":"R\u01b0\u1ee3u vang Chile Aliwen Reserva Chardonnay"},"content":{"rendered":"<p style=\"text-align: justify;\"><span style=\"font-size: 14px;\"><strong>\u201cAliwen\u201d &#8211; <\/strong>d\u00f2ng r\u01b0\u1ee3u vang hi\u1ec7n th\u00e2n cho m\u1ed1i li\u00ean k\u1ebft th\u1ea7n k\u1ef3 gi\u1eefa con ng\u01b0\u1eddi v\u00e0 v\u0169 tr\u1ee5. Trong ng\u00f4n ng\u1eef c\u1ee7a Mapuche th\u00ec \u201caliwen\u201d &#8211; t\u1ea1m d\u1ecbch l\u00e0 \u201cc\u00e2y thi\u00eang\u201d, bi\u1ec3u t\u01b0\u1ee3ng cho c\u1ed9i ngu\u1ed3n s\u00e2u xa c\u1ee7a ng\u01b0\u1eddi <strong>Chile<\/strong>, \u0111\u1ea1i di\u1ec7n cho l\u1ed1i s\u1ed1ng gi\u1ea3n d\u1ecb, h\u00f2a h\u1ee3p v\u1edbi thi\u00ean nhi\u00ean c\u1ee7a ng\u01b0\u1eddi d\u00e2n n\u01a1i \u0111\u00e2y.\u00a0<\/span><\/p>\n<p style=\"text-align: justify;\"><span style=\"font-size: 14px;\"><strong>Aliwen Reserva Chardonnay <\/strong>l\u00e0 d\u00f2ng r\u01b0\u1ee3u vang tr\u1eafng \u0111\u01b0\u1ee3c l\u00e0m t\u1eeb<strong> nho Chardonnay,<\/strong> v\u01b0\u1eddn nho \u0111\u01b0\u1ee3c tr\u1ed3ng t\u1ea1i khu v\u1ef1c tr\u1ed3ng nho r\u1ed9ng l\u1edbn t\u1ea1i <strong>thung l\u0169ng Curico. <\/strong>N\u1ebfu nh\u01b0 <strong>Chardonnay<\/strong> \u0111\u01b0\u1ee3c tr\u1ed3ng t\u1ea1i qu\u00ea h\u01b0\u01a1ng Burgundy n\u01b0\u1edbc Phap t\u1ea1o ra nh\u1eefng d\u00f2ng r\u01b0\u1ee3u vang nh\u1eb9 nh\u00e0ng, thanh tho\u00e1t th\u00ec t\u1ea1i <strong>Chile<\/strong> s\u1ebd l\u00e0 nh\u1eefng chai r\u01b0\u1ee3u vang n\u1ed3ng n\u00e0n v\u00e0 quy\u1ebfn r\u0169 h\u01a1n.\u00a0<\/span><\/p>\n<p style=\"text-align: justify;\"><span style=\"font-size: 14px;\"><strong>R\u01b0\u1ee3u vang<\/strong> c\u00f3 m\u00e0u v\u00e0ng t\u01b0\u01a1i s\u00e1ng. H\u01b0\u01a1ng th\u01a1m c\u1ee7a r\u01b0\u1ee3u l\u00e0 s\u1ef1 ph\u1ee9c h\u1ee3p m\u00f9i h\u01b0\u01a1ng qu\u1ea3 chanh, b\u01b0\u1edfi, t\u00e1o xanh c\u00f9ng m\u00f9i g\u1ed7 s\u1ed3i nh\u01b0 vani, thu\u1ed1c l\u00e1 v\u00e0 th\u1ea3o m\u1ed9c t\u1ef1 nhi\u00ean. R\u01b0\u1ee3u c\u00f3 \u0111\u1ed9 \u0111\u1eadm \u0111\u1eb7c v\u1eeba ph\u1ea3i, axit m\u01b0\u1ee3t m\u00e0 v\u00e0 c\u00f3 v\u1ecb ng\u1ecdt m\u1ea1nh m\u1ebd, c\u1ea3m nh\u1eadn r\u00f5 n\u00e9t h\u01a1n c\u1ea3 axit chua v\u00e0 k\u00e9o d\u00e0i cho \u0111\u1ebfn khi k\u1ebft th\u00fac \u1edf c\u1ed5 h\u1ecdng.\u00a0<\/span><\/p>\n<p style=\"text-align: justify;\"><span style=\"font-size: 14px;\"><strong>R\u01b0\u1ee3u vang <\/strong>u\u1ed1ng ngon nh\u1ea5t khi \u0111\u01b0\u1ee3c l\u00e0m m\u00e1t \u1edf nhi\u1ec7t \u0111\u1ed9 10 &#8211; 12 \u0111\u1ed9 C. M\u00f3n \u0103n ho\u00e0n h\u1ea3o \u0111\u1ec3 \u0111i k\u00e8m c\u00f9ng chai r\u01b0\u1ee3u vang n\u00e0y l\u00e0 c\u00e1c m\u00f3n \u0103n t\u1eeb c\u00e1 bi\u1ec3n, \u0111\u1ed3 h\u1ea3i s\u1ea3n, salad rau c\u1ee7 v\u00e0 th\u1ecbt tr\u1eafng.\u00a0<\/span><\/p>\n<p style=\"text-align: justify;\">\n","protected":false},"excerpt":{"rendered":"<p>\u201cAliwen\u201d &#8211; d\u00f2ng r\u01b0\u1ee3u vang hi\u1ec7n th\u00e2n cho m\u1ed1i li\u00ean k\u1ebft th\u1ea7n k\u1ef3 gi\u1eefa con ng\u01b0\u1eddi v\u00e0 v\u0169 tr\u1ee5. Trong ng\u00f4n ng\u1eef c\u1ee7a Mapuche th\u00ec \u201caliwen\u201d &#8211; t\u1ea1m d\u1ecbch l\u00e0&#8230;<\/p>\n","protected":false},"featured_media":13327,"comment_status":"open","ping_status":"closed","template":"","meta":[],"product_brand":[],"product_cat":[1253],"product_tag":[1171,1538,1402,1539,1436,1174,1516],"class_list":{"0":"post-13326","1":"product","2":"type-product","3":"status-publish","4":"has-post-thumbnail","6":"product_cat-undurraga","7":"product_tag-750ml","8":"product_tag-central-valley","9":"product_tag-chardonnay","10":"product_tag-maule-valley","11":"product_tag-ruou-vang-chile","12":"product_tag-ruou-vang-trang","13":"product_tag-vang-gia-tot","14":"pa_dung-tich-750ml","15":"pa_giong-nho-chardonnay","16":"pa_loai-vang-white-wine","17":"pa_nha-san-xuat-undurraga","18":"pa_quoc-gia-chile","19":"pa_vung-nho-central-valley","20":"pa_vung-nho-maule-valley","22":"first","23":"instock","24":"taxable","25":"shipping-taxable","26":"purchasable","27":"product-type-simple"},"_links":{"self":[{"href":"https:\/\/hedon.com.vn\/en\/wp-json\/wp\/v2\/product\/13326","targetHints":{"allow":["GET"]}}],"collection":[{"href":"https:\/\/hedon.com.vn\/en\/wp-json\/wp\/v2\/product"}],"about":[{"href":"https:\/\/hedon.com.vn\/en\/wp-json\/wp\/v2\/types\/product"}],"replies":[{"embeddable":true,"href":"https:\/\/hedon.com.vn\/en\/wp-json\/wp\/v2\/comments?post=13326"}],"wp:featuredmedia":[{"embeddable":true,"href":"https:\/\/hedon.com.vn\/en\/wp-json\/wp\/v2\/media\/13327"}],"wp:attachment":[{"href":"https:\/\/hedon.com.vn\/en\/wp-json\/wp\/v2\/media?parent=13326"}],"wp:term":[{"taxonomy":"product_brand","embeddable":true,"href":"https:\/\/hedon.com.vn\/en\/wp-json\/wp\/v2\/product_brand?post=13326"},{"taxonomy":"product_cat","embeddable":true,"href":"https:\/\/hedon.com.vn\/en\/wp-json\/wp\/v2\/product_cat?post=13326"},{"taxonomy":"product_tag","embeddable":true,"href":"https:\/\/hedon.com.vn\/en\/wp-json\/wp\/v2\/product_tag?post=13326"}],"curies":[{"name":"wp","href":"https:\/\/api.w.org\/{rel}","templated":true}]}}